
{"id":15284,"date":"2022-02-23T09:46:58","date_gmt":"2022-02-23T02:46:58","guid":{"rendered":"https:\/\/dalatreview.vn\/?p=15284"},"modified":"2024-07-11T11:00:19","modified_gmt":"2024-07-11T04:00:19","slug":"villa-vip-da-lat-pasteur-6-phong","status":"publish","type":"product","link":"https:\/\/dalatreview.vn\/en\/villa-vip-da-lat-pasteur-6-phong.html","title":{"rendered":"Villa Vip \u0110\u00e0 L\u1ea1t Pasteur 6 Ph\u00f2ng"},"content":{"rendered":"<p style=\"text-align: center;\"><span style=\"color: #008000;\"><strong><span style=\"font-size: 24px;\">Villa Vip \u0110\u00e0 L\u1ea1t Pasteur 6 Ph\u00f2ng<\/span><\/strong><\/span><\/p>\n<nav class=\"vietrick-auto-toc\">\n<div class=\"box-title\">\n<h3 class=\"toc-title\" id=\"select-menu\">Danh m\u1ee5c ch\u00ednh<\/h3>\n<div><ion-icon name=\"chevron-up-outline\"><\/ion-icon><\/div>\n<\/div>\n<ul class=\"toc-list\">\n<li><a href='https:\/\/dalatreview.vn\/en#1-vi-tri' class='heading-h2 toc-link smooth-scroll'>1. V\u1ecb tr\u00ed<\/a>\n<li><a href='https:\/\/dalatreview.vn\/en#4-gia-phong' class='heading-h2 toc-link smooth-scroll'>4.\u00a0Gi\u00e1 ph\u00f2ng<\/a>\n<li><a href='https:\/\/dalatreview.vn\/en#5-lien-he' class='heading-h2 toc-link smooth-scroll'>5. Li\u00ean h\u1ec7<\/a><\/ul>\n<\/ul>\n<\/li>\n<\/ul>\n<\/nav>\n<h2 id=\"1-vi-tri\"><span style=\"color: #008000;\"><strong><span style=\"font-size: 24px;\">1. V\u1ecb tr\u00ed<\/span><\/strong><\/span><\/h2>\n<p><span style=\"font-size: 16px;\">T\u1ecda l\u1ea1c ngay v\u1ecb tr\u00ed khu v\u1ef1c trung t\u00e2m, ch\u1ec9 c\u00e1ch ch\u1ee3 4 ph\u00fat ch\u1ea1y xe. Villa n\u1eb1m \u1edf \u0111\u01b0\u1eddng Pasteur, Ph\u01b0\u1eddng 4, TP \u0110\u00e0 L\u1ea1t. N\u01a1i \u0111\u00e2y c\u00f3 c\u1ea3nh quan thi\u00ean nhi\u00ean trong l\u00e0nh, con ng\u01b0\u1eddi th\u00e2n thi\u1ec7n, d\u1ec5 m\u1ebfn, d\u1ec5 g\u1ea7n. H\u01a1n h\u1ebft, t\u1eeb villa di chuy\u1ec3n \u0111\u1ebfn c\u00e1c \u0111\u1ecba \u0111i\u1ec3m \u0103n u\u1ed1ng, vui ch\u01a1i v\u00e0 mua s\u1eafm s\u1ebd r\u1ea5t thu\u1eadn ti\u1ec7n cho b\u1ea1n v\u00e0 gia \u0111\u00ecnh n\u1eefa \u0111\u1ea5y ! \u00a0<\/span><\/p>\n<p><img decoding=\"async\" class=\"aligncenter wp-image-15299 size-full\" src=\"https:\/\/dalatreview.vn\/wp-content\/uploads\/2022\/02\/villa-6-phong-pasteur-15.jpg\" alt=\"villa 6 phong pasteur\" width=\"1280\" height=\"960\" \/><\/p>\n<div class=\"wpb_wrapper\"><span style=\"color: #008000;\"><strong><span style=\"font-size: 24px;\">2.<span class=\"_4yxo _4yxp\">\u00a0Decor<\/span><\/span><\/strong><\/span><\/div>\n<div><\/div>\n<div><span style=\"font-size: 16px;\">Bi\u1ec7t th\u1ef1 3 t\u1ea7ng r\u1ed9ng r\u00e3i tho\u00e1ng m\u00e1t. C\u00f3 c\u00e1c ph\u00f2ng ng\u1ee7 ri\u00eang t\u01b0 \u0111\u1ec1u c\u00f3 ban c\u00f4ng view cao c\u00f3 th\u1ec3 ng\u1eafm nh\u00ecn c\u1ea3nh quan thi\u00ean nhi\u00ean, ng\u1eafm b\u00ecnh minh v\u00e0 ho\u00e0ng h\u00f4n m\u1ed7i ng\u00e0y, kh\u00f4ng gian m\u1edf nh\u1edd c\u1eeda k\u00ednh n\u00ean s\u1ebd mang l\u1ea1i c\u1ea3m gi\u00e1c t\u1ef1 do t\u1ef1 t\u1ea1i cho b\u1ea1n v\u00e0 m\u1ecdi ng\u01b0\u1eddi. \u0110\u00eam v\u1ec1 c\u0103n nh\u00e0 tr\u1edf n\u00ean l\u00e1p l\u00e1nh r\u1ea5t \u0111\u1eb9p.\u00a0<\/span><\/div>\n<div><span style=\"font-size: 16px;\">Thi\u1ebft k\u1ebf v\u00e0 x\u00e2y d\u1ef1ng r\u1ea5t ki\u00ean c\u1ed1, tone tr\u1eafng c\u1ee7a c\u0103n nh\u00e0 k\u1ebft h\u1ee3p\u00a0 v\u1edbi m\u00e0u g\u1ed7 mang l\u1ea1i c\u1ea3m gi\u00e1c sang tr\u1ecdng, l\u1ecbch s\u1ef1 v\u00e0 r\u1ea5t \u1ea5m \u00e1p nh\u01b0 ch\u00ednh c\u0103n nh\u00e0 c\u1ee7a m\u00ecnh v\u1eady.<\/span><\/div>\n<div><\/div>\n<div><img decoding=\"async\" class=\"aligncenter wp-image-15300 size-full\" src=\"https:\/\/dalatreview.vn\/wp-content\/uploads\/2022\/02\/villa-6-phong-pasteur.jpg\" alt=\"villa 6 phong pasteur\" width=\"1200\" height=\"900\" \/><\/div>\n<div><\/div>\n<div><span style=\"color: #008000;\"><strong><span style=\"font-size: 24px;\">3. D\u1ecbch v\u1ee5 &amp; Ti\u1ec7n nghi<\/span><\/strong><\/span><\/div>\n<div>\n<div class=\"pt-2\">\n<p><span style=\"font-size: 16px;\">G\u1ed3m 6 ph\u00f2ng ng\u1ee7 sang tr\u1ecdng c\u00f3 n\u00f3ng l\u1ea1nh, bu\u1ed3ng t\u1eafm, wc kh\u00e9p k\u00edn. mi\u1ec5n ph\u00ed c\u00e1c \u0111\u1ed3 d\u00f9ng v\u00e0 v\u1eadt d\u1ee5ng c\u00e1 nh\u00e2n c\u1ea7n thi\u1ebft.\u00a0<\/span><\/p>\n<p><span style=\"font-size: 16px;\">6 ph\u00f2ng 1 gi\u01b0\u1eddng 2 ng\u01b0\u1eddi, c\u00f3 tivi, wifi internet mi\u1ec5n ph\u00ed.\u00a0<\/span><\/p>\n<p><span style=\"font-size: 16px;\">S\u1ee9c ch\u1ee9a 12-14 kh\u00e1ch<\/span><\/p>\n<p><span style=\"font-size: 16px;\">&#8211; \u0110\u1ea7y \u0111\u1ee7 ti\u1ec7n nghi nh\u01b0 \u1edf nh\u00e0.\u00a0<\/span><\/p>\n<p><span style=\"font-size: 16px;\">&#8211; C\u00f3 di\u1ec7n t\u00edch \u0111\u1ec3 n\u01b0\u1edbng BBQ.<\/span><\/p>\n<p><span style=\"font-size: 16px;\">&#8211; C\u00f3 ch\u1ed7 \u0111\u1eadu xe m\u00e1y, xe h\u01a1i an to\u00e0n.<\/span><\/p>\n<p><span style=\"font-size: 16px;\">&#8211; Y\u00ean t\u0129nh, an ninh 24\/24, s\u1ea1ch s\u1ebd, tho\u00e1ng m\u00e1t, view thi\u00ean nhi\u00ean si\u00eau \u0111\u1eb9p.<\/span><\/p>\n<p><span style=\"font-size: 16px;\">&#8211; B\u1ebfp t\u1ef1 do n\u1ea5u n\u01b0\u1edbng<\/span><\/p>\n<p><span style=\"font-size: 16px;\">&#8211; Ch\u00eca kho\u00e1 trao tay tha h\u1ed3 ri\u00eang t\u01b0 .<\/span><\/p>\n<\/div>\n<div class=\"clear\"><\/div>\n<div class=\"row\">\n<div class=\"tuongtu-title pt-3 m-3\"><img decoding=\"async\" class=\"aligncenter wp-image-15301 size-full\" src=\"https:\/\/dalatreview.vn\/wp-content\/uploads\/2022\/02\/villa-6-phong-pasteur-25.jpg\" alt=\"villa 6 phong pasteur\" width=\"1200\" height=\"900\" \/><\/div>\n<\/div>\n<\/div>\n<div>\n<div class=\"pt-2\">\n<article class=\"post-content\">\n<div class=\"anh_wtm_m\">\n<div class=\"mws_content\">\n<article class=\"post-content\">\n<div class=\"anh_wtm_m\">\n<div class=\"mws_content\">\n<article class=\"post-content\">\n<div class=\"anh_wtm_m\">\n<div class=\"mws_content\">\n<article class=\"post-content\">\n<div class=\"anh_wtm_m\">\n<div class=\"mws_content\">\n<article class=\"post-content\">\n<h2 id=\"4-gia-phong\"><span style=\"color: #008000;\"><strong><span class=\"_4yxo\">4.<\/span>\u00a0Gi\u00e1 ph\u00f2ng<\/strong><\/span><\/h2>\n<p><span style=\"font-size: 16px;\">Li\u00ean h\u1ec7 \u0111\u1ec3 \u0111\u01b0\u1ee3c \u0110\u00e0 L\u1ea1t Review t\u01b0 v\u1ea5n.<\/span><\/p>\n<h2 id=\"5-lien-he\"><span style=\"color: #008000;\">5. Li\u00ean h\u1ec7<\/span><\/h2>\n<p><span style=\"font-size: 16px;\">Fanpage:\u00a0<a href=\"https:\/\/www.facebook.com\/booking.dalatreview.vn\/\">Booking \u0110\u00e0 L\u1ea1t \u2013 www.dalatreview.vn<\/a><\/span><\/p>\n<p><span style=\"font-size: 16px;\">S\u0110T\/Zalo: 0988 249 297<\/span><\/p>\n<\/article>\n<\/div>\n<\/div>\n<\/article>\n<\/div>\n<\/div>\n<\/article>\n<\/div>\n<\/div>\n<\/article>\n<\/div>\n<\/div>\n<\/article>\n<\/div>\n<\/div>","protected":false},"excerpt":{"rendered":"<p>Villa Vip \u0110\u00e0 L\u1ea1t Pasteur 6 Ph\u00f2ng Danh m\u1ee5c ch\u00ednh 1. V\u1ecb tr\u00ed 4.\u00a0Gi\u00e1 ph\u00f2ng 5. Li\u00ean h\u1ec7 1. V\u1ecb tr\u00ed T\u1ecda l\u1ea1c ngay v\u1ecb tr\u00ed khu v\u1ef1c trung t\u00e2m, ch\u1ec9 c\u00e1ch ch\u1ee3 4 ph\u00fat ch\u1ea1y xe. Villa n\u1eb1m \u1edf \u0111\u01b0\u1eddng Pasteur, Ph\u01b0\u1eddng 4, TP \u0110\u00e0 L\u1ea1t. N\u01a1i \u0111\u00e2y c\u00f3 c\u1ea3nh quan thi\u00ean nhi\u00ean trong [&hellip;]<\/p>","protected":false},"featured_media":15285,"comment_status":"open","ping_status":"closed","template":"","meta":{"_acf_changed":false,"rank_math_lock_modified_date":false},"product_cat":[29,2262,45],"product_tag":[],"acf":[],"_links":{"self":[{"href":"https:\/\/dalatreview.vn\/en\/wp-json\/wp\/v2\/product\/15284"}],"collection":[{"href":"https:\/\/dalatreview.vn\/en\/wp-json\/wp\/v2\/product"}],"about":[{"href":"https:\/\/dalatreview.vn\/en\/wp-json\/wp\/v2\/types\/product"}],"replies":[{"embeddable":true,"href":"https:\/\/dalatreview.vn\/en\/wp-json\/wp\/v2\/comments?post=15284"}],"wp:featuredmedia":[{"embeddable":true,"href":"https:\/\/dalatreview.vn\/en\/wp-json\/wp\/v2\/media\/15285"}],"wp:attachment":[{"href":"https:\/\/dalatreview.vn\/en\/wp-json\/wp\/v2\/media?parent=15284"}],"wp:term":[{"taxonomy":"product_cat","embeddable":true,"href":"https:\/\/dalatreview.vn\/en\/wp-json\/wp\/v2\/product_cat?post=15284"},{"taxonomy":"product_tag","embeddable":true,"href":"https:\/\/dalatreview.vn\/en\/wp-json\/wp\/v2\/product_tag?post=15284"}],"curies":[{"name":"wp","href":"https:\/\/api.w.org\/{rel}","templated":true}]}}