
{"id":15251,"date":"2022-02-23T09:10:11","date_gmt":"2022-02-23T02:10:11","guid":{"rendered":"https:\/\/dalatreview.vn\/?p=15251"},"modified":"2024-07-11T11:00:20","modified_gmt":"2024-07-11T04:00:20","slug":"villa-da-lat-gio-an-6-phong","status":"publish","type":"product","link":"https:\/\/dalatreview.vn\/en\/villa-da-lat-gio-an-6-phong.html","title":{"rendered":"Villa \u0110\u00e0 L\u1ea1t Gio An 6 Ph\u00f2ng"},"content":{"rendered":"<p style=\"text-align: center;\"><span style=\"color: #008000;\"><strong><span style=\"font-size: 24px;\">Villa \u0110\u00e0 L\u1ea1t Gio An 6 Ph\u00f2ng<\/span><\/strong><\/span><\/p>\n<nav class=\"vietrick-auto-toc\">\n<div class=\"box-title\">\n<h3 class=\"toc-title\" id=\"select-menu\">Danh m\u1ee5c ch\u00ednh<\/h3>\n<div><ion-icon name=\"chevron-up-outline\"><\/ion-icon><\/div>\n<\/div>\n<ul class=\"toc-list\">\n<li><a href='https:\/\/dalatreview.vn\/en#1-vi-tri' class='heading-h2 toc-link smooth-scroll'>1. V\u1ecb tr\u00ed<\/a>\n<li><a href='https:\/\/dalatreview.vn\/en#3-dich-vu-tien-nghi' class='heading-h2 toc-link smooth-scroll'>3. D\u1ecbch v\u1ee5 &amp; Ti\u1ec7n nghi<\/a>\n<li><a href='https:\/\/dalatreview.vn\/en#4-gia-phong' class='heading-h2 toc-link smooth-scroll'>4.\u00a0Gi\u00e1 ph\u00f2ng<\/a>\n<li><a href='https:\/\/dalatreview.vn\/en#5-lien-he' class='heading-h2 toc-link smooth-scroll'>5. Li\u00ean h\u1ec7<\/a><\/ul>\n<\/ul>\n<\/li>\n<\/ul>\n<\/nav>\n<h2 id=\"1-vi-tri\"><span style=\"color: #008000;\"><strong><span style=\"font-size: 24px;\">1. V\u1ecb tr\u00ed<\/span><\/strong><\/span><\/h2>\n<p><span style=\"font-size: 16px;\">Villa n\u1eb1m \u1edf tr\u1ee5c \u0111\u01b0\u1eddng Gio An, Ph\u01b0\u1eddng 5, TP \u0110\u00e0 L\u1ea1t. T\u1ecda l\u1ea1c ngay v\u1ecb tr\u00ed trung t\u00e2m, c\u00e1ch ch\u1ee3 \u0110\u00e0 L\u1ea1t 2km. Thu\u1eadn ti\u1ec7n cho vi\u1ec7c di chuy\u1ec3n t\u1edbi c\u00e1c \u0111i\u1ec3m \u0103n u\u1ed1ng, vui ch\u01a1i v\u00e0 mua s\u1eafm. N\u01a1i \u0111\u00e2y g\u1eafn li\u1ec1n v\u1edbi 1 \u0111\u1ecba \u0111i\u1ec3m du l\u1ecbch n\u1ed5i ti\u00eang, 1 th\u00e1nh \u0111\u1ecba s\u1ed1ng \u1ea3o hot r\u1ea7n r\u1ea7n trong th\u1eddi gian qua b\u1eb1ng l\u1ed1i ki\u1ebfn tr\u00fac l\u1ea1 m\u1eaft, nh\u1eefng \u00fd t\u01b0\u1edfng \u0111\u1ed9c \u0111\u00e1o v\u00e0 nh\u1eefng c\u00e2u chuy\u1ec7n h\u1ea5p d\u1eabn l\u00fd th\u00fa ch\u00ednh l\u00e0: DaLat Fairytale Land \u2013 L\u00e0ng C\u1ed5 t\u00edch &amp; H\u1ea7m r\u01b0\u1ee3u Vang.\u00a0<\/span><\/p>\n<p><img decoding=\"async\" class=\"aligncenter wp-image-15252 size-full\" src=\"https:\/\/dalatreview.vn\/wp-content\/uploads\/2022\/02\/villa-6-phong-gio-an-9.jpg\" alt=\"villa 6 phong gio an\" width=\"543\" height=\"405\" \/><\/p>\n<div class=\"wpb_column vc_column_container vc_col-sm-6 vc_column\">\n<div class=\"vc_column-inner\">\n<div class=\"wpb_wrapper\">\n<div class=\"wpb_text_column wpb_content_element vc_column_text\">\n<div class=\"wpb_wrapper\">\n<div class=\"wpb_wrapper\"><span style=\"color: #008000;\"><strong><span style=\"font-size: 24px;\">2.<span class=\"_4yxo _4yxp\">\u00a0Decor<\/span><\/span><\/strong><\/span><\/div>\n<div><\/div>\n<div><span style=\"font-size: 16px;\">C\u0103n nh\u00e0 \u0111\u01b0\u1ee3c thi\u1ebft k\u1ebf r\u1ea5t \u0111\u01a1n gi\u1ea3n nh\u01b0ng l\u1ea1i r\u1ea5t \u0111\u1ea7y \u0111\u1ee7 v\u00e0 ti\u1ec7n nghi. Tr\u1ea7n nh\u00e0 \u1ed1p g\u1ed7 ho\u00e0n to\u00e0n mang l\u1ea1i gi\u00e1 tr\u1ecb ri\u00eang to\u00e1t l\u00ean v\u1ebb sang tr\u1ecdng v\u00f4 c\u00f9ng.\u00a0<\/span><\/div>\n<div><span style=\"font-size: 16px;\">Ph\u00f2ng kh\u00e1ch v\u00e0 ph\u00f2ng ng\u1ee7 \u0111\u1ec1u r\u1ea5t r\u1ed9ng r\u00e3i \u0111\u01b0\u1ee3c decor th\u00eam 1 s\u1ed1 c\u00e2y t\u01b0\u01a1i xanh m\u00e1t + kh\u00f4ng gian m\u1edf gi\u00fap ng\u00f4i nh\u00e0 tr\u1edf n\u00ean trong l\u00e0nh, tho\u00e1ng m\u00e1t h\u01a1n.<\/span><\/div>\n<div><span style=\"font-size: 16px;\">\u0110\u00e2y ch\u1eafc ch\u1eafn l\u00e0 \u0111i\u1ec3m ngh\u1ec9 d\u01b0\u1ee1ng l\u00ed t\u01b0\u1edfng c\u1ee7a b\u1ea1n khi \u0111\u1ebfn \u0110\u00e0 L\u1ea1t \u0111\u1ec3 tr\u00e1nh xa nh\u1eefng \u1ed3n \u00e0o t\u1ea5p n\u1eadp v\u00e0 \u00e1p l\u1ef1c cu\u1ed9c s\u1ed1ng m\u1ed7i ng\u00e0y \u0111\u1ea5y !\u00a0<\/span><\/div>\n<div><img decoding=\"async\" class=\"aligncenter wp-image-15281 size-full\" src=\"https:\/\/dalatreview.vn\/wp-content\/uploads\/2022\/02\/villa-6-phong-gio-an.jpg\" alt=\"villa 6 phong gio an\" width=\"1200\" height=\"900\" \/><\/div>\n<div>\n<h2 id=\"3-dich-vu-tien-nghi\"><span style=\"color: #008000;\"><strong><span style=\"font-size: 24px;\">3. D\u1ecbch v\u1ee5 &amp; Ti\u1ec7n nghi<\/span><\/strong><\/span><\/h2>\n<div class=\"pt-2\">\n<p><span style=\"font-size: 16px;\">G\u1ed3m 6 ph\u00f2ng ng\u1ee7 sang tr\u1ecdng kh\u00e9p k\u00edn:\u00a0<\/span><br \/>\n<span style=\"font-size: 16px;\">4 ph\u00f2ng 1 gi\u01b0\u1eddng 2 ng\u01b0\u1eddi<\/span><br \/>\n<span style=\"font-size: 16px;\">1 ph\u00f2ng 2 gi\u01b0\u1eddng 4 ng\u01b0\u1eddi<\/span><br \/>\n<span style=\"font-size: 16px;\">1 ph\u00f2ng \u00a0gi\u01b0\u1eddng n\u1ec7m\u00a08-10 ng\u01b0\u1eddi<\/span><\/p>\n<p><span style=\"font-size: 16px;\">S\u1ee9c ch\u1ee9a 20-22 kh\u00e1ch.<\/span><\/p>\n<p><span style=\"font-size: 16px;\">&#8211; \u0110\u1ea7y \u0111\u1ee7 ti\u1ec7n nghi nh\u01b0 \u1edf nh\u00e0, c\u00f3 ph\u00f2ng \u0111\u1ed3 ch\u01a1i mini d\u00e0nh cho tr\u1ebb nh\u1ecf.\u00a0<\/span><\/p>\n<p><span style=\"font-size: 16px;\">&#8211; C\u00f3 di\u1ec7n t\u00edch \u0111\u1ec3 n\u01b0\u1edbng BBQ ngo\u00e0i tr\u1eddi.<\/span><\/p>\n<p><span style=\"font-size: 16px;\">&#8211; C\u00f3 ch\u1ed7 \u0111\u1eadu xe m\u00e1y, xe h\u01a1i an to\u00e0n.<\/span><\/p>\n<p><span style=\"font-size: 16px;\">&#8211; Y\u00ean t\u0129nh, an ninh 24\/24, s\u1ea1ch s\u1ebd, tho\u00e1ng m\u00e1t, view thi\u00ean nhi\u00ean si\u00eau \u0111\u1eb9p.<\/span><\/p>\n<p><span style=\"font-size: 16px;\">&#8211; B\u1ebfp t\u1ef1 do n\u1ea5u n\u01b0\u1edbng: t\u1ee7 l\u1ea1nh, b\u1ebfp ga, l\u00f2 vi s\u00f3ng, l\u00f2 n\u01b0\u1edbng, c\u00e1c d\u1ee5ng c\u1ee5 v\u00e0 gia v\u1ecb \u0111\u1ec1u \u0111\u1ea7y \u0111\u1ee7.\u00a0<\/span><\/p>\n<p><span style=\"font-size: 16px;\">&#8211; Ch\u00eca kho\u00e1 trao tay tha h\u1ed3 ri\u00eang t\u01b0 .<\/span><\/p>\n<\/div>\n<div class=\"clear\"><img decoding=\"async\" class=\"aligncenter wp-image-15282 size-full\" src=\"https:\/\/dalatreview.vn\/wp-content\/uploads\/2022\/02\/villa-6-phong-gio-an-21.jpg\" alt=\"villa 6 phong gio an\" width=\"1200\" height=\"900\" \/><\/div>\n<div class=\"row\">\n<div class=\"tuongtu-title pt-3 m-3\"><\/div>\n<\/div>\n<div class=\"pt-2\">\n<article class=\"post-content\">\n<div class=\"anh_wtm_m\">\n<div class=\"mws_content\">\n<div class=\"pt-2\">\n<article class=\"post-content\">\n<div class=\"anh_wtm_m\">\n<div class=\"mws_content\">\n<div class=\"pt-2\">\n<article class=\"post-content\">\n<div class=\"anh_wtm_m\">\n<div class=\"mws_content\">\n<h2 id=\"4-gia-phong\"><span style=\"color: #008000;\"><strong><span style=\"font-size: 24px;\"><span class=\"_4yxo\">4.<\/span>\u00a0Gi\u00e1 ph\u00f2ng<\/span><\/strong><\/span><\/h2>\n<article class=\"post-content\">\n<div class=\"anh_wtm_m\">\n<div class=\"mws_content\">\n<article class=\"post-content\">\n<div class=\"anh_wtm_m\">\n<div class=\"mws_content\">\n<article class=\"post-content\">\n<div class=\"anh_wtm_m\">\n<div class=\"mws_content\">\n<article class=\"post-content\">\n<div class=\"anh_wtm_m\">\n<div class=\"mws_content\">\n<article class=\"post-content\"><span style=\"font-size: 16px;\">Li\u00ean h\u1ec7 \u0111\u1ec3 \u0111\u01b0\u1ee3c \u0110\u00e0 L\u1ea1t Review t\u01b0 v\u1ea5n.<\/span><\/p>\n<h2 id=\"5-lien-he\"><span style=\"color: #008000;\">5. Li\u00ean h\u1ec7<\/span><\/h2>\n<p><span style=\"font-size: 16px;\">Fanpage:\u00a0<a href=\"https:\/\/www.facebook.com\/booking.dalatreview.vn\/\">Booking \u0110\u00e0 L\u1ea1t \u2013 www.dalatreview.vn<\/a><\/span><\/p>\n<p><span style=\"font-size: 16px;\">S\u0110T\/Zalo: 0988 249 297<\/span><\/p>\n<\/article>\n<\/div>\n<\/div>\n<\/article>\n<article class=\"post-content xemthem\"><\/article>\n<div id=\"comments\" class=\"comments-area\"><\/div>\n<\/div>\n<\/div>\n<\/article>\n<article class=\"post-content xemthem\"><\/article>\n<div id=\"comments\" class=\"comments-area\"><\/div>\n<\/div>\n<\/div>\n<\/article>\n<article class=\"post-content xemthem\"><\/article>\n<div id=\"comments\" class=\"comments-area\"><\/div>\n<\/div>\n<\/div>\n<\/article>\n<article class=\"post-content xemthem\"><\/article>\n<div id=\"comments\" class=\"comments-area\"><\/div>\n<\/div>\n<\/div>\n<\/article>\n<article class=\"post-content xemthem\"><\/article>\n<div id=\"comments\" class=\"comments-area\"><\/div>\n<\/div>\n<\/div>\n<\/div>\n<\/article>\n<article class=\"post-content xemthem\"><\/article>\n<div id=\"comments\" class=\"comments-area\"><\/div>\n<\/div>\n<\/div>\n<\/div>\n<\/article>\n<article class=\"post-content xemthem\"><\/article>\n<div id=\"comments\" class=\"comments-area\"><\/div>\n<\/div>\n<\/div>\n<\/div>\n<\/div>\n<\/div>\n<\/div>\n<\/div>","protected":false},"excerpt":{"rendered":"<p>Villa \u0110\u00e0 L\u1ea1t Gio An 6 Ph\u00f2ng Danh m\u1ee5c ch\u00ednh 1. V\u1ecb tr\u00ed 3. D\u1ecbch v\u1ee5 &amp; Ti\u1ec7n nghi 4.\u00a0Gi\u00e1 ph\u00f2ng 5. Li\u00ean h\u1ec7 1. V\u1ecb tr\u00ed Villa n\u1eb1m \u1edf tr\u1ee5c \u0111\u01b0\u1eddng Gio An, Ph\u01b0\u1eddng 5, TP \u0110\u00e0 L\u1ea1t. T\u1ecda l\u1ea1c ngay v\u1ecb tr\u00ed trung t\u00e2m, c\u00e1ch ch\u1ee3 \u0110\u00e0 L\u1ea1t 2km. Thu\u1eadn ti\u1ec7n cho vi\u1ec7c [&hellip;]<\/p>","protected":false},"featured_media":15267,"comment_status":"open","ping_status":"closed","template":"","meta":{"_acf_changed":false,"rank_math_lock_modified_date":false},"product_cat":[29,2262,45],"product_tag":[],"acf":[],"_links":{"self":[{"href":"https:\/\/dalatreview.vn\/en\/wp-json\/wp\/v2\/product\/15251"}],"collection":[{"href":"https:\/\/dalatreview.vn\/en\/wp-json\/wp\/v2\/product"}],"about":[{"href":"https:\/\/dalatreview.vn\/en\/wp-json\/wp\/v2\/types\/product"}],"replies":[{"embeddable":true,"href":"https:\/\/dalatreview.vn\/en\/wp-json\/wp\/v2\/comments?post=15251"}],"wp:featuredmedia":[{"embeddable":true,"href":"https:\/\/dalatreview.vn\/en\/wp-json\/wp\/v2\/media\/15267"}],"wp:attachment":[{"href":"https:\/\/dalatreview.vn\/en\/wp-json\/wp\/v2\/media?parent=15251"}],"wp:term":[{"taxonomy":"product_cat","embeddable":true,"href":"https:\/\/dalatreview.vn\/en\/wp-json\/wp\/v2\/product_cat?post=15251"},{"taxonomy":"product_tag","embeddable":true,"href":"https:\/\/dalatreview.vn\/en\/wp-json\/wp\/v2\/product_tag?post=15251"}],"curies":[{"name":"wp","href":"https:\/\/api.w.org\/{rel}","templated":true}]}}