
{"id":15226,"date":"2022-02-23T08:35:21","date_gmt":"2022-02-23T01:35:21","guid":{"rendered":"https:\/\/dalatreview.vn\/?p=15226"},"modified":"2024-07-11T11:00:21","modified_gmt":"2024-07-11T04:00:21","slug":"villa-da-lat-vip-an-son-6-phong","status":"publish","type":"product","link":"https:\/\/dalatreview.vn\/en\/villa-da-lat-vip-an-son-6-phong.html","title":{"rendered":"Villa \u0110\u00e0 L\u1ea1t Vip An S\u01a1n 6 Ph\u00f2ng"},"content":{"rendered":"<p style=\"text-align: center;\"><span style=\"color: #008000;\"><strong><span style=\"font-size: 24px;\">Villa \u0110\u00e0 L\u1ea1t Vip An S\u01a1n 6 Ph\u00f2ng <\/span><\/strong><\/span><\/p>\n<nav class=\"vietrick-auto-toc\">\n<div class=\"box-title\">\n<h3 class=\"toc-title\" id=\"select-menu\">Danh m\u1ee5c ch\u00ednh<\/h3>\n<div><ion-icon name=\"chevron-up-outline\"><\/ion-icon><\/div>\n<\/div>\n<ul class=\"toc-list\">\n<li><a href='https:\/\/dalatreview.vn\/en#1-vi-tri' class='heading-h2 toc-link smooth-scroll'>1. V\u1ecb tr\u00ed<\/a>\n<li><a href='https:\/\/dalatreview.vn\/en#3-dich-vu-tien-nghi' class='heading-h2 toc-link smooth-scroll'>3. D\u1ecbch v\u1ee5 &amp; Ti\u1ec7n nghi<\/a>\n<li><a href='https:\/\/dalatreview.vn\/en#4-gia-phong' class='heading-h2 toc-link smooth-scroll'>4.\u00a0Gi\u00e1 ph\u00f2ng<\/a>\n<li><a href='https:\/\/dalatreview.vn\/en#5-lien-he' class='heading-h2 toc-link smooth-scroll'>5. Li\u00ean h\u1ec7<\/a><\/ul>\n<\/ul>\n<\/li>\n<\/ul>\n<\/nav>\n<h2 id=\"1-vi-tri\"><span style=\"color: #008000;\"><strong><span style=\"font-size: 24px;\">1. V\u1ecb tr\u00ed<\/span><\/strong><\/span><\/h2>\n<div class=\"wpb_column vc_column_container vc_col-sm-6 vc_column\">\n<div class=\"vc_column-inner\">\n<div class=\"wpb_wrapper\">\n<div class=\"wpb_text_column wpb_content_element vc_column_text\">\n<div class=\"wpb_wrapper\">\n<p><span style=\"font-size: 16px;\">Villa vip An S\u01a1n n\u1eb1m tr\u00ean tr\u1ee5c \u0111\u01b0\u1eddng du l\u1ecbch \u2013 H\u1ed3 Tuy\u1ec1n L\u00e2m c\u1ee7a ph\u01b0\u1eddng 4 th\u00e0nh ph\u1ed1 \u0110\u00e0 L\u1ea1t. \u0110\u00e2y l\u00e0 khu quy ho\u1ea1ch \u0111\u01b0\u1ee3c nhi\u1ec1u kh\u00e1ch h\u00e0ng l\u1ef1a ch\u1ecdn l\u00e0m n\u01a1i ngh\u1ec9 d\u01b0\u1ee1ng nh\u1edd v\u1ecb tr\u00ed g\u1ea7n trung t\u00e2m, m\u00f4i tr\u01b0\u1eddng s\u1ed1ng trong l\u00e0nh, y\u00ean t\u0129nh v\u00e0 g\u00f3c view r\u1eebng th\u00f4ng tho\u00e1ng r\u1ed9ng. T\u1eeb v\u1ecb tr\u00ed khu quy ho\u1ea1ch d\u1ec5 d\u00e0ng di chuy\u1ec3n \u0111\u1ebfn H\u1ed3 Tuy\u1ec1n L\u00e2m hay \u0111\u1ebfn H\u1ed3 Xu\u00e2n H\u01b0\u01a1ng, ch\u1ee3 \u0110\u00e0 L\u1ea1t qua tr\u1ee5c \u0111\u01b0\u1eddng Tri\u1ec7u Vi\u1ec7t V\u01b0\u01a1ng \u2013 L\u00ea H\u1ed3ng Phong.<\/span><\/p>\n<\/div>\n<\/div>\n<\/div>\n<\/div>\n<\/div>\n<div class=\"wpb_column vc_column_container vc_col-sm-6 vc_column\">\n<div class=\"vc_column-inner\">\n<div class=\"wpb_wrapper\"><img decoding=\"async\" class=\"aligncenter wp-image-15246 size-full\" src=\"https:\/\/dalatreview.vn\/wp-content\/uploads\/2022\/02\/villa-6-phong-an-son-11-1.jpg\" alt=\"villa 6 phong an son \" width=\"1600\" height=\"1067\" \/><\/div>\n<\/div>\n<\/div>\n<div class=\"wpb_column vc_column_container vc_col-sm-6 vc_column\">\n<div class=\"vc_column-inner\">\n<div class=\"wpb_wrapper\"><strong style=\"color: #008000;\"><span style=\"font-size: 24px;\">2.<span class=\"_4yxo _4yxp\">\u00a0Decor<\/span><\/span><\/strong><\/div>\n<div><\/div>\n<div><span style=\"font-size: 16px;\">Villa v\u1eeba m\u1edbi ho\u00e0n thi\u1ec7n 2021, \u0111\u01b0\u1ee3c bao b\u1ecdc b\u1edfi r\u1eebng th\u00f4ng, nh\u1eefng l\u00f4 bi\u1ec7t th\u1ef1 song l\u1eadp, bi\u1ec7t l\u1eadp s\u1edf h\u1eefu nh\u1eefng g\u00f3c view r\u1eebng th\u00f4ng r\u1ea5t \u0111\u1eb9p. <\/span><\/div>\n<div><span style=\"font-size: 16px;\">Thi\u1ebft k\u1ebf theo kh\u00f4ng gian m\u1edf, decor k\u1ebft h\u1ee3p gi\u1eefa Ch\u00e2u \u00c2u &amp; Ch\u00e2u \u00c1 mang l\u1ea1i c\u1ea3m gi\u00e1c m\u1edbi m\u1ebb nh\u01b0ng l\u1ea1i r\u1ea5t \u1ea5m c\u00fang v\u00e0 quen thu\u1ed9c. Ngo\u00e0i kh\u00f4ng gian sinh ho\u1ea1t chung th\u00ec c\u00e1c ph\u00f2ng s\u1ebd kh\u00e9p k\u00edn ho\u00e0n to\u00e0n, \u0111\u1ea7y \u0111\u1ee7 ti\u1ec7n \u00edch \u0111\u1ea3m b\u1ea3o\u00a0r\u1ea5t ri\u00eang t\u01b0 nh\u00e9. \u00a0<\/span><\/div>\n<div><\/div>\n<div><img decoding=\"async\" class=\"aligncenter wp-image-15247 size-full\" src=\"https:\/\/dalatreview.vn\/wp-content\/uploads\/2022\/02\/villa-vip-6-phong-an-son.jpg\" alt=\"villa 6 phong an son \" width=\"1200\" height=\"900\" \/><\/div>\n<\/div>\n<\/div>\n<h2 id=\"3-dich-vu-tien-nghi\"><span style=\"color: #008000;\"><strong><span style=\"font-size: 24px;\">3. D\u1ecbch v\u1ee5 &amp; Ti\u1ec7n nghi<\/span><\/strong><\/span><\/h2>\n<div class=\"pt-2\">\n<p><span style=\"font-size: 16px;\">T\u1ecda l\u1ea1c t\u1ea1i ngay khu v\u1ef1c trung t\u00e2m.\u00a0<\/span><\/p>\n<p><span style=\"font-size: 16px;\">G\u1ed3m 6 ph\u00f2ng ng\u1ee7 sang tr\u1ecdng, kh\u00e9p k\u00edn ho\u00e0n to\u00e0n, c\u00f3 tivi, n\u00f3ng l\u1ea1nh, wifi v\u00e0 c\u00e1c \u0111\u1ed3 d\u00f9ng c\u00e1 nh\u00e2n c\u1ea7n thi\u1ebft.\u00a0<\/span><br \/>\n<span style=\"font-size: 16px;\">5 ph\u00f2ng 1 gi\u01b0\u1eddng 2 ng\u01b0\u1eddi<\/span><br \/>\n<span style=\"font-size: 16px;\">1 ph\u00f2ng 2 gi\u01b0\u1eddng 4 ng\u01b0\u1eddi<\/span><\/p>\n<p><span style=\"font-size: 16px;\">S\u1ee9c ch\u1ee9a 14-16 kh\u00e1ch<\/span><br \/>\n<span style=\"font-size: 16px;\">\u00a0<\/span><\/p>\n<p><span style=\"font-size: 16px;\">&#8211; \u0110\u1ea7y \u0111\u1ee7 ti\u1ec7n nghi nh\u01b0 \u1edf nh\u00e0. Ph\u00f2ng kh\u00e1ch &amp; s\u00e2n v\u01b0\u1eddn r\u1ed9ng r\u00e3i. Ban c\u00f4ng view cao. \u00a0<\/span><\/p>\n<p><span style=\"font-size: 16px;\">&#8211; C\u00f3 di\u1ec7n t\u00edch \u0111\u1ec3 n\u01b0\u1edbng BBQ.<\/span><\/p>\n<p><span style=\"font-size: 16px;\">&#8211; C\u00f3 ch\u1ed7 \u0111\u1eadu xe m\u00e1y, xe h\u01a1i an to\u00e0n.<\/span><\/p>\n<p><span style=\"font-size: 16px;\">&#8211; Y\u00ean t\u0129nh, an ninh 24\/24, s\u1ea1ch s\u1ebd, tho\u00e1ng m\u00e1t, view thi\u00ean nhi\u00ean si\u00eau \u0111\u1eb9p.<\/span><\/p>\n<p><span style=\"font-size: 16px;\">&#8211; B\u1ebfp t\u1ef1 do n\u1ea5u n\u01b0\u1edbng, c\u00f3 t\u1ee7 l\u1ea1nh, l\u00f2 vi s\u00f3ng, c\u00e1c d\u1ee5ng c\u1ee5 v\u00e0 gia v\u1ecb n\u1ea5u \u0103n c\u1ea7n thi\u1ebft.\u00a0<\/span><\/p>\n<p><span style=\"font-size: 16px;\">&#8211; Ch\u00eca kho\u00e1 trao tay tha h\u1ed3 ri\u00eang t\u01b0 .\u00a0<\/span><\/p>\n<\/div>\n<div class=\"clear\"><img decoding=\"async\" class=\"aligncenter wp-image-15248 size-full\" src=\"https:\/\/dalatreview.vn\/wp-content\/uploads\/2022\/02\/villa-vip-6-phong-an-son-1.jpg\" alt=\"villa 6 phong an son \" width=\"1200\" height=\"900\" \/><\/div>\n<div class=\"row\">\n<div class=\"tuongtu-title pt-3 m-3\"><\/div>\n<\/div>\n<div class=\"pt-2\">\n<article class=\"post-content\">\n<div class=\"anh_wtm_m\">\n<div class=\"mws_content\">\n<div class=\"pt-2\">\n<article class=\"post-content\">\n<div class=\"anh_wtm_m\">\n<div class=\"mws_content\">\n<h2 id=\"4-gia-phong\"><span style=\"color: #008000;\"><strong><span style=\"font-size: 24px;\"><span class=\"_4yxo\">4.<\/span>\u00a0Gi\u00e1 ph\u00f2ng<\/span><\/strong><\/span><\/h2>\n<article class=\"post-content\">\n<div class=\"anh_wtm_m\">\n<div class=\"mws_content\">\n<article class=\"post-content\">\n<div class=\"anh_wtm_m\">\n<div class=\"mws_content\">\n<article class=\"post-content\">\n<div class=\"anh_wtm_m\">\n<div class=\"mws_content\">\n<article class=\"post-content\">\n<div class=\"anh_wtm_m\">\n<div class=\"mws_content\">\n<article class=\"post-content\"><span style=\"font-size: 16px;\">Li\u00ean h\u1ec7 \u0111\u1ec3 \u0111\u01b0\u1ee3c \u0110\u00e0 L\u1ea1t Review t\u01b0 v\u1ea5n.<\/span><\/p>\n<h2 id=\"5-lien-he\"><span style=\"color: #008000;\">5. Li\u00ean h\u1ec7<\/span><\/h2>\n<p><span style=\"font-size: 16px;\">Fanpage:\u00a0<a href=\"https:\/\/www.facebook.com\/booking.dalatreview.vn\/\">Booking \u0110\u00e0 L\u1ea1t \u2013 www.dalatreview.vn<\/a><\/span><\/p>\n<p><span style=\"font-size: 16px;\">S\u0110T\/Zalo: 0988 249 297<\/span><\/p>\n<\/article>\n<\/div>\n<\/div>\n<\/article>\n<article class=\"post-content xemthem\"><\/article>\n<div id=\"comments\" class=\"comments-area\"><\/div>\n<\/div>\n<\/div>\n<\/article>\n<article class=\"post-content xemthem\"><\/article>\n<div id=\"comments\" class=\"comments-area\"><\/div>\n<\/div>\n<\/div>\n<\/article>\n<article class=\"post-content xemthem\"><\/article>\n<div id=\"comments\" class=\"comments-area\"><\/div>\n<\/div>\n<\/div>\n<\/article>\n<article class=\"post-content xemthem\"><\/article>\n<div id=\"comments\" class=\"comments-area\"><\/div>\n<\/div>\n<\/div>\n<\/article>\n<article class=\"post-content xemthem\"><\/article>\n<div id=\"comments\" class=\"comments-area\"><\/div>\n<\/div>\n<\/div>\n<\/div>\n<\/article>\n<article class=\"post-content xemthem\"><\/article>\n<div id=\"comments\" class=\"comments-area\"><\/div>\n<\/div>","protected":false},"excerpt":{"rendered":"<p>Villa \u0110\u00e0 L\u1ea1t Vip An S\u01a1n 6 Ph\u00f2ng Danh m\u1ee5c ch\u00ednh 1. V\u1ecb tr\u00ed 3. D\u1ecbch v\u1ee5 &amp; Ti\u1ec7n nghi 4.\u00a0Gi\u00e1 ph\u00f2ng 5. Li\u00ean h\u1ec7 1. V\u1ecb tr\u00ed Villa vip An S\u01a1n n\u1eb1m tr\u00ean tr\u1ee5c \u0111\u01b0\u1eddng du l\u1ecbch \u2013 H\u1ed3 Tuy\u1ec1n L\u00e2m c\u1ee7a ph\u01b0\u1eddng 4 th\u00e0nh ph\u1ed1 \u0110\u00e0 L\u1ea1t. \u0110\u00e2y l\u00e0 khu quy ho\u1ea1ch \u0111\u01b0\u1ee3c [&hellip;]<\/p>","protected":false},"featured_media":15227,"comment_status":"open","ping_status":"closed","template":"","meta":{"_acf_changed":false,"rank_math_lock_modified_date":false},"product_cat":[29,2262,45],"product_tag":[],"acf":[],"_links":{"self":[{"href":"https:\/\/dalatreview.vn\/en\/wp-json\/wp\/v2\/product\/15226"}],"collection":[{"href":"https:\/\/dalatreview.vn\/en\/wp-json\/wp\/v2\/product"}],"about":[{"href":"https:\/\/dalatreview.vn\/en\/wp-json\/wp\/v2\/types\/product"}],"replies":[{"embeddable":true,"href":"https:\/\/dalatreview.vn\/en\/wp-json\/wp\/v2\/comments?post=15226"}],"wp:featuredmedia":[{"embeddable":true,"href":"https:\/\/dalatreview.vn\/en\/wp-json\/wp\/v2\/media\/15227"}],"wp:attachment":[{"href":"https:\/\/dalatreview.vn\/en\/wp-json\/wp\/v2\/media?parent=15226"}],"wp:term":[{"taxonomy":"product_cat","embeddable":true,"href":"https:\/\/dalatreview.vn\/en\/wp-json\/wp\/v2\/product_cat?post=15226"},{"taxonomy":"product_tag","embeddable":true,"href":"https:\/\/dalatreview.vn\/en\/wp-json\/wp\/v2\/product_tag?post=15226"}],"curies":[{"name":"wp","href":"https:\/\/api.w.org\/{rel}","templated":true}]}}