
{"id":15166,"date":"2022-02-22T16:37:31","date_gmt":"2022-02-22T09:37:31","guid":{"rendered":"https:\/\/dalatreview.vn\/?p=15166"},"modified":"2024-07-11T11:00:22","modified_gmt":"2024-07-11T04:00:22","slug":"villa-da-lat-an-son-6-phong","status":"publish","type":"product","link":"https:\/\/dalatreview.vn\/en\/villa-da-lat-an-son-6-phong.html","title":{"rendered":"Villa \u0110\u00e0 L\u1ea1t An S\u01a1n 6 Ph\u00f2ng"},"content":{"rendered":"<p style=\"text-align: center;\"><span style=\"color: #008000;\"><strong><span style=\"font-size: 24px;\">Villa \u0110\u00e0 L\u1ea1t An S\u01a1n 6 Ph\u00f2ng<\/span><\/strong><\/span><\/p>\n<nav class=\"vietrick-auto-toc\">\n<div class=\"box-title\">\n<h3 class=\"toc-title\" id=\"select-menu\">Danh m\u1ee5c ch\u00ednh<\/h3>\n<div><ion-icon name=\"chevron-up-outline\"><\/ion-icon><\/div>\n<\/div>\n<ul class=\"toc-list\">\n<li><a href='https:\/\/dalatreview.vn\/en#1-vi-tri' class='heading-h2 toc-link smooth-scroll'>1. V\u1ecb tr\u00ed<\/a>\n<li><a href='https:\/\/dalatreview.vn\/en#2-decor' class='heading-h2 toc-link smooth-scroll'>2. Decor<\/a>\n<li><a href='https:\/\/dalatreview.vn\/en#3-dich-vu-tien-nghi' class='heading-h2 toc-link smooth-scroll'>3. D\u1ecbch v\u1ee5 &amp; Ti\u1ec7n nghi<\/a>\n<li><a href='https:\/\/dalatreview.vn\/en#4-gia-phong' class='heading-h2 toc-link smooth-scroll'>4.\u00a0Gi\u00e1 ph\u00f2ng<\/a>\n<li><a href='https:\/\/dalatreview.vn\/en#5-lien-he' class='heading-h2 toc-link smooth-scroll'>5. Li\u00ean h\u1ec7<\/a><\/ul>\n<\/ul>\n<\/li>\n<\/ul>\n<\/nav>\n<h2 id=\"1-vi-tri\"><span style=\"color: #008000;\"><strong><span style=\"font-size: 24px;\">1. V\u1ecb tr\u00ed<\/span><\/strong><\/span><\/h2>\n<div class=\"wpb_column vc_column_container vc_col-sm-6 vc_column\">\n<div class=\"vc_column-inner\">\n<div class=\"wpb_wrapper\">\n<div class=\"wpb_text_column wpb_content_element vc_column_text\">\n<div class=\"wpb_wrapper\">\n<p><span style=\"font-size: 16px;\">Villa An S\u01a1n n\u1eb1m tr\u00ean tr\u1ee5c \u0111\u01b0\u1eddng du l\u1ecbch \u2013 H\u1ed3 Tuy\u1ec1n L\u00e2m c\u1ee7a ph\u01b0\u1eddng 4 th\u00e0nh ph\u1ed1 \u0110\u00e0 L\u1ea1t. \u0110\u00e2y l\u00e0 khu quy ho\u1ea1ch \u0111\u01b0\u1ee3c nhi\u1ec1u kh\u00e1ch h\u00e0ng l\u1ef1a ch\u1ecdn l\u00e0m n\u01a1i ngh\u1ec9 d\u01b0\u1ee1ng nh\u1edd v\u1ecb tr\u00ed g\u1ea7n trung t\u00e2m, m\u00f4i tr\u01b0\u1eddng s\u1ed1ng trong l\u00e0nh, y\u00ean t\u0129nh v\u00e0 g\u00f3c view r\u1eebng th\u00f4ng tho\u00e1ng r\u1ed9ng. T\u1eeb v\u1ecb tr\u00ed khu quy ho\u1ea1ch d\u1ec5 d\u00e0ng di chuy\u1ec3n \u0111\u1ebfn H\u1ed3 Tuy\u1ec1n L\u00e2m hay \u0111\u1ebfn H\u1ed3 Xu\u00e2n H\u01b0\u01a1ng, ch\u1ee3 \u0110\u00e0 L\u1ea1t qua tr\u1ee5c \u0111\u01b0\u1eddng Tri\u1ec7u Vi\u1ec7t V\u01b0\u01a1ng \u2013 L\u00ea H\u1ed3ng Phong.<\/span><\/p>\n<div class=\"wpb_text_column wpb_content_element vc_column_text\">\n<div class=\"wpb_wrapper\">\n<p><span style=\"font-size: 16px;\">C\u00f3 th\u1ec3 n\u00f3i m\u00f4i tr\u01b0\u1eddng s\u1ed1ng t\u1ea1i villa An S\u01a1n \u0110\u00e0 L\u1ea1t l\u00e0 v\u00f4 c\u00f9ng l\u00fd t\u01b0\u1edfng \u0111\u1ec3 ngh\u1ec9 d\u01b0\u1ee1ng. B\u1edfi n\u01a1i \u0111\u00e2y \u0111\u01b0\u1ee3c bao b\u1ecdc b\u1edfi nh\u1eefng c\u00e1nh r\u1eebng th\u00f4ng n\u00ean lu\u00f4n lu\u00f4n m\u00e1t m\u1ebb. V\u1ecb tr\u00ed thu\u1eadn l\u1ee3i, kh\u00f4ng kh\u00ed trong l\u00e0nh, m\u00f4i tr\u01b0\u1eddng an ninh, y\u00ean t\u0129nh v\u00e0 g\u00f3c view \u0111\u1eb9p \u0111\u00f3 l\u00e0 nh\u1eefng \u01b0u \u0111i\u1ec3m c\u1ee7a khu quy ho\u1ea1ch An S\u01a1n<\/span>.<\/p>\n<p><img decoding=\"async\" class=\"aligncenter wp-image-15192 size-full\" src=\"https:\/\/dalatreview.vn\/wp-content\/uploads\/2022\/02\/villa-6-phong-an-son.jpg\" alt=\"villa 6 phong an son\" width=\"1200\" height=\"900\" \/><\/p>\n<\/div>\n<\/div>\n<\/div>\n<\/div>\n<\/div>\n<\/div>\n<\/div>\n<h2 id=\"2-decor\"><span style=\"color: #008000;\"><strong><span style=\"font-size: 24px;\"><span class=\"_4yxo _4yxp\">2. Decor<\/span><\/span><\/strong><\/span><\/h2>\n<p><span style=\"font-size: 16px;\">B\u01b0\u1edbc ch\u00e2n v\u00e0o c\u1ed5ng b\u1ea1n s\u1ebd \u0111\u01b0\u1ee3c l\u01b0\u1edbt tr\u00ean 1 th\u1ea3m c\u1ecf t\u1ef1 nhi\u00ean xanh m\u01b0\u1edbt v\u00f4 c\u00f9ng m\u1ec1m m\u1ecbn t\u1ea1o c\u1ea3m gi\u00e1c trong l\u00e0nh v\u00e0 y\u00ean b\u00ecnh ngay t\u1eeb c\u00e1i nh\u00ecn \u0111\u1ea7u ti\u00ean.<\/span><\/p>\n<p><span style=\"font-size: 16px;\">Nh\u00e0 \u0111\u01b0\u1ee3c thi\u1ebft k\u1ebf theo kh\u00f4ng gian m\u1edf, r\u1ed9ng r\u00e3i v\u00e0 tho\u00e1ng m\u00e1t. Ph\u00f2ng ng\u1ee7 kh\u00e9p k\u00edn t\u1ea1o kh\u00f4ng gian ri\u00eang t\u01b0, m\u00e0u s\u1eafc decor nh\u00e3 nh\u1eb7n, c\u00f3 tivi, wc ph\u00f2ng t\u1eafm ri\u00eang.<\/span><\/p>\n<p><span style=\"font-size: 16px;\">\u0110\u1ed3 d\u00f9ng cao c\u1ea5p, ti\u1ec7n nghi v\u00e0 sang tr\u1ecdng. C\u00f3 ban c\u00f4ng view cao ng\u1eafm nh\u00ecn thi\u00ean nhi\u00ean, \u0111\u00f3n b\u00ecnh minh v\u00e0 ng\u1eafm \u0111\u01b0\u1ee3c cae ho\u00e0ng h\u00f4n lu\u00f4n nh\u00e9 !<\/span><\/p>\n<p><img decoding=\"async\" class=\"aligncenter wp-image-15193 size-full\" src=\"https:\/\/dalatreview.vn\/wp-content\/uploads\/2022\/02\/villa-6-phong-an-son-38.jpg\" alt=\"villa 6 phong an son\" width=\"1200\" height=\"900\" \/><\/p>\n<h2 id=\"3-dich-vu-tien-nghi\"><span style=\"color: #008000;\"><strong><span style=\"font-size: 24px;\">3. D\u1ecbch v\u1ee5 &amp; Ti\u1ec7n nghi<\/span><\/strong><\/span><\/h2>\n<div class=\"pt-2\">\n<p><span style=\"font-size: 16px;\">G\u1ed3m 6 ph\u00f2ng ng\u1ee7 sang tr\u1ecdng ri\u00eang t\u01b0.\u00a0<\/span><br \/>\n<span style=\"font-size: 16px;\">6 ph\u00f2ng 1 gi\u01b0\u1eddng 2 ng\u01b0\u1eddi<\/span><br \/>\n<span style=\"font-size: 16px;\">+ c\u00f3 4 n\u1ec7m t\u0103ng c\u01b0\u1eddng<\/span><\/p>\n<p><span style=\"font-size: 16px;\">S\u1ee9c ch\u1ee9a 12-18 kh\u00e1ch<\/span><\/p>\n<p><span style=\"font-size: 16px;\">&#8211; \u0110\u1ea7y \u0111\u1ee7 ti\u1ec7n nghi nh\u01b0 \u1edf nh\u00e0.<\/span><\/p>\n<p><span style=\"font-size: 16px;\">&#8211; C\u00f3 di\u1ec7n t\u00edch \u0111\u1ec3 n\u01b0\u1edbng BBQ.<\/span><\/p>\n<p><span style=\"font-size: 16px;\">&#8211; C\u00f3 ch\u1ed7 \u0111\u1eadu xe m\u00e1y, xe h\u01a1i an to\u00e0n.<\/span><\/p>\n<p><span style=\"font-size: 16px;\">&#8211; Y\u00ean t\u0129nh, an ninh 24\/24, s\u1ea1ch s\u1ebd, tho\u00e1ng m\u00e1t, view thi\u00ean nhi\u00ean si\u00eau \u0111\u1eb9p.<\/span><\/p>\n<p><span style=\"font-size: 16px;\">&#8211; B\u1ebfp t\u1ef1 do n\u1ea5u n\u01b0\u1edbng<\/span><\/p>\n<p><span style=\"font-size: 16px;\">&#8211; Ch\u00eca kho\u00e1 trao tay tha h\u1ed3 ri\u00eang t\u01b0 .<\/span><\/p>\n<\/div>\n<div class=\"clear\"><img decoding=\"async\" class=\"aligncenter wp-image-15194 size-full\" src=\"https:\/\/dalatreview.vn\/wp-content\/uploads\/2022\/02\/villa-6-phong-an-son-39.jpg\" alt=\"villa 6 phong an son\" width=\"1200\" height=\"900\" \/><\/div>\n<div class=\"row\">\n<div class=\"tuongtu-title pt-3 m-3\"><\/div>\n<\/div>\n<article class=\"post-content\">\n<div class=\"anh_wtm_m\">\n<div class=\"mws_content\">\n<article class=\"post-content\">\n<div class=\"anh_wtm_m\">\n<div class=\"mws_content\">\n<article class=\"post-content\">\n<div class=\"anh_wtm_m\">\n<div class=\"mws_content\">\n<article class=\"post-content\">\n<div class=\"anh_wtm_m\">\n<div class=\"mws_content\">\n<article class=\"post-content\">\n<div class=\"anh_wtm_m\">\n<div class=\"mws_content\">\n<h2 id=\"4-gia-phong\"><span style=\"color: #008000;\"><strong><span style=\"font-size: 24px;\"><span class=\"_4yxo\">4.<\/span>\u00a0Gi\u00e1 ph\u00f2ng<\/span><\/strong><\/span><\/h2>\n<p><span style=\"font-size: 16px;\">Li\u00ean h\u1ec7 \u0111\u1ec3 \u0111\u01b0\u1ee3c \u0110\u00e0 L\u1ea1t Review t\u01b0 v\u1ea5n.<\/span><\/p>\n<h2 id=\"5-lien-he\"><span style=\"color: #008000;\">5. Li\u00ean h\u1ec7<\/span><\/h2>\n<p><span style=\"font-size: 16px;\">Fanpage:\u00a0<a href=\"https:\/\/www.facebook.com\/booking.dalatreview.vn\/\">Booking \u0110\u00e0 L\u1ea1t \u2013 www.dalatreview.vn<\/a><\/span><\/p>\n<p><span style=\"font-size: 16px;\">S\u0110T\/Zalo: 0988 249 297<\/span><\/p>\n<\/div>\n<\/div>\n<\/article>\n<article class=\"post-content xemthem\"><\/article>\n<div id=\"comments\" class=\"comments-area\"><\/div>\n<\/div>\n<\/div>\n<\/article>\n<article class=\"post-content xemthem\"><\/article>\n<div id=\"comments\" class=\"comments-area\"><\/div>\n<\/div>\n<\/div>\n<\/article>\n<article class=\"post-content xemthem\"><\/article>\n<div id=\"comments\" class=\"comments-area\"><\/div>\n<\/div>\n<\/div>\n<\/article>\n<article class=\"post-content xemthem\"><\/article>\n<div id=\"comments\" class=\"comments-area\"><\/div>\n<\/div>\n<\/div>\n<\/article>\n<article class=\"post-content xemthem\"><\/article>\n<div id=\"comments\" class=\"comments-area\"><\/div>","protected":false},"excerpt":{"rendered":"<p>Villa \u0110\u00e0 L\u1ea1t An S\u01a1n 6 Ph\u00f2ng Danh m\u1ee5c ch\u00ednh 1. V\u1ecb tr\u00ed 2. Decor 3. D\u1ecbch v\u1ee5 &amp; Ti\u1ec7n nghi 4.\u00a0Gi\u00e1 ph\u00f2ng 5. Li\u00ean h\u1ec7 1. V\u1ecb tr\u00ed Villa An S\u01a1n n\u1eb1m tr\u00ean tr\u1ee5c \u0111\u01b0\u1eddng du l\u1ecbch \u2013 H\u1ed3 Tuy\u1ec1n L\u00e2m c\u1ee7a ph\u01b0\u1eddng 4 th\u00e0nh ph\u1ed1 \u0110\u00e0 L\u1ea1t. \u0110\u00e2y l\u00e0 khu quy ho\u1ea1ch \u0111\u01b0\u1ee3c [&hellip;]<\/p>","protected":false},"featured_media":15167,"comment_status":"open","ping_status":"closed","template":"","meta":{"_acf_changed":false,"rank_math_lock_modified_date":false},"product_cat":[29,2262,45],"product_tag":[],"acf":[],"_links":{"self":[{"href":"https:\/\/dalatreview.vn\/en\/wp-json\/wp\/v2\/product\/15166"}],"collection":[{"href":"https:\/\/dalatreview.vn\/en\/wp-json\/wp\/v2\/product"}],"about":[{"href":"https:\/\/dalatreview.vn\/en\/wp-json\/wp\/v2\/types\/product"}],"replies":[{"embeddable":true,"href":"https:\/\/dalatreview.vn\/en\/wp-json\/wp\/v2\/comments?post=15166"}],"wp:featuredmedia":[{"embeddable":true,"href":"https:\/\/dalatreview.vn\/en\/wp-json\/wp\/v2\/media\/15167"}],"wp:attachment":[{"href":"https:\/\/dalatreview.vn\/en\/wp-json\/wp\/v2\/media?parent=15166"}],"wp:term":[{"taxonomy":"product_cat","embeddable":true,"href":"https:\/\/dalatreview.vn\/en\/wp-json\/wp\/v2\/product_cat?post=15166"},{"taxonomy":"product_tag","embeddable":true,"href":"https:\/\/dalatreview.vn\/en\/wp-json\/wp\/v2\/product_tag?post=15166"}],"curies":[{"name":"wp","href":"https:\/\/api.w.org\/{rel}","templated":true}]}}