
{"id":15149,"date":"2022-02-22T15:52:11","date_gmt":"2022-02-22T08:52:11","guid":{"rendered":"https:\/\/dalatreview.vn\/?p=15149"},"modified":"2024-07-11T11:01:13","modified_gmt":"2024-07-11T04:01:13","slug":"villa-da-lat-nam-ho-5-phong-3","status":"publish","type":"product","link":"https:\/\/dalatreview.vn\/en\/villa-da-lat-nam-ho-5-phong-3.html","title":{"rendered":"Villa \u0110\u00e0 L\u1ea1t Nam H\u1ed3 5 Ph\u00f2ng"},"content":{"rendered":"<p style=\"text-align: center;\"><strong><span style=\"font-size: 24px; color: #008000;\">Villa \u0110\u00e0 L\u1ea1t Nam H\u1ed3 5 Ph\u00f2ng<\/span><\/strong><\/p>\n<nav class=\"vietrick-auto-toc\">\n<div class=\"box-title\">\n<h3 class=\"toc-title\" id=\"select-menu\">Danh m\u1ee5c ch\u00ednh<\/h3>\n<div><ion-icon name=\"chevron-up-outline\"><\/ion-icon><\/div>\n<\/div>\n<ul class=\"toc-list\">\n<li><a href='https:\/\/dalatreview.vn\/en#1-vi-tri' class='heading-h2 toc-link smooth-scroll'>1. V\u1ecb tr\u00ed<\/a>\n<li><a href='https:\/\/dalatreview.vn\/en#2-decor' class='heading-h2 toc-link smooth-scroll'>2. Decor<\/a>\n<li><a href='https:\/\/dalatreview.vn\/en#3-dich-vu-tien-nghi' class='heading-h2 toc-link smooth-scroll'>3. D\u1ecbch v\u1ee5 &amp; Ti\u1ec7n nghi<\/a>\n<li><a href='https:\/\/dalatreview.vn\/en#4-gia-phong' class='heading-h2 toc-link smooth-scroll'>4.\u00a0Gi\u00e1 ph\u00f2ng<\/a>\n<li><a href='https:\/\/dalatreview.vn\/en#5-lien-he' class='heading-h2 toc-link smooth-scroll'>5. Li\u00ean h\u1ec7<\/a><\/ul>\n<\/ul>\n<\/li>\n<\/ul>\n<\/nav>\n<h2 id=\"1-vi-tri\"><strong><span style=\"font-size: 24px; color: #008000;\">1. V\u1ecb tr\u00ed<\/span><\/strong><\/h2>\n<p><span style=\"font-size: 16px;\">Ch\u1ec9 c\u00e1ch ch\u1ee3 5 ph\u00fat ch\u1ea1y xe. T\u1ecda l\u1ea1c ngay v\u1ecb tr\u00ed trung t\u00e2m \u0111\u01b0\u1eddng Nam H\u1ed3, Ph\u01b0\u1eddng 11, TP \u0110\u00e0 L\u1ea1t. Giao th\u00f4ng thu\u1eadn ti\u1ec7n cho vi\u1ec7c \u0111i l\u1ea1i.<\/span><\/p>\n<p><span style=\"font-size: 16px;\">N\u01a1i \u0111\u00e2y c\u00f3 r\u1ea5t nhi\u1ec1u \u0111\u1ecba \u0111i\u1ec3m du l\u1ecbch h\u1ea5p d\u1eabn v\u00e0 n\u1ed5i ti\u1ebfng \u0111ang ch\u1edd b\u1ea1n kh\u00e1m ph\u00e1 v\u1edbi khung c\u1ea3nh thi\u00ean nhi\u00ean c\u1ef1c k\u1ef3 t\u01b0\u01a1i \u0111\u1eb9p, c\u00e1c m\u00f3n ngon v\u00e0 \u0111\u1ecba \u0111i\u1ec3m vui ch\u01a1i,\u00a0 n\u00e9t v\u0103n h\u00f3a \u0111\u1eb7c tr\u01b0ng \u1edf \u0111\u00e2y nh\u00e9 !<\/span><\/p>\n<p><img decoding=\"async\" class=\"aligncenter wp-image-15159 size-full\" src=\"https:\/\/dalatreview.vn\/wp-content\/uploads\/2022\/02\/villa-5-phong-nam-ho-25.jpg\" alt=\"villa 5 phong nam ho\" width=\"1600\" height=\"1600\" \/><\/p>\n<h2 id=\"2-decor\"><strong><span style=\"font-size: 24px; color: #008000;\"><span class=\"_4yxo _4yxp\">2. Decor<\/span><\/span><\/strong><\/h2>\n<p><span style=\"font-size: 16px;\">C\u0103n nh\u00e0 kho\u00e1c l\u00ean m\u00ecnh b\u1ed9 \u00e1o m\u00e0u cam c\u00e0 r\u1ed1t nh\u00ecn r\u1ea5t b\u1eaft m\u1eaft. Ngay t\u1eeb khi b\u01b0\u1edbc ch\u00e2n v\u00e0o c\u1ed5ng c\u1ee7a c\u0103n nh\u00e0 \u0111\u00e3 c\u00f3 r\u1ea5t nhi\u1ec1u \u0111i\u1ec3m cho b\u1ea1n s\u1ed1ng \u1ea3o checkin r\u1ed3i \u0111\u1ea5y nh\u00e9 !<\/span><\/p>\n<p><span style=\"font-size: 16px;\">Villa thi\u1ebft k\u1ebf kh\u00e1 \u0111\u01a1n gi\u1ea3n nh\u01b0ng r\u1ea5t \u0111\u1ea7y \u0111\u1ee7 ti\u1ec7n nghi v\u00e0 tho\u1ea3i m\u00e1i. C\u00f3 ban c\u00f4ng, ph\u00f2ng kh\u00e1ch ph\u00f2ng ng\u1ee7 \u0111\u1ec1u r\u1ea5t r\u1ed9ng r\u00e3i v\u00e0 ri\u00eang t\u01b0 n\u00ean b\u1ea1n kh\u00f4ng ph\u1ea3i lo v\u1ec1 v\u1ea5n \u0111\u1ec1 l\u00e0m phi\u1ec1n \u0111\u1ebfn ng\u01b0\u1eddi kh\u00e1c \u0111\u00e2u \u1ea1.<\/span><\/p>\n<p><img decoding=\"async\" class=\"aligncenter wp-image-15163 size-full\" src=\"https:\/\/dalatreview.vn\/wp-content\/uploads\/2022\/02\/villa-5-phong-nam-ho-18.jpg\" alt=\"villa 5 phong nam ho\" width=\"1200\" height=\"900\" \/><\/p>\n<h2 id=\"3-dich-vu-tien-nghi\"><strong><span style=\"font-size: 24px; color: #008000;\">3. D\u1ecbch v\u1ee5 &amp; Ti\u1ec7n nghi<\/span><\/strong><\/h2>\n<div class=\"pt-2\">\n<p><span style=\"font-size: 16px;\">G\u1ed3m 5 ph\u00f2ng ng\u1ee7 sang tr\u1ecdng, kh\u00e9p k\u00edn ph\u00f2ng t\u1eafm v\u00e0 wcmooixc ph\u00f2ng. C\u00f3 \u0111\u1ea7y \u0111\u1ee7 c\u00e1c \u0111\u1ed3 d\u00f9ng c\u00e1 nh\u00e2n, wifi internet mi\u1ec5n ph\u00ed.<\/span><br \/>\n<span style=\"font-size: 16px;\">3 ph\u00f2ng 1 gi\u01b0\u1eddng 2 ng\u01b0\u1eddi<\/span><br \/>\n<span style=\"font-size: 16px;\">1 ph\u00f2ng 2 gi\u01b0\u1eddng 4 ng\u01b0\u1eddi<\/span><br \/>\n<span style=\"font-size: 16px;\">1 ph\u00f2ng 3 gi\u01b0\u1eddng 6 ng\u01b0\u1eddi<\/span><\/p>\n<p><span style=\"font-size: 16px;\">S\u1ee9c ch\u1ee9a 14-16 kh\u00e1ch<\/span><\/p>\n<p><span style=\"font-size: 16px;\">&#8212;&#8212;&#8212;&#8212;&#8212;&#8212;&#8212;&#8212;&#8212;&#8212;&#8212;&#8212;&#8212;&#8212;&#8212;&#8212;&#8212;&#8212;&#8212;&#8212;<\/span><\/p>\n<p><span style=\"font-size: 16px;\">&#8211; \u0110\u1ea7y \u0111\u1ee7 ti\u1ec7n nghi nh\u01b0 \u1edf nh\u00e0.<\/span><\/p>\n<p><span style=\"font-size: 16px;\">&#8211; C\u00f3 di\u1ec7n t\u00edch \u0111\u1ec3 n\u01b0\u1edbng BBQ.<\/span><\/p>\n<p><span style=\"font-size: 16px;\">&#8211; C\u00f3 ch\u1ed7 \u0111\u1eadu xe m\u00e1y, xe h\u01a1i an to\u00e0n.<\/span><\/p>\n<p><span style=\"font-size: 16px;\">&#8211; Y\u00ean t\u0129nh, an ninh 24\/24, s\u1ea1ch s\u1ebd, tho\u00e1ng m\u00e1t, view thi\u00ean nhi\u00ean si\u00eau \u0111\u1eb9p.<\/span><\/p>\n<p><span style=\"font-size: 16px;\">&#8211; B\u1ebfp t\u1ef1 do n\u1ea5u n\u01b0\u1edbng, \u0111\u1ed3\u00a0d\u00f9ng v\u00e0 gia v\u1ecb \u0111\u1ea7y \u0111\u1ee7 tha h\u1ed3 cho b\u1ea1n ch\u1ebf bi\u1ebfn c\u00e1c m\u00f3n \u0103n y\u00eau th\u00edch.<\/span><\/p>\n<p><span style=\"font-size: 16px;\">&#8211; Ch\u00eca kho\u00e1 trao tay tha h\u1ed3 ri\u00eang t\u01b0 .<\/span><\/p>\n<\/div>\n<div class=\"clear\"><\/div>\n<div class=\"row\">\n<div class=\"tuongtu-title pt-3 m-3\"><img decoding=\"async\" class=\"aligncenter wp-image-15164 size-full\" src=\"https:\/\/dalatreview.vn\/wp-content\/uploads\/2022\/02\/villa-5-phong-nam-ho-28-1.jpg\" alt=\"villa 5 phong nam ho\" width=\"1200\" height=\"900\" \/><\/div>\n<\/div>\n<div class=\"pt-2\">\n<article class=\"post-content\">\n<div class=\"anh_wtm_m\">\n<div class=\"mws_content\">\n<div class=\"wpb_column vc_column_container vc_col-sm-12 vc_column\">\n<div class=\"vc_column-inner\">\n<div class=\"wpb_wrapper\">\n<div class=\"wpb_text_column wpb_content_element vc_column_text\">\n<div class=\"wpb_wrapper\">\n<div class=\"pt-2\">\n<article class=\"post-content\">\n<div class=\"anh_wtm_m\">\n<div class=\"mws_content\">\n<article class=\"post-content\">\n<div class=\"anh_wtm_m\">\n<div class=\"mws_content\">\n<div class=\"pt-2\">\n<article class=\"post-content\">\n<div class=\"anh_wtm_m\">\n<div class=\"mws_content\">\n<article class=\"post-content\">\n<h2 id=\"4-gia-phong\"><strong><span style=\"font-size: 24px; color: #008000;\"><span class=\"_4yxo\">4.<\/span>\u00a0Gi\u00e1 ph\u00f2ng<\/span><\/strong><\/h2>\n<p><span style=\"font-size: 16px;\">Li\u00ean h\u1ec7 \u0111\u1ec3 \u0111\u01b0\u1ee3c \u0110\u00e0 L\u1ea1t Review t\u01b0 v\u1ea5n.<\/span><\/p>\n<h2 id=\"5-lien-he\"><span style=\"color: #008000;\">5. Li\u00ean h\u1ec7<\/span><\/h2>\n<p><span style=\"font-size: 16px;\">Fanpage:\u00a0<a href=\"https:\/\/www.facebook.com\/booking.dalatreview.vn\/\">Booking \u0110\u00e0 L\u1ea1t \u2013 www.dalatreview.vn<\/a><\/span><\/p>\n<p><span style=\"font-size: 16px;\">S\u0110T\/Zalo: 0988 249 297<\/span><\/p>\n<\/article>\n<\/div>\n<\/div>\n<\/article>\n<article class=\"post-content xemthem\"><\/article>\n<div id=\"comments\" class=\"comments-area\"><\/div>\n<\/div>\n<\/div>\n<\/div>\n<\/article>\n<article class=\"post-content xemthem\"><\/article>\n<div id=\"comments\" class=\"comments-area\"><\/div>\n<\/div>\n<\/div>\n<\/article>\n<article class=\"post-content xemthem\"><\/article>\n<div id=\"comments\" class=\"comments-area\"><\/div>\n<\/div>\n<\/div>\n<\/div>\n<\/div>\n<\/div>\n<\/div>\n<\/div>\n<\/div>\n<\/article>\n<article class=\"post-content xemthem\"><\/article>\n<div id=\"comments\" class=\"comments-area\"><\/div>\n<\/div>","protected":false},"excerpt":{"rendered":"<p>Villa \u0110\u00e0 L\u1ea1t Nam H\u1ed3 5 Ph\u00f2ng Danh m\u1ee5c ch\u00ednh 1. V\u1ecb tr\u00ed 2. Decor 3. D\u1ecbch v\u1ee5 &amp; Ti\u1ec7n nghi 4.\u00a0Gi\u00e1 ph\u00f2ng 5. Li\u00ean h\u1ec7 1. V\u1ecb tr\u00ed Ch\u1ec9 c\u00e1ch ch\u1ee3 5 ph\u00fat ch\u1ea1y xe. T\u1ecda l\u1ea1c ngay v\u1ecb tr\u00ed trung t\u00e2m \u0111\u01b0\u1eddng Nam H\u1ed3, Ph\u01b0\u1eddng 11, TP \u0110\u00e0 L\u1ea1t. Giao th\u00f4ng thu\u1eadn ti\u1ec7n [&hellip;]<\/p>","protected":false},"featured_media":15150,"comment_status":"open","ping_status":"closed","template":"","meta":{"_acf_changed":false,"rank_math_lock_modified_date":false},"product_cat":[29,2254,45],"product_tag":[],"acf":[],"_links":{"self":[{"href":"https:\/\/dalatreview.vn\/en\/wp-json\/wp\/v2\/product\/15149"}],"collection":[{"href":"https:\/\/dalatreview.vn\/en\/wp-json\/wp\/v2\/product"}],"about":[{"href":"https:\/\/dalatreview.vn\/en\/wp-json\/wp\/v2\/types\/product"}],"replies":[{"embeddable":true,"href":"https:\/\/dalatreview.vn\/en\/wp-json\/wp\/v2\/comments?post=15149"}],"wp:featuredmedia":[{"embeddable":true,"href":"https:\/\/dalatreview.vn\/en\/wp-json\/wp\/v2\/media\/15150"}],"wp:attachment":[{"href":"https:\/\/dalatreview.vn\/en\/wp-json\/wp\/v2\/media?parent=15149"}],"wp:term":[{"taxonomy":"product_cat","embeddable":true,"href":"https:\/\/dalatreview.vn\/en\/wp-json\/wp\/v2\/product_cat?post=15149"},{"taxonomy":"product_tag","embeddable":true,"href":"https:\/\/dalatreview.vn\/en\/wp-json\/wp\/v2\/product_tag?post=15149"}],"curies":[{"name":"wp","href":"https:\/\/api.w.org\/{rel}","templated":true}]}}