
{"id":15130,"date":"2022-02-22T15:32:13","date_gmt":"2022-02-22T08:32:13","guid":{"rendered":"https:\/\/dalatreview.vn\/?p=15130"},"modified":"2024-07-11T11:01:14","modified_gmt":"2024-07-11T04:01:14","slug":"villa-da-lat-phu-dong-thien-vuong-5-phong","status":"publish","type":"product","link":"https:\/\/dalatreview.vn\/en\/villa-da-lat-phu-dong-thien-vuong-5-phong.html","title":{"rendered":"Villa \u0110\u00e0 L\u1ea1t Ph\u00f9 \u0110\u1ed5ng Thi\u00ean V\u01b0\u01a1ng 5 Ph\u00f2ng"},"content":{"rendered":"<p style=\"text-align: center;\"><span style=\"color: #008000;\"><strong><span style=\"font-size: 24px;\">Villa \u0110\u00e0 L\u1ea1t Ph\u00f9 \u0110\u1ed5ng Thi\u00ean V\u01b0\u01a1ng 5 Ph\u00f2ng<\/span><\/strong><\/span><\/p>\n<nav class=\"vietrick-auto-toc\">\n<div class=\"box-title\">\n<h3 class=\"toc-title\" id=\"select-menu\">Danh m\u1ee5c ch\u00ednh<\/h3>\n<div><ion-icon name=\"chevron-up-outline\"><\/ion-icon><\/div>\n<\/div>\n<ul class=\"toc-list\">\n<li><a href='https:\/\/dalatreview.vn\/en#1-vi-tri' class='heading-h2 toc-link smooth-scroll'>1. V\u1ecb tr\u00ed<\/a>\n<li><a href='https:\/\/dalatreview.vn\/en#2-decor' class='heading-h2 toc-link smooth-scroll'>2. Decor<\/a>\n<li><a href='https:\/\/dalatreview.vn\/en#3-dich-vu-tien-nghi' class='heading-h2 toc-link smooth-scroll'>3. D\u1ecbch v\u1ee5 &amp; Ti\u1ec7n nghi<\/a>\n<li><a href='https:\/\/dalatreview.vn\/en#4-gia-phong' class='heading-h2 toc-link smooth-scroll'>4.\u00a0Gi\u00e1 ph\u00f2ng<\/a>\n<li><a href='https:\/\/dalatreview.vn\/en#5-lien-he' class='heading-h2 toc-link smooth-scroll'>5. Li\u00ean h\u1ec7<\/a><\/ul>\n<\/ul>\n<\/li>\n<\/ul>\n<\/nav>\n<h2 id=\"1-vi-tri\"><span style=\"color: #008000;\"><strong><span style=\"font-size: 24px;\">1. V\u1ecb tr\u00ed<\/span><\/strong><\/span><\/h2>\n<p><span style=\"font-size: 16px;\">Th\u00e0nh ph\u1ed1 du l\u1ecbch \u0110\u00e0 L\u1ea1t lu\u00f4n l\u00e0 n\u01a1i khi\u1ebfn nhi\u1ec1u du kh\u00e1ch y\u00eau m\u1ebfn m\u1ed7i khi \u0111\u1ebfn v\u00e0 v\u00e0 l\u01b0u luy\u1ebfn m\u1ed7i khi chia xa. N\u01a1i \u0111\u00e2y h\u1ed9i t\u1ee5 g\u1ea7n nh\u01b0 tr\u1ecdn v\u1eb9n c\u00e1c y\u1ebfu t\u1ed1 \u0111\u1ec3 tr\u1edf th\u00e0nh \u201cmi\u1ec1n \u0111\u1ea5t h\u1ee9a\u201d, \u201cmi\u1ec1n \u0111\u1ea5t \u0111\u00e1ng \u0111\u1ec3 kh\u00e1m ph\u00e1\u201d v\u1edbi c\u1ea3nh \u0111\u1eb9p m\u1ed9ng m\u01a1 m\u00e0 g\u1ea7n g\u0169i, hi\u1ec7n \u0111\u1ea1i m\u00e0 c\u1ed5 k\u00ednh, con ng\u01b0\u1eddi th\u00e2n thi\u1ec7n v\u00e0 hi\u1ebfu kh\u00e1ch.<\/span><\/p>\n<p><span style=\"font-size: 16px;\">Villa t\u1ecda l\u1ea1c ngay v\u1ecb tr\u00ed trung t\u00e2m c\u1ee7a \u0111\u01b0\u1eddng Ph\u00f9 \u0110\u1ed5ng Thi\u00ean V\u01b0\u01a1ng, Ph\u01b0\u1eddng 8, TP \u0110\u00e0 L\u1ea1t. Ch\u1ec9 c\u00e1ch ch\u1ee3 5 ph\u00fat ch\u1ea1y xe v\u00e0 g\u1ea7n c\u00e1c \u0111\u1ecba \u0111i\u1ec3m vui ch\u01a1i \u0103n u\u1ed1ng c\u0169ng nh\u01b0 c\u00e1c \u0111i\u1ec3m du l\u1ecbch n\u1ed5i ti\u1ebfng nh\u01b0:<\/span><\/p>\n<ol>\n<li><span style=\"font-size: 16px;\">\u0110\u1ed3i M\u1ed9ng M\u01a1<\/span><\/li>\n<li value=\"2\"><span style=\"font-size: 16px;\">Thung L\u0169ng T\u00ecnh Y\u00eau<\/span><\/li>\n<li value=\"3\"><span style=\"font-size: 16px;\">XQ S\u1eed Qu\u00e1n\u00a0\u0110\u00e0 L\u1ea1t<\/span><\/li>\n<li value=\"4\"><span style=\"font-size: 16px;\">V\u01b0\u1eddn d\u00e2u Hi\u1ec7p L\u1ef1c \u0110\u00e0 L\u1ea1t<\/span><\/li>\n<li value=\"5\"><span style=\"font-size: 16px;\">V\u01b0\u1eddn hoa th\u00e0nh ph\u1ed1 \u0110\u00e0 L\u1ea1t<\/span><\/li>\n<\/ol>\n<p><img decoding=\"async\" class=\"aligncenter wp-image-15142 size-full\" src=\"https:\/\/dalatreview.vn\/wp-content\/uploads\/2022\/02\/villa-5-phong-phu-dong-thien-vuong-21-1.jpg\" alt=\"villa 5 phong phu dong thien vuong \" width=\"1600\" height=\"1055\" \/><\/p>\n<div class=\"wpb_column vc_column_container vc_col-sm-12 vc_column\">\n<div class=\"vc_column-inner\">\n<div class=\"wpb_wrapper\">\n<div class=\"wpb_text_column wpb_content_element vc_column_text\">\n<div class=\"wpb_wrapper\">\n<h2 id=\"2-decor\"><span style=\"color: #008000;\"><strong><span style=\"font-size: 24px;\"><span class=\"_4yxo _4yxp\">2. Decor<\/span><\/span><\/strong><\/span><\/h2>\n<p><span style=\"font-size: 16px;\">Thi\u1ebft k\u1ebf theo phog c\u00e1ch Ch\u00e2u \u00c2u, mang h\u01a1i h\u01b0\u1edbng c\u1ed5 \u0111i\u1ec3n 1 ch\u00fat t\u1ea1o c\u1ea3m gi\u00e1c v\u1eeba sang tr\u1ecdng l\u1ecbch s\u1ef1 v\u1eeba r\u1ea5t \u1ea5m \u00e1p. C\u00e1c ph\u00f2ng \u0111\u1ec1u kh\u00e9p k\u00edn, \u0111\u1ea7y \u0111\u1ee7 c\u00e1c v\u1eadt d\u1ee5ng c\u1ea7n thi\u1ebft, r\u1ed9ng r\u00e3i tho\u00e1ng m\u00e1t nh\u01b0ng r\u1ea5t ri\u00eang t\u01b0 n\u00ean m\u1ecdi ng\u01b0\u1eddi c\u1ee9 y\u00ean t\u00e2m nh\u00e9.<\/span><\/p>\n<p><img decoding=\"async\" class=\"aligncenter wp-image-15146 size-full\" src=\"https:\/\/dalatreview.vn\/wp-content\/uploads\/2022\/02\/villa-5-phong-phu-dong-thien-vuong.jpg\" alt=\"villa 5 phong phu dong thien vuong \" width=\"1200\" height=\"900\" \/><\/p>\n<h2 id=\"3-dich-vu-tien-nghi\"><span style=\"color: #008000;\"><strong><span style=\"font-size: 24px;\">3. D\u1ecbch v\u1ee5 &amp; Ti\u1ec7n nghi<\/span><\/strong><\/span><\/h2>\n<div class=\"pt-2\">\n<p><span style=\"font-size: 16px;\">G\u1ed3m 5 ph\u00f2ng ng\u1ee7 sang tr\u1ecdng, ph\u00f2ng t\u1eafm v\u00e0 wc kh\u00e9p k\u00edn c\u00e1c ph\u00f2ng, c\u00f3 n\u00f3ng l\u1ea1nh, tivi. wifi mi\u1ec5n ph\u00ed&#8230;<\/span><br \/>\n<span style=\"font-size: 16px;\">4 ph\u00f2ng 1 gi\u01b0\u1eddng 2 ng\u01b0\u1eddi<\/span><br \/>\n<span style=\"font-size: 16px;\">1 ph\u00f2ng 2 gi\u01b0\u1eddng 4 ng\u01b0\u1eddi<\/span><\/p>\n<p><span style=\"font-size: 16px;\">S\u1ee9c ch\u1ee9a 12-14\u00a0kh\u00e1ch<\/span><\/p>\n<p><span style=\"font-size: 16px;\">&#8212;&#8212;&#8212;&#8212;&#8212;&#8212;&#8212;&#8212;&#8212;&#8212;&#8212;&#8212;&#8212;&#8212;-<\/span><\/p>\n<p><span style=\"font-size: 16px;\">&#8211; \u0110\u1ea7y \u0111\u1ee7 ti\u1ec7n nghi nh\u01b0 \u1edf nh\u00e0. Ph\u00f2ng kh\u00e1ch, s\u00e2n v\u01b0\u1eddn r\u1ed9ng tha h\u1ed3 qu\u1ea9y.<\/span><\/p>\n<p><span style=\"font-size: 16px;\">&#8211; C\u00f3 di\u1ec7n t\u00edch \u0111\u1ec3 n\u01b0\u1edbng BBQ.<\/span><\/p>\n<p><span style=\"font-size: 16px;\">&#8211; C\u00f3 ch\u1ed7 \u0111\u1eadu xe m\u00e1y, xe h\u01a1i an to\u00e0n.<\/span><\/p>\n<p><span style=\"font-size: 16px;\">&#8211; Y\u00ean t\u0129nh, an ninh 24\/24, s\u1ea1ch s\u1ebd, tho\u00e1ng m\u00e1t, view thi\u00ean nhi\u00ean si\u00eau \u0111\u1eb9p.<\/span><\/p>\n<p><span style=\"font-size: 16px;\">&#8211; B\u1ebfp t\u1ef1 do n\u1ea5u n\u01b0\u1edbng, \u0111\u1ed3 d\u00f9ng cao c\u1ea5p, \u0111\u1ea7y \u0111\u1ee7 gia v\u1ecb.<\/span><\/p>\n<p><span style=\"font-size: 16px;\">&#8211; Ch\u00eca kho\u00e1 trao tay tha h\u1ed3 ri\u00eang t\u01b0 .<\/span><\/p>\n<\/div>\n<div class=\"clear\"><\/div>\n<div class=\"row\">\n<div class=\"tuongtu-title pt-3 m-3\"><img decoding=\"async\" class=\"aligncenter wp-image-15147 size-full\" src=\"https:\/\/dalatreview.vn\/wp-content\/uploads\/2022\/02\/villa-5-phong-phu-dong-thien-vuong-24.jpg\" alt=\"villa 5 phong phu dong thien vuong \" width=\"1200\" height=\"900\" \/><\/div>\n<\/div>\n<div class=\"pt-2\">\n<article class=\"post-content\">\n<div class=\"anh_wtm_m\">\n<div class=\"mws_content\">\n<article class=\"post-content\">\n<div class=\"anh_wtm_m\">\n<div class=\"mws_content\">\n<div class=\"pt-2\">\n<article class=\"post-content\">\n<div class=\"anh_wtm_m\">\n<div class=\"mws_content\">\n<article class=\"post-content\">\n<h2 id=\"4-gia-phong\"><span style=\"color: #008000;\"><strong><span style=\"font-size: 24px;\"><span class=\"_4yxo\">4.<\/span>\u00a0Gi\u00e1 ph\u00f2ng<\/span><\/strong><\/span><\/h2>\n<p><span style=\"font-size: 16px;\">Li\u00ean h\u1ec7 \u0111\u1ec3 \u0111\u01b0\u1ee3c \u0110\u00e0 L\u1ea1t Review t\u01b0 v\u1ea5n.<\/span><\/p>\n<h2 id=\"5-lien-he\"><span style=\"color: #008000;\">5. Li\u00ean h\u1ec7<\/span><\/h2>\n<p><span style=\"font-size: 16px;\">Fanpage:\u00a0<a href=\"https:\/\/www.facebook.com\/booking.dalatreview.vn\/\">Booking \u0110\u00e0 L\u1ea1t \u2013 www.dalatreview.vn<\/a><\/span><\/p>\n<p><span style=\"font-size: 16px;\">S\u0110T\/Zalo: 0988 249 297<\/span><\/p>\n<\/article>\n<\/div>\n<\/div>\n<\/article>\n<article class=\"post-content xemthem\"><\/article>\n<div id=\"comments\" class=\"comments-area\"><\/div>\n<\/div>\n<\/div>\n<\/div>\n<\/article>\n<article class=\"post-content xemthem\"><\/article>\n<div id=\"comments\" class=\"comments-area\"><\/div>\n<\/div>\n<\/div>\n<\/article>\n<article class=\"post-content xemthem\"><\/article>\n<div id=\"comments\" class=\"comments-area\"><\/div>\n<\/div>\n<\/div>\n<\/div>\n<\/div>\n<\/div>\n<\/div>","protected":false},"excerpt":{"rendered":"<p>Villa \u0110\u00e0 L\u1ea1t Ph\u00f9 \u0110\u1ed5ng Thi\u00ean V\u01b0\u01a1ng 5 Ph\u00f2ng Danh m\u1ee5c ch\u00ednh 1. V\u1ecb tr\u00ed 2. Decor 3. D\u1ecbch v\u1ee5 &amp; Ti\u1ec7n nghi 4.\u00a0Gi\u00e1 ph\u00f2ng 5. Li\u00ean h\u1ec7 1. V\u1ecb tr\u00ed Th\u00e0nh ph\u1ed1 du l\u1ecbch \u0110\u00e0 L\u1ea1t lu\u00f4n l\u00e0 n\u01a1i khi\u1ebfn nhi\u1ec1u du kh\u00e1ch y\u00eau m\u1ebfn m\u1ed7i khi \u0111\u1ebfn v\u00e0 v\u00e0 l\u01b0u luy\u1ebfn m\u1ed7i khi [&hellip;]<\/p>","protected":false},"featured_media":15131,"comment_status":"open","ping_status":"closed","template":"","meta":{"_acf_changed":false,"rank_math_lock_modified_date":false},"product_cat":[29,2254,45],"product_tag":[],"acf":[],"_links":{"self":[{"href":"https:\/\/dalatreview.vn\/en\/wp-json\/wp\/v2\/product\/15130"}],"collection":[{"href":"https:\/\/dalatreview.vn\/en\/wp-json\/wp\/v2\/product"}],"about":[{"href":"https:\/\/dalatreview.vn\/en\/wp-json\/wp\/v2\/types\/product"}],"replies":[{"embeddable":true,"href":"https:\/\/dalatreview.vn\/en\/wp-json\/wp\/v2\/comments?post=15130"}],"wp:featuredmedia":[{"embeddable":true,"href":"https:\/\/dalatreview.vn\/en\/wp-json\/wp\/v2\/media\/15131"}],"wp:attachment":[{"href":"https:\/\/dalatreview.vn\/en\/wp-json\/wp\/v2\/media?parent=15130"}],"wp:term":[{"taxonomy":"product_cat","embeddable":true,"href":"https:\/\/dalatreview.vn\/en\/wp-json\/wp\/v2\/product_cat?post=15130"},{"taxonomy":"product_tag","embeddable":true,"href":"https:\/\/dalatreview.vn\/en\/wp-json\/wp\/v2\/product_tag?post=15130"}],"curies":[{"name":"wp","href":"https:\/\/api.w.org\/{rel}","templated":true}]}}