
{"id":15068,"date":"2022-02-22T11:35:10","date_gmt":"2022-02-22T04:35:10","guid":{"rendered":"https:\/\/dalatreview.vn\/?p=15068"},"modified":"2024-07-11T11:01:16","modified_gmt":"2024-07-11T04:01:16","slug":"villa-da-lat-nam-ho-5-phong-2","status":"publish","type":"product","link":"https:\/\/dalatreview.vn\/en\/villa-da-lat-nam-ho-5-phong-2.html","title":{"rendered":"Villa \u0110\u00e0 L\u1ea1t Nam H\u1ed3 5 Ph\u00f2ng"},"content":{"rendered":"<p style=\"text-align: center;\"><span style=\"color: #008000;\"><strong><span style=\"font-size: 24px;\">Villa \u0110\u00e0 L\u1ea1t Nam H\u1ed3 5 Ph\u00f2ng <\/span><\/strong><\/span><\/p>\n<nav class=\"vietrick-auto-toc\">\n<div class=\"box-title\">\n<h3 class=\"toc-title\" id=\"select-menu\">Danh m\u1ee5c ch\u00ednh<\/h3>\n<div><ion-icon name=\"chevron-up-outline\"><\/ion-icon><\/div>\n<\/div>\n<ul class=\"toc-list\">\n<li><a href='https:\/\/dalatreview.vn\/en#1-vi-tri' class='heading-h2 toc-link smooth-scroll'>1. V\u1ecb tr\u00ed<\/a>\n<li><a href='https:\/\/dalatreview.vn\/en#3-dich-vu-tien-nghi' class='heading-h2 toc-link smooth-scroll'>3. D\u1ecbch v\u1ee5 &amp; Ti\u1ec7n nghi<\/a>\n<li><a href='https:\/\/dalatreview.vn\/en#4-gia-phong' class='heading-h2 toc-link smooth-scroll'>4.\u00a0Gi\u00e1 ph\u00f2ng<\/a>\n<li><a href='https:\/\/dalatreview.vn\/en#5-lien-he' class='heading-h2 toc-link smooth-scroll'>5. Li\u00ean h\u1ec7<\/a><\/ul>\n<\/ul>\n<\/li>\n<\/ul>\n<\/nav>\n<h2 id=\"1-vi-tri\"><span style=\"color: #008000;\"><strong><span style=\"font-size: 24px;\">1. V\u1ecb tr\u00ed<\/span><\/strong><\/span><\/h2>\n<p><span style=\"font-size: 16px;\">Ch\u1ec9 c\u00e1ch ch\u1ee3 5 ph\u00fat ch\u1ea1y xe. T\u1ecda l\u1ea1c ngay v\u1ecb tr\u00ed trung t\u00e2m \u0111\u01b0\u1eddng Nam H\u1ed3, Ph\u01b0\u1eddng 11, TP \u0110\u00e0 L\u1ea1t. C\u00f3\u00a0r\u1ea5t nhi\u1ec1u \u0111\u1ecba \u0111i\u1ec3m du l\u1ecbch h\u1ea5p d\u1eabn v\u00e0 n\u1ed5i ti\u1ebfng \u0111ang ch\u1edd b\u1ea1n kh\u00e1m ph\u00e1 v\u1edbi khung c\u1ea3nh thi\u00ean nhi\u00ean c\u1ef1c k\u1ef3 t\u01b0\u01a1i \u0111\u1eb9p, c\u00e1c m\u00f3n ngon v\u00e0 \u0111\u1ecba \u0111i\u1ec3m vui ch\u01a1i v\u00e0 n\u00e9t v\u0103n h\u00f3a \u0111\u1eb7c tr\u01b0ng \u1edf n\u01a1i \u0111\u00e2y.<\/span><\/p>\n<p><img decoding=\"async\" class=\"aligncenter wp-image-15093 size-full\" src=\"https:\/\/dalatreview.vn\/wp-content\/uploads\/2022\/02\/villa-5-phong-nam-ho-34-1.jpg\" alt=\"villa 5 phong nam ho\" width=\"1280\" height=\"852\" \/><\/p>\n<p><span style=\"color: #008000;\"><strong><span style=\"font-size: 24px;\">2.<span class=\"_4yxo _4yxp\">\u00a0Decor<\/span><\/span><\/strong><\/span><\/p>\n<p><span style=\"font-size: 16px;\">\u0110\u01b0\u1ee3c thi\u1ebft k\u1ebf theo phong c\u00e1ch Ch\u00e2u \u00c2u, n\u1ed9i th\u1ea5t b\u1eb1ng g\u1ed7 v\u1eeba sang tr\u1ecdng l\u1ecbch s\u1ef1 v\u1eeba mang l\u1ea1i c\u1ea3m gi\u00e1c \u1ea5m c\u00fang v\u00e0 tho\u1ea3i m\u00e1i cho b\u1ea1n c\u00f9ng gia \u0111\u00ecnh khi l\u01b0u tr\u00fa t\u1ea1i \u0111\u00e2y.<\/span><\/p>\n<p><span style=\"font-size: 16px;\">N\u1ed9i th\u1ea5t th\u00ec \u0111\u1ea7y \u0111\u1ee7 v\u00e0 ti\u1ec7n nghi, c\u00e1c ph\u00f2ng \u0111\u1ec1u kh\u00e9p k\u00edn nh\u01b0ng x\u00e2y d\u1ef1ng theo phong c\u00e1ch m\u1edfd\u0111\u00f3n \u00e1nh s\u00e1ng t\u1ef1 nhi\u00ean n\u00ean r\u1ea5t tho\u00e1ng m\u00e1t. \u0110\u1eb7c bi\u1ec7t l\u00e0 \u1edf view cao c\u00f3 th\u1ec3 ng\u1eafm nh\u00ecn thi\u00ean nhi\u00ean<\/span><span style=\"font-size: 16px;\"> xung quanh qua c\u00e1c khung c\u1eeda k\u00ednh.<\/span><\/p>\n<p><img decoding=\"async\" class=\"aligncenter wp-image-15097 size-full\" src=\"https:\/\/dalatreview.vn\/wp-content\/uploads\/2022\/02\/villa-5-phong-nam-ho-3.jpg\" alt=\"villa 5 phong nam ho\" width=\"1200\" height=\"900\" \/><\/p>\n<h2 id=\"3-dich-vu-tien-nghi\"><span style=\"color: #008000;\"><strong><span style=\"font-size: 24px;\">3. D\u1ecbch v\u1ee5 &amp; Ti\u1ec7n nghi<\/span><\/strong><\/span><\/h2>\n<div class=\"pt-2\">\n<p><span style=\"font-size: 16px;\">G\u1ed3m 5 ph\u00f2ng ng\u1ee7 sang tr\u1ecdng, c\u00f3 n\u00f3ng l\u1ea1nh, tivi, wifi mi\u1ec5n ph\u00ed&#8230;\u00a0<\/span><br \/>\n<span style=\"font-size: 16px;\">4 ph\u00f2ng 1 gi\u01b0\u1eddng 2 ng\u01b0\u1eddi<\/span><br \/>\n<span style=\"font-size: 16px;\">1 ph\u00f2ng 2\u00a0gi\u01b0\u1eddng 4\u00a0ng\u01b0\u1eddi<\/span><\/p>\n<p><span style=\"font-size: 16px;\">S\u1ee9c ch\u1ee9a 12-14 kh\u00e1ch<\/span><\/p>\n<p><span style=\"font-size: 16px;\">&#8212;&#8212;&#8212;&#8212;&#8212;&#8212;&#8212;&#8212;&#8212;&#8212;&#8212;&#8212;&#8212;&#8212;&#8212;&#8212;&#8212;&#8212;&#8211;<\/span><\/p>\n<p><span style=\"font-size: 16px;\">&#8211; \u0110\u1ea7y \u0111\u1ee7 ti\u1ec7n nghi nh\u01b0 \u1edf nh\u00e0.<\/span><\/p>\n<p><span style=\"font-size: 16px;\">&#8211; C\u00f3 di\u1ec7n t\u00edch \u0111\u1ec3 n\u01b0\u1edbng BBQ.<\/span><\/p>\n<p><span style=\"font-size: 16px;\">&#8211; C\u00f3 ch\u1ed7 \u0111\u1eadu xe m\u00e1y, xe h\u01a1i an to\u00e0n.<\/span><\/p>\n<p><span style=\"font-size: 16px;\">&#8211; Y\u00ean t\u0129nh, an ninh 24\/24, s\u1ea1ch s\u1ebd, tho\u00e1ng m\u00e1t, view thi\u00ean nhi\u00ean si\u00eau \u0111\u1eb9p.<\/span><\/p>\n<p><span style=\"font-size: 16px;\">&#8211; B\u1ebfp t\u1ef1 do n\u1ea5u n\u01b0\u1edbng<\/span><\/p>\n<p><span style=\"font-size: 16px;\">&#8211; Ch\u00eca kho\u00e1 trao tay tha h\u1ed3 ri\u00eang t\u01b0 .<\/span><\/p>\n<\/div>\n<div class=\"clear\"><img decoding=\"async\" class=\"aligncenter wp-image-15098 size-full\" src=\"https:\/\/dalatreview.vn\/wp-content\/uploads\/2022\/02\/villa-5-phong-nam-ho-1-3.jpg\" alt=\"villa 5 phong nam ho\" width=\"1200\" height=\"900\" \/><\/div>\n<div class=\"row\">\n<div class=\"tuongtu-title pt-3 m-3\"><\/div>\n<\/div>\n<div class=\"pt-2\">\n<article class=\"post-content\">\n<div class=\"anh_wtm_m\">\n<div class=\"mws_content\">\n<div class=\"pt-2\">\n<article class=\"post-content\">\n<div class=\"anh_wtm_m\">\n<div class=\"mws_content\">\n<div class=\"pt-2\">\n<article class=\"post-content\">\n<div class=\"anh_wtm_m\">\n<div class=\"mws_content\">\n<h2 id=\"4-gia-phong\"><span style=\"color: #008000;\"><strong><span style=\"font-size: 24px;\"><span class=\"_4yxo\">4.<\/span>\u00a0Gi\u00e1 ph\u00f2ng<\/span><\/strong><\/span><\/h2>\n<p><span style=\"font-size: 16px;\">Li\u00ean h\u1ec7 \u0111\u1ec3 \u0111\u01b0\u1ee3c \u0110\u00e0 L\u1ea1t Review t\u01b0 v\u1ea5n<\/span><\/p>\n<article class=\"post-content\">\n<div class=\"anh_wtm_m\">\n<div class=\"mws_content\">\n<article class=\"post-content\">\n<div class=\"anh_wtm_m\">\n<div class=\"mws_content\">\n<article class=\"post-content\">\n<div class=\"anh_wtm_m\">\n<div class=\"mws_content\">\n<article class=\"post-content\">\n<div class=\"anh_wtm_m\">\n<div class=\"mws_content\">\n<article class=\"post-content\">\n<h2 id=\"5-lien-he\"><span style=\"color: #008000;\">5. Li\u00ean h\u1ec7<\/span><\/h2>\n<p><span style=\"font-size: 16px;\">Fanpage:\u00a0<a href=\"https:\/\/www.facebook.com\/booking.dalatreview.vn\/\">Booking \u0110\u00e0 L\u1ea1t \u2013 www.dalatreview.vn<\/a><\/span><\/p>\n<p><span style=\"font-size: 16px;\">S\u0110T\/Zalo: 0988 249 297<\/span><\/p>\n<\/article>\n<\/div>\n<\/div>\n<\/article>\n<article class=\"post-content xemthem\"><\/article>\n<div id=\"comments\" class=\"comments-area\"><\/div>\n<\/div>\n<\/div>\n<\/article>\n<article class=\"post-content xemthem\"><\/article>\n<div id=\"comments\" class=\"comments-area\"><\/div>\n<\/div>\n<\/div>\n<\/article>\n<article class=\"post-content xemthem\"><\/article>\n<div id=\"comments\" class=\"comments-area\"><\/div>\n<\/div>\n<\/div>\n<\/article>\n<article class=\"post-content xemthem\"><\/article>\n<div id=\"comments\" class=\"comments-area\"><\/div>\n<\/div>\n<\/div>\n<\/article>\n<article class=\"post-content xemthem\"><\/article>\n<div id=\"comments\" class=\"comments-area\"><\/div>\n<\/div>\n<\/div>\n<\/div>\n<\/article>\n<article class=\"post-content xemthem\"><\/article>\n<div id=\"comments\" class=\"comments-area\"><\/div>\n<\/div>\n<\/div>\n<\/div>\n<\/article>\n<article class=\"post-content xemthem\"><\/article>\n<div id=\"comments\" class=\"comments-area\"><\/div>\n<\/div>","protected":false},"excerpt":{"rendered":"<p>Villa \u0110\u00e0 L\u1ea1t Nam H\u1ed3 5 Ph\u00f2ng Danh m\u1ee5c ch\u00ednh 1. V\u1ecb tr\u00ed 3. D\u1ecbch v\u1ee5 &amp; Ti\u1ec7n nghi 4.\u00a0Gi\u00e1 ph\u00f2ng 5. Li\u00ean h\u1ec7 1. V\u1ecb tr\u00ed Ch\u1ec9 c\u00e1ch ch\u1ee3 5 ph\u00fat ch\u1ea1y xe. T\u1ecda l\u1ea1c ngay v\u1ecb tr\u00ed trung t\u00e2m \u0111\u01b0\u1eddng Nam H\u1ed3, Ph\u01b0\u1eddng 11, TP \u0110\u00e0 L\u1ea1t. C\u00f3\u00a0r\u1ea5t nhi\u1ec1u \u0111\u1ecba \u0111i\u1ec3m du l\u1ecbch [&hellip;]<\/p>","protected":false},"featured_media":15069,"comment_status":"open","ping_status":"closed","template":"","meta":{"_acf_changed":false,"rank_math_lock_modified_date":false},"product_cat":[29,2254,45],"product_tag":[],"acf":[],"_links":{"self":[{"href":"https:\/\/dalatreview.vn\/en\/wp-json\/wp\/v2\/product\/15068"}],"collection":[{"href":"https:\/\/dalatreview.vn\/en\/wp-json\/wp\/v2\/product"}],"about":[{"href":"https:\/\/dalatreview.vn\/en\/wp-json\/wp\/v2\/types\/product"}],"replies":[{"embeddable":true,"href":"https:\/\/dalatreview.vn\/en\/wp-json\/wp\/v2\/comments?post=15068"}],"wp:featuredmedia":[{"embeddable":true,"href":"https:\/\/dalatreview.vn\/en\/wp-json\/wp\/v2\/media\/15069"}],"wp:attachment":[{"href":"https:\/\/dalatreview.vn\/en\/wp-json\/wp\/v2\/media?parent=15068"}],"wp:term":[{"taxonomy":"product_cat","embeddable":true,"href":"https:\/\/dalatreview.vn\/en\/wp-json\/wp\/v2\/product_cat?post=15068"},{"taxonomy":"product_tag","embeddable":true,"href":"https:\/\/dalatreview.vn\/en\/wp-json\/wp\/v2\/product_tag?post=15068"}],"curies":[{"name":"wp","href":"https:\/\/api.w.org\/{rel}","templated":true}]}}