
{"id":15044,"date":"2022-02-22T11:04:25","date_gmt":"2022-02-22T04:04:25","guid":{"rendered":"https:\/\/dalatreview.vn\/?p=15044"},"modified":"2024-07-11T11:01:17","modified_gmt":"2024-07-11T04:01:17","slug":"villa-da-lat-nguyen-trai-5-phong","status":"publish","type":"product","link":"https:\/\/dalatreview.vn\/en\/villa-da-lat-nguyen-trai-5-phong.html","title":{"rendered":"Villa \u0110\u00e0 L\u1ea1t Nguy\u1ec5n Tr\u00e3i 5 Ph\u00f2ng"},"content":{"rendered":"<p style=\"text-align: center;\"><span style=\"font-size: 24px; color: #008000;\"><strong>Villa \u0110\u00e0 L\u1ea1t Nguy\u1ec5n Tr\u00e3i 5 Ph\u00f2ng<\/strong><\/span><\/p>\n<nav class=\"vietrick-auto-toc\">\n<div class=\"box-title\">\n<h3 class=\"toc-title\" id=\"select-menu\">Danh m\u1ee5c ch\u00ednh<\/h3>\n<div><ion-icon name=\"chevron-up-outline\"><\/ion-icon><\/div>\n<\/div>\n<ul class=\"toc-list\">\n<li><a href='https:\/\/dalatreview.vn\/en#1-vi-tri' class='heading-h2 toc-link smooth-scroll'>1. V\u1ecb tr\u00ed<\/a>\n<li><a href='https:\/\/dalatreview.vn\/en#3-dich-vu-tien-nghi' class='heading-h2 toc-link smooth-scroll'>3. D\u1ecbch v\u1ee5 &amp; Ti\u1ec7n nghi<\/a>\n<li><a href='https:\/\/dalatreview.vn\/en#4-gia-phong' class='heading-h2 toc-link smooth-scroll'>4. Gi\u00e1 ph\u00f2ng<\/a>\n<li><a href='https:\/\/dalatreview.vn\/en#5-lien-he' class='heading-h2 toc-link smooth-scroll'>5. Li\u00ean h\u1ec7<\/a><\/ul>\n<\/ul>\n<\/li>\n<\/ul>\n<\/nav>\n<h2 id=\"1-vi-tri\"><span style=\"font-size: 24px; color: #008000;\"><strong>1. V\u1ecb tr\u00ed<\/strong><\/span><\/h2>\n<p><span style=\"font-size: 16px;\">Villa t\u1ea1i l\u1ea1c ngay v\u1ecb tr\u00ed trung t\u00e2m \u0111\u01b0\u1eddng Nguy\u1ec5n Tr\u00e3i, Ph\u01b0\u1eddng 10, TP \u0110\u00e0 L\u1ea1t. Ch\u1ec9 c\u00e1ch ch\u1ee3 t\u1ea7m 5 ph\u00fat ch\u1ea1y xe, g\u1ea7n qu\u1ea3ng tr\u01b0\u1eddng L\u00e2m Vi\u00ean v\u00e0 H\u1ed3 Xu\u00e2n H\u01b0\u01a1ng. \u0110\u00e2y l\u00e0 cung \u0111\u01b0\u1eddng g\u1eafn li\u1ec1n v\u1edbi nhi\u1ec1u \u0111i\u1ec3m mua s\u1eafm, \u0103n u\u1ed1ng v\u00e0 vui ch\u01a1i n\u1ed5i ti\u1ebfng.\u00a0<\/span><\/p>\n<p><span style=\"font-size: 16px;\">N\u01a1i \u0111\u00e2y giao th\u00f4ng thu\u1eadn ti\u1ec7n, thi\u00ean nhi\u00ean phong ph\u00fa, con ng\u01b0\u1eddi l\u1ea1i d\u1ec5 g\u1ea7n d\u1ec5 m\u1ebfn r\u1ea5t th\u00edch h\u1ee3p\u00a0 \u0111\u1ec3 ngh\u1ec9 d\u01b0\u1ee1ng khi \u0111\u1ebfn v\u1edbi x\u1ee9 s\u1edf s\u01b0\u01a1ng m\u00f9 n\u00e0y.\u00a0<\/span><\/p>\n<p><img decoding=\"async\" class=\"alignnone wp-image-15045 size-full\" src=\"https:\/\/dalatreview.vn\/wp-content\/uploads\/2022\/02\/z2303173835851dbb5d07933f441347afc154705abd9fc-8574.jpg\" alt=\"villa 5 phong nguyen trai\" width=\"1600\" height=\"1200\" \/><\/p>\n<p>&nbsp;<\/p>\n<p><span style=\"font-size: 24px; color: #008000;\"><strong>2.<span class=\"_4yxo _4yxp\">\u00a0Decor<\/span><\/strong><\/span><\/p>\n<p><span style=\"font-size: 16px;\">Villa c\u00f3 kh\u00f4ng gian y\u00ean t\u0129nh \u0111\u01b0\u1ee3c bao b\u1ecdc b\u1edfi c\u00e2y xanh v\u00e0 hoa tho\u00e1ng m\u00e1t, kh\u00f4ng kh\u00ed trong l\u00e0nh. V\u1edbi thi\u1ebft k\u1ebf ki\u1ebfn tr\u00fac ki\u1ec3u Ph\u00e1p, v\u1eeba th\u00e2n thu\u1ed9c,\u00a0\u1ea5m c\u00fang l\u1ea1i v\u1eeba t\u1ea1o c\u1ea3m gi\u00e1c tho\u1ea3i m\u00e1i cho b\u1ea1n khi l\u01b0u tr\u00fa t\u1ea1i c\u0103n nh\u00e0 n\u00e0y. <\/span><\/p>\n<p><span style=\"font-size: 16px;\">N\u1ed9i th\u1ea5t \u0111\u1ea7y \u0111\u1ee7 cao c\u1ea5p v\u00e0 ti\u1ec7n nghi. M\u00e0u tr\u1eafng l\u00e0 tone m\u00e0u ch\u1ee7 \u0111\u1ea1o c\u1ee7a c\u0103n ph\u00f2ng to\u00e1t l\u00ean s\u1ef1 sang tr\u1ecdng v\u00e0 l\u1ecbch s\u1ef1 cho ch\u00ednh b\u1ea1n khi b\u01b0\u1edbc ch\u00e2n v\u00e0o \u0111\u00e2y. \u00a0<\/span><\/p>\n<p><img decoding=\"async\" class=\"aligncenter wp-image-15064 size-full\" src=\"https:\/\/dalatreview.vn\/wp-content\/uploads\/2022\/02\/villa-5-phong-tran-nguyen-trai.jpg\" alt=\"villa 5 phong nguyen trai \" width=\"1200\" height=\"900\" \/><\/p>\n<h2 id=\"3-dich-vu-tien-nghi\"><span style=\"font-size: 24px; color: #008000;\"><strong>3. D\u1ecbch v\u1ee5 &amp; Ti\u1ec7n nghi<\/strong><\/span><\/h2>\n<div class=\"pt-2\">\n<p><span style=\"font-size: 16px;\">G\u1ed3m 5 ph\u00f2ng ng\u1ee7 sang tr\u1ecdng v\u00e0 kh\u00e9p k\u00edn.\u00a0<\/span><br \/>\n<span style=\"font-size: 16px;\">5 ph\u00f2ng 1\u00a0gi\u01b0\u1eddng 2 ng\u01b0\u1eddi<\/span><br \/>\n<span style=\"font-size: 16px;\">1 ph\u00f2ng gia \u0111\u00ecnh 2 n\u1ec7m<\/span><\/p>\n<p><span style=\"font-size: 16px;\">S\u1ee9c ch\u1ee9a 14-16 kh\u00e1ch<\/span><\/p>\n<p><span style=\"font-size: 16px;\">&#8212;&#8212;&#8212;&#8212;&#8212;&#8212;&#8212;&#8212;&#8212;&#8212;&#8212;&#8212;&#8212;&#8212;&#8212;&#8212;&#8212;&#8212;&#8211;<\/span><\/p>\n<p><span style=\"font-size: 16px;\">&#8211; \u0110\u1ea7y \u0111\u1ee7 ti\u1ec7n nghi nh\u01b0 \u1edf nh\u00e0.<\/span><\/p>\n<p><span style=\"font-size: 16px;\">&#8211; C\u00f3 di\u1ec7n t\u00edch \u0111\u1ec3 n\u01b0\u1edbng BBQ.<\/span><\/p>\n<p><span style=\"font-size: 16px;\">&#8211; C\u00f3 ch\u1ed7 \u0111\u1eadu xe m\u00e1y, xe h\u01a1i an to\u00e0n.<\/span><\/p>\n<p><span style=\"font-size: 16px;\">&#8211; Y\u00ean t\u0129nh, an ninh 24\/24, s\u1ea1ch s\u1ebd, tho\u00e1ng m\u00e1t, view thi\u00ean nhi\u00ean si\u00eau \u0111\u1eb9p.<\/span><\/p>\n<p><span style=\"font-size: 16px;\">&#8211; B\u1ebfp t\u1ef1 do n\u1ea5u n\u01b0\u1edbng<\/span><\/p>\n<p><span style=\"font-size: 16px;\">&#8211; Ch\u00eca kho\u00e1 trao tay tha h\u1ed3 ri\u00eang t\u01b0.\u00a0<\/span><\/p>\n<\/div>\n<div class=\"clear\"><img decoding=\"async\" class=\"aligncenter wp-image-15065 size-full\" src=\"https:\/\/dalatreview.vn\/wp-content\/uploads\/2022\/02\/villa-5-phong-tran-nguyen-trai-1.jpg\" alt=\"villa 5 phong nguyen trai \" width=\"1200\" height=\"900\" \/><\/div>\n<div class=\"row\">\n<div class=\"tuongtu-title pt-3 m-3\"><\/div>\n<\/div>\n<div class=\"pt-2\">\n<article class=\"post-content\">\n<div class=\"anh_wtm_m\">\n<div class=\"mws_content\">\n<div class=\"pt-2\">\n<article class=\"post-content\">\n<div class=\"anh_wtm_m\">\n<div class=\"mws_content\">\n<h2 id=\"4-gia-phong\"><span style=\"font-size: 24px; color: #008000;\"><strong><span class=\"_4yxo\">4.<\/span> Gi\u00e1 ph\u00f2ng<\/strong><\/span><\/h2>\n<p>Li\u00ean h\u1ec7 \u0111\u1ec3 \u0111\u01b0\u1ee3c \u0110\u00e0 L\u1ea1t Review t\u01b0 v\u1ea5n<\/p>\n<article class=\"post-content\">\n<div class=\"anh_wtm_m\">\n<div class=\"mws_content\">\n<article class=\"post-content\">\n<div class=\"anh_wtm_m\">\n<div class=\"mws_content\">\n<article class=\"post-content\">\n<div class=\"anh_wtm_m\">\n<div class=\"mws_content\">\n<article class=\"post-content\">\n<div class=\"anh_wtm_m\">\n<div class=\"mws_content\">\n<article class=\"post-content\">\n<h2 id=\"5-lien-he\"><span style=\"color: #008000;\">5. Li\u00ean h\u1ec7<\/span><\/h2>\n<p>Fanpage:\u00a0<a href=\"https:\/\/www.facebook.com\/booking.dalatreview.vn\/\">Booking \u0110\u00e0 L\u1ea1t \u2013 www.dalatreview.vn<\/a><\/p>\n<p>S\u0110T\/Zalo: 0988 249 297<\/p>\n<\/article>\n<\/div>\n<\/div>\n<\/article>\n<article class=\"post-content xemthem\"><\/article>\n<div id=\"comments\" class=\"comments-area\"><\/div>\n<\/div>\n<\/div>\n<\/article>\n<article class=\"post-content xemthem\"><\/article>\n<div id=\"comments\" class=\"comments-area\"><\/div>\n<\/div>\n<\/div>\n<\/article>\n<article class=\"post-content xemthem\"><\/article>\n<div id=\"comments\" class=\"comments-area\"><\/div>\n<\/div>\n<\/div>\n<\/article>\n<article class=\"post-content xemthem\"><\/article>\n<div id=\"comments\" class=\"comments-area\"><\/div>\n<\/div>\n<\/div>\n<\/article>\n<article class=\"post-content xemthem\"><\/article>\n<div id=\"comments\" class=\"comments-area\"><\/div>\n<\/div>\n<\/div>\n<\/div>\n<\/article>\n<article class=\"post-content xemthem\"><\/article>\n<div id=\"comments\" class=\"comments-area\"><\/div>\n<\/div>","protected":false},"excerpt":{"rendered":"<p>Villa \u0110\u00e0 L\u1ea1t Nguy\u1ec5n Tr\u00e3i 5 Ph\u00f2ng Danh m\u1ee5c ch\u00ednh 1. V\u1ecb tr\u00ed 3. D\u1ecbch v\u1ee5 &amp; Ti\u1ec7n nghi 4. Gi\u00e1 ph\u00f2ng 5. Li\u00ean h\u1ec7 1. V\u1ecb tr\u00ed Villa t\u1ea1i l\u1ea1c ngay v\u1ecb tr\u00ed trung t\u00e2m \u0111\u01b0\u1eddng Nguy\u1ec5n Tr\u00e3i, Ph\u01b0\u1eddng 10, TP \u0110\u00e0 L\u1ea1t. Ch\u1ec9 c\u00e1ch ch\u1ee3 t\u1ea7m 5 ph\u00fat ch\u1ea1y xe, g\u1ea7n qu\u1ea3ng tr\u01b0\u1eddng [&hellip;]<\/p>","protected":false},"featured_media":15046,"comment_status":"open","ping_status":"closed","template":"","meta":{"_acf_changed":false,"rank_math_lock_modified_date":false},"product_cat":[29,2254,45],"product_tag":[],"acf":[],"_links":{"self":[{"href":"https:\/\/dalatreview.vn\/en\/wp-json\/wp\/v2\/product\/15044"}],"collection":[{"href":"https:\/\/dalatreview.vn\/en\/wp-json\/wp\/v2\/product"}],"about":[{"href":"https:\/\/dalatreview.vn\/en\/wp-json\/wp\/v2\/types\/product"}],"replies":[{"embeddable":true,"href":"https:\/\/dalatreview.vn\/en\/wp-json\/wp\/v2\/comments?post=15044"}],"wp:featuredmedia":[{"embeddable":true,"href":"https:\/\/dalatreview.vn\/en\/wp-json\/wp\/v2\/media\/15046"}],"wp:attachment":[{"href":"https:\/\/dalatreview.vn\/en\/wp-json\/wp\/v2\/media?parent=15044"}],"wp:term":[{"taxonomy":"product_cat","embeddable":true,"href":"https:\/\/dalatreview.vn\/en\/wp-json\/wp\/v2\/product_cat?post=15044"},{"taxonomy":"product_tag","embeddable":true,"href":"https:\/\/dalatreview.vn\/en\/wp-json\/wp\/v2\/product_tag?post=15044"}],"curies":[{"name":"wp","href":"https:\/\/api.w.org\/{rel}","templated":true}]}}