
{"id":14998,"date":"2022-02-22T09:27:31","date_gmt":"2022-02-22T02:27:31","guid":{"rendered":"https:\/\/dalatreview.vn\/?p=14998"},"modified":"2024-07-11T11:01:20","modified_gmt":"2024-07-11T04:01:20","slug":"villa-vip-da-lat-nguyen-sieu-5-phong-co-ho-boi","status":"publish","type":"product","link":"https:\/\/dalatreview.vn\/en\/villa-vip-da-lat-nguyen-sieu-5-phong-co-ho-boi.html","title":{"rendered":"Villa Vip \u0110\u00e0 L\u1ea1t Nguy\u1ec5n Si\u00eau 5 Ph\u00f2ng C\u00f3 H\u1ed3 B\u01a1i"},"content":{"rendered":"<p style=\"text-align: center;\"><span style=\"color: #008000;\"><strong><span style=\"font-size: 24px;\"><span style=\"color: #008000;\">Villa Vip \u0110\u00e0 L\u1ea1t Nguy\u1ec5n Si\u00eau 5 Ph\u00f2ng C\u00f3 H\u1ed3 B\u01a1i<\/span> <\/span><\/strong><\/span><\/p>\n<nav class=\"vietrick-auto-toc\">\n<div class=\"box-title\">\n<h3 class=\"toc-title\" id=\"select-menu\">Danh m\u1ee5c ch\u00ednh<\/h3>\n<div><ion-icon name=\"chevron-up-outline\"><\/ion-icon><\/div>\n<\/div>\n<ul class=\"toc-list\">\n<li><a href='https:\/\/dalatreview.vn\/en#1-vi-tri' class='heading-h2 toc-link smooth-scroll'>1. V\u1ecb tr\u00ed<\/a>\n<li><a href='https:\/\/dalatreview.vn\/en#2-decor' class='heading-h2 toc-link smooth-scroll'>2. Decor<\/a>\n<li><a href='https:\/\/dalatreview.vn\/en#3-dich-vu-tien-nghi' class='heading-h2 toc-link smooth-scroll'>3. D\u1ecbch v\u1ee5 &amp; Ti\u1ec7n nghi<\/a>\n<li><a href='https:\/\/dalatreview.vn\/en#4-gia-phong' class='heading-h2 toc-link smooth-scroll'>4.\u00a0Gi\u00e1 ph\u00f2ng<\/a>\n<li><a href='https:\/\/dalatreview.vn\/en#5-lien-he' class='heading-h2 toc-link smooth-scroll'>5. Li\u00ean h\u1ec7<\/a><\/ul>\n<\/ul>\n<\/li>\n<\/ul>\n<\/nav>\n<h2 id=\"1-vi-tri\"><span style=\"color: #008000;\"><strong><span style=\"font-size: 24px;\">1. V\u1ecb tr\u00ed<\/span><\/strong><\/span><\/h2>\n<p><span style=\"font-size: 16px;\">T\u1ecda l\u1ea1c t\u1ea1i v\u1ecb tr\u00ed trung t\u00e2m c\u1ee7a <strong>\u0111\u01b0\u1eddng Nguy\u1ec5n Si\u00eau, Ph\u01b0\u1eddng 7, TP \u0110\u00e0 L\u1ea1t.<\/strong><\/span><\/p>\n<p><span style=\"font-size: 16px;\"> N\u01a1i \u0111\u00e2y v\u1eeba thu\u1eadn ti\u1ec7n cho vi\u1ec7c \u0111i l\u1ea1i, v\u1eeba h\u1ed9i t\u1ee5 r\u1ea5t nhi\u1ec1u \u0111i\u1ec3m du l\u1ecbch h\u1ea5p d\u1eabn v\u00e0 n\u1ed5i ti\u1ebfng. <\/span><\/p>\n<p><span style=\"font-size: 16px;\">B\u00ean c\u1ea1nh \u0111\u00f3, \u1edf \u0111\u00e2y c\u0169ng c\u00f3 r\u1ea5t nhi\u1ec1u n\u00e9t v\u0103n h\u00f3a \u0111\u1eb7c s\u1eafc c\u00f9ng v\u1edbi s\u1ef1 th\u00e2n thi\u1ec7n, d\u1ec5 g\u1ea7n c\u1ee7a con ng\u01b0\u1eddi n\u1eefa \u0111\u1ea5y ! H\u00e3y c\u00f9ng nhau l\u1ef1a ch\u1ecdn \u0111i\u1ec3m ngh\u1ec9 d\u01b0\u1ee1ng t\u1ea1i \u0111\u00e2y \u0111\u1ec3 kh\u00e1m ph\u00e1 nh\u1eefng \u0111i\u1ec1u tuy\u1ec7t v\u1eddi nh\u1ea5t nh\u00e9 c\u00e1c t\u00ecnh y\u00eau !\u00a0<\/span><\/p>\n<p><img decoding=\"async\" class=\"aligncenter wp-image-15012 size-full\" src=\"https:\/\/dalatreview.vn\/wp-content\/uploads\/2022\/02\/villa-5-phong-nguyen-sieu-5-1.jpg\" alt=\"villa 5 phong nguyen sieu\" width=\"1280\" height=\"960\" \/><\/p>\n<h2 id=\"2-decor\"><span style=\"color: #008000;\"><strong><span style=\"font-size: 24px;\"><span class=\"_4yxo _4yxp\">2. Decor<\/span><\/span><\/strong><\/span><\/h2>\n<p><span style=\"font-size: 16px;\">L\u00e0 1 c\u0103n bi\u1ec7t th\u1ef1 si\u00eau \u0111\u1eb9p n\u1eb1m \u1edf v\u1ecb tr\u00ed cao n\u00ean b\u1ea1n c\u00f3 th\u1ec3 ng\u1eafm nh\u00ecn to\u00e0n th\u00e0nh ph\u1ed1 t\u1eeb\u00a0m\u1ecdi g\u00f3c nh\u1edd thi\u1ebft k\u1ebf theo kh\u00f4ng gian m\u1edf, c\u1eeda k\u00ednh \u0111\u00f3n \u00e1nh sang t\u1ef1 nhi\u00ean.\u00a0<\/span><\/p>\n<p><span style=\"font-size: 16px;\">Villa n\u00e0y x\u1ee9ng \u0111\u00e1ng \u0111\u01b0\u1ee3c \u0111\u00e1ng gi\u00e1 5 sao lu\u00f4n v\u00ec s\u1ef1 \u0111\u1ea7y \u0111\u1ee7, ti\u1ec7n nghi v\u00e0 cao c\u1ea5p c\u1ee7a n\u00f3. B\u00ean ngo\u00e0i v\u1eeba c\u1ed5 k\u00ednh, th\u01a1 m\u1ed9ng m\u00e0 l\u1ea1i r\u1ea5t sang tr\u1ecdng. S\u00e2n v\u01b0\u1eddn th\u00ec xanh m\u00e1t + d\u00e0n hoa n\u1edf r\u1ed9 gi\u00fap cho kh\u00f4ng gian tr\u1edf n\u00ean v\u00f4 c\u00f9ng t\u01b0\u01a1i \u0111\u1eb9p. B\u00ean trong th\u00ec ti\u1ec7n \u00edch v\u00f4 c\u00f9ng, t\u1eeb ph\u00f2ng kh\u00e1ch \u0111\u1ebfn ph\u00f2ng ng\u1ee7 \u0111\u1ec1u \u0111\u01b0\u1ee3c decor r\u1ea5t t\u1ec9 m\u1ec9 v\u00e0 \u0111\u1eb9p \u0111em l\u1ea1i c\u1ea3m gi\u00e1c tho\u1ea3i m\u00e1i th\u01b0 th\u00e1i nh\u1ea5t cho qu\u00fd kh\u00e1ch.\u00a0<\/span><\/p>\n<p><span style=\"font-size: 16px;\">\u0110i\u1ec3m \u0111\u1eb7c bi\u1ec7t n\u1eefa \u1edf c\u0103n nh\u00e0 ch\u00ednh l\u00e0 \u0111\u01b0\u1ee3c thi\u1ebft k\u1ebf th\u00eam 1 h\u1ed3 b\u01a1i c\u0169ng \u1edf view cao tha h\u1ed3 qu\u1ea9y, t\u1eafm m\u00e1t v\u00e0 ng\u1eafm nh\u00ecn c\u1ea3nh s\u1eafc t\u1eeb tr\u00ean cao.\u00a0<\/span><\/p>\n<p><img decoding=\"async\" class=\"aligncenter wp-image-15016 size-full\" src=\"https:\/\/dalatreview.vn\/wp-content\/uploads\/2022\/02\/villa-5-phong-nguyen-sieu-co-ho-boi.jpg\" alt=\"villa 5 phong nguyen sieu\" width=\"1200\" height=\"900\" \/><\/p>\n<h2 id=\"3-dich-vu-tien-nghi\"><span style=\"color: #008000;\"><strong><span style=\"font-size: 24px;\">3. D\u1ecbch v\u1ee5 &amp; Ti\u1ec7n nghi<\/span><\/strong><\/span><\/h2>\n<div class=\"pt-2\">\n<p><span style=\"font-size: 16px;\">G\u1ed3m 5 ph\u00f2ng ng\u1ee7 sang tr\u1ecdng, c\u00f3 b\u1ed3n t\u1eafm, n\u00f3ng l\u1ea1nh, wc, c\u00e1c \u0111\u1ed3 d\u00f9ng c\u00e1 nh\u00e2n c\u1ea7n thi\u1ebft mi\u1ec5n ph\u00ed.\u00a0<\/span><br \/>\n<span style=\"font-size: 16px;\">3 ph\u00f2ng 1 gi\u01b0\u1eddng 2 ng\u01b0\u1eddi<\/span><br \/>\n<span style=\"font-size: 16px;\">2 ph\u00f2ng 2 gi\u01b0\u1eddng 4 ng\u01b0\u1eddi<\/span><\/p>\n<p><span style=\"font-size: 16px;\">S\u1ee9c ch\u1ee9a 14-16 kh\u00e1ch<\/span><\/p>\n<p>&nbsp;<\/p>\n<p><span style=\"font-size: 16px;\">&#8211; \u0110\u1ea7y \u0111\u1ee7 ti\u1ec7n nghi nh\u01b0 \u1edf nh\u00e0. S\u00e2n v\u01b0\u1eddn r\u1ed9ng r\u00e3i, c\u00f3 ch\u1ed7 u\u1ed1ng c\u00e0 ph\u00ea, ban c\u00f4ng cao v\u00e0 tho\u00e1ng m\u00e1t c\u00f3 b\u00e0n gh\u1ebf \u0111\u1ec3 ng\u1ed3i ng\u1eafm c\u1ea3nh.\u00a0<\/span><\/p>\n<p><span style=\"font-size: 16px;\">&#8211; C\u00f3 di\u1ec7n t\u00edch \u0111\u1ec3 n\u01b0\u1edbng BBQ.<\/span><\/p>\n<p><span style=\"font-size: 16px;\">&#8211; C\u00f3 ch\u1ed7 \u0111\u1eadu xe m\u00e1y, xe h\u01a1i an to\u00e0n.<\/span><\/p>\n<p><span style=\"font-size: 16px;\">&#8211; Y\u00ean t\u0129nh, an ninh 24\/24, s\u1ea1ch s\u1ebd, tho\u00e1ng m\u00e1t, view thi\u00ean nhi\u00ean si\u00eau \u0111\u1eb9p.<\/span><\/p>\n<p><span style=\"font-size: 16px;\">&#8211; B\u1ebfp t\u1ef1 do n\u1ea5u n\u01b0\u1edbng<\/span><\/p>\n<p><span style=\"font-size: 16px;\">&#8211; Ch\u00eca kho\u00e1 trao tay tha h\u1ed3 ri\u00eang t\u01b0 .<\/span><\/p>\n<\/div>\n<div class=\"clear\"><\/div>\n<div class=\"row\">\n<div class=\"tuongtu-title pt-3 m-3\"><img decoding=\"async\" class=\"aligncenter wp-image-15017 size-full\" src=\"https:\/\/dalatreview.vn\/wp-content\/uploads\/2022\/02\/villa-5-phong-nguyen-sieu-co-ho-boi-1.jpg\" alt=\"villa 5 phong nguyen sieu\" width=\"1200\" height=\"900\" \/><\/div>\n<\/div>\n<h2 id=\"4-gia-phong\"><strong style=\"color: #008000; font-size: 16px;\"><span style=\"font-size: 24px;\"><span class=\"_4yxo\">4.<\/span>\u00a0Gi\u00e1 ph\u00f2ng<\/span><\/strong><\/h2>\n<article class=\"post-content\">\n<div class=\"anh_wtm_m\">\n<div class=\"mws_content\">\n<article class=\"post-content\">\n<div class=\"anh_wtm_m\">\n<div class=\"mws_content\">\n<article class=\"post-content\">\n<div class=\"anh_wtm_m\">\n<div class=\"mws_content\">\n<article class=\"post-content\">\n<div class=\"anh_wtm_m\">\n<div class=\"mws_content\">\n<article class=\"post-content\"><span style=\"font-size: 16px;\">Li\u00ean h\u1ec7 \u0111\u1ec3 \u0111\u01b0\u1ee3c \u0110\u00e0 L\u1ea1t Review t\u01b0 v\u1ea5n.<\/span><\/p>\n<h2 id=\"5-lien-he\"><span style=\"color: #008000;\">5. Li\u00ean h\u1ec7<\/span><\/h2>\n<p><span style=\"font-size: 16px;\">Fanpage:\u00a0<a href=\"https:\/\/www.facebook.com\/booking.dalatreview.vn\/\">Booking \u0110\u00e0 L\u1ea1t \u2013 www.dalatreview.vn<\/a><\/span><\/p>\n<p><span style=\"font-size: 16px;\">S\u0110T\/Zalo: 0988 249 297<\/span><\/p>\n<\/article>\n<\/div>\n<\/div>\n<\/article>\n<article class=\"post-content xemthem\"><\/article>\n<div id=\"comments\" class=\"comments-area\"><\/div>\n<\/div>\n<\/div>\n<\/article>\n<article class=\"post-content xemthem\"><\/article>\n<div id=\"comments\" class=\"comments-area\"><\/div>\n<\/div>\n<\/div>\n<\/article>\n<article class=\"post-content xemthem\"><\/article>\n<div id=\"comments\" class=\"comments-area\"><\/div>\n<\/div>\n<\/div>\n<\/article>\n<article class=\"post-content xemthem\"><\/article>\n<div id=\"comments\" class=\"comments-area\"><\/div>","protected":false},"excerpt":{"rendered":"<p>Villa Vip \u0110\u00e0 L\u1ea1t Nguy\u1ec5n Si\u00eau 5 Ph\u00f2ng C\u00f3 H\u1ed3 B\u01a1i Danh m\u1ee5c ch\u00ednh 1. V\u1ecb tr\u00ed 2. Decor 3. D\u1ecbch v\u1ee5 &amp; Ti\u1ec7n nghi 4.\u00a0Gi\u00e1 ph\u00f2ng 5. Li\u00ean h\u1ec7 1. V\u1ecb tr\u00ed T\u1ecda l\u1ea1c t\u1ea1i v\u1ecb tr\u00ed trung t\u00e2m c\u1ee7a \u0111\u01b0\u1eddng Nguy\u1ec5n Si\u00eau, Ph\u01b0\u1eddng 7, TP \u0110\u00e0 L\u1ea1t. N\u01a1i \u0111\u00e2y v\u1eeba thu\u1eadn ti\u1ec7n cho [&hellip;]<\/p>","protected":false},"featured_media":14999,"comment_status":"open","ping_status":"closed","template":"","meta":{"_acf_changed":false,"rank_math_lock_modified_date":false},"product_cat":[29,2254,45],"product_tag":[],"acf":[],"_links":{"self":[{"href":"https:\/\/dalatreview.vn\/en\/wp-json\/wp\/v2\/product\/14998"}],"collection":[{"href":"https:\/\/dalatreview.vn\/en\/wp-json\/wp\/v2\/product"}],"about":[{"href":"https:\/\/dalatreview.vn\/en\/wp-json\/wp\/v2\/types\/product"}],"replies":[{"embeddable":true,"href":"https:\/\/dalatreview.vn\/en\/wp-json\/wp\/v2\/comments?post=14998"}],"wp:featuredmedia":[{"embeddable":true,"href":"https:\/\/dalatreview.vn\/en\/wp-json\/wp\/v2\/media\/14999"}],"wp:attachment":[{"href":"https:\/\/dalatreview.vn\/en\/wp-json\/wp\/v2\/media?parent=14998"}],"wp:term":[{"taxonomy":"product_cat","embeddable":true,"href":"https:\/\/dalatreview.vn\/en\/wp-json\/wp\/v2\/product_cat?post=14998"},{"taxonomy":"product_tag","embeddable":true,"href":"https:\/\/dalatreview.vn\/en\/wp-json\/wp\/v2\/product_tag?post=14998"}],"curies":[{"name":"wp","href":"https:\/\/api.w.org\/{rel}","templated":true}]}}