
{"id":14977,"date":"2022-02-21T17:47:56","date_gmt":"2022-02-21T10:47:56","guid":{"rendered":"https:\/\/dalatreview.vn\/?p=14977"},"modified":"2024-07-11T11:01:21","modified_gmt":"2024-07-11T04:01:21","slug":"villa-da-lat-hoang-dieu-5-phong","status":"publish","type":"product","link":"https:\/\/dalatreview.vn\/en\/villa-da-lat-hoang-dieu-5-phong.html","title":{"rendered":"Villa \u0110\u00e0 L\u1ea1t Ho\u00e0ng Di\u1ec7u 5 Ph\u00f2ng"},"content":{"rendered":"<p style=\"text-align: center;\"><span style=\"color: #008000;\"><strong><span style=\"font-size: 24px;\">Villa \u0110\u00e0 L\u1ea1t Ho\u00e0ng Di\u1ec7u 5 Ph\u00f2ng<\/span><\/strong><\/span><\/p>\n<nav class=\"vietrick-auto-toc\">\n<div class=\"box-title\">\n<h3 class=\"toc-title\" id=\"select-menu\">Danh m\u1ee5c ch\u00ednh<\/h3>\n<div><ion-icon name=\"chevron-up-outline\"><\/ion-icon><\/div>\n<\/div>\n<ul class=\"toc-list\">\n<li><a href='https:\/\/dalatreview.vn\/en#1-vi-tri' class='heading-h2 toc-link smooth-scroll'>1. V\u1ecb tr\u00ed<\/a>\n<li><a href='https:\/\/dalatreview.vn\/en#5-lien-he' class='heading-h2 toc-link smooth-scroll'>5. Li\u00ean h\u1ec7<\/a><\/ul>\n<\/ul>\n<\/li>\n<\/ul>\n<\/nav>\n<h2 id=\"1-vi-tri\"><span style=\"color: #008000;\"><strong><span style=\"font-size: 24px;\">1. V\u1ecb tr\u00ed<\/span><\/strong><\/span><\/h2>\n<p><span style=\"font-size: 16px;\">T\u1ecda l\u1ea1c ngay khu v\u1ef1c trung t\u00e2m, ph\u01b0\u1eddng 5, TP \u0110\u00e0 L\u1ea1t. C\u00e1ch ch\u1ee3 5 ph\u00fat ch\u1ea1y xe, thu\u1eadn ti\u1ec7n cho vi\u1ec7c \u0111i l\u1ea1i mua s\u1eafm, \u0103n u\u1ed1ng v\u00e0 tham quan c\u00e1c \u0111i\u1ec3m du l\u1ecbch n\u1ed5i b\u1eadt \u1edf x\u1ee9 s\u1edf s\u01b0\u01a1ng m\u00f9 n\u00e0y.\u00a0<\/span><\/p>\n<p><img decoding=\"async\" class=\"aligncenter wp-image-14991 size-full\" src=\"https:\/\/dalatreview.vn\/wp-content\/uploads\/2022\/02\/Villa-5-phong-hoang-dieu.jpg\" alt=\"villa 5 phong hoang dieu\" width=\"1200\" height=\"900\" \/><\/p>\n<p><span style=\"color: #008000;\"><strong><span style=\"font-size: 24px;\"><span class=\"_4yxo _4yxp\">2. Decor<\/span><\/span><\/strong><\/span><\/p>\n<p><span style=\"font-size: 16px;\">Thi\u1ebft k\u1ebf theo kh\u00f4ng gian m\u1edf, decor c\u00e1c ph\u00f2ng \u0111\u01a1n gi\u1ea3n nh\u01b0ng r\u1ea5t \u0111\u1ed9c \u0111\u00e1o + th\u00eam c\u00e2y xanh nh\u1ecf nh\u1eafn t\u01b0\u01a1i t\u1eafn trong nh\u00e0 mang l\u1ea1i n\u0103ng l\u01b0\u1ee3ng t\u00edch c\u1ef1c c\u0169ng nh\u01b0 b\u1ea7u kh\u00f4ng kh\u00ed trong l\u00e0nh.<\/span><\/p>\n<p><span style=\"font-size: 16px;\"> View ban c\u00f4ng cao r\u1ea5t \u0111\u1eb9p v\u00e0 tho\u00e1ng m\u00e1t \u0111em l\u1ea1i c\u1ea3m gi\u00e1c t\u1ef1 do, th\u01b0 th\u00e1i cho b\u1ea1n sau nh\u1eefng ng\u00e0y d\u00e0i m\u1ec7t m\u1ecfi. \u0110\u00e2y l\u00e0 1 \u0111\u1ecba \u0111i\u1ec3m r\u1ea5t l\u00fd t\u01b0\u1edfng \u0111\u00ea b\u1ea1n ngh\u1ec9 d\u01b0\u1ee1ng khi b\u1ea1n \u0111\u1ebfn v\u1edbi TP \u0110\u00e0 L\u1ea1t m\u1ed9ng m\u01a1 n\u00e0y \u0111\u1ea5y.\u00a0<\/span><\/p>\n<p><img decoding=\"async\" class=\"aligncenter wp-image-14992 size-full\" src=\"https:\/\/dalatreview.vn\/wp-content\/uploads\/2022\/02\/Villa-5-phong-hoang-dieu-18.jpg\" alt=\"villa 5 phong hoang dieu\" width=\"1200\" height=\"900\" \/><\/p>\n<p><span style=\"color: #008000;\"><strong><span style=\"font-size: 24px;\">3. D\u1ecbch v\u1ee5 &amp; Ti\u1ec7n nghi<\/span><\/strong><\/span><\/p>\n<div class=\"pt-2\">\n<p><span style=\"font-size: 16px;\">G\u1ed3m 5 ph\u00f2ng ng\u1ee7 sang tr\u1ecdng, \u0111\u1ec1u c\u00f3 ban c\u00f4ng, wc ri\u00eang trong ph\u00f2ng, c\u00f3 n\u00f3ng l\u1ea1nh, tivi v\u00e0 c\u00e1c d\u1ee5ng c\u1ee5 c\u00e1 nh\u00e2n mi\u1ec5n ph\u00ed&#8230;<\/span><br \/>\n<span style=\"font-size: 16px;\">4 ph\u00f2ng 1 gi\u01b0\u1eddng 2 ng\u01b0\u1eddi<\/span><br \/>\n<span style=\"font-size: 16px;\">1 ph\u00f2ng 2 gi\u01b0\u1eddng 4 ng\u01b0\u1eddi<\/span><\/p>\n<p><span style=\"font-size: 16px;\">S\u1ee9c ch\u1ee9a 12-14\u00a0kh\u00e1ch<\/span><\/p>\n<p><span style=\"font-size: 16px;\">&#8211; \u0110\u1ea7y \u0111\u1ee7 ti\u1ec7n nghi nh\u01b0 \u1edf nh\u00e0, ph\u00f2ng kh\u00e1ch r\u1ed9ng c\u00f3 b\u1ed9 b\u00e0n gh\u1ebf g\u1ed7 ch\u1ea5t l\u1eeb cho m\u1ecdi ng\u01b0\u1eddi c\u00f9ng nhau sinh ho\u1ea1t chung.\u00a0<\/span><\/p>\n<p><span style=\"font-size: 16px;\">&#8211; C\u00f3 di\u1ec7n t\u00edch \u0111\u1ec3 n\u01b0\u1edbng BBQ.<\/span><\/p>\n<p><span style=\"font-size: 16px;\">&#8211; C\u00f3 ch\u1ed7 \u0111\u1eadu xe m\u00e1y, xe h\u01a1i an to\u00e0n.<\/span><\/p>\n<p><span style=\"font-size: 16px;\">&#8211; Y\u00ean t\u0129nh, an ninh 24\/24, s\u1ea1ch s\u1ebd, tho\u00e1ng m\u00e1t, view thi\u00ean nhi\u00ean si\u00eau \u0111\u1eb9p.<\/span><\/p>\n<p><span style=\"font-size: 16px;\">&#8211; B\u1ebfp t\u1ef1 do n\u1ea5u n\u01b0\u1edbng<\/span><\/p>\n<p><span style=\"font-size: 16px;\">&#8211; Ch\u00eca kho\u00e1 trao tay tha h\u1ed3 ri\u00eang t\u01b0.<\/span><\/p>\n<p><img decoding=\"async\" class=\"aligncenter wp-image-14993 size-full\" src=\"https:\/\/dalatreview.vn\/wp-content\/uploads\/2022\/02\/Villa-5-phong-hoang-dieu-19.jpg\" alt=\"villa 5 phong hoang dieu\" width=\"1200\" height=\"900\" \/><\/p>\n<\/div>\n<div class=\"clear\"><\/div>\n<div class=\"row\">\n<div class=\"tuongtu-title pt-3 m-3\"><strong style=\"color: #008000;\"><span style=\"font-size: 24px;\"><span class=\"_4yxo\">4.<\/span>\u00a0Gi\u00e1 ph\u00f2ng<\/span><\/strong><\/div>\n<\/div>\n<div class=\"pt-2\">\n<article class=\"post-content\">\n<div class=\"anh_wtm_m\">\n<div class=\"mws_content\">\n<div class=\"pt-2\">\n<article class=\"post-content\">\n<div class=\"anh_wtm_m\">\n<div class=\"mws_content\">\n<div class=\"wpb_column vc_column_container vc_col-sm-12 vc_column\">\n<div class=\"vc_column-inner\">\n<div class=\"wpb_wrapper\">\n<div class=\"wpb_text_column wpb_content_element vc_column_text\">\n<div class=\"wpb_wrapper\">\n<div class=\"pt-2\">\n<article class=\"post-content\">\n<div class=\"anh_wtm_m\">\n<div class=\"mws_content\">\n<article class=\"post-content\">\n<div class=\"anh_wtm_m\">\n<div class=\"mws_content\">\n<div class=\"pt-2\">\n<article class=\"post-content\">\n<div class=\"anh_wtm_m\">\n<div class=\"mws_content\">\n<article class=\"post-content\"><span style=\"font-size: 16px;\">Li\u00ean h\u1ec7 \u0111\u1ec3 \u0111\u01b0\u1ee3c \u0110\u00e0 L\u1ea1t Review t\u01b0 v\u1ea5n.<\/span><\/p>\n<h2 id=\"5-lien-he\"><span style=\"color: #008000;\">5. Li\u00ean h\u1ec7<\/span><\/h2>\n<p><span style=\"font-size: 16px;\">Fanpage:\u00a0<a href=\"https:\/\/www.facebook.com\/booking.dalatreview.vn\/\">Booking \u0110\u00e0 L\u1ea1t \u2013 www.dalatreview.vn<\/a><\/span><\/p>\n<p><span style=\"font-size: 16px;\">S\u0110T\/Zalo: 0988 249 297<\/span><\/p>\n<\/article>\n<\/div>\n<\/div>\n<\/article>\n<article class=\"post-content xemthem\"><\/article>\n<div id=\"comments\" class=\"comments-area\"><\/div>\n<\/div>\n<\/div>\n<\/div>\n<\/article>\n<article class=\"post-content xemthem\"><\/article>\n<div id=\"comments\" class=\"comments-area\"><\/div>\n<\/div>\n<\/div>\n<\/article>\n<article class=\"post-content xemthem\"><\/article>\n<div id=\"comments\" class=\"comments-area\"><\/div>\n<\/div>\n<\/div>\n<\/div>\n<\/div>\n<\/div>\n<\/div>\n<\/div>\n<\/div>\n<\/article>\n<article class=\"post-content xemthem\"><\/article>\n<div id=\"comments\" class=\"comments-area\"><\/div>\n<\/div>\n<\/div>\n<\/div>\n<\/article>\n<article class=\"post-content xemthem\"><\/article>\n<div id=\"comments\" class=\"comments-area\"><\/div>\n<\/div>","protected":false},"excerpt":{"rendered":"<p>Villa \u0110\u00e0 L\u1ea1t Ho\u00e0ng Di\u1ec7u 5 Ph\u00f2ng Danh m\u1ee5c ch\u00ednh 1. V\u1ecb tr\u00ed 5. Li\u00ean h\u1ec7 1. V\u1ecb tr\u00ed T\u1ecda l\u1ea1c ngay khu v\u1ef1c trung t\u00e2m, ph\u01b0\u1eddng 5, TP \u0110\u00e0 L\u1ea1t. C\u00e1ch ch\u1ee3 5 ph\u00fat ch\u1ea1y xe, thu\u1eadn ti\u1ec7n cho vi\u1ec7c \u0111i l\u1ea1i mua s\u1eafm, \u0103n u\u1ed1ng v\u00e0 tham quan c\u00e1c \u0111i\u1ec3m du l\u1ecbch n\u1ed5i [&hellip;]<\/p>","protected":false},"featured_media":14978,"comment_status":"open","ping_status":"closed","template":"","meta":{"_acf_changed":false,"rank_math_lock_modified_date":false},"product_cat":[29,2254,45],"product_tag":[],"acf":[],"_links":{"self":[{"href":"https:\/\/dalatreview.vn\/en\/wp-json\/wp\/v2\/product\/14977"}],"collection":[{"href":"https:\/\/dalatreview.vn\/en\/wp-json\/wp\/v2\/product"}],"about":[{"href":"https:\/\/dalatreview.vn\/en\/wp-json\/wp\/v2\/types\/product"}],"replies":[{"embeddable":true,"href":"https:\/\/dalatreview.vn\/en\/wp-json\/wp\/v2\/comments?post=14977"}],"wp:featuredmedia":[{"embeddable":true,"href":"https:\/\/dalatreview.vn\/en\/wp-json\/wp\/v2\/media\/14978"}],"wp:attachment":[{"href":"https:\/\/dalatreview.vn\/en\/wp-json\/wp\/v2\/media?parent=14977"}],"wp:term":[{"taxonomy":"product_cat","embeddable":true,"href":"https:\/\/dalatreview.vn\/en\/wp-json\/wp\/v2\/product_cat?post=14977"},{"taxonomy":"product_tag","embeddable":true,"href":"https:\/\/dalatreview.vn\/en\/wp-json\/wp\/v2\/product_tag?post=14977"}],"curies":[{"name":"wp","href":"https:\/\/api.w.org\/{rel}","templated":true}]}}