
{"id":14924,"date":"2022-02-21T16:31:58","date_gmt":"2022-02-21T09:31:58","guid":{"rendered":"https:\/\/dalatreview.vn\/?p=14924"},"modified":"2024-07-11T11:02:08","modified_gmt":"2024-07-11T04:02:08","slug":"villa-da-lat-tran-dai-nghia-5-phong","status":"publish","type":"product","link":"https:\/\/dalatreview.vn\/en\/villa-da-lat-tran-dai-nghia-5-phong.html","title":{"rendered":"Villa \u0110\u00e0 L\u1ea1t Tr\u1ea7n \u0110\u1ea1i Ngh\u0129a 5 Ph\u00f2ng"},"content":{"rendered":"<p style=\"text-align: center;\"><span style=\"color: #008000;\"><strong><span style=\"font-size: 24px;\">Villa \u0110\u00e0 L\u1ea1t Tr\u1ea7n \u0110\u1ea1i Ngh\u0129a 5 Ph\u00f2ng<\/span><\/strong><\/span><\/p>\n<nav class=\"vietrick-auto-toc\">\n<div class=\"box-title\">\n<h3 class=\"toc-title\" id=\"select-menu\">Danh m\u1ee5c ch\u00ednh<\/h3>\n<div><ion-icon name=\"chevron-up-outline\"><\/ion-icon><\/div>\n<\/div>\n<ul class=\"toc-list\">\n<li><a href='https:\/\/dalatreview.vn\/en#1-vi-tri' class='heading-h2 toc-link smooth-scroll'>1. V\u1ecb tr\u00ed<\/a>\n<li><a href='https:\/\/dalatreview.vn\/en#4-gia-phong' class='heading-h2 toc-link smooth-scroll'>4.\u00a0Gi\u00e1 ph\u00f2ng<\/a>\n<li><a href='https:\/\/dalatreview.vn\/en#5-lien-he' class='heading-h2 toc-link smooth-scroll'>5. Li\u00ean h\u1ec7<\/a><\/ul>\n<\/ul>\n<\/li>\n<\/ul>\n<\/nav>\n<h2 style=\"text-align: left;\" id=\"1-vi-tri\"><span style=\"color: #008000;\"><strong><span style=\"font-size: 24px;\">1. V\u1ecb tr\u00ed<\/span><\/strong><\/span><\/h2>\n<p><span style=\"font-size: 16px;\">Villa Tr\u1ea7n \u0110\u1ea1i Ngh\u0129a n\u1eb1m \u1edf khu v\u1ef1c trung t\u00e2m, t\u1ecda l\u1ea1c t\u1ea1i ph\u01b0\u1eddng 8, TP \u0110\u00e0 L\u1ea1t. Giao th\u00f4ng thu\u1eadn ti\u1ec7n, ch\u1ec9 c\u00e1ch ch\u1ee3 5 ph\u00fat ch\u1ea1y xe, c\u00e1ch v\u01b0\u1eddn hoa th\u00e0nh ph\u1ed1 1,5km v\u00e0 g\u1ea7n v\u1edbi qu\u1ea3ng tr\u01b0\u1eddng. N\u01a1i \u0111\u00e2y t\u1eadp h\u1ee3p nhi\u1ec1u \u0111i\u1ec3m \u0103n u\u1ed1ng ngon, mua s\u1eafm r\u1ebb \u0111\u1eb9p v\u00e0 c\u00e1c \u0111i\u1ec3m tham quan g\u00fat ch\u00f3p&#8230; lu\u00f4n \u0111\u1ea5y nh\u00e9 !<\/span><\/p>\n<p><img decoding=\"async\" class=\"aligncenter wp-image-14942 size-full\" src=\"https:\/\/dalatreview.vn\/wp-content\/uploads\/2022\/02\/villa-5-phong-tran-dai-nghia-23-1.jpg\" alt=\"villa 5 phong tran dai nghia\" width=\"1600\" height=\"1064\" \/><\/p>\n<p><strong style=\"color: #008000;\"><span style=\"font-size: 24px;\"><span class=\"_4yxo _4yxp\">2. Decor<\/span><\/span><\/strong><\/p>\n<p><span style=\"font-size: 16px;\">Thi\u1ebft k\u1ebf \u0111\u1ea7y \u0111\u1ee7 ti\u1ec7n nghi v\u00e0 cao c\u1ea5p. M\u1ed7i ph\u00f2ng \u0111\u1ec1u c\u00f3 nh\u00e0 t\u1eafm v\u00e0 wc ri\u00eang, \u0111\u1ea3m b\u1ea3o s\u1ef1 ri\u00eang t\u01b0 tho\u1ea3i m\u00e1i.<\/span><\/p>\n<p><span style=\"font-size: 16px;\">C\u00f3 ban c\u00f4ng view cao,\u00a0tho\u00e1ng m\u00e1t nh\u1edd kh\u00f4ng gian m\u1edf. S\u00e2n v\u01b0\u1eddn c\u00f3 ri\u00eang khu v\u1ef1c x\u00e2y d\u1ef1ng l\u00ean \u0111\u1ec3 u\u1ed1ng c\u00e0 ph\u00ea, ng\u1ed3i n\u00f3i chuy\u1ec7n t\u00e2m s\u1ef1 b\u1ea5t c\u1ee9 l\u00fac n\u00e0o m\u00e0 kh\u00f4ng ph\u1ea3i lo n\u1eafng m\u01b0a.<\/span><\/p>\n<p><span style=\"font-size: 16px;\">\u0110\u1eb7c bi\u1ec7t c\u00e1c ph\u00f2ng s\u1ebd c\u00f3 c\u00f3 tivi, t\u1ee7 l\u1ea1nh mini, wifi internet mi\u1ec5n ph\u00ed &#8230;<\/span><\/p>\n<p><span style=\"font-size: 16px;\">Bao quanh nh\u00e0 l\u00e0 1 d\u00e0n hoa h\u1ed3ng r\u1ef1c r\u1ee1 mang l\u1ea1i s\u1ef1 th\u01a1 m\u1ed9ng + 1 chi\u1ebfc \u0111\u00e0n piano trong nh\u00e0 gi\u00fap b\u1ea1n gi\u1ea3i t\u1ecfa c\u0103ng th\u1eb3ng khi c\u1ea5t ti\u1ebfng \u0111\u00e0n l\u00ean.<\/span><\/p>\n<p><img decoding=\"async\" class=\"aligncenter wp-image-14949 size-full\" src=\"https:\/\/dalatreview.vn\/wp-content\/uploads\/2022\/02\/Villa-5-phong-tran-dai-nghia.jpg\" alt=\"villa 5 phong tran dai nghia\" width=\"1200\" height=\"900\" \/><\/p>\n<p><strong style=\"color: #008000;\"><span style=\"font-size: 24px;\">3. D\u1ecbch v\u1ee5 &amp; Ti\u1ec7n nghi<\/span><\/strong><\/p>\n<div class=\"pt-2\">\n<p><span style=\"font-size: 16px;\">G\u1ed3m 5 ph\u00f2ng ng\u1ee7 sang tr\u1ecdng \u0111\u1ea7y \u0111\u1ee7 ti\u1ec7n nghi:\u00a0<\/span><br \/>\n<span style=\"font-size: 16px;\">3 ph\u00f2ng 1 gi\u01b0\u1eddng 2 ng\u01b0\u1eddi<\/span><br \/>\n<span style=\"font-size: 16px;\">2 ph\u00f2ng 3\u00a0gi\u01b0\u1eddng 6\u00a0ng\u01b0\u1eddi<\/span><\/p>\n<p><span style=\"font-size: 16px;\">S\u1ee9c ch\u1ee9a 16-18\u00a0kh\u00e1ch<\/span><\/p>\n<p><span style=\"font-size: 16px;\">&#8212;&#8212;&#8212;&#8212;&#8212;&#8212;&#8212;&#8212;&#8212;&#8212;&#8212;&#8212;&#8212;&#8212;&#8212;&#8212;&#8212;-<\/span><\/p>\n<p><span style=\"font-size: 16px;\">&#8211; Ph\u00f2ng kh\u00e1ch l\u1edbn, tho\u1ea3i m\u00e1i vui ch\u01a1i.\u00a0<\/span><\/p>\n<p><span style=\"font-size: 16px;\">&#8211; C\u00f3 di\u1ec7n t\u00edch \u0111\u1ec3 n\u01b0\u1edbng BBQ.<\/span><\/p>\n<p><span style=\"font-size: 16px;\">&#8211; C\u00f3 ch\u1ed7 \u0111\u1eadu xe m\u00e1y, xe h\u01a1i an to\u00e0n.<\/span><\/p>\n<p><span style=\"font-size: 16px;\">&#8211; Y\u00ean t\u0129nh, an ninh 24\/24, s\u1ea1ch s\u1ebd, tho\u00e1ng m\u00e1t, view thi\u00ean nhi\u00ean si\u00eau \u0111\u1eb9p.<\/span><\/p>\n<p><span style=\"font-size: 16px;\">&#8211; B\u1ebfp t\u1ef1 do n\u1ea5u n\u01b0\u1edbng<\/span><\/p>\n<p><span style=\"font-size: 16px;\">&#8211; Ch\u00eca kho\u00e1 trao tay tha h\u1ed3 ri\u00eang t\u01b0 .<\/span><\/p>\n<p><img decoding=\"async\" class=\"aligncenter wp-image-14950 size-full\" src=\"https:\/\/dalatreview.vn\/wp-content\/uploads\/2022\/02\/Villa-5-phong-tran-dai-nghia-24.jpg\" alt=\"villa 5 phong tran dai nghia\" width=\"1200\" height=\"900\" \/><\/p>\n<\/div>\n<div class=\"clear\"><\/div>\n<div class=\"row\">\n<div class=\"tuongtu-title pt-3 m-3\"><\/div>\n<\/div>\n<div class=\"wpb_column vc_column_container vc_col-sm-12 vc_column\">\n<div class=\"vc_column-inner\">\n<div class=\"wpb_wrapper\">\n<div class=\"wpb_text_column wpb_content_element vc_column_text\">\n<div class=\"wpb_wrapper\">\n<div class=\"pt-2\">\n<article class=\"post-content\">\n<div class=\"anh_wtm_m\">\n<div class=\"mws_content\">\n<article class=\"post-content\">\n<div class=\"anh_wtm_m\">\n<div class=\"mws_content\">\n<div class=\"pt-2\">\n<article class=\"post-content\">\n<div class=\"anh_wtm_m\">\n<div class=\"mws_content\">\n<article class=\"post-content\">\n<h2 id=\"4-gia-phong\"><span style=\"color: #008000;\"><strong><span style=\"font-size: 24px;\"><span class=\"_4yxo\">4.<\/span>\u00a0Gi\u00e1 ph\u00f2ng<\/span><\/strong><\/span><\/h2>\n<p><span style=\"font-size: 16px;\">Li\u00ean h\u1ec7 \u0111\u1ec3 \u0111\u01b0\u1ee3c \u0110\u00e0 L\u1ea1t Review t\u01b0 v\u1ea5n.<\/span><\/p>\n<h2 id=\"5-lien-he\"><span style=\"color: #008000;\">5. Li\u00ean h\u1ec7<\/span><\/h2>\n<p><span style=\"font-size: 16px;\">Fanpage:\u00a0<a href=\"https:\/\/www.facebook.com\/booking.dalatreview.vn\/\">Booking \u0110\u00e0 L\u1ea1t \u2013 www.dalatreview.vn<\/a><\/span><\/p>\n<p><span style=\"font-size: 16px;\">S\u0110T\/Zalo: 0988 249 297<\/span><\/p>\n<\/article>\n<\/div>\n<\/div>\n<\/article>\n<article class=\"post-content xemthem\"><\/article>\n<div id=\"comments\" class=\"comments-area\"><\/div>\n<\/div>\n<\/div>\n<\/div>\n<\/article>\n<article class=\"post-content xemthem\"><\/article>\n<div id=\"comments\" class=\"comments-area\"><\/div>\n<\/div>\n<\/div>\n<\/article>\n<article class=\"post-content xemthem\"><\/article>\n<div id=\"comments\" class=\"comments-area\"><\/div>\n<\/div>\n<\/div>\n<\/div>\n<\/div>\n<\/div>\n<\/div>","protected":false},"excerpt":{"rendered":"<p>Villa \u0110\u00e0 L\u1ea1t Tr\u1ea7n \u0110\u1ea1i Ngh\u0129a 5 Ph\u00f2ng Danh m\u1ee5c ch\u00ednh 1. V\u1ecb tr\u00ed 4.\u00a0Gi\u00e1 ph\u00f2ng 5. Li\u00ean h\u1ec7 1. V\u1ecb tr\u00ed Villa Tr\u1ea7n \u0110\u1ea1i Ngh\u0129a n\u1eb1m \u1edf khu v\u1ef1c trung t\u00e2m, t\u1ecda l\u1ea1c t\u1ea1i ph\u01b0\u1eddng 8, TP \u0110\u00e0 L\u1ea1t. Giao th\u00f4ng thu\u1eadn ti\u1ec7n, ch\u1ec9 c\u00e1ch ch\u1ee3 5 ph\u00fat ch\u1ea1y xe, c\u00e1ch v\u01b0\u1eddn hoa th\u00e0nh [&hellip;]<\/p>","protected":false},"featured_media":14929,"comment_status":"open","ping_status":"closed","template":"","meta":{"_acf_changed":false,"rank_math_lock_modified_date":false},"product_cat":[29,2254,45],"product_tag":[],"acf":[],"_links":{"self":[{"href":"https:\/\/dalatreview.vn\/en\/wp-json\/wp\/v2\/product\/14924"}],"collection":[{"href":"https:\/\/dalatreview.vn\/en\/wp-json\/wp\/v2\/product"}],"about":[{"href":"https:\/\/dalatreview.vn\/en\/wp-json\/wp\/v2\/types\/product"}],"replies":[{"embeddable":true,"href":"https:\/\/dalatreview.vn\/en\/wp-json\/wp\/v2\/comments?post=14924"}],"wp:featuredmedia":[{"embeddable":true,"href":"https:\/\/dalatreview.vn\/en\/wp-json\/wp\/v2\/media\/14929"}],"wp:attachment":[{"href":"https:\/\/dalatreview.vn\/en\/wp-json\/wp\/v2\/media?parent=14924"}],"wp:term":[{"taxonomy":"product_cat","embeddable":true,"href":"https:\/\/dalatreview.vn\/en\/wp-json\/wp\/v2\/product_cat?post=14924"},{"taxonomy":"product_tag","embeddable":true,"href":"https:\/\/dalatreview.vn\/en\/wp-json\/wp\/v2\/product_tag?post=14924"}],"curies":[{"name":"wp","href":"https:\/\/api.w.org\/{rel}","templated":true}]}}