
{"id":14881,"date":"2022-02-21T15:51:44","date_gmt":"2022-02-21T08:51:44","guid":{"rendered":"https:\/\/dalatreview.vn\/?p=14881"},"modified":"2024-07-11T11:02:09","modified_gmt":"2024-07-11T04:02:09","slug":"villa-da-lat-kqh-yersin-5-phong","status":"publish","type":"product","link":"https:\/\/dalatreview.vn\/en\/villa-da-lat-kqh-yersin-5-phong.html","title":{"rendered":"Villa \u0110\u00e0 L\u1ea1t KQH Yersin 5 Ph\u00f2ng"},"content":{"rendered":"<p style=\"text-align: center;\"><span style=\"color: #008000;\"><strong><span style=\"font-size: 24px;\">Villa \u0110\u00e0 L\u1ea1t KQH Yersin 5 Ph\u00f2ng<\/span><\/strong><\/span><\/p>\n<nav class=\"vietrick-auto-toc\">\n<div class=\"box-title\">\n<h3 class=\"toc-title\" id=\"select-menu\">Danh m\u1ee5c ch\u00ednh<\/h3>\n<div><ion-icon name=\"chevron-up-outline\"><\/ion-icon><\/div>\n<\/div>\n<ul class=\"toc-list\">\n<li><a href='https:\/\/dalatreview.vn\/en#1-vi-tri' class='heading-h2 toc-link smooth-scroll'>1. V\u1ecb tr\u00ed<\/a>\n<li><a href='https:\/\/dalatreview.vn\/en#2-decor' class='heading-h2 toc-link smooth-scroll'>2. Decor<\/a>\n<li><a href='https:\/\/dalatreview.vn\/en#3-dich-vu-tien-nghi' class='heading-h2 toc-link smooth-scroll'>3. D\u1ecbch v\u1ee5 &amp; Ti\u1ec7n nghi<\/a>\n<li><a href='https:\/\/dalatreview.vn\/en#4-gia-phong' class='heading-h2 toc-link smooth-scroll'>4.\u00a0Gi\u00e1 ph\u00f2ng<\/a>\n<li><a href='https:\/\/dalatreview.vn\/en#5-lien-he' class='heading-h2 toc-link smooth-scroll'>5. Li\u00ean h\u1ec7<\/a><\/ul>\n<\/ul>\n<\/li>\n<\/ul>\n<\/nav>\n<h2 id=\"1-vi-tri\"><span style=\"color: #008000;\"><strong><span style=\"font-size: 24px;\">1. V\u1ecb tr\u00ed<\/span><\/strong><\/span><\/h2>\n<div class=\"wpb_column vc_column_container vc_col-sm-12 vc_column\">\n<div class=\"vc_column-inner\">\n<div class=\"wpb_wrapper\">\n<div class=\"wpb_text_column wpb_content_element vc_column_text\">\n<div class=\"wpb_wrapper\">\n<p><span style=\"font-size: 16px;\">Khu quy ho\u1ea1ch Yersin t\u1ecda l\u1ea1c t\u1ea1i \u0111\u01b0\u1eddng Yersin, ph\u01b0\u1eddng 9, th\u00e0nh ph\u1ed1 \u0110\u00e0 L\u1ea1t. C\u00e1ch ch\u1ee3 \u0110\u00e0 L\u1ea1t kho\u1ea3ng 2km, Qu\u1ea3ng tr\u01b0\u1eddng L\u00e2m Vi\u00ean 1km n\u00ean KQH Yersin th\u1eeba h\u01b0\u1edfng m\u1ecdi ti\u1ec7n \u00edch c\u1ee7a th\u00e0nh ph\u1ed1 \u0110\u00e0 L\u1ea1t trong v\u00f2ng 5- 10 ph\u00fat.<\/span><\/p>\n<div class=\"wpb_text_column wpb_content_element vc_column_text\">\n<div class=\"wpb_wrapper\">\n<p><span style=\"font-size: 16px;\">M\u00f4i tr\u01b0\u1eddng s\u1ed1ng t\u1ea1i KQH Yersin kh\u00e1 an ninh, y\u00ean t\u0129nh. M\u1ed9t s\u1ed1 nh\u00e0 h\u00e0ng, qu\u00e1n cafe t\u1ea1i khu quy ho\u1ea1ch ph\u1ee5c v\u1ee5 c\u00e1c nhu c\u1ea7u \u0103n u\u1ed1ng, gi\u1ea3i tr\u00ed c\u1ee7a c\u01b0 d\u00e2n&#8230;<\/span><\/p>\n<p><img decoding=\"async\" class=\"aligncenter wp-image-14899 size-full\" src=\"https:\/\/dalatreview.vn\/wp-content\/uploads\/2022\/02\/villa-5-phong-kqh-yersin-1-1.jpg\" alt=\"villa 5 phong kqh yersin\" width=\"1080\" height=\"720\" \/><\/p>\n<\/div>\n<\/div>\n<\/div>\n<\/div>\n<\/div>\n<\/div>\n<\/div>\n<h2 id=\"2-decor\"><span style=\"color: #008000;\"><strong><span style=\"font-size: 24px;\"><span class=\"_4yxo _4yxp\">2. Decor<\/span><\/span><\/strong><\/span><\/h2>\n<p><span style=\"font-size: 16px;\">L\u00e0 1 bi\u1ec7t th\u1ef1 l\u1edbn c\u00f3 khu\u00f4n vi\u00ean v\u00f4 c\u00f9ng r\u1ed9ng r\u00e3i v\u1edbi r\u1ea5t nhi\u1ec1u c\u00e2y c\u1ea3nh xanh m\u00e1t v\u00e0 ch\u1ea5t l\u1eeb.<\/span><\/p>\n<p><span style=\"font-size: 16px;\">N\u1ed9i th\u1ea5t b\u1eb1ng g\u1ed7 c\u1ef1c k\u1ef3 sang ch\u1ea3nh, trang tr\u1ecdng v\u00e0 l\u1ecbch s\u1ef1. C\u00e1c ph\u00f2ng \u0111\u1ec1u kh\u00e9p k\u00edn, \u0111\u1ea7y \u0111\u1ee7 \u0111\u1ed3 d\u00f9ng c\u00e1 nh\u00e2n, mang l\u1ea1i s\u1ef1 ri\u00eang t\u01b0 cho b\u1ea1n c\u0169ng nh\u01b0 m\u1ecdi ng\u01b0\u1eddi.<\/span><\/p>\n<p><span style=\"font-size: 16px;\">\u0110\u1eb7c bi\u1ec7t l\u00e0 l\u1ed1i thi\u1ebft k\u1ebf theo kh\u00f4ng gian m\u1edf \u0111\u00f3n \u00e1nh s\u00e1ng t\u1ef1 nhi\u00ean gi\u00fap kh\u00f4ng kh\u00ed tr\u1edf n\u00ean r\u1ea5t trong l\u00e0nh, v\u00e0 c\u00f3 th\u00eam b\u00e0n bi-a cho c\u00e1c anh gi\u1ea3i tr\u00ed t\u1ea1i nh\u00e0 n\u1eefa \u0111\u1ea5y.<\/span><\/p>\n<p><img decoding=\"async\" class=\"aligncenter wp-image-14901 size-full\" src=\"https:\/\/dalatreview.vn\/wp-content\/uploads\/2022\/02\/Villa-5-phong-kqh-Yersin-.jpg\" alt=\"Villa 5 phong kqh Yersin\" width=\"1200\" height=\"900\" \/><\/p>\n<h2 id=\"3-dich-vu-tien-nghi\"><span style=\"color: #008000;\"><strong><span style=\"font-size: 24px;\">3. D\u1ecbch v\u1ee5 &amp; Ti\u1ec7n nghi<\/span><\/strong><\/span><\/h2>\n<div class=\"pt-2\">\n<p><span style=\"font-size: 16px;\">G\u1ed3m 5 ph\u00f2ng ng\u1ee7 sang tr\u1ecdng, v\u1ec7 sinh kh\u00e9p k\u00edn ( 6 WC ) c\u00f3 ch\u0103n ga g\u1ed1i n\u1ec7m, n\u00f3ng l\u1ea1nh, wifi mi\u1ec5n ph\u00ed.\u00a0<\/span><br \/>\n<span style=\"font-size: 16px;\">3 ph\u00f2ng 2\u00a0gi\u01b0\u1eddng 4\u00a0ng\u01b0\u1eddi<\/span><br \/>\n<span style=\"font-size: 16px;\">2 ph\u00f2ng 3\u00a0gi\u01b0\u1eddng 6\u00a0ng\u01b0\u1eddi<\/span><\/p>\n<p><span style=\"font-size: 16px;\">S\u1ee9c ch\u1ee9a 24-26 kh\u00e1ch<\/span><\/p>\n<p><span style=\"font-size: 16px;\">&#8212;&#8212;&#8212;&#8212;&#8212;&#8212;&#8212;&#8212;&#8212;&#8212;&#8212;&#8212;&#8212;&#8212;&#8212;&#8212;&#8212;&#8212;&#8212;&#8212;&#8212;&#8212;&#8212;&#8212;<\/span><\/p>\n<p><span style=\"font-size: 16px;\">&#8211; \u0110\u1ea7y \u0111\u1ee7 ti\u1ec7n nghi nh\u01b0 \u1edf nh\u00e0.<\/span><\/p>\n<p><span style=\"font-size: 16px;\">&#8211; C\u00f3 di\u1ec7n t\u00edch \u0111\u1ec3 n\u01b0\u1edbng BBQ.<\/span><\/p>\n<p><span style=\"font-size: 16px;\">&#8211; C\u00f3 ch\u1ed7 \u0111\u1eadu xe m\u00e1y, xe h\u01a1i an to\u00e0n.<\/span><\/p>\n<p><span style=\"font-size: 16px;\">&#8211; Y\u00ean t\u0129nh, an ninh 24\/24, s\u1ea1ch s\u1ebd, tho\u00e1ng m\u00e1t, view thi\u00ean nhi\u00ean si\u00eau \u0111\u1eb9p.<\/span><\/p>\n<p><span style=\"font-size: 16px;\">&#8211; B\u1ebfp t\u1ef1 do n\u1ea5u n\u01b0\u1edbng.\u00a0<\/span><\/p>\n<p><span style=\"font-size: 16px;\">&#8211; Ch\u00eca kho\u00e1 trao tay tha h\u1ed3 ri\u00eang t\u01b0.<\/span><\/p>\n<p><img decoding=\"async\" class=\"aligncenter wp-image-14904 size-full\" src=\"https:\/\/dalatreview.vn\/wp-content\/uploads\/2022\/02\/Villa-5-phong-kqh-Yersin-1-2.jpg\" alt=\"Villa 5 phong kqh Yersin\" width=\"1200\" height=\"900\" \/><\/p>\n<\/div>\n<div class=\"clear\"><\/div>\n<div class=\"row\">\n<div class=\"tuongtu-title pt-3 m-3\"><\/div>\n<\/div>\n<article class=\"post-content\">\n<div class=\"anh_wtm_m\">\n<div class=\"mws_content\">\n<div class=\"pt-2\">\n<article class=\"post-content\">\n<div class=\"anh_wtm_m\">\n<div class=\"mws_content\">\n<article class=\"post-content\">\n<h2 id=\"4-gia-phong\"><span style=\"color: #008000;\"><strong><span style=\"font-size: 24px;\"><span class=\"_4yxo\">4.<\/span>\u00a0Gi\u00e1 ph\u00f2ng<\/span><\/strong><\/span><\/h2>\n<p><span style=\"font-size: 16px;\">Li\u00ean h\u1ec7 \u0111\u1ec3 \u0111\u01b0\u1ee3c \u0110\u00e0 L\u1ea1t Review t\u01b0 v\u1ea5n.<\/span><\/p>\n<h2 id=\"5-lien-he\"><span style=\"color: #008000;\">5. Li\u00ean h\u1ec7<\/span><\/h2>\n<p><span style=\"font-size: 16px;\">Fanpage:\u00a0<a href=\"https:\/\/www.facebook.com\/booking.dalatreview.vn\/\">Booking \u0110\u00e0 L\u1ea1t \u2013 www.dalatreview.vn<\/a><\/span><\/p>\n<p><span style=\"font-size: 16px;\">S\u0110T\/Zalo: 0988 249 297<\/span><\/p>\n<\/article>\n<\/div>\n<\/div>\n<\/article>\n<article class=\"post-content xemthem\"><\/article>\n<div id=\"comments\" class=\"comments-area\"><\/div>\n<\/div>\n<\/div>\n<\/div>\n<\/article>\n<article class=\"post-content xemthem\"><\/article>\n<div id=\"comments\" class=\"comments-area\"><\/div>","protected":false},"excerpt":{"rendered":"<p>Villa \u0110\u00e0 L\u1ea1t KQH Yersin 5 Ph\u00f2ng Danh m\u1ee5c ch\u00ednh 1. V\u1ecb tr\u00ed 2. Decor 3. D\u1ecbch v\u1ee5 &amp; Ti\u1ec7n nghi 4.\u00a0Gi\u00e1 ph\u00f2ng 5. Li\u00ean h\u1ec7 1. V\u1ecb tr\u00ed Khu quy ho\u1ea1ch Yersin t\u1ecda l\u1ea1c t\u1ea1i \u0111\u01b0\u1eddng Yersin, ph\u01b0\u1eddng 9, th\u00e0nh ph\u1ed1 \u0110\u00e0 L\u1ea1t. C\u00e1ch ch\u1ee3 \u0110\u00e0 L\u1ea1t kho\u1ea3ng 2km, Qu\u1ea3ng tr\u01b0\u1eddng L\u00e2m Vi\u00ean 1km [&hellip;]<\/p>","protected":false},"featured_media":14882,"comment_status":"open","ping_status":"closed","template":"","meta":{"_acf_changed":false,"rank_math_lock_modified_date":false},"product_cat":[29,2254,45],"product_tag":[],"acf":[],"_links":{"self":[{"href":"https:\/\/dalatreview.vn\/en\/wp-json\/wp\/v2\/product\/14881"}],"collection":[{"href":"https:\/\/dalatreview.vn\/en\/wp-json\/wp\/v2\/product"}],"about":[{"href":"https:\/\/dalatreview.vn\/en\/wp-json\/wp\/v2\/types\/product"}],"replies":[{"embeddable":true,"href":"https:\/\/dalatreview.vn\/en\/wp-json\/wp\/v2\/comments?post=14881"}],"wp:featuredmedia":[{"embeddable":true,"href":"https:\/\/dalatreview.vn\/en\/wp-json\/wp\/v2\/media\/14882"}],"wp:attachment":[{"href":"https:\/\/dalatreview.vn\/en\/wp-json\/wp\/v2\/media?parent=14881"}],"wp:term":[{"taxonomy":"product_cat","embeddable":true,"href":"https:\/\/dalatreview.vn\/en\/wp-json\/wp\/v2\/product_cat?post=14881"},{"taxonomy":"product_tag","embeddable":true,"href":"https:\/\/dalatreview.vn\/en\/wp-json\/wp\/v2\/product_tag?post=14881"}],"curies":[{"name":"wp","href":"https:\/\/api.w.org\/{rel}","templated":true}]}}