
{"id":14866,"date":"2022-02-21T15:20:03","date_gmt":"2022-02-21T08:20:03","guid":{"rendered":"https:\/\/dalatreview.vn\/?p=14866"},"modified":"2024-07-11T11:02:10","modified_gmt":"2024-07-11T04:02:10","slug":"villa-da-lat-kqh-vien-nghien-cuu-hat-nhan-5-phong","status":"publish","type":"product","link":"https:\/\/dalatreview.vn\/en\/villa-da-lat-kqh-vien-nghien-cuu-hat-nhan-5-phong.html","title":{"rendered":"Villa \u0110\u00e0 L\u1ea1t KQH Vi\u1ec7n Nghi\u00ean C\u1ee9u H\u1ea1t Nh\u00e2n 5 Ph\u00f2ng"},"content":{"rendered":"<p style=\"text-align: center;\"><span style=\"color: #008000;\"><strong><span style=\"font-size: 24px;\">Villa \u0110\u00e0 L\u1ea1t KQH Vi\u1ec7n Nghi\u00ean C\u1ee9u H\u1ea1t Nh\u00e2n 5 Ph\u00f2ng <\/span><\/strong><\/span><\/p>\n<nav class=\"vietrick-auto-toc\">\n<div class=\"box-title\">\n<h3 class=\"toc-title\" id=\"select-menu\">Danh m\u1ee5c ch\u00ednh<\/h3>\n<div><ion-icon name=\"chevron-up-outline\"><\/ion-icon><\/div>\n<\/div>\n<ul class=\"toc-list\">\n<li><a href='https:\/\/dalatreview.vn\/en#1-vi-tri' class='heading-h2 toc-link smooth-scroll'>1. V\u1ecb tr\u00ed<\/a>\n<li><a href='https:\/\/dalatreview.vn\/en#2-decor' class='heading-h2 toc-link smooth-scroll'>2. Decor<\/a>\n<li><a href='https:\/\/dalatreview.vn\/en#3-dich-vu-tien-nghi' class='heading-h2 toc-link smooth-scroll'>3. D\u1ecbch v\u1ee5 &amp; Ti\u1ec7n nghi<\/a>\n<li><a href='https:\/\/dalatreview.vn\/en#4-gia-phong' class='heading-h2 toc-link smooth-scroll'>4.\u00a0Gi\u00e1 ph\u00f2ng<\/a>\n<li><a href='https:\/\/dalatreview.vn\/en#5-lien-he' class='heading-h2 toc-link smooth-scroll'>5. Li\u00ean h\u1ec7<\/a><\/ul>\n<\/ul>\n<\/li>\n<\/ul>\n<\/nav>\n<h2 id=\"1-vi-tri\"><span style=\"color: #008000;\"><strong><span style=\"font-size: 24px;\">1. V\u1ecb tr\u00ed<\/span><\/strong><\/span><\/h2>\n<p><span style=\"font-size: 16px;\">T\u1ecda l\u1ea1c t\u1ea1i \u0111\u01b0\u1eddng H\u00f9ng V\u01b0\u01a1ng, Ph\u01b0\u1eddng 11, TP \u0110\u00e0 L\u1ea1t. Nhi\u1ec1u kh\u00e1ch h\u00e0ng khi nghe t\u00ean khu quy ho\u1ea1ch Vi\u1ec7n Nghi\u00ean C\u1ee9u H\u1ea1t Nh\u00e2n c\u1ee9 ngh\u0129 \u0111\u00e2y l\u00e0 khu quy ho\u1ea1ch g\u1ea7n l\u00f2 ph\u1ea3n \u1ee9ng h\u1ea1t nh\u00e2n c\u1ee7a \u0110\u00e0 L\u1ea1t. Nh\u01b0ng th\u1eadt ra l\u00f2 ph\u1ea3n \u1ee9ng h\u1ea1t nh\u00e2n c\u1ee7a \u0110\u00e0 L\u1ea1t n\u1eb1m t\u1ea1i \u0111\u01b0\u1eddng Nguy\u00ean T\u1eed L\u1ef1c.<\/span><\/p>\n<div class=\"wpb_column vc_column_container vc_col-sm-6 vc_column\">\n<div class=\"vc_column-inner\">\n<div class=\"wpb_wrapper\">\n<div class=\"wpb_text_column wpb_content_element vc_column_text\">\n<div class=\"wpb_wrapper\">\n<p><span style=\"font-size: 16px;\">T\u1eeb v\u1ecb tr\u00ed khu quy ho\u1ea1ch n\u00e0y r\u1ea5t d\u1ec5 d\u00e0ng di chuy\u1ec3n \u0111\u1ebfn \u0111\u1ebfn H\u1ed3 Xu\u00e2n H\u01b0\u01a1ng, ch\u1ee3 \u0110\u00e0 L\u1ea1t qua tr\u1ee5c \u0111\u01b0\u1eddng H\u00f9ng V\u01b0\u01a1ng \u2013 H\u1ed3 T\u00f9ng M\u1eadu hay di chuy\u1ec3n v\u1ec1 Tr\u1ea1i M\u00e1t, C\u1ea7u \u0110\u1ea5t qua Qu\u1ed1c l\u1ed9 20.<\/span><\/p>\n<p><span style=\"font-size: 16px;\">C\u00f3 th\u1ec3 n\u00f3i m\u00f4i tr\u01b0\u1eddng s\u1ed1ng t\u1ea1i khu quy ho\u1ea1ch Vi\u1ec7n Nghi\u00ean C\u1ee9u H\u1ea1t Nh\u00e2n l\u00e0 v\u00f4 c\u00f9ng l\u00fd t\u01b0\u1edfng \u0111\u1ec3 ngh\u1ec9 d\u01b0\u1ee1ng. B\u1edfi n\u01a1i \u0111\u00e2y ch\u1ec9 bao g\u1ed3m m\u1ed9t s\u1ed1 c\u0103n bi\u1ec7t th\u1ef1 n\u1eb1m tr\u00ean m\u1ed9t \u0111\u1ec9nh \u0111\u1ed3i. Kh\u00f4ng kh\u00ed trong l\u00e0nh, m\u00f4i tr\u01b0\u1eddng an ninh, y\u00ean t\u0129nh v\u00e0 g\u00f3c view \u0111\u1eb9p \u0111\u00f3 l\u00e0 nh\u1eefng \u01b0u \u0111i\u1ec3m c\u1ee7a khu quy ho\u1ea1ch Vi\u1ec7n Nghi\u00ean C\u1ee9u H\u1ea1t Nh\u00e2n.<\/span><\/p>\n<p><img decoding=\"async\" class=\"wp-image-14867 size-full aligncenter\" src=\"https:\/\/dalatreview.vn\/wp-content\/uploads\/2022\/02\/villa-5-phong-kqh-vien-nghien-cuu-hat-nhan-11.jpg\" alt=\"villa 5 phong kqh vien nghien cuu hat nhan\" width=\"1130\" height=\"694\" \/><\/p>\n<div class=\"wpb_text_column wpb_content_element vc_column_text\">\n<div class=\"wpb_wrapper\">\n<p>&nbsp;<\/p>\n<\/div>\n<\/div>\n<\/div>\n<\/div>\n<\/div>\n<\/div>\n<\/div>\n<h2 id=\"2-decor\"><span style=\"color: #008000;\"><strong><span style=\"font-size: 24px;\"><span class=\"_4yxo _4yxp\">2. Decor<\/span><\/span><\/strong><\/span><\/h2>\n<p><span style=\"font-size: 16px;\">C\u0103n nh\u00e0 thi\u1ebft k\u1ebf \u0111\u01a1n gi\u1ea3n nh\u01b0ng v\u00f4 c\u00f9ng hi\u1ec7n \u0111\u1ea1i v\u00e0 r\u1ed9ng r\u00e3i. Kh\u00f4ng gian m\u1edf, s\u00e2n v\u01b0\u1eddn xanh m\u00e1t, trong nh\u00e0 th\u00ec \u1ea5m c\u00fang. L\u00e0 bi\u1ec7t th\u1ef1 bi\u1ec7t l\u1eadp n\u00ean s\u1ebd r\u1ea5t tho\u1ea3i m\u00e1i t\u1ef1 do, kh\u00e9p k\u00edn to\u00e0n b\u1ed9\u00a0kh\u00f4ng s\u1ee3\u00a0\u1ea3nh h\u01b0\u1edfng \u0111\u1ebfn ng\u01b0\u1eddi kh\u00e1c.<\/span><\/p>\n<p><span style=\"font-size: 16px;\">Nh\u1edd n\u1eb1m tr\u00ean m\u1ed9t qu\u1ea3 \u0111\u1ed3i cao, villa c\u00f3 2 h\u01b0\u1edbng view ch\u00ednh l\u00e0 view v\u1ec1 thung l\u0169ng Khe Sanh, \u0111\u1ed3i \u0110\u1ed1ng \u0110a v\u00e0 view v\u1ec1 khu Nam H\u1ed3.<\/span><\/p>\n<div class=\"wpb_column vc_column_container vc_col-sm-12 vc_column\">\n<div class=\"vc_column-inner\">\n<div class=\"wpb_wrapper\">\n<div class=\"wpb_text_column wpb_content_element vc_column_text\">\n<div class=\"wpb_wrapper\">\n<p><span style=\"font-size: 16px;\">V\u00e0o nh\u1eefng bu\u1ed5i t\u1ed1i \u0110\u00e0 L\u1ea1t nhi\u1ec1u m\u00e2y, ch\u00fang ta di chuy\u1ec3n t\u1eeb Tr\u1ea1i M\u00e1t v\u1ec1 KQH Vi\u1ec7n Nghi\u00ean C\u1ee9u H\u1ea1t Nh\u00e2n s\u1ebd d\u1ec5 d\u00e0ng b\u1eaft g\u1eb7p nh\u1eefng v\u1ea7ng m\u00e2y bay l\u01b0ng ch\u1eebng t\u1ea1i KQH r\u1ea5t \u0111\u1eb9p m\u1eaft.<\/span><\/p>\n<p><img decoding=\"async\" class=\"aligncenter wp-image-14877 size-full\" src=\"https:\/\/dalatreview.vn\/wp-content\/uploads\/2022\/02\/villa-5-phong-kqh-vien-nghien-cuu-hat-nhan.jpg\" alt=\"villa 5 phong kqh vien nghien cuu hat nhan\" width=\"1200\" height=\"900\" \/><\/p>\n<\/div>\n<\/div>\n<\/div>\n<\/div>\n<\/div>\n<h2 id=\"3-dich-vu-tien-nghi\"><span style=\"color: #008000;\"><strong><span style=\"font-size: 24px;\">3. D\u1ecbch v\u1ee5 &amp; Ti\u1ec7n nghi<\/span><\/strong><\/span><\/h2>\n<p style=\"margin: 0cm; background: white;\"><span style=\"font-size: 16px; font-family: 'Segoe UI', sans-serif; color: #212529;\">-G\u1ed3m 5 ph\u00f2ng ng\u1ee7 sang tr\u1ecdng:<br \/>\n4 ph\u00f2ng 1 gi\u01b0\u1eddng 2 ng\u01b0\u1eddi<br \/>\n1 ph\u00f2ng 2 gi\u01b0\u1eddng 4 ng\u01b0\u1eddi<\/span><\/p>\n<p style=\"margin: 0cm; background: white;\"><span style=\"font-size: 16px; font-family: 'Segoe UI', sans-serif; color: #212529;\">S\u1ee9c ch\u1ee9a 12-14 kh\u00e1ch. C\u00e1c ph\u00f2ng \u0111\u1ec1u kh\u00e9p k\u00edn, c\u00f3 c\u00f4ng tr\u00ecnh v\u1ec7 sinh, n\u00f3ng l\u1ea1nh, tivi, wifi mi\u1ec5n ph\u00ed&#8230; \u0111\u1ea7y \u0111\u1ee7 \u0111\u00f2 d\u00f9ng c\u00e1 nh\u00e2n nh\u01b0 b\u00e0n ch\u1ea3i, kh\u0103n, x\u00e0 b\u00f4ng, ch\u0103n ga g\u1ed1i n\u1ec7m,&#8230;\u00a0<\/span><\/p>\n<p style=\"margin: 0cm; background: white;\"><span style=\"font-size: 16px; font-family: 'Segoe UI', sans-serif; color: #212529;\">&#8212;&#8212;&#8212;&#8212;&#8212;&#8212;&#8212;&#8212;&#8212;&#8212;&#8212;&#8212;&#8212;&#8212;&#8212;&#8212;&#8212;&#8212;&#8212;&#8212;&#8212;&#8212;&#8212;&#8212;<\/span><\/p>\n<p style=\"margin: 0cm; background: white;\"><span style=\"font-size: 16px; font-family: 'Segoe UI', sans-serif; color: #212529;\">&#8211; \u0110\u1ea7y \u0111\u1ee7 ti\u1ec7n nghi nh\u01b0 \u1edf nh\u00e0. Ban c\u00f4ng m\u1ed7i ph\u00f2ng \u0111\u1ec1u c\u00f3 view cao c\u1ef1c \u0111\u1eb9p \u0111\u1ec3\u00a0ng\u1eafm b\u00ecnh minh hay \u0111\u00f3n ho\u00e0ng h\u00f4n m\u1ed7i ng\u00e0y.\u00a0<\/span><\/p>\n<p style=\"margin: 0cm; background: white;\"><span style=\"font-size: 16px; font-family: 'Segoe UI', sans-serif; color: #212529;\">&#8211; C\u00f3 di\u1ec7n t\u00edch \u0111\u1ec3 n\u01b0\u1edbng BBQ.<\/span><\/p>\n<p style=\"margin: 0cm; background: white;\"><span style=\"font-size: 16px; font-family: 'Segoe UI', sans-serif; color: #212529;\">&#8211; C\u00f3 ch\u1ed7 \u0111\u1eadu xe m\u00e1y, xe h\u01a1i an to\u00e0n.<\/span><\/p>\n<p style=\"margin: 0cm; background: white;\"><span style=\"font-size: 16px; font-family: 'Segoe UI', sans-serif; color: #212529;\">&#8211; Y\u00ean t\u0129nh, an ninh 24\/24, s\u1ea1ch s\u1ebd, tho\u00e1ng m\u00e1t, view thi\u00ean nhi\u00ean si\u00eau \u0111\u1eb9p.<\/span><\/p>\n<p style=\"margin: 0cm; background: white;\"><span style=\"font-size: 16px; font-family: 'Segoe UI', sans-serif; color: #212529;\">&#8211; B\u1ebfp t\u1ef1 do n\u1ea5u n\u01b0\u1edbng.\u00a0<\/span><\/p>\n<p style=\"margin: 0cm; background: white;\"><span style=\"font-size: 16px; font-family: 'Segoe UI', sans-serif; color: #212529;\">&#8211; Ch\u00eca kho\u00e1 trao tay tha h\u1ed3 ri\u00eang t\u01b0.<\/span><\/p>\n<p><img decoding=\"async\" class=\"wp-image-14878 size-full aligncenter\" src=\"https:\/\/dalatreview.vn\/wp-content\/uploads\/2022\/02\/villa-5-phong-kqh-vien-nghien-cuu-hat-nhan-15.jpg\" alt=\"villa 5 phong kqh vien nghien cuu hat nhan\" width=\"1200\" height=\"900\" \/><\/p>\n<p>&nbsp;<\/p>\n<div class=\"pt-2\">\n<article class=\"post-content\">\n<div class=\"anh_wtm_m\">\n<div class=\"mws_content\">\n<article class=\"post-content\">\n<h2 id=\"4-gia-phong\"><span style=\"color: #008000;\"><strong><span style=\"font-size: 24px;\"><span class=\"_4yxo\">4.<\/span>\u00a0Gi\u00e1 ph\u00f2ng<\/span><\/strong><\/span><\/h2>\n<p><span style=\"font-size: 16px;\">Li\u00ean h\u1ec7 \u0111\u1ec3 \u0111\u01b0\u1ee3c \u0110\u00e0 L\u1ea1t Review t\u01b0 v\u1ea5n.<\/span><\/p>\n<h2 id=\"5-lien-he\"><span style=\"color: #008000;\">5. Li\u00ean h\u1ec7<\/span><\/h2>\n<p><span style=\"font-size: 16px;\">Fanpage:\u00a0<a href=\"https:\/\/www.facebook.com\/booking.dalatreview.vn\/\">Booking \u0110\u00e0 L\u1ea1t \u2013 www.dalatreview.vn<\/a><\/span><\/p>\n<p><span style=\"font-size: 16px;\">S\u0110T\/Zalo: 0988 249 297<\/span><\/p>\n<\/article>\n<\/div>\n<\/div>\n<\/article>\n<article class=\"post-content xemthem\"><\/article>\n<div id=\"comments\" class=\"comments-area\"><\/div>\n<\/div>","protected":false},"excerpt":{"rendered":"<p>Villa \u0110\u00e0 L\u1ea1t KQH Vi\u1ec7n Nghi\u00ean C\u1ee9u H\u1ea1t Nh\u00e2n 5 Ph\u00f2ng Danh m\u1ee5c ch\u00ednh 1. V\u1ecb tr\u00ed 2. Decor 3. D\u1ecbch v\u1ee5 &amp; Ti\u1ec7n nghi 4.\u00a0Gi\u00e1 ph\u00f2ng 5. Li\u00ean h\u1ec7 1. V\u1ecb tr\u00ed T\u1ecda l\u1ea1c t\u1ea1i \u0111\u01b0\u1eddng H\u00f9ng V\u01b0\u01a1ng, Ph\u01b0\u1eddng 11, TP \u0110\u00e0 L\u1ea1t. Nhi\u1ec1u kh\u00e1ch h\u00e0ng khi nghe t\u00ean khu quy ho\u1ea1ch Vi\u1ec7n Nghi\u00ean [&hellip;]<\/p>","protected":false},"featured_media":14869,"comment_status":"open","ping_status":"closed","template":"","meta":{"_acf_changed":false,"rank_math_lock_modified_date":false},"product_cat":[29,2254,45],"product_tag":[],"acf":[],"_links":{"self":[{"href":"https:\/\/dalatreview.vn\/en\/wp-json\/wp\/v2\/product\/14866"}],"collection":[{"href":"https:\/\/dalatreview.vn\/en\/wp-json\/wp\/v2\/product"}],"about":[{"href":"https:\/\/dalatreview.vn\/en\/wp-json\/wp\/v2\/types\/product"}],"replies":[{"embeddable":true,"href":"https:\/\/dalatreview.vn\/en\/wp-json\/wp\/v2\/comments?post=14866"}],"wp:featuredmedia":[{"embeddable":true,"href":"https:\/\/dalatreview.vn\/en\/wp-json\/wp\/v2\/media\/14869"}],"wp:attachment":[{"href":"https:\/\/dalatreview.vn\/en\/wp-json\/wp\/v2\/media?parent=14866"}],"wp:term":[{"taxonomy":"product_cat","embeddable":true,"href":"https:\/\/dalatreview.vn\/en\/wp-json\/wp\/v2\/product_cat?post=14866"},{"taxonomy":"product_tag","embeddable":true,"href":"https:\/\/dalatreview.vn\/en\/wp-json\/wp\/v2\/product_tag?post=14866"}],"curies":[{"name":"wp","href":"https:\/\/api.w.org\/{rel}","templated":true}]}}