
{"id":14850,"date":"2022-02-21T11:26:56","date_gmt":"2022-02-21T04:26:56","guid":{"rendered":"https:\/\/dalatreview.vn\/?p=14850"},"modified":"2024-07-11T11:02:11","modified_gmt":"2024-07-11T04:02:11","slug":"villa-da-lat-nguyen-tu-luc-5-phong","status":"publish","type":"product","link":"https:\/\/dalatreview.vn\/en\/villa-da-lat-nguyen-tu-luc-5-phong.html","title":{"rendered":"Villa \u0110\u00e0 L\u1ea1t Nguy\u00ean T\u1eed L\u1ef1c 5 Ph\u00f2ng"},"content":{"rendered":"<p style=\"text-align: center;\"><span style=\"font-size: 24px; color: #008000;\"><strong>Villa \u0110\u00e0 L\u1ea1t Nguy\u00ean T\u1eed L\u1ef1c 5 Ph\u00f2ng<\/strong><\/span><\/p>\n<nav class=\"vietrick-auto-toc\">\n<div class=\"box-title\">\n<h3 class=\"toc-title\" id=\"select-menu\">Danh m\u1ee5c ch\u00ednh<\/h3>\n<div><ion-icon name=\"chevron-up-outline\"><\/ion-icon><\/div>\n<\/div>\n<ul class=\"toc-list\">\n<li><a href='https:\/\/dalatreview.vn\/en#1-vi-tri' class='heading-h2 toc-link smooth-scroll'>1. V\u1ecb tr\u00ed<\/a>\n<li><a href='https:\/\/dalatreview.vn\/en#2-decor' class='heading-h2 toc-link smooth-scroll'>2. Decor<\/a>\n<li><a href='https:\/\/dalatreview.vn\/en#5-lien-he' class='heading-h2 toc-link smooth-scroll'>5. Li\u00ean h\u1ec7<\/a><\/ul>\n<\/ul>\n<\/li>\n<\/ul>\n<\/nav>\n<h2 id=\"1-vi-tri\"><span style=\"font-size: 24px; color: #008000;\"><strong>1. V\u1ecb tr\u00ed<\/strong><\/span><\/h2>\n<p>Villa t\u1ecda l\u1ea1c ngay v\u1ecb tr\u00ed trung t\u00e2m \u0111\u01b0\u1eddng Nguy\u00ean T\u1eed L\u1ef1c, Ph\u01b0\u1eddng 8, TP \u0110\u00e0 L\u1ea1t.<\/p>\n<p>Ch\u1ec9 c\u00e1ch ch\u1ee3 5 ph\u00fat ch\u1ea1y xe, g\u1ea7n qu\u1ea3ng tr\u01b0\u1eddng L\u00e2m Vi\u00ean, c\u00e1c khu mua s\u1eafm, \u0103n u\u1ed1ng v\u00e0 vui ch\u01a1i,.. d\u1ec5 d\u00e0ng di chuy\u1ec3n t\u1edbi c\u00e1c \u0111\u1ecba \u0111i\u1ec3m kh\u00e1c trong th\u00e0nh ph\u1ed1.<\/p>\n<p>H\u01a1n h\u1ebft n\u01a1i \u0111\u00e2y c\u00f3 n\u00e9t v\u0103n h\u00f3a r\u1ea5t \u0111\u1eb7c tr\u01b0ng, con ng\u01b0\u1eddi h\u00f2a \u0111\u1ed3ng, th\u00e2n thi\u1ec7n, d\u1ec5 g\u1ea7n v\u00e0 r\u1ea5t d\u1ec5 m\u1ebfn \u0111\u1ea5y !<\/p>\n<p><img decoding=\"async\" class=\"aligncenter wp-image-14864 size-full\" src=\"https:\/\/dalatreview.vn\/wp-content\/uploads\/2022\/02\/villa-5-phong-nguyen-tu-luc.jpg\" alt=\"villa 5 phong nguyen tu luc \" width=\"1200\" height=\"900\" \/><\/p>\n<h2 id=\"2-decor\"><span style=\"font-size: 24px; color: #008000;\"><strong><span class=\"_4yxo _4yxp\">2. Decor<\/span><\/strong><\/span><\/h2>\n<p><span style=\"font-size: 16px;\">Villa l\u00e0 1 c\u0103n bi\u1ec7t th\u1ef1 3 t\u1ea7ng, v\u00f4 c\u00f9ng r\u1ed9ng r\u00e3i v\u00e0 tho\u1ea3i m\u00e3i. H\u00f2a quy\u1ec7n v\u1edbi thi\u00ean nhi\u00ean, thi\u1ebft k\u1ebf theo kh\u00f4ng gian m\u1edf v\u00e0 phong c\u00e1ch Ch\u00e2u \u00c2u.\u00a0<\/span><\/p>\n<p><span style=\"font-size: 16px;\">M\u1ed7i ph\u00f2ng ng\u1ee7 s\u1ebd \u0111\u01b0\u1ee3c decor theo 1 c\u00e1ch ri\u00eang, c\u00f3 tivi, n\u00f3ng l\u1ea1nh, v\u1ec7 sinh kh\u00e9p k\u00edn, ch\u0103n ga g\u1ed1i n\u1ec7m \u0111\u1ea7y \u0111\u1ee7 cao c\u1ea5p.\u00a0<\/span><\/p>\n<p><span style=\"font-size: 16px;\">Xung quanh nh\u00e0 l\u00e0 1 r\u1eebng hoa thu nh\u1ecf mu\u00f4n s\u1eafc m\u00e0u, c\u00f3 b\u00e0n gh\u1ebf u\u1ed1ng c\u00e0 ph\u00ea tr\u00f2 chuy\u1ec7n v\u1edbi nhau c\u1ea3 ng\u00e0y l\u1eabn \u0111\u00eam.<\/span><\/p>\n<p><span style=\"font-size: 16px;\"> H\u1ee9a h\u1eb9n s\u1ebd \u0111em l\u1ea1i cho b\u1ea1n v\u00e0 gia \u0111\u00ecnh ng\u01b0\u1eddi th\u00e2n c\u1ea3m gi\u00e1c tuy\u1ec7t v\u1eddi nh\u1ea5t khi l\u1ef1a ch\u1ecdn n\u01a1i \u0111\u00e2y l\u00e0m \u0111i\u1ec3m ngh\u1ec9 d\u01b0\u1ee1ng.\u00a0<\/span><\/p>\n<p><img decoding=\"async\" class=\"aligncenter wp-image-14863 size-full\" src=\"https:\/\/dalatreview.vn\/wp-content\/uploads\/2022\/02\/villa-5-phong-nguyen-tu-luc-15-2.jpg\" alt=\"villa 5 phong nguyen tu luc \" width=\"1020\" height=\"1020\" \/><\/p>\n<div class=\"clear\"><span style=\"font-size: 24px; color: #008000;\"><strong>3. D\u1ecbch v\u1ee5 &amp; Ti\u1ec7n nghi<\/strong><\/span><\/div>\n<div>\n<div class=\"pt-2\">\n<p><span style=\"font-size: 16px;\">G\u1ed3m 5 ph\u00f2ng ng\u1ee7 sang tr\u1ecdng:<\/span><br \/>\n<span style=\"font-size: 16px;\">3 ph\u00f2ng 2\u00a0gi\u01b0\u1eddng 4\u00a0ng\u01b0\u1eddi<\/span><br \/>\n<span style=\"font-size: 16px;\">2 ph\u00f2ng 3\u00a0gi\u01b0\u1eddng 6\u00a0ng\u01b0\u1eddi<\/span><\/p>\n<p><span style=\"font-size: 16px;\">S\u1ee9c ch\u1ee9a 24-26 kh\u00e1ch<\/span><\/p>\n<p><span style=\"font-size: 16px;\">&#8212;&#8212;&#8212;&#8212;&#8212;&#8212;&#8212;&#8212;&#8212;&#8212;&#8212;&#8212;&#8212;&#8212;&#8212;&#8212;&#8212;&#8212;&#8212;&#8212;&#8212;&#8212;&#8212;&#8212;<\/span><\/p>\n<p><span style=\"font-size: 16px;\">&#8211; \u0110\u1ea7y \u0111\u1ee7 ti\u1ec7n nghi nh\u01b0 \u1edf nh\u00e0.<\/span><\/p>\n<p><span style=\"font-size: 16px;\">&#8211; C\u00f3 di\u1ec7n t\u00edch \u0111\u1ec3 n\u01b0\u1edbng BBQ.<\/span><\/p>\n<p><span style=\"font-size: 16px;\">&#8211; C\u00f3 ch\u1ed7 \u0111\u1eadu xe m\u00e1y, xe h\u01a1i an to\u00e0n.<\/span><\/p>\n<p><span style=\"font-size: 16px;\">&#8211; Y\u00ean t\u0129nh, an ninh 24\/24, s\u1ea1ch s\u1ebd, tho\u00e1ng m\u00e1t, view thi\u00ean nhi\u00ean si\u00eau \u0111\u1eb9p.<\/span><\/p>\n<p><span style=\"font-size: 16px;\">&#8211; B\u1ebfp t\u1ef1 do n\u1ea5u n\u01b0\u1edbng<\/span><\/p>\n<p><span style=\"font-size: 16px;\">&#8211; Ch\u00eca kho\u00e1 trao tay tha h\u1ed3 ri\u00eang t\u01b0 .<\/span><\/p>\n<p><img decoding=\"async\" class=\"aligncenter wp-image-14858 size-full\" src=\"https:\/\/dalatreview.vn\/wp-content\/uploads\/2022\/02\/villa-5-phong-nguyen-tu-luc-6.jpg\" alt=\"villa 5 phong nguyen tu luc \" width=\"1020\" height=\"1020\" \/><\/p>\n<\/div>\n<div class=\"clear\"><span style=\"font-size: 24px;\"><strong style=\"color: #008000;\"><span class=\"_4yxo\">4.<\/span>\u00a0Gi\u00e1 ph\u00f2ng<\/strong><\/span><\/div>\n<\/div>\n<div>\n<div class=\"pt-2\">\n<article class=\"post-content\">\n<div class=\"anh_wtm_m\">\n<div class=\"mws_content\">\n<article class=\"post-content\">\n<div class=\"anh_wtm_m\">\n<div class=\"mws_content\">\n<div class=\"pt-2\">\n<article class=\"post-content\">\n<div class=\"anh_wtm_m\">\n<div class=\"mws_content\">\n<article class=\"post-content\">Li\u00ean h\u1ec7 \u0111\u1ec3 \u0111\u01b0\u1ee3c \u0110\u00e0 L\u1ea1t Review t\u01b0 v\u1ea5n.<\/p>\n<h2 id=\"5-lien-he\"><span style=\"color: #008000;\">5. Li\u00ean h\u1ec7<\/span><\/h2>\n<p>Fanpage:\u00a0<a href=\"https:\/\/www.facebook.com\/booking.dalatreview.vn\/\">Booking \u0110\u00e0 L\u1ea1t \u2013 www.dalatreview.vn<\/a><\/p>\n<p>S\u0110T\/Zalo: 0988 249 297<\/p>\n<\/article>\n<\/div>\n<\/div>\n<\/article>\n<article class=\"post-content xemthem\"><\/article>\n<div id=\"comments\" class=\"comments-area\"><\/div>\n<\/div>\n<\/div>\n<\/div>\n<\/article>\n<article class=\"post-content xemthem\"><\/article>\n<div id=\"comments\" class=\"comments-area\"><\/div>\n<\/div>\n<\/div>\n<\/article>\n<article class=\"post-content xemthem\"><\/article>\n<div id=\"comments\" class=\"comments-area\"><\/div>\n<\/div>\n<\/div>","protected":false},"excerpt":{"rendered":"<p>Villa \u0110\u00e0 L\u1ea1t Nguy\u00ean T\u1eed L\u1ef1c 5 Ph\u00f2ng Danh m\u1ee5c ch\u00ednh 1. V\u1ecb tr\u00ed 2. Decor 5. Li\u00ean h\u1ec7 1. V\u1ecb tr\u00ed Villa t\u1ecda l\u1ea1c ngay v\u1ecb tr\u00ed trung t\u00e2m \u0111\u01b0\u1eddng Nguy\u00ean T\u1eed L\u1ef1c, Ph\u01b0\u1eddng 8, TP \u0110\u00e0 L\u1ea1t. Ch\u1ec9 c\u00e1ch ch\u1ee3 5 ph\u00fat ch\u1ea1y xe, g\u1ea7n qu\u1ea3ng tr\u01b0\u1eddng L\u00e2m Vi\u00ean, c\u00e1c khu mua s\u1eafm, [&hellip;]<\/p>","protected":false},"featured_media":14851,"comment_status":"open","ping_status":"closed","template":"","meta":{"_acf_changed":false,"rank_math_lock_modified_date":false},"product_cat":[29,2254,45],"product_tag":[],"acf":[],"_links":{"self":[{"href":"https:\/\/dalatreview.vn\/en\/wp-json\/wp\/v2\/product\/14850"}],"collection":[{"href":"https:\/\/dalatreview.vn\/en\/wp-json\/wp\/v2\/product"}],"about":[{"href":"https:\/\/dalatreview.vn\/en\/wp-json\/wp\/v2\/types\/product"}],"replies":[{"embeddable":true,"href":"https:\/\/dalatreview.vn\/en\/wp-json\/wp\/v2\/comments?post=14850"}],"wp:featuredmedia":[{"embeddable":true,"href":"https:\/\/dalatreview.vn\/en\/wp-json\/wp\/v2\/media\/14851"}],"wp:attachment":[{"href":"https:\/\/dalatreview.vn\/en\/wp-json\/wp\/v2\/media?parent=14850"}],"wp:term":[{"taxonomy":"product_cat","embeddable":true,"href":"https:\/\/dalatreview.vn\/en\/wp-json\/wp\/v2\/product_cat?post=14850"},{"taxonomy":"product_tag","embeddable":true,"href":"https:\/\/dalatreview.vn\/en\/wp-json\/wp\/v2\/product_tag?post=14850"}],"curies":[{"name":"wp","href":"https:\/\/api.w.org\/{rel}","templated":true}]}}