
{"id":14834,"date":"2022-02-21T11:02:59","date_gmt":"2022-02-21T04:02:59","guid":{"rendered":"https:\/\/dalatreview.vn\/?p=14834"},"modified":"2024-07-11T11:02:12","modified_gmt":"2024-07-11T04:02:12","slug":"villa-da-lat-vo-truong-toan-5-phong","status":"publish","type":"product","link":"https:\/\/dalatreview.vn\/en\/villa-da-lat-vo-truong-toan-5-phong.html","title":{"rendered":"Villa \u0110\u00e0 L\u1ea1t V\u00f5 Tr\u01b0\u1eddng To\u1ea3n 5 Ph\u00f2ng"},"content":{"rendered":"<p style=\"text-align: center;\"><span style=\"font-size: 24px; color: #008000;\"><strong>Villa \u0110\u00e0 L\u1ea1t V\u00f5 Tr\u01b0\u1eddng To\u1ea3n 5 Ph\u00f2ng<\/strong><\/span><\/p>\n<nav class=\"vietrick-auto-toc\">\n<div class=\"box-title\">\n<h3 class=\"toc-title\" id=\"select-menu\">Danh m\u1ee5c ch\u00ednh<\/h3>\n<div><ion-icon name=\"chevron-up-outline\"><\/ion-icon><\/div>\n<\/div>\n<ul class=\"toc-list\">\n<li><a href='https:\/\/dalatreview.vn\/en#1-vi-tri' class='heading-h2 toc-link smooth-scroll'>1. V\u1ecb tr\u00ed<\/a>\n<li><a href='https:\/\/dalatreview.vn\/en#2-decor' class='heading-h2 toc-link smooth-scroll'>2. Decor<\/a>\n<li><a href='https:\/\/dalatreview.vn\/en#4-gia-phong' class='heading-h2 toc-link smooth-scroll'>4.\u00a0Gi\u00e1 ph\u00f2ng<\/a>\n<li><a href='https:\/\/dalatreview.vn\/en#5-lien-he' class='heading-h2 toc-link smooth-scroll'>5. Li\u00ean h\u1ec7<\/a><\/ul>\n<\/ul>\n<\/li>\n<\/ul>\n<\/nav>\n<h2 id=\"1-vi-tri\"><span style=\"font-size: 24px; color: #008000;\"><strong>1. V\u1ecb tr\u00ed<\/strong><\/span><\/h2>\n<p><span style=\"font-size: 16px;\">N\u1eb1m \u1edf v\u1ecb tr\u00ed trung t\u00e2m \u0111\u01b0\u1eddng V\u00f5 Tr\u01b0\u1eddng To\u1ea3n, ph\u01b0\u1eddng 8, TP \u0110\u00e0 L\u1ea1t. C\u00e1ch ch\u1ee3 5 ph\u00fat ch\u1ea1y xe, g\u1ea7n qu\u1ea3ng tr\u01b0\u1eddng, c\u00e1c \u0111\u1ecba \u0111i\u1ec3m \u0103n u\u1ed1ng v\u00e0 mua s\u1eafm&#8230;<\/span><\/p>\n<p><span style=\"font-size: 16px;\">T\u1ea5t c\u1ea3 t\u1ea1o n\u00ean m\u1ed9t d\u1ea5u \u1ea5n kh\u00f3 phai trong t\u00e2m th\u1ee9c c\u1ee7a nh\u1eefng ng\u01b0\u1eddi \u0111\u00e3 \u0111\u1ebfn v\u00e0 chia xa, d\u1ea5y l\u00ean nh\u1eefng th\u1ed5n th\u1ee9c, xao \u0111\u1ed9ng. N\u1ebfu b\u1ea1n \u0111ang c\u00f3 d\u1ef1 \u0111\u1ecbnh du l\u1ecbch trong n\u01b0\u1edbc th\u00ec th\u00e0nh ph\u1ed1 h\u00e0nh tr\u00ecnh ch\u00ednh l\u00e0 m\u1ed9t \u0111i\u1ec3m \u0111\u1ebfn l\u00fd t\u01b0\u1edfng. M\u1ed9t trong nh\u1eefng \u0111\u1ecba ch\u1ec9 h\u1ed9i t\u1ee5 nhi\u1ec1u \u0111i\u1ec3m \u0111\u1ebfn h\u1ea5p d\u1eabn nh\u1ea5t c\u1ee7a x\u1ee9 s\u1edf s\u01b0\u01a1ng m\u00f9 ch\u00ednh l\u00e0 ph\u01b0\u1eddng 8, \u0110\u00e0 L\u1ea1t. H\u00e3y c\u00f9ng l\u1ef1a ch\u1ecdn n\u01a1i \u0111\u00e2y l\u00e0m \u0111i\u1ec3m d\u1eebng ch\u00e2n<\/span>.<\/p>\n<p><img decoding=\"async\" class=\"wp-image-14846 size-full aligncenter\" src=\"https:\/\/dalatreview.vn\/wp-content\/uploads\/2022\/02\/villa-5-phong-vo-truong-toan-6.jpg\" alt=\"villa 5 phong vo truong toan\" width=\"1200\" height=\"1600\" \/><\/p>\n<h2 id=\"2-decor\"><span style=\"font-size: 24px; color: #008000;\"><strong><span class=\"_4yxo _4yxp\">2. Decor<\/span><\/strong><\/span><\/h2>\n<p><span style=\"font-size: 16px;\">Thi\u1ebft k\u1ebf theo phong c\u00e1ch c\u1ed5 \u0111i\u1ec3n l\u1eabn hi\u1ec7n \u0111\u1ea1i, v\u1eeba \u1ea5m \u00e1p v\u1eeba sang tr\u1ecdng.<\/span><\/p>\n<p><span style=\"font-size: 16px;\">Ph\u00f2ng ri\u00eang \u0111\u01b0\u1ee3c decor r\u1ea5t xinh x\u1eafn v\u00e0 ri\u00eang t\u01b0, c\u00f3 b\u00e0n g\u1ed7 nh\u1ecf nh\u1eafn l\u00f3t d\u01b0\u1edbi l\u00e0 th\u1ea3m l\u00f4ng r\u1ea5t chill \u0111\u1ec3 \u0111\u1ecdc s\u00e1ch, s\u1ed1ng \u1ea3o.<\/span><\/p>\n<p><span style=\"font-size: 16px;\">Kh\u00f4ng gian m\u1edf \u0111\u00f3n \u00e1nh n\u0103ng m\u1eb7t tr\u1eddi, kh\u00f4ng kh\u00ed trong l\u00e0nh nh\u1edd c\u00e2y c\u1ed1i xanh t\u01b0\u01a1i \u1edf trong nh\u00e0 v\u00e0 bao quanh nh\u00e0 n\u1eefa n\u00e8 !<\/span><\/p>\n<p><img decoding=\"async\" class=\"aligncenter wp-image-14847 size-full\" src=\"https:\/\/dalatreview.vn\/wp-content\/uploads\/2022\/02\/villa-5-phong-vo-truong-toan.jpg\" alt=\"villa 5 phong vo truong toan\" width=\"1200\" height=\"900\" \/><\/p>\n<div class=\"pt-2\"><\/div>\n<div class=\"clear\"><strong style=\"color: #008000; font-size: 24px;\">3. D\u1ecbch v\u1ee5 &amp; Ti\u1ec7n nghi<\/strong><\/div>\n<div>\n<div class=\"pt-2\">\n<p><span style=\"font-size: 16px;\">G\u1ed3m 5 ph\u00f2ng ng\u1ee7 sang tr\u1ecdng c\u00f3 gi\u01b0\u1eddng n\u1ec7m ch\u0103n g\u1ed1i.. tivi, wifi mi\u1ec5n ph\u00ed.\u00a0<\/span><br \/>\n<span style=\"font-size: 16px;\">3 ph\u00f2ng 1 gi\u01b0\u1eddng 2 ng\u01b0\u1eddi<\/span><br \/>\n<span style=\"font-size: 16px;\">1 ph\u00f2ng 2 gi\u01b0\u1eddng 4 ng\u01b0\u1eddi<\/span><br \/>\n<span style=\"font-size: 16px;\">1 ph\u00f2ng gia\u00a0\u0111\u00ecnh 4 gi\u01b0\u1eddng\u00a08\u00a0ng\u01b0\u1eddi\u00a0<\/span><\/p>\n<p><span style=\"font-size: 16px;\">S\u1ee9c ch\u1ee9a 14-18 kh\u00e1ch, \u0111\u1ea7y \u0111\u1ee7 ti\u1ec7n \u00edch. V\u1ec7 sinh kh\u00e9p k\u00edn, \u0111\u1ea7y \u0111\u1ee7 d\u1ee5ng c\u1ee5 \u0111\u1ed3 d\u00f9ng c\u00e1 nh\u00e2n&#8230;<\/span><\/p>\n<p><span style=\"font-size: 16px;\">&#8212;&#8212;&#8212;&#8212;&#8212;&#8212;&#8212;&#8212;&#8212;&#8212;&#8212;&#8212;&#8212;&#8212;&#8212;&#8212;&#8212;&#8212;&#8212;&#8212;&#8212;&#8212;&#8212;&#8212;<\/span><\/p>\n<p><span style=\"font-size: 16px;\">&#8211; \u0110\u1ea7y \u0111\u1ee7 ti\u1ec7n nghi nh\u01b0 \u1edf nh\u00e0, ph\u00f2ng kh\u00e1ch r\u1ed9ng r\u00e3i.\u00a0<\/span><\/p>\n<p><span style=\"font-size: 16px;\">&#8211; C\u00f3 di\u1ec7n t\u00edch \u0111\u1ec3 n\u01b0\u1edbng BBQ.<\/span><\/p>\n<p><span style=\"font-size: 16px;\">&#8211; C\u00f3 ch\u1ed7 \u0111\u1eadu xe m\u00e1y, xe h\u01a1i an to\u00e0n free.\u00a0<\/span><\/p>\n<p><span style=\"font-size: 16px;\">&#8211; Y\u00ean t\u0129nh, an ninh 24\/24, s\u1ea1ch s\u1ebd, tho\u00e1ng m\u00e1t, view thi\u00ean nhi\u00ean si\u00eau \u0111\u1eb9p.<\/span><\/p>\n<p><span style=\"font-size: 16px;\">&#8211; B\u1ebfp t\u1ef1 do n\u1ea5u n\u01b0\u1edbng, d\u1ee5ng c\u1ee5 gia v\u1ecb \u0111\u1ea7y \u0111\u1ee7.\u00a0<\/span><\/p>\n<p><span style=\"font-size: 16px;\">&#8211; Ch\u00eca kho\u00e1 trao tay tha h\u1ed3 ri\u00eang t\u01b0.\u00a0<\/span><\/p>\n<p><img decoding=\"async\" class=\"aligncenter wp-image-14848 size-full\" src=\"https:\/\/dalatreview.vn\/wp-content\/uploads\/2022\/02\/villa-5-phong-vo-truong-toan-18.jpg\" alt=\"villa 5 phong vo truong toan\" width=\"1200\" height=\"900\" \/><\/p>\n<\/div>\n<div class=\"clear\"><\/div>\n<\/div>\n<article class=\"post-content\">\n<div class=\"anh_wtm_m\">\n<div class=\"mws_content\">\n<div class=\"pt-2\">\n<article class=\"post-content\">\n<div class=\"anh_wtm_m\">\n<div class=\"mws_content\">\n<article class=\"post-content\">\n<h2 id=\"4-gia-phong\"><span style=\"font-size: 24px; color: #008000;\"><strong><span class=\"_4yxo\">4.<\/span>\u00a0Gi\u00e1 ph\u00f2ng<\/strong><\/span><\/h2>\n<p>Li\u00ean h\u1ec7 \u0111\u1ec3 \u0111\u01b0\u1ee3c \u0110\u00e0 L\u1ea1t Review t\u01b0 v\u1ea5n.<\/p>\n<h2 id=\"5-lien-he\"><span style=\"color: #008000;\">5. Li\u00ean h\u1ec7<\/span><\/h2>\n<p>Fanpage:\u00a0<a href=\"https:\/\/www.facebook.com\/booking.dalatreview.vn\/\">Booking \u0110\u00e0 L\u1ea1t \u2013 www.dalatreview.vn<\/a><\/p>\n<p>S\u0110T\/Zalo: 0988 249 297<\/p>\n<\/article>\n<\/div>\n<\/div>\n<\/article>\n<article class=\"post-content xemthem\"><\/article>\n<div id=\"comments\" class=\"comments-area\"><\/div>\n<\/div>\n<\/div>\n<\/div>\n<\/article>\n<article class=\"post-content xemthem\"><\/article>\n<div id=\"comments\" class=\"comments-area\"><\/div>","protected":false},"excerpt":{"rendered":"<p>Villa \u0110\u00e0 L\u1ea1t V\u00f5 Tr\u01b0\u1eddng To\u1ea3n 5 Ph\u00f2ng Danh m\u1ee5c ch\u00ednh 1. V\u1ecb tr\u00ed 2. Decor 4.\u00a0Gi\u00e1 ph\u00f2ng 5. Li\u00ean h\u1ec7 1. V\u1ecb tr\u00ed N\u1eb1m \u1edf v\u1ecb tr\u00ed trung t\u00e2m \u0111\u01b0\u1eddng V\u00f5 Tr\u01b0\u1eddng To\u1ea3n, ph\u01b0\u1eddng 8, TP \u0110\u00e0 L\u1ea1t. C\u00e1ch ch\u1ee3 5 ph\u00fat ch\u1ea1y xe, g\u1ea7n qu\u1ea3ng tr\u01b0\u1eddng, c\u00e1c \u0111\u1ecba \u0111i\u1ec3m \u0103n u\u1ed1ng v\u00e0 mua [&hellip;]<\/p>","protected":false},"featured_media":14835,"comment_status":"open","ping_status":"closed","template":"","meta":{"_acf_changed":false,"rank_math_lock_modified_date":false},"product_cat":[29,2254,45],"product_tag":[],"acf":[],"_links":{"self":[{"href":"https:\/\/dalatreview.vn\/en\/wp-json\/wp\/v2\/product\/14834"}],"collection":[{"href":"https:\/\/dalatreview.vn\/en\/wp-json\/wp\/v2\/product"}],"about":[{"href":"https:\/\/dalatreview.vn\/en\/wp-json\/wp\/v2\/types\/product"}],"replies":[{"embeddable":true,"href":"https:\/\/dalatreview.vn\/en\/wp-json\/wp\/v2\/comments?post=14834"}],"wp:featuredmedia":[{"embeddable":true,"href":"https:\/\/dalatreview.vn\/en\/wp-json\/wp\/v2\/media\/14835"}],"wp:attachment":[{"href":"https:\/\/dalatreview.vn\/en\/wp-json\/wp\/v2\/media?parent=14834"}],"wp:term":[{"taxonomy":"product_cat","embeddable":true,"href":"https:\/\/dalatreview.vn\/en\/wp-json\/wp\/v2\/product_cat?post=14834"},{"taxonomy":"product_tag","embeddable":true,"href":"https:\/\/dalatreview.vn\/en\/wp-json\/wp\/v2\/product_tag?post=14834"}],"curies":[{"name":"wp","href":"https:\/\/api.w.org\/{rel}","templated":true}]}}