
{"id":14819,"date":"2022-02-21T10:15:35","date_gmt":"2022-02-21T03:15:35","guid":{"rendered":"https:\/\/dalatreview.vn\/?p=14819"},"modified":"2024-07-11T11:02:13","modified_gmt":"2024-07-11T04:02:13","slug":"villa-da-lat-mai-anh-dao-5-phong","status":"publish","type":"product","link":"https:\/\/dalatreview.vn\/en\/villa-da-lat-mai-anh-dao-5-phong.html","title":{"rendered":"Villa \u0110\u00e0 L\u1ea1t Mai Anh \u0110\u00e0o 5 Ph\u00f2ng"},"content":{"rendered":"<p style=\"text-align: center;\"><span style=\"color: #008000;\"><strong><span style=\"font-size: 24px;\">Villa \u0110\u00e0 L\u1ea1t Mai Anh \u0110\u00e0o 5 Ph\u00f2ng<\/span><\/strong><\/span><\/p>\n<nav class=\"vietrick-auto-toc\">\n<div class=\"box-title\">\n<h3 class=\"toc-title\" id=\"select-menu\">Danh m\u1ee5c ch\u00ednh<\/h3>\n<div><ion-icon name=\"chevron-up-outline\"><\/ion-icon><\/div>\n<\/div>\n<ul class=\"toc-list\">\n<li><a href='https:\/\/dalatreview.vn\/en#1-vi-tri' class='heading-h2 toc-link smooth-scroll'>1. V\u1ecb tr\u00ed<\/a>\n<li><a href='https:\/\/dalatreview.vn\/en#2-decor' class='heading-h2 toc-link smooth-scroll'>2. Decor<\/a>\n<li><a href='https:\/\/dalatreview.vn\/en#3-dich-vu-tien-nghi' class='heading-h2 toc-link smooth-scroll'>3. D\u1ecbch v\u1ee5 &amp; Ti\u1ec7n nghi<\/a>\n<li><a href='https:\/\/dalatreview.vn\/en#4-gia-phong' class='heading-h2 toc-link smooth-scroll'>4.\u00a0Gi\u00e1 ph\u00f2ng<\/a>\n<li><a href='https:\/\/dalatreview.vn\/en#5-lien-he' class='heading-h2 toc-link smooth-scroll'>5. Li\u00ean h\u1ec7<\/a><\/ul>\n<\/ul>\n<\/li>\n<\/ul>\n<\/nav>\n<h2 id=\"1-vi-tri\"><span style=\"color: #008000;\"><strong><span style=\"font-size: 24px;\">1. V\u1ecb tr\u00ed<\/span><\/strong><\/span><\/h2>\n<p>T\u1ecda l\u1ea1c ngay v\u1ecb tr\u00ed trung t\u00e2m n\u1eb1m tr\u00ean tr\u1ee5c \u0111\u01b0\u1eddng l\u1edbn\u00a0Mai Anh \u0110\u00e0o, ph\u01b0\u1eddng 8, TP \u0110\u00e0 L\u1ea1t, v\u1edbi c\u1ea3nh \u0111\u1eb9p m\u1ed9ng m\u01a1 m\u00e0 g\u1ea7n g\u0169i, hi\u1ec7n \u0111\u1ea1i m\u00e0 c\u1ed5 k\u00ednh, con ng\u01b0\u1eddi th\u00e2n thi\u1ec7n v\u00e0 hi\u1ebfu kh\u00e1ch.<\/p>\n<p>G\u1ea7n c\u00e1c \u0111i\u1ec3m du l\u1ecbch n\u1ed5i ti\u1ebfng nh\u01b0: \u0110\u1ed3i M\u1ed9ng M\u01a1, Thung L\u0169ng T\u00ecnh Y\u00eau, V\u01b0\u1eddn D\u00e2u \u0110\u00e0 L\u1ea1t,&#8230;<\/p>\n<p><img decoding=\"async\" class=\"aligncenter wp-image-14830 size-full\" src=\"https:\/\/dalatreview.vn\/wp-content\/uploads\/2022\/02\/villa-5-phong-mai-anh-dao-8.jpg\" alt=\"villa 5 phong mai anh dao\" width=\"1280\" height=\"814\" \/><\/p>\n<h2 id=\"2-decor\"><span style=\"color: #008000;\"><strong><span style=\"font-size: 24px;\"><span class=\"_4yxo _4yxp\">2. Decor<\/span><\/span><\/strong><\/span><\/h2>\n<p>Villa hi\u1ec7n \u0111\u1ea1i v\u00e0 cao c\u1ea5p, thi\u1ebft k\u1ebf \u0111\u1ea7y \u0111\u1ee7 ti\u1ec7n \u00edch theo phong c\u00e1ch Ch\u00e2u \u00c2u. Nhi\u1ec1u kh\u00f4ng gian s\u1ed1ng \u1ea3o.<\/p>\n<p>View cao, s\u00e2n v\u01b0\u1eddn r\u1ed9ng r\u00e3i v\u1edbi th\u1ea3m c\u1ecf xanh m\u01b0\u1edbt tha h\u1ed3 vui ch\u01a1i.<\/p>\n<p>C\u00f3 th\u1ec3 ng\u1eafm nh\u00ecn th\u1ebf gi\u1edbi b\u00ean ngo\u00e0i qua c\u00e1c khung c\u1eeda k\u00ednh trong ph\u00f2ng hay tr\u00ean ban c\u00f4ng c\u1ee7a ch\u00ednh c\u0103n nh\u00e0 n\u00e0y n\u1eefa nh\u00e9 !<\/p>\n<p><img decoding=\"async\" class=\"aligncenter wp-image-14831 size-full\" src=\"https:\/\/dalatreview.vn\/wp-content\/uploads\/2022\/02\/villa-5-phong-mai-anh-dao.jpg\" alt=\"villa 5 phong mai anh dao\" width=\"1200\" height=\"900\" \/><\/p>\n<h2 id=\"3-dich-vu-tien-nghi\"><span style=\"color: #008000;\"><strong><span style=\"font-size: 24px;\">3. D\u1ecbch v\u1ee5 &amp; Ti\u1ec7n nghi<\/span><\/strong><\/span><\/h2>\n<p style=\"margin: 0cm; background: white;\"><span style=\"font-size: 16px; font-family: 'Segoe UI', sans-serif; color: #212529;\">G\u1ed3m 5 ph\u00f2ng ng\u1ee7 sang tr\u1ecdng, 5wc, n\u00f3ng l\u1ea1nh, \u0111\u1ed3 d\u00f9ng c\u00e1 nh\u00e2n \u1ea7y \u0111\u1ee7 v\u00e0 mi\u1ec5n ph\u00ed.<br \/>\n3 ph\u00f2ng 1 gi\u01b0\u1eddng 2 ng\u01b0\u1eddi<br \/>\n2 ph\u00f2ng 2 gi\u01b0\u1eddng 4 ng\u01b0\u1eddi<\/span><\/p>\n<p style=\"margin: 0cm; background: white;\"><span style=\"font-size: 16px; font-family: 'Segoe UI', sans-serif; color: #212529;\">S\u1ee9c ch\u1ee9a 14-16 kh\u00e1ch<\/span><\/p>\n<p>&#8212;&#8212;&#8212;&#8212;&#8212;&#8212;&#8212;&#8212;&#8212;&#8212;&#8212;&#8212;&#8212;&#8212;&#8212;&#8212;&#8212;&#8212;&#8212;&#8212;&#8212;&#8212;&#8212;&#8212;<\/p>\n<p style=\"margin: 0cm; background: white;\"><span style=\"font-size: 16px; font-family: 'Segoe UI', sans-serif; color: #212529;\">&#8211; \u0110\u1ea7y \u0111\u1ee7 ti\u1ec7n nghi nh\u01b0 \u1edf nh\u00e0. Ph\u00f2ng kh\u00e1ch r\u1ed9ng r\u00e3i.\u00a0<\/span><\/p>\n<p style=\"margin: 0cm; background: white;\"><span style=\"font-size: 16px; font-family: 'Segoe UI', sans-serif; color: #212529;\">&#8211; C\u00f3 di\u1ec7n t\u00edch \u0111\u1ec3 n\u01b0\u1edbng BBQ.<\/span><\/p>\n<p style=\"margin: 0cm; background: white;\"><span style=\"font-size: 16px; font-family: 'Segoe UI', sans-serif; color: #212529;\">&#8211; C\u00f3 ch\u1ed7 \u0111\u1eadu xe m\u00e1y, xe h\u01a1i an to\u00e0n. C\u00f3 th\u00eam d\u1ecbch v\u1ee5 \u0111\u01b0a \u0111\u00f3n v\u00e0 thu\u00ea xe n\u1eefa nh\u00e9.<\/span><\/p>\n<p style=\"margin: 0cm; background: white;\"><span style=\"font-size: 16px; font-family: 'Segoe UI', sans-serif; color: #212529;\">&#8211; Y\u00ean t\u0129nh, an ninh 24\/24, s\u1ea1ch s\u1ebd, tho\u00e1ng m\u00e1t, view thi\u00ean nhi\u00ean si\u00eau \u0111\u1eb9p.<\/span><\/p>\n<p style=\"margin: 0cm; background: white;\"><span style=\"font-size: 16px; font-family: 'Segoe UI', sans-serif; color: #212529;\">&#8211; B\u1ebfp t\u1ef1 do n\u1ea5u n\u01b0\u1edbng \u0111\u1ea7y \u0111\u1ee7 d\u1ee5ng c\u1ee5, gia v\u1ecb.\u00a0<\/span><\/p>\n<p style=\"margin: 0cm; background: white;\"><span style=\"font-size: 16px; font-family: 'Segoe UI', sans-serif; color: #212529;\">&#8211; Ch\u00eca kho\u00e1 trao tay tha h\u1ed3 ri\u00eang t\u01b0.<\/span><\/p>\n<p><img decoding=\"async\" class=\"aligncenter wp-image-14832 size-full\" src=\"https:\/\/dalatreview.vn\/wp-content\/uploads\/2022\/02\/villa-5-phong-mai-anh-dao-26.jpg\" alt=\"villa 5 phong mai anh dao\" width=\"1200\" height=\"900\" \/><\/p>\n<p>&nbsp;<\/p>\n<div class=\"pt-2\">\n<article class=\"post-content\">\n<div class=\"anh_wtm_m\">\n<div class=\"mws_content\">\n<article class=\"post-content\">\n<h2 id=\"4-gia-phong\"><span style=\"color: #008000;\"><strong><span style=\"font-size: 24px;\"><span class=\"_4yxo\">4.<\/span>\u00a0Gi\u00e1 ph\u00f2ng<\/span><\/strong><\/span><\/h2>\n<p>Li\u00ean h\u1ec7 \u0111\u1ec3 \u0111\u01b0\u1ee3c \u0110\u00e0 L\u1ea1t Review t\u01b0 v\u1ea5n.<\/p>\n<h2 id=\"5-lien-he\"><span style=\"color: #008000;\">5. Li\u00ean h\u1ec7<\/span><\/h2>\n<p>Fanpage:\u00a0<a href=\"https:\/\/www.facebook.com\/booking.dalatreview.vn\/\">Booking \u0110\u00e0 L\u1ea1t \u2013 www.dalatreview.vn<\/a><\/p>\n<p>S\u0110T\/Zalo: 0988 249 297<\/p>\n<\/article>\n<\/div>\n<\/div>\n<\/article>\n<article class=\"post-content xemthem\"><\/article>\n<div id=\"comments\" class=\"comments-area\"><\/div>\n<\/div>","protected":false},"excerpt":{"rendered":"<p>Villa \u0110\u00e0 L\u1ea1t Mai Anh \u0110\u00e0o 5 Ph\u00f2ng Danh m\u1ee5c ch\u00ednh 1. V\u1ecb tr\u00ed 2. Decor 3. D\u1ecbch v\u1ee5 &amp; Ti\u1ec7n nghi 4.\u00a0Gi\u00e1 ph\u00f2ng 5. Li\u00ean h\u1ec7 1. V\u1ecb tr\u00ed T\u1ecda l\u1ea1c ngay v\u1ecb tr\u00ed trung t\u00e2m n\u1eb1m tr\u00ean tr\u1ee5c \u0111\u01b0\u1eddng l\u1edbn\u00a0Mai Anh \u0110\u00e0o, ph\u01b0\u1eddng 8, TP \u0110\u00e0 L\u1ea1t, v\u1edbi c\u1ea3nh \u0111\u1eb9p m\u1ed9ng m\u01a1 m\u00e0 [&hellip;]<\/p>","protected":false},"featured_media":14824,"comment_status":"open","ping_status":"closed","template":"","meta":{"_acf_changed":false,"rank_math_lock_modified_date":false},"product_cat":[29,2254,45],"product_tag":[],"acf":[],"_links":{"self":[{"href":"https:\/\/dalatreview.vn\/en\/wp-json\/wp\/v2\/product\/14819"}],"collection":[{"href":"https:\/\/dalatreview.vn\/en\/wp-json\/wp\/v2\/product"}],"about":[{"href":"https:\/\/dalatreview.vn\/en\/wp-json\/wp\/v2\/types\/product"}],"replies":[{"embeddable":true,"href":"https:\/\/dalatreview.vn\/en\/wp-json\/wp\/v2\/comments?post=14819"}],"wp:featuredmedia":[{"embeddable":true,"href":"https:\/\/dalatreview.vn\/en\/wp-json\/wp\/v2\/media\/14824"}],"wp:attachment":[{"href":"https:\/\/dalatreview.vn\/en\/wp-json\/wp\/v2\/media?parent=14819"}],"wp:term":[{"taxonomy":"product_cat","embeddable":true,"href":"https:\/\/dalatreview.vn\/en\/wp-json\/wp\/v2\/product_cat?post=14819"},{"taxonomy":"product_tag","embeddable":true,"href":"https:\/\/dalatreview.vn\/en\/wp-json\/wp\/v2\/product_tag?post=14819"}],"curies":[{"name":"wp","href":"https:\/\/api.w.org\/{rel}","templated":true}]}}