
{"id":14807,"date":"2022-02-21T09:02:29","date_gmt":"2022-02-21T02:02:29","guid":{"rendered":"https:\/\/dalatreview.vn\/?p=14807"},"modified":"2024-07-11T11:02:14","modified_gmt":"2024-07-11T04:02:14","slug":"villa-da-lat-hoang-van-thu-5-phong","status":"publish","type":"product","link":"https:\/\/dalatreview.vn\/en\/villa-da-lat-hoang-van-thu-5-phong.html","title":{"rendered":"Villa \u0110\u00e0 L\u1ea1t Ho\u00e0ng V\u0103n Th\u1ee5 5 Ph\u00f2ng"},"content":{"rendered":"<p style=\"text-align: center;\"><span style=\"color: #008000; font-size: 24px;\"><strong>Villa \u0110\u00e0 L\u1ea1t Ho\u00e0ng V\u0103n Th\u1ee5 5 Ph\u00f2ng<\/strong><\/span><\/p>\n<nav class=\"vietrick-auto-toc\">\n<div class=\"box-title\">\n<h3 class=\"toc-title\" id=\"select-menu\">Danh m\u1ee5c ch\u00ednh<\/h3>\n<div><ion-icon name=\"chevron-up-outline\"><\/ion-icon><\/div>\n<\/div>\n<ul class=\"toc-list\">\n<li><a href='https:\/\/dalatreview.vn\/en#1-vi-tri' class='heading-h2 toc-link smooth-scroll'>1. V\u1ecb tr\u00ed<\/a>\n<li><a href='https:\/\/dalatreview.vn\/en#2-decor' class='heading-h2 toc-link smooth-scroll'>2. Decor<\/a>\n<li><a href='https:\/\/dalatreview.vn\/en#3-dich-vu-tien-nghi' class='heading-h2 toc-link smooth-scroll'>3. D\u1ecbch v\u1ee5 &amp; Ti\u1ec7n nghi<\/a>\n<li><a href='https:\/\/dalatreview.vn\/en#4-gia-phong' class='heading-h2 toc-link smooth-scroll'>4.\u00a0Gi\u00e1 ph\u00f2ng<\/a>\n<li><a href='https:\/\/dalatreview.vn\/en#5-lien-he' class='heading-h2 toc-link smooth-scroll'>5. Li\u00ean h\u1ec7<\/a><\/ul>\n<\/ul>\n<\/li>\n<\/ul>\n<\/nav>\n<h2 id=\"1-vi-tri\"><span style=\"color: #008000; font-size: 24px;\"><strong>1. V\u1ecb tr\u00ed<\/strong><\/span><\/h2>\n<p>Villa Ho\u00e0ng V\u0103n Th\u1ee5 5 ph\u00f2ng ch\u1ec9 c\u00e1ch ch\u1ee3 5 ph\u00fat ch\u1ea1y xe. T\u1ecda l\u1ea1c ngay v\u1ecb tr\u00ed trung t\u00e2m, ph\u01b0\u1eddng 4, TP \u0110\u00e0 L\u1ea1t. \u0110\u01b0\u1ee3c m\u1ec7nh danh l\u00e0 th\u00e0nh ph\u1ed1 \u0110\u00e0 L\u1ea1t m\u1ed9ng m\u01a1, n\u01a1i \u0111\u00e2y tr\u1edf th\u00e0nh s\u1ef1 l\u1ef1a ch\u1ecdn l\u00fd t\u01b0\u1edfng khi thu h\u00fat du kh\u00e1ch trong n\u01b0\u1edbc v\u00e0 qu\u1ed1c t\u1ebf khi \u0111\u1ebfn \u0111\u00e2y.<\/p>\n<p><img decoding=\"async\" class=\"aligncenter wp-image-14815 size-full\" src=\"https:\/\/dalatreview.vn\/wp-content\/uploads\/2022\/02\/villa-5-phong-hoang-van-thu-5-1.jpg\" alt=\"villa 5 phong hoang van thu \" width=\"1600\" height=\"1198\" \/><\/p>\n<p>1 s\u1ed1 \u0111\u1ecba \u0111i\u1ec3m \u0103n u\u1ed1ng v\u00e0 checkin t\u1ea1i ph\u01b0\u1eddng 4:<\/p>\n<p>&#8211; \u0110\u01b0\u1eddng H\u1ea7m \u0110i\u00eau Kh\u1eafc \u0110\u00e0 L\u1ea1t.<\/p>\n<p>&#8211; H\u1ed3 Tuy\u1ebft L\u00e2m<\/p>\n<p>&#8211; B\u00e1nh Tr\u00e1ng N\u01b0\u1edbng<\/p>\n<p>&#8211; B\u00e1nh M\u00ec X\u00edu M\u1ea1i<\/p>\n<p>&#8211; Ram B\u1eafp&#8230;<\/p>\n<h2 id=\"2-decor\"><span style=\"color: #008000; font-size: 24px;\"><strong><span class=\"_4yxo _4yxp\">2. Decor<\/span><\/strong><\/span><\/h2>\n<p>C\u0103n nh\u00e0 v\u1edbi view thi\u00ean nhi\u00ean bao quanh t\u1ea1o c\u1ea3m gi\u00e1c m\u00e1t m\u1ebb v\u00e0 trong l\u00e0nh. Thi\u1ebft k\u1ebf theo kh\u00f4ng gian m\u1edf \u0111\u00f3n \u00e1nh s\u00e1ng t\u1ef1 nhi\u00ean khi\u1ebfn villa tr\u1edf n\u00ean v\u00f4 c\u00f9ng r\u1ed9ng r\u00e3i.<\/p>\n<p>N\u1ed9i th\u1ea5t cao c\u1ea5p, \u0111\u1ea7y \u0111\u1ee7 v\u00e0 ti\u1ec7n nghi + decor c\u00e1c ph\u00f2ng r\u1ea5t bling bling v\u00e0 \u1ea5m c\u00fang.<\/p>\n<p>\u0110\u1eb7c bi\u1ec7t l\u00e0 s\u00e2n v\u01b0\u1eddn c\u0169ng \u0111\u01b0\u1ee3c d\u00e0nh 1 kho\u1ea3ng u\u1ed1ng c\u00e0 ph\u00ea, t\u00e2m s\u1ef1 v\u1edbi trang tr\u00ed d\u00e2y \u0111\u00e8n v\u00e0ng \u1ea5m \u00e1p lung linh v\u00e0o m\u1ed7i t\u1ed1i.<\/p>\n<p><img decoding=\"async\" class=\"aligncenter wp-image-14816 size-full\" src=\"https:\/\/dalatreview.vn\/wp-content\/uploads\/2022\/02\/vllia-5-phong-hoang-van-thu.jpg\" alt=\"villa 5 phong hoang van thu \" width=\"1200\" height=\"900\" \/><\/p>\n<h2 id=\"3-dich-vu-tien-nghi\"><span style=\"color: #008000; font-size: 24px;\"><strong>3. D\u1ecbch v\u1ee5 &amp; Ti\u1ec7n nghi<\/strong><\/span><\/h2>\n<div class=\"pt-2\">\n<p><span style=\"font-size: 16px;\">G\u1ed3m 5 ph\u00f2ng ng\u1ee7 sang tr\u1ecdng:<\/span><br \/>\n<span style=\"font-size: 16px;\">2 ph\u00f2ng 1\u00a0gi\u01b0\u1eddng 2\u00a0ng\u01b0\u1eddi<\/span><br \/>\n<span style=\"font-size: 16px;\">3 ph\u00f2ng 2\u00a0gi\u01b0\u1eddng 4\u00a0ng\u01b0\u1eddi<\/span><\/p>\n<p><span style=\"font-size: 16px;\">S\u1ee9c ch\u1ee9a 16-18 kh\u00e1ch, v\u1ec7 sinh kh\u00e9p k\u00edn, c\u00f3 n\u00f3ng l\u1ea1nh, \u0111\u1ea7y \u0111\u1ee7 d\u1ee5ng c\u1ee5 c\u1ea7n thi\u1ebft&#8230;\u00a0<\/span><\/p>\n<p><span style=\"font-size: 16px;\">&#8212;&#8212;&#8212;&#8212;&#8212;&#8212;&#8212;&#8212;&#8212;&#8212;&#8212;&#8212;&#8212;&#8212;&#8212;&#8212;&#8212;&#8212;&#8212;&#8212;&#8212;&#8212;&#8212;&#8212;<\/span><\/p>\n<p><span style=\"font-size: 16px;\">&#8211; \u0110\u1ea7y \u0111\u1ee7 ti\u1ec7n nghi nh\u01b0 \u1edf nh\u00e0.<\/span><\/p>\n<p><span style=\"font-size: 16px;\">&#8211; C\u00f3 di\u1ec7n t\u00edch \u0111\u1ec3 n\u01b0\u1edbng BBQ.<\/span><\/p>\n<p><span style=\"font-size: 16px;\">&#8211; C\u00f3 ch\u1ed7 \u0111\u1eadu xe m\u00e1y, xe h\u01a1i an to\u00e0n.<\/span><\/p>\n<p><span style=\"font-size: 16px;\">&#8211; Y\u00ean t\u0129nh, an ninh 24\/24, s\u1ea1ch s\u1ebd, tho\u00e1ng m\u00e1t, view thi\u00ean nhi\u00ean si\u00eau \u0111\u1eb9p.<\/span><\/p>\n<p><span style=\"font-size: 16px;\">&#8211; B\u1ebfp t\u1ef1 do n\u1ea5u n\u01b0\u1edbng, l\u00f2 vi s\u00f3ng, gia v\u1ecb v\u00e0 d\u1ee5ng c\u1ee5 n\u1ea5u \u0103n cao c\u1ea5p \u0111\u1ea7y \u0111\u1ee7.\u00a0<\/span><\/p>\n<p><span style=\"font-size: 16px;\">&#8211; Ch\u00eca kho\u00e1 trao tay tha h\u1ed3 ri\u00eang t\u01b0\u00a0<\/span><\/p>\n<p><img decoding=\"async\" class=\"aligncenter wp-image-14817 size-full\" src=\"https:\/\/dalatreview.vn\/wp-content\/uploads\/2022\/02\/vllia-5-phong-hoang-van-thu-1.jpg\" alt=\"villa 5 phong hoang van thu \" width=\"1200\" height=\"900\" \/><\/p>\n<\/div>\n<div class=\"clear\"><\/div>\n<div class=\"row\">\n<div class=\"tuongtu-title pt-3 m-3\"><\/div>\n<\/div>\n<article class=\"post-content\">\n<h2 id=\"4-gia-phong\"><span style=\"color: #008000; font-size: 24px;\"><strong><span class=\"_4yxo\">4.<\/span>\u00a0Gi\u00e1 ph\u00f2ng<\/strong><\/span><\/h2>\n<p><span style=\"font-size: 16px;\">Li\u00ean h\u1ec7 \u0111\u1ec3 \u0111\u01b0\u1ee3c \u0110\u00e0 L\u1ea1t Review t\u01b0 v\u1ea5n.<\/span><\/p>\n<h2 id=\"5-lien-he\"><span style=\"color: #008000;\">5. Li\u00ean h\u1ec7<\/span><\/h2>\n<p><span style=\"font-size: 16px;\">Fanpage:\u00a0<a href=\"https:\/\/www.facebook.com\/booking.dalatreview.vn\/\">Booking \u0110\u00e0 L\u1ea1t \u2013 www.dalatreview.vn<\/a><\/span><\/p>\n<p><span style=\"font-size: 16px;\">S\u0110T\/Zalo: 0988 249 297<\/span><\/p>\n<\/article>","protected":false},"excerpt":{"rendered":"<p>Villa \u0110\u00e0 L\u1ea1t Ho\u00e0ng V\u0103n Th\u1ee5 5 Ph\u00f2ng Danh m\u1ee5c ch\u00ednh 1. V\u1ecb tr\u00ed 2. Decor 3. D\u1ecbch v\u1ee5 &amp; Ti\u1ec7n nghi 4.\u00a0Gi\u00e1 ph\u00f2ng 5. Li\u00ean h\u1ec7 1. V\u1ecb tr\u00ed Villa Ho\u00e0ng V\u0103n Th\u1ee5 5 ph\u00f2ng ch\u1ec9 c\u00e1ch ch\u1ee3 5 ph\u00fat ch\u1ea1y xe. T\u1ecda l\u1ea1c ngay v\u1ecb tr\u00ed trung t\u00e2m, ph\u01b0\u1eddng 4, TP \u0110\u00e0 L\u1ea1t. [&hellip;]<\/p>","protected":false},"featured_media":14808,"comment_status":"open","ping_status":"closed","template":"","meta":{"_acf_changed":false,"rank_math_lock_modified_date":false},"product_cat":[29,2254,45],"product_tag":[],"acf":[],"_links":{"self":[{"href":"https:\/\/dalatreview.vn\/en\/wp-json\/wp\/v2\/product\/14807"}],"collection":[{"href":"https:\/\/dalatreview.vn\/en\/wp-json\/wp\/v2\/product"}],"about":[{"href":"https:\/\/dalatreview.vn\/en\/wp-json\/wp\/v2\/types\/product"}],"replies":[{"embeddable":true,"href":"https:\/\/dalatreview.vn\/en\/wp-json\/wp\/v2\/comments?post=14807"}],"wp:featuredmedia":[{"embeddable":true,"href":"https:\/\/dalatreview.vn\/en\/wp-json\/wp\/v2\/media\/14808"}],"wp:attachment":[{"href":"https:\/\/dalatreview.vn\/en\/wp-json\/wp\/v2\/media?parent=14807"}],"wp:term":[{"taxonomy":"product_cat","embeddable":true,"href":"https:\/\/dalatreview.vn\/en\/wp-json\/wp\/v2\/product_cat?post=14807"},{"taxonomy":"product_tag","embeddable":true,"href":"https:\/\/dalatreview.vn\/en\/wp-json\/wp\/v2\/product_tag?post=14807"}],"curies":[{"name":"wp","href":"https:\/\/api.w.org\/{rel}","templated":true}]}}