
{"id":14751,"date":"2022-02-19T17:02:47","date_gmt":"2022-02-19T10:02:47","guid":{"rendered":"https:\/\/dalatreview.vn\/?p=14751"},"modified":"2024-07-11T11:02:15","modified_gmt":"2024-07-11T04:02:15","slug":"villa-da-lat-dang-thai-than-5-phong","status":"publish","type":"product","link":"https:\/\/dalatreview.vn\/en\/villa-da-lat-dang-thai-than-5-phong.html","title":{"rendered":"Villa \u0110\u00e0 L\u1ea1t \u0110\u1eb7ng Th\u00e1i Th\u00e2n 5 Ph\u00f2ng"},"content":{"rendered":"<p style=\"text-align: center;\"><strong><span style=\"font-size: 24px; color: #008000;\">Villa \u0110\u00e0 L\u1ea1t \u0110\u1eb7ng Th\u00e1i Th\u00e2n 5 Ph\u00f2ng<\/span><\/strong><\/p>\n<nav class=\"vietrick-auto-toc\">\n<div class=\"box-title\">\n<h3 class=\"toc-title\" id=\"select-menu\">Danh m\u1ee5c ch\u00ednh<\/h3>\n<div><ion-icon name=\"chevron-up-outline\"><\/ion-icon><\/div>\n<\/div>\n<ul class=\"toc-list\">\n<li><a href='https:\/\/dalatreview.vn\/en#1-vi-tri' class='heading-h2 toc-link smooth-scroll'>1. V\u1ecb tr\u00ed<\/a>\n<li><a href='https:\/\/dalatreview.vn\/en#2-decor' class='heading-h2 toc-link smooth-scroll'>2. Decor<\/a>\n<li><a href='https:\/\/dalatreview.vn\/en#3-dich-vu-tien-nghi' class='heading-h2 toc-link smooth-scroll'>3. D\u1ecbch v\u1ee5 &amp; Ti\u1ec7n nghi<\/a>\n<li><a href='https:\/\/dalatreview.vn\/en#4-gia-phong' class='heading-h2 toc-link smooth-scroll'>4.\u00a0Gi\u00e1 ph\u00f2ng<\/a>\n<li><a href='https:\/\/dalatreview.vn\/en#5-lien-he' class='heading-h2 toc-link smooth-scroll'>5. Li\u00ean h\u1ec7<\/a><\/ul>\n<\/ul>\n<\/li>\n<\/ul>\n<\/nav>\n<h2 id=\"1-vi-tri\"><strong><span style=\"font-size: 24px; color: #008000;\">1. V\u1ecb tr\u00ed<\/span><\/strong><\/h2>\n<p class=\"main-intro detail-intro\"><span style=\"font-size: 16px;\">T\u1ecda l\u1ea1c t\u1ea1i <strong>\u0111\u01b0\u1eddng \u0110\u1eb7ng Th\u00e1i Th\u00e2n<\/strong> ngay khu v\u1ef1c trung t\u00e2m, ch\u1ec9 c\u00e1ch ch\u1ee3 5 ph\u00fat ch\u1ea1y xe, l\u00e0 con \u0111\u01b0\u1eddng th\u01a1 m\u1ed9ng v\u1edbi view thung l\u0169ng, n\u00fai \u0111\u1ed3i xanh ng\u00e1t, \u0110\u1eb7ng Th\u00e1i Th\u00e2n h\u1ed9i t\u1ee5 r\u1ea5t nhi\u1ec1u homestay xinh x\u1eafn, ch\u1ec9 c\u1ea7n nh\u00ecn th\u00f4i b\u1ea1n \u0111\u00e3 mu\u1ed1n \u1edf ngay.<\/span><\/p>\n<p><img decoding=\"async\" class=\"aligncenter wp-image-14761 size-full\" src=\"https:\/\/dalatreview.vn\/wp-content\/uploads\/2022\/02\/villa-5-phong-dang-thai-than-8-1.jpg\" alt=\"villa 5 phong dang thai than\" width=\"1280\" height=\"859\" \/><\/p>\n<h2 id=\"2-decor\"><strong><span style=\"font-size: 24px; color: #008000;\"><span class=\"_4yxo _4yxp\">2. Decor<\/span><\/span><\/strong><\/h2>\n<p><span style=\"font-size: 16px;\">Villa \u0111\u01b0\u1ee3c trang tr\u00ed n\u1ed9i th\u1ea5t g\u1ed7 sang tr\u1ecdng mang l\u1ea1i c\u1ea3m gi\u00e1c \u1ea5m \u00e1p nh\u01b0 ch\u00ednh ng\u00f4i nh\u00e0 c\u1ee7a b\u1ea1n. Y\u00ean t\u0129nh, tho\u1ea3i m\u00e1i, s\u1ea1ch s\u1ebd v\u00e0 chu \u0111\u00e1o.<\/span><\/p>\n<p><span style=\"font-size: 16px;\">M\u1ed7i ph\u00f2ng s\u1ebd \u0111\u01b0\u1ee3c decor theo 1 phong c\u00e1ch ri\u00eang mang l\u1ea1i nhi\u1ec1u m\u00e0u s\u1eafc v\u00e0 \u1ea5n t\u01b0\u1ee3ng kh\u00e1c nhau cho b\u1ea1n.<\/span><\/p>\n<p><img decoding=\"async\" class=\"aligncenter wp-image-14762 size-full\" src=\"https:\/\/dalatreview.vn\/wp-content\/uploads\/2022\/02\/villa-5-phong-dang-thai-than.jpg\" alt=\"villa 5 phong dang thai than\" width=\"1200\" height=\"900\" \/><\/p>\n<h2 id=\"3-dich-vu-tien-nghi\"><strong><span style=\"font-size: 24px; color: #008000;\">3. D\u1ecbch v\u1ee5 &amp; Ti\u1ec7n nghi<\/span><\/strong><\/h2>\n<p style=\"margin: 0cm; background: white;\"><span style=\"font-size: 16px; font-family: 'Segoe UI', sans-serif; color: #212529;\">G\u1ed3m 5 ph\u00f2ng ng\u1ee7 sang tr\u1ecdng, c\u00f3 gi\u01b0\u1eddng + n\u1ec7m extra, wc ri\u00eang<br \/>\n4 ph\u00f2ng 1 gi\u01b0\u1eddng 2 ng\u01b0\u1eddi<br \/>\n1 ph\u00f2ng 2 gi\u01b0\u1eddng 4 ng\u01b0\u1eddi<\/span><\/p>\n<p style=\"margin: 0cm; background: white;\"><span style=\"font-size: 16px; font-family: 'Segoe UI', sans-serif; color: #212529;\">S\u1ee9c ch\u1ee9a 12-14\u00a0kh\u00e1ch<\/span><\/p>\n<p style=\"margin: 0cm; background: white;\"><span style=\"font-size: 16px; font-family: 'Segoe UI', sans-serif; color: #212529;\">&#8212;&#8212;&#8212;&#8212;&#8212;&#8212;&#8212;&#8212;&#8212;&#8212;&#8212;&#8212;&#8212;&#8212;&#8212;&#8212;&#8212;&#8212;&#8212;&#8212;&#8212;&#8212;&#8212;&#8212;<\/span><\/p>\n<p style=\"margin: 0cm; background: white;\"><span style=\"font-size: 16px; font-family: 'Segoe UI', sans-serif; color: #212529;\">&#8211; \u0110\u1ea7y \u0111\u1ee7 ti\u1ec7n nghi nh\u01b0 \u1edf nh\u00e0, ph\u00f2ng kh\u00e1ch v\u00e0 b\u1ebfp \u0111\u1ea7y \u0111\u1ee7 cho b\u1ea1n s\u1eed d\u1ee5ng<\/span><\/p>\n<p><span style=\"font-size: 16px;\">&#8211; S\u00e2n r\u1ed9ng th\u00edch h\u1ee3p cho tr\u1ebb em vui ch\u01a1i, ti\u1ec7c BBQ v\u00e0 teambuilding.<\/span><\/p>\n<p><span style=\"font-size: 16px;\">&#8211; View r\u1eebng th\u00f4ng, c\u00e1c ph\u00f2ng \u0111\u1ec1u c\u00f3 c\u1eeda s\u1ed5 r\u1ed9ng v\u00e0 tho\u00e1ng.<\/span><\/p>\n<p><span style=\"font-size: 16px; font-family: 'Segoe UI', sans-serif; color: #212529;\">&#8211; C\u00f3 di\u1ec7n t\u00edch \u0111\u1ec3 n\u01b0\u1edbng BBQ.<\/span><\/p>\n<p style=\"margin: 0cm; background: white;\"><span style=\"font-size: 16px; font-family: 'Segoe UI', sans-serif; color: #212529;\">&#8211; C\u00f3 ch\u1ed7 \u0111\u1eadu xe m\u00e1y, xe h\u01a1i an to\u00e0n.<\/span><\/p>\n<p style=\"margin: 0cm; background: white;\"><span style=\"font-size: 16px; font-family: 'Segoe UI', sans-serif; color: #212529;\">&#8211; Y\u00ean t\u0129nh, an ninh 24\/24, s\u1ea1ch s\u1ebd, tho\u00e1ng m\u00e1t, view thi\u00ean nhi\u00ean si\u00eau \u0111\u1eb9p.<\/span><\/p>\n<p style=\"margin: 0cm; background: white;\"><span style=\"font-size: 16px; font-family: 'Segoe UI', sans-serif; color: #212529;\">&#8211; B\u1ebfp t\u1ef1 do n\u1ea5u n\u01b0\u1edbng<\/span><\/p>\n<p style=\"margin: 0cm; background: white;\"><span style=\"font-size: 16px; font-family: 'Segoe UI', sans-serif; color: #212529;\">&#8211; Ch\u00eca kho\u00e1 trao tay tha h\u1ed3 ri\u00eang t\u01b0 .<\/span><\/p>\n<p><img decoding=\"async\" class=\"aligncenter wp-image-14763 size-full\" src=\"https:\/\/dalatreview.vn\/wp-content\/uploads\/2022\/02\/villa-5-phong-dang-thai-than-13.jpg\" alt=\"villa 5 phong dang thai than\" width=\"1200\" height=\"900\" \/><\/p>\n<div class=\"pt-2\">\n<article class=\"post-content\">\n<div class=\"anh_wtm_m\">\n<div class=\"mws_content\">\n<article class=\"post-content\">\n<div class=\"anh_wtm_m\">\n<div class=\"mws_content\">\n<article class=\"post-content\">\n<div class=\"anh_wtm_m\">\n<div class=\"mws_content\">\n<article class=\"post-content\">\n<div class=\"anh_wtm_m\">\n<div class=\"mws_content\">\n<article class=\"post-content\">\n<h2 id=\"4-gia-phong\"><strong><span style=\"font-size: 24px; color: #008000;\"><span class=\"_4yxo\">4.<\/span>\u00a0Gi\u00e1 ph\u00f2ng<\/span><\/strong><\/h2>\n<p><span style=\"font-size: 16px;\">Li\u00ean h\u1ec7 \u0111\u1ec3 \u0111\u01b0\u1ee3c \u0110\u00e0 L\u1ea1t Review t\u01b0 v\u1ea5n.<\/span><\/p>\n<h2 id=\"5-lien-he\"><span style=\"color: #008000;\">5. Li\u00ean h\u1ec7<\/span><\/h2>\n<p><span style=\"font-size: 16px;\">Fanpage:\u00a0<a href=\"https:\/\/www.facebook.com\/booking.dalatreview.vn\/\">Booking \u0110\u00e0 L\u1ea1t \u2013 www.dalatreview.vn<\/a><\/span><\/p>\n<p><span style=\"font-size: 16px;\">S\u0110T\/Zalo: 0988 249 297<\/span><\/p>\n<\/article>\n<\/div>\n<\/div>\n<\/article>\n<article class=\"post-content xemthem\"><\/article>\n<div id=\"comments\" class=\"comments-area\"><\/div>\n<\/div>\n<\/div>\n<\/article>\n<article class=\"post-content xemthem\"><\/article>\n<div id=\"comments\" class=\"comments-area\"><\/div>\n<\/div>\n<\/div>\n<\/article>\n<article class=\"post-content xemthem\"><\/article>\n<div id=\"comments\" class=\"comments-area\"><\/div>\n<\/div>\n<\/div>\n<\/article>\n<article class=\"post-content xemthem\"><\/article>\n<div id=\"comments\" class=\"comments-area\"><\/div>\n<\/div>","protected":false},"excerpt":{"rendered":"<p>Villa \u0110\u00e0 L\u1ea1t \u0110\u1eb7ng Th\u00e1i Th\u00e2n 5 Ph\u00f2ng Danh m\u1ee5c ch\u00ednh 1. V\u1ecb tr\u00ed 2. Decor 3. D\u1ecbch v\u1ee5 &amp; Ti\u1ec7n nghi 4.\u00a0Gi\u00e1 ph\u00f2ng 5. Li\u00ean h\u1ec7 1. V\u1ecb tr\u00ed T\u1ecda l\u1ea1c t\u1ea1i \u0111\u01b0\u1eddng \u0110\u1eb7ng Th\u00e1i Th\u00e2n ngay khu v\u1ef1c trung t\u00e2m, ch\u1ec9 c\u00e1ch ch\u1ee3 5 ph\u00fat ch\u1ea1y xe, l\u00e0 con \u0111\u01b0\u1eddng th\u01a1 m\u1ed9ng v\u1edbi [&hellip;]<\/p>","protected":false},"featured_media":14752,"comment_status":"open","ping_status":"closed","template":"","meta":{"_acf_changed":false,"rank_math_lock_modified_date":false},"product_cat":[29,2254,45],"product_tag":[],"acf":[],"_links":{"self":[{"href":"https:\/\/dalatreview.vn\/en\/wp-json\/wp\/v2\/product\/14751"}],"collection":[{"href":"https:\/\/dalatreview.vn\/en\/wp-json\/wp\/v2\/product"}],"about":[{"href":"https:\/\/dalatreview.vn\/en\/wp-json\/wp\/v2\/types\/product"}],"replies":[{"embeddable":true,"href":"https:\/\/dalatreview.vn\/en\/wp-json\/wp\/v2\/comments?post=14751"}],"wp:featuredmedia":[{"embeddable":true,"href":"https:\/\/dalatreview.vn\/en\/wp-json\/wp\/v2\/media\/14752"}],"wp:attachment":[{"href":"https:\/\/dalatreview.vn\/en\/wp-json\/wp\/v2\/media?parent=14751"}],"wp:term":[{"taxonomy":"product_cat","embeddable":true,"href":"https:\/\/dalatreview.vn\/en\/wp-json\/wp\/v2\/product_cat?post=14751"},{"taxonomy":"product_tag","embeddable":true,"href":"https:\/\/dalatreview.vn\/en\/wp-json\/wp\/v2\/product_tag?post=14751"}],"curies":[{"name":"wp","href":"https:\/\/api.w.org\/{rel}","templated":true}]}}