
{"id":14719,"date":"2022-02-19T16:35:41","date_gmt":"2022-02-19T09:35:41","guid":{"rendered":"https:\/\/dalatreview.vn\/?p=14719"},"modified":"2024-07-11T11:02:17","modified_gmt":"2024-07-11T04:02:17","slug":"villa-da-lat-dong-da-5-phong","status":"publish","type":"product","link":"https:\/\/dalatreview.vn\/en\/villa-da-lat-dong-da-5-phong.html","title":{"rendered":"Villa \u0110\u00e0 L\u1ea1t \u0110\u1ed1ng \u0110a 5 Ph\u00f2ng"},"content":{"rendered":"<p style=\"text-align: center;\"><strong><span style=\"font-size: 24px; color: #008000;\">Villa \u0110\u00e0 L\u1ea1t \u0110\u1ed1ng \u0110a 5 Ph\u00f2ng<\/span><\/strong><\/p>\n<nav class=\"vietrick-auto-toc\">\n<div class=\"box-title\">\n<h3 class=\"toc-title\" id=\"select-menu\">Danh m\u1ee5c ch\u00ednh<\/h3>\n<div><ion-icon name=\"chevron-up-outline\"><\/ion-icon><\/div>\n<\/div>\n<ul class=\"toc-list\">\n<li><a href='https:\/\/dalatreview.vn\/en#1-vi-tri' class='heading-h2 toc-link smooth-scroll'>1. V\u1ecb tr\u00ed<\/a>\n<li><a href='https:\/\/dalatreview.vn\/en#2-decor' class='heading-h2 toc-link smooth-scroll'>2. Decor<\/a>\n<li><a href='https:\/\/dalatreview.vn\/en#3-dich-vu-tien-nghi' class='heading-h2 toc-link smooth-scroll'>3. D\u1ecbch v\u1ee5 &amp; Ti\u1ec7n nghi<\/a>\n<li><a href='https:\/\/dalatreview.vn\/en#4-gia-phong' class='heading-h2 toc-link smooth-scroll'>4.\u00a0Gi\u00e1 ph\u00f2ng<\/a>\n<li><a href='https:\/\/dalatreview.vn\/en#5-lien-he' class='heading-h2 toc-link smooth-scroll'>5. Li\u00ean h\u1ec7<\/a><\/ul>\n<\/ul>\n<\/li>\n<\/ul>\n<\/nav>\n<h2 id=\"1-vi-tri\"><strong><span style=\"font-size: 24px; color: #008000;\">1. V\u1ecb tr\u00ed<\/span><\/strong><\/h2>\n<p>Villa n\u1eb1m \u1edf <strong>\u0111\u01b0\u1eddng \u0110\u1ed1ng \u0110a, Ph\u01b0\u1eddng 3, TP \u0110\u00e0 L\u1ea1t<\/strong>, g\u1ea7n b\u1ebfn xe.\u00a0L\u00e0 \u0111i\u1ec3m g\u1eafn li\u1ec1n v\u1edbi du kh\u00e1ch khi tham quan du l\u1ecbch \u1edf x\u1ee9 s\u1edf s\u01b0\u01a1ng m\u00f9\u00a0nh\u1edd giao th\u00f4ng thu\u1eadn ti\u1ec7n v\u00e0 h\u1ed9i t\u1ee5 \u0111\u1ee7 c\u00e1c y\u1ebfu t\u1ed1 t\u1ef1 nhi\u00ean c\u00f9ng\u00a0nhu c\u1ea7u v\u1ec1 \u0103n u\u1ed1ng, mua s\u1eafm c\u1ee7a c\u00e1c b\u1ea1n.<\/p>\n<p><img decoding=\"async\" class=\"aligncenter wp-image-14747 size-large\" src=\"https:\/\/dalatreview.vn\/wp-content\/uploads\/2022\/02\/villa-5-phong-dong-da-8-1-1024x682.jpg\" alt=\"villa 5 phong dong da\" width=\"1024\" height=\"682\" \/><\/p>\n<h2 id=\"2-decor\"><strong><span style=\"font-size: 24px; color: #008000;\"><span class=\"_4yxo _4yxp\">2. Decor<\/span><\/span><\/strong><\/h2>\n<p>\u0110\u01b0\u1ee3c thi\u1ebft k\u1ebf theo phong c\u00e1ch c\u1ed5 \u0111i\u1ec3n nh\u01b0ng l\u1ea1i r\u1ea5t hi\u1ec7n \u0111\u1ea1i v\u00e0 \u0111\u1ea7y \u0111\u1ee7 ti\u1ec7n nghi. Mang l\u1ea1i s\u1ef1 \u1ea5m c\u00fang trong ng\u00f4i nh\u00e0.<\/p>\n<p>Th\u00eam v\u00e0o \u0111\u00f3 kh\u00f4ng gian m\u1edf khi\u1ebfn villa tr\u1edf n\u00ean r\u1ed9ng r\u00e3i v\u00e0 tho\u00e1ng m\u00e1t v\u00f4 c\u00f9ng gi\u00fap b\u1ea1n t\u1eadn h\u01b0\u1edfng\u00a0 k\u1ef3 ngh\u1ec9 1 c\u00e1ch tuy\u1ec7t v\u1eddi nh\u1ea5t.<\/p>\n<p><img decoding=\"async\" class=\"aligncenter wp-image-14748 size-full\" src=\"https:\/\/dalatreview.vn\/wp-content\/uploads\/2022\/02\/villa-5-phong-dong-da.jpg\" alt=\"villa 5 phong dong da\" width=\"1200\" height=\"900\" \/><\/p>\n<h2 id=\"3-dich-vu-tien-nghi\"><strong><span style=\"font-size: 24px; color: #008000;\">3. D\u1ecbch v\u1ee5 &amp; Ti\u1ec7n nghi<\/span><\/strong><\/h2>\n<div class=\"pt-2\">\n<p>G\u1ed3m 5 ph\u00f2ng ng\u1ee7 sang tr\u1ecdng v\u1edbi \u0111\u1ea7y \u0111\u1ee7 ti\u1ec7n nghi, v\u1ec7 sinh ri\u00eang v\u00e0 ti\u1ec7n \u00edch<br \/>\n4 ph\u00f2ng 1 gi\u01b0\u1eddng 2 ng\u01b0\u1eddi<br \/>\n1 ph\u00f2ng 2\u00a0gi\u01b0\u1eddng 4\u00a0ng\u01b0\u1eddi<\/p>\n<p>S\u1ee9c ch\u1ee9a 12-14 kh\u00e1ch<\/p>\n<p>&#8212;&#8212;&#8212;&#8212;&#8212;&#8212;&#8212;&#8212;&#8212;&#8212;&#8212;&#8212;&#8212;&#8212;&#8212;&#8212;&#8212;&#8212;&#8211;<\/p>\n<p>&#8211; \u0110\u1ea7y \u0111\u1ee7 ti\u1ec7n nghi nh\u01b0 \u1edf nh\u00e0. Ph\u00f2ng kh\u00e1ch v\u1edbi l\u00f2 s\u01b0\u1edfi \u0111\u1ed1t c\u1ee7i \u1ea5m c\u00fang.<\/p>\n<p>&#8211; C\u00f3 di\u1ec7n t\u00edch \u0111\u1ec3 n\u01b0\u1edbng BBQ \u1edf gian b\u1ebfp ngo\u00e0i tr\u1eddi ph\u00f9 h\u1ee3p \u0111\u1ec3 ch\u1ebf bi\u1ebfn c\u00e1c m\u00f3n \u0103n mi\u1ec1n qu\u00ea m\u1ed9c m\u1ea1c, h\u1eefu c\u01a1.<\/p>\n<p>&#8211; \u0110\u1eb7c bi\u1ec7t g\u00f3c v\u01b0\u1eddn d\u00e2u t\u00e2y 100% organic, thi\u1ebft k\u1ebf l\u1ed1i \u0111i b\u1eb1ng ch\u00e2n tr\u1ea7n tr\u1ecb li\u1ec7u khi \u0111i h\u00e1i d\u00e2u ch\u00edn m\u1ecdng.<\/p>\n<p>&#8211; S\u00e0n deck \u0103n u\u1ed1ng ngo\u00e0i tr\u1eddi tr\u00ean cao, v\u1eeba nh\u00e2m nhi, v\u1eeba ng\u1eafm c\u1ea3nh 1 b\u00ean h\u1ed3 r\u1eebng Tuy\u1ec1n L\u00e2m, 1 b\u00ean th\u00e0nh ph\u1ed1.<\/p>\n<p>&#8211; M\u1ed9t s\u00e2n t\u1eadp swing golf tr\u00ean th\u1ea3m c\u1ecf th\u1eadt ngo\u00e0i tr\u1eddi cho tin \u0111\u1ed3 \u0111am m\u00ea golf \u0110\u00e0 L\u1ea1t, v\u1eeba ch\u01a1i v\u1eeba h\u00edt thoewr v\u00e0 th\u01b0\u1edfng th\u1ee9c \u1ea7u kh\u00f4ng kh\u00ed trong l\u00e0nh.<\/p>\n<p>&#8211; C\u00f3 ch\u1ed7 \u0111\u1eadu xe m\u00e1y, xe h\u01a1i an to\u00e0n.<\/p>\n<p>&#8211; Y\u00ean t\u0129nh, an ninh 24\/24, s\u1ea1ch s\u1ebd, tho\u00e1ng m\u00e1t, view thi\u00ean nhi\u00ean si\u00eau \u0111\u1eb9p.<\/p>\n<p>&#8211; B\u1ebfp t\u1ef1 do n\u1ea5u n\u01b0\u1edbng<\/p>\n<p>&#8211; Ch\u00eca kho\u00e1 trao tay tha h\u1ed3 ri\u00eang t\u01b0 .<\/p>\n<\/div>\n<div class=\"clear\"><img decoding=\"async\" class=\"aligncenter wp-image-14749 size-full\" src=\"https:\/\/dalatreview.vn\/wp-content\/uploads\/2022\/02\/villa-5-phong-dong-da-34.jpg\" alt=\"villa 5 phong dong da\" width=\"1200\" height=\"900\" \/><\/div>\n<div class=\"row\">\n<div class=\"tuongtu-title pt-3 m-3\"><\/div>\n<\/div>\n<article class=\"post-content\">\n<div class=\"anh_wtm_m\">\n<div class=\"mws_content\">\n<article class=\"post-content\">\n<div class=\"anh_wtm_m\">\n<div class=\"mws_content\">\n<article class=\"post-content\">\n<div class=\"anh_wtm_m\">\n<div class=\"mws_content\">\n<article class=\"post-content\">\n<h2 id=\"4-gia-phong\"><strong><span style=\"font-size: 24px; color: #008000;\"><span class=\"_4yxo\">4.<\/span>\u00a0Gi\u00e1 ph\u00f2ng<\/span><\/strong><\/h2>\n<p>Li\u00ean h\u1ec7 \u0111\u1ec3 \u0111\u01b0\u1ee3c \u0110\u00e0 L\u1ea1t Review t\u01b0 v\u1ea5n.<\/p>\n<h2 id=\"5-lien-he\"><span style=\"color: #008000;\">5. Li\u00ean h\u1ec7<\/span><\/h2>\n<p>Fanpage:\u00a0<a href=\"https:\/\/www.facebook.com\/booking.dalatreview.vn\/\">Booking \u0110\u00e0 L\u1ea1t \u2013 www.dalatreview.vn<\/a><\/p>\n<p>S\u0110T\/Zalo: 0988 249 297<\/p>\n<\/article>\n<\/div>\n<\/div>\n<\/article>\n<article class=\"post-content xemthem\"><\/article>\n<div id=\"comments\" class=\"comments-area\"><\/div>\n<\/div>\n<\/div>\n<\/article>\n<article class=\"post-content xemthem\"><\/article>\n<div id=\"comments\" class=\"comments-area\"><\/div>\n<\/div>\n<\/div>\n<\/article>\n<article class=\"post-content xemthem\"><\/article>\n<div id=\"comments\" class=\"comments-area\"><\/div>","protected":false},"excerpt":{"rendered":"<p>Villa \u0110\u00e0 L\u1ea1t \u0110\u1ed1ng \u0110a 5 Ph\u00f2ng Danh m\u1ee5c ch\u00ednh 1. V\u1ecb tr\u00ed 2. Decor 3. D\u1ecbch v\u1ee5 &amp; Ti\u1ec7n nghi 4.\u00a0Gi\u00e1 ph\u00f2ng 5. Li\u00ean h\u1ec7 1. V\u1ecb tr\u00ed Villa n\u1eb1m \u1edf \u0111\u01b0\u1eddng \u0110\u1ed1ng \u0110a, Ph\u01b0\u1eddng 3, TP \u0110\u00e0 L\u1ea1t, g\u1ea7n b\u1ebfn xe.\u00a0L\u00e0 \u0111i\u1ec3m g\u1eafn li\u1ec1n v\u1edbi du kh\u00e1ch khi tham quan du l\u1ecbch \u1edf [&hellip;]<\/p>","protected":false},"featured_media":14721,"comment_status":"open","ping_status":"closed","template":"","meta":{"_acf_changed":false,"rank_math_lock_modified_date":false},"product_cat":[29,2254,45],"product_tag":[],"acf":[],"_links":{"self":[{"href":"https:\/\/dalatreview.vn\/en\/wp-json\/wp\/v2\/product\/14719"}],"collection":[{"href":"https:\/\/dalatreview.vn\/en\/wp-json\/wp\/v2\/product"}],"about":[{"href":"https:\/\/dalatreview.vn\/en\/wp-json\/wp\/v2\/types\/product"}],"replies":[{"embeddable":true,"href":"https:\/\/dalatreview.vn\/en\/wp-json\/wp\/v2\/comments?post=14719"}],"wp:featuredmedia":[{"embeddable":true,"href":"https:\/\/dalatreview.vn\/en\/wp-json\/wp\/v2\/media\/14721"}],"wp:attachment":[{"href":"https:\/\/dalatreview.vn\/en\/wp-json\/wp\/v2\/media?parent=14719"}],"wp:term":[{"taxonomy":"product_cat","embeddable":true,"href":"https:\/\/dalatreview.vn\/en\/wp-json\/wp\/v2\/product_cat?post=14719"},{"taxonomy":"product_tag","embeddable":true,"href":"https:\/\/dalatreview.vn\/en\/wp-json\/wp\/v2\/product_tag?post=14719"}],"curies":[{"name":"wp","href":"https:\/\/api.w.org\/{rel}","templated":true}]}}