
{"id":14688,"date":"2022-02-19T15:13:36","date_gmt":"2022-02-19T08:13:36","guid":{"rendered":"https:\/\/dalatreview.vn\/?p=14688"},"modified":"2024-07-11T11:02:18","modified_gmt":"2024-07-11T04:02:18","slug":"villa-da-lat-son-phu-tu-5-phong","status":"publish","type":"product","link":"https:\/\/dalatreview.vn\/en\/villa-da-lat-son-phu-tu-5-phong.html","title":{"rendered":"Villa \u0110\u00e0 L\u1ea1t S\u01a1n Phu T\u1eed 5 Ph\u00f2ng"},"content":{"rendered":"<p style=\"text-align: center;\"><span style=\"font-size: 24px; color: #008000;\"><strong>Villa \u0110\u00e0 L\u1ea1t S\u01a1n Phu T\u1eed 5 Ph\u00f2ng<\/strong><\/span><\/p>\n<nav class=\"vietrick-auto-toc\">\n<div class=\"box-title\">\n<h3 class=\"toc-title\" id=\"select-menu\">Danh m\u1ee5c ch\u00ednh<\/h3>\n<div><ion-icon name=\"chevron-up-outline\"><\/ion-icon><\/div>\n<\/div>\n<ul class=\"toc-list\">\n<li><a href='https:\/\/dalatreview.vn\/en#1-vi-tri' class='heading-h2 toc-link smooth-scroll'>1. V\u1ecb tr\u00ed<\/a>\n<li><a href='https:\/\/dalatreview.vn\/en#2-decor' class='heading-h2 toc-link smooth-scroll'>2. Decor<\/a>\n<li><a href='https:\/\/dalatreview.vn\/en#3-dich-vu-tien-nghi' class='heading-h2 toc-link smooth-scroll'>3. D\u1ecbch v\u1ee5 &amp; Ti\u1ec7n nghi<\/a>\n<li><a href='https:\/\/dalatreview.vn\/en#4-gia-phong' class='heading-h2 toc-link smooth-scroll'>4.\u00a0Gi\u00e1 ph\u00f2ng<\/a>\n<li><a href='https:\/\/dalatreview.vn\/en#5-lien-he' class='heading-h2 toc-link smooth-scroll'>5. Li\u00ean h\u1ec7<\/a><\/ul>\n<\/ul>\n<\/li>\n<\/ul>\n<\/nav>\n<h2 id=\"1-vi-tri\"><span style=\"color: #008000;\"><strong>1. V\u1ecb tr\u00ed<\/strong><\/span><\/h2>\n<p>T\u1ecda l\u1ea1c t\u1ea1i v\u1ecb tr\u00ed\u00a0trung t\u00e2m<strong> ph\u01b0\u1eddng 6, TP \u0110\u00e0 L\u1ea1t<\/strong>. Ch\u1ec9 c\u00e1ch ch\u1ee3 5 ph\u00fat ch\u1ea1y xe.<\/p>\n<p>N\u01a1i \u0111\u00e2y h\u1ea5p d\u1eabn du kh\u00e1ch b\u1edfi nh\u1eefng \u0111i\u1ec3m tham quan th\u00fa v\u1ecb, nh\u1eefng qu\u00e1n caf\u00e9 view \u0111\u1eb9p, \u0111\u1ed9c \u0111\u00e1o, nh\u1eefng \u0111\u1ecba ch\u1ec9 \u0103n u\u1ed1ng \u0111\u00fang chu\u1ea9n ngon \u2013 b\u1ed5 &#8211; r\u1ebb, c\u00f9ng c\u1ea3nh s\u1eafc thi\u00ean nhi\u00ean tuy\u1ec7t v\u1eddi th\u01a1 m\u1ed9ng,\u2026<\/p>\n<p><img decoding=\"async\" class=\"aligncenter wp-image-16823 size-full\" src=\"https:\/\/dalatreview.vn\/wp-content\/uploads\/2022\/02\/villa-5-phong-son-phu-tu-10-2.jpg\" alt=\"villa 5 phong son phu tu\" width=\"1280\" height=\"854\" \/><\/p>\n<h2 id=\"2-decor\"><span style=\"color: #008000;\"><strong><span class=\"_4yxo _4yxp\">2. Decor<\/span><\/strong><\/span><\/h2>\n<p>Villa thi\u1ebft k\u1ebf theo kh\u00f4ng gian m\u1edf h\u00f2a quy\u1ec7n v\u1edbi thi\u00ean nhi\u00ean\u00a0n\u00ean b\u1ea1n c\u00f3 th\u1ec3 ng\u1ed3i trong ch\u00ednh c\u0103n ph\u00f2ng c\u1ee7a m\u00ecnh \u0111\u1ec3 ng\u1eafm nh\u00ecn th\u1ebf gi\u1edbi t\u01b0\u01a1i \u0111\u1eb9p b\u00ean ngo\u00e0i.<\/p>\n<p>\u0110\u01b0\u1ee3c trang tr\u00ed \u0111\u01a1n gi\u1ea3n nh\u01b0ng r\u1ea5t \u0111\u1ea7y \u0111\u1ee7 v\u00e0 \u1ea5m c\u00fang, k\u1ebft n\u1ed1i t\u00ecnh th\u01b0\u01a1ng c\u1ee7a c\u00e1c th\u00e0nh vi\u00ean khi tham gia chuy\u1ebfn \u0111i ngh\u1ec9 n\u00e0y.<\/p>\n<p>B\u00ean c\u1ea1nh \u0111\u00f3, \u1edf\u00a0\u0111\u00e2y v\u1ec1 \u0111\u00eam s\u1ebd r\u1ea5t lung linh v\u00ec \u0111\u01b0\u1ee3c setup h\u00e0ng lo\u1ea1t b\u00f3ng \u0111\u00e8n bling bling ngo\u00e0i s\u00e2n v\u01b0\u1eddn + th\u00eam ch\u1ed7 u\u1ed1ng c\u00e0 ph\u00ea, tr\u00f2 chuy\u1ec7n c\u1ef1c k\u1ef3 chill.<\/p>\n<p><img decoding=\"async\" class=\"aligncenter wp-image-16824 size-full\" src=\"https:\/\/dalatreview.vn\/wp-content\/uploads\/2022\/02\/villa-5-phong-son-phu-tu-6.jpg\" alt=\"villa 5 phong son phu tu\" width=\"1200\" height=\"900\" \/><\/p>\n<h2 id=\"3-dich-vu-tien-nghi\"><span style=\"color: #008000;\"><strong>3. D\u1ecbch v\u1ee5 &amp; Ti\u1ec7n nghi<\/strong><\/span><\/h2>\n<p>G\u1ed3m 5 ph\u00f2ng ng\u1ee7 sang tr\u1ecdng \u0111\u1ea7y \u0111\u1ee7 c\u00e1c d\u1ee5ng c\u1ee5 c\u1ea7n thi\u1ebft, v\u1ec7 sinh kh\u00e9p k\u00edn, tivi, t\u1ee7 l\u1ea1nh mini m\u1ed7i ph\u00f2ng.<br \/>\n3 ph\u00f2ng 1 gi\u01b0\u1eddng 2 ng\u01b0\u1eddi<br \/>\n1 ph\u00f2ng 2 gi\u01b0\u1eddng 4 ng\u01b0\u1eddi<br \/>\n1 ph\u00f2ng 3 gi\u01b0\u1eddng 6 ng\u01b0\u1eddi<\/p>\n<p>S\u1ee9c ch\u1ee9a 14-16 kh\u00e1ch<\/p>\n<p>&#8212;&#8212;&#8212;&#8212;&#8212;&#8212;&#8212;&#8212;&#8212;&#8212;&#8212;&#8212;&#8212;&#8212;&#8212;&#8212;&#8212;&#8212;&#8212;&#8212;<\/p>\n<p>&#8211; \u0110\u1ea7y \u0111\u1ee7 ti\u1ec7n nghi nh\u01b0 \u1edf nh\u00e0.<\/p>\n<p>&#8211; C\u00f3 1 c\u0103n nh\u00e0 nh\u1ecf xinh \u0111\u1ec3 u\u1ed1ng c\u00e0 ph\u00ea v\u00e0 t\u00e2m s\u1ef1 \u1edf g\u00f3c v\u01b0\u1eddn r\u1ea5t \u0111\u1eb9p v\u00e0 tho\u00e1ng m\u00e1t.<\/p>\n<p>&#8211; C\u00f3 di\u1ec7n t\u00edch \u0111\u1ec3 n\u01b0\u1edbng BBQ.<\/p>\n<p>&#8211; C\u00f3 ch\u1ed7 \u0111\u1eadu xe m\u00e1y, xe h\u01a1i an to\u00e0n.<\/p>\n<p><img decoding=\"async\" class=\"aligncenter wp-image-16825 size-full\" src=\"https:\/\/dalatreview.vn\/wp-content\/uploads\/2022\/02\/villa-5-phong-son-phu-tu-19-2.jpg\" alt=\"villa 5 phong son phu tu\" width=\"1200\" height=\"900\" \/><\/p>\n<h2 id=\"4-gia-phong\"><span style=\"color: #008000;\"><strong><span class=\"_4yxo\">4.<\/span><\/strong>\u00a0Gi\u00e1 ph\u00f2ng<\/span><\/h2>\n<p>Li\u00ean h\u1ec7 \u0111\u1ec3 \u0111\u01b0\u1ee3c \u0110\u00e0 L\u1ea1t Review t\u01b0 v\u1ea5n.<\/p>\n<h2 id=\"5-lien-he\"><span style=\"color: #008000;\">5. Li\u00ean h\u1ec7<\/span><\/h2>\n<p>Fanpage:\u00a0<a href=\"https:\/\/www.facebook.com\/booking.dalatreview.vn\/\">Booking \u0110\u00e0 L\u1ea1t \u2013 www.dalatreview.vn<\/a><\/p>\n<p>S\u0110T\/Zalo: 0988 249 297<\/p>","protected":false},"excerpt":{"rendered":"<p>Villa \u0110\u00e0 L\u1ea1t S\u01a1n Phu T\u1eed 5 Ph\u00f2ng Danh m\u1ee5c ch\u00ednh 1. V\u1ecb tr\u00ed 2. Decor 3. D\u1ecbch v\u1ee5 &amp; Ti\u1ec7n nghi 4.\u00a0Gi\u00e1 ph\u00f2ng 5. Li\u00ean h\u1ec7 1. V\u1ecb tr\u00ed T\u1ecda l\u1ea1c t\u1ea1i v\u1ecb tr\u00ed\u00a0trung t\u00e2m ph\u01b0\u1eddng 6, TP \u0110\u00e0 L\u1ea1t. Ch\u1ec9 c\u00e1ch ch\u1ee3 5 ph\u00fat ch\u1ea1y xe. N\u01a1i \u0111\u00e2y h\u1ea5p d\u1eabn du kh\u00e1ch b\u1edfi [&hellip;]<\/p>","protected":false},"featured_media":14689,"comment_status":"open","ping_status":"closed","template":"","meta":{"_acf_changed":false,"rank_math_lock_modified_date":false},"product_cat":[29,2254,45],"product_tag":[],"acf":[],"_links":{"self":[{"href":"https:\/\/dalatreview.vn\/en\/wp-json\/wp\/v2\/product\/14688"}],"collection":[{"href":"https:\/\/dalatreview.vn\/en\/wp-json\/wp\/v2\/product"}],"about":[{"href":"https:\/\/dalatreview.vn\/en\/wp-json\/wp\/v2\/types\/product"}],"replies":[{"embeddable":true,"href":"https:\/\/dalatreview.vn\/en\/wp-json\/wp\/v2\/comments?post=14688"}],"wp:featuredmedia":[{"embeddable":true,"href":"https:\/\/dalatreview.vn\/en\/wp-json\/wp\/v2\/media\/14689"}],"wp:attachment":[{"href":"https:\/\/dalatreview.vn\/en\/wp-json\/wp\/v2\/media?parent=14688"}],"wp:term":[{"taxonomy":"product_cat","embeddable":true,"href":"https:\/\/dalatreview.vn\/en\/wp-json\/wp\/v2\/product_cat?post=14688"},{"taxonomy":"product_tag","embeddable":true,"href":"https:\/\/dalatreview.vn\/en\/wp-json\/wp\/v2\/product_tag?post=14688"}],"curies":[{"name":"wp","href":"https:\/\/api.w.org\/{rel}","templated":true}]}}