
{"id":14672,"date":"2022-02-19T14:41:35","date_gmt":"2022-02-19T07:41:35","guid":{"rendered":"https:\/\/dalatreview.vn\/?p=14672"},"modified":"2024-07-11T11:02:19","modified_gmt":"2024-07-11T04:02:19","slug":"villa-da-lat-ba-thang-tu-5-phong","status":"publish","type":"product","link":"https:\/\/dalatreview.vn\/en\/villa-da-lat-ba-thang-tu-5-phong.html","title":{"rendered":"Villa \u0110\u00e0 L\u1ea1t Ba Th\u00e1ng T\u01b0 5 Ph\u00f2ng"},"content":{"rendered":"<p style=\"text-align: center;\"><span style=\"font-size: 24px; color: #008000;\"><strong>Villa \u0110\u00e0 L\u1ea1t Ba Th\u00e1ng T\u01b0 5 Ph\u00f2ng<\/strong><\/span><\/p>\n<nav class=\"vietrick-auto-toc\">\n<div class=\"box-title\">\n<h3 class=\"toc-title\" id=\"select-menu\">Danh m\u1ee5c ch\u00ednh<\/h3>\n<div><ion-icon name=\"chevron-up-outline\"><\/ion-icon><\/div>\n<\/div>\n<ul class=\"toc-list\">\n<li><a href='https:\/\/dalatreview.vn\/en#1-vi-tri' class='heading-h2 toc-link smooth-scroll'>1. V\u1ecb tr\u00ed<\/a>\n<li><a href='https:\/\/dalatreview.vn\/en#2-decor' class='heading-h2 toc-link smooth-scroll'>2. Decor<\/a>\n<li><a href='https:\/\/dalatreview.vn\/en#3-dich-vu-tien-nghi' class='heading-h2 toc-link smooth-scroll'>3. D\u1ecbch v\u1ee5 &amp; Ti\u1ec7n nghi<\/a>\n<li><a href='https:\/\/dalatreview.vn\/en#5-lien-he' class='heading-h2 toc-link smooth-scroll'>5. Li\u00ean h\u1ec7<\/a><\/ul>\n<\/ul>\n<\/li>\n<\/ul>\n<\/nav>\n<h2 id=\"1-vi-tri\"><span style=\"font-size: 24px; color: #008000;\"><strong>1. V\u1ecb tr\u00ed<\/strong><\/span><\/h2>\n<p><span style=\"font-size: 16px;\">Villa t\u1ecda l\u1ea1c t\u1ea1i trung t\u00e2m <strong>\u0111\u01b0\u1eddng ba th\u00e1ng t\u01b0, ph\u01b0\u1eddng 3, TP \u0110\u00e0 L\u1ea1t<\/strong>. C\u00e1ch ch\u1ee3 t\u1ea7m 5 ph\u00fat ch\u1ea1y xe, \u0111\u1ea3m b\u1ea3o cho vi\u1ec7c \u0111i l\u1ea1i. H\u01a1n n\u1eefa, n\u01a1i \u0111\u00e2y c\u00f2n h\u1ed9i\u00a0t\u1ee5 r\u1ea5t nhi\u1ec1u \u0111i\u1ec3m \u0103n u\u1ed1ng, mua s\u1eafm v\u00e0 vui ch\u01a1i.<\/span><\/p>\n<p><img decoding=\"async\" class=\"aligncenter wp-image-14683 size-full\" src=\"https:\/\/dalatreview.vn\/wp-content\/uploads\/2022\/02\/villa-5-phong-ba-thang-tu-10-2.jpg\" alt=\"villa 5 phong ba thang tu\" width=\"1600\" height=\"1200\" \/><\/p>\n<h2 id=\"2-decor\"><span style=\"font-size: 24px; color: #008000;\"><strong><span class=\"_4yxo _4yxp\">2. Decor<\/span><\/strong><\/span><\/h2>\n<p><span style=\"font-size: 16px;\">L\u00e0 m\u1ed9t bi\u1ec7t th\u1ef1 thu nh\u1ecf, c\u0103n nh\u00e0 \u0111\u01b0\u1ee3c thi\u1ebft k\u1ebf theo phong c\u00e1ch Ch\u00e2u \u00c2u, kh\u00f4ng gian m\u1edf v\u00f4 c\u00f9ng tho\u00e1ng m\u00e1t. S\u00e2n v\u01b0\u1eddn r\u1ed9ng r\u00e3i v\u00e0 xanh m\u00e1t nh\u1edd c\u1ecf c\u00e2y hoa l\u00e1&#8230; N\u1ed9i th\u1ea5t th\u00ec cao c\u1ea5p ti\u1ec7n nghi, h\u1ee9a h\u1eb9n s\u1ebd khi\u1ebfn b\u1ea1n h\u00e0i l\u00f2ng n\u1ebfu l\u1ef1a ch\u1ecdn n\u01a1i \u0111\u00e2y l\u00e0m \u0111i\u1ec3m ngh\u1ec9 d\u01b0\u1ee1ng sau ng\u00e0y d\u00e0i m\u1ec7t m\u1ecfi.<\/span><\/p>\n<p><img decoding=\"async\" class=\"aligncenter wp-image-14684 size-full\" src=\"https:\/\/dalatreview.vn\/wp-content\/uploads\/2022\/02\/villa-5-phong-ba-thang-tu.jpg\" alt=\"villa 5 phong ba thang tu \" width=\"1200\" height=\"900\" \/><\/p>\n<h2 id=\"3-dich-vu-tien-nghi\"><span style=\"font-size: 24px; color: #008000;\"><strong>3. D\u1ecbch v\u1ee5 &amp; Ti\u1ec7n nghi<\/strong><\/span><\/h2>\n<p style=\"margin: 0cm; background: white;\"><span style=\"font-size: 16px; font-family: 'Segoe UI', sans-serif; color: #212529;\">G\u1ed3m 5 ph\u00f2ng ng\u1ee7 sang tr\u1ecdng, v\u1ec7 sinh kh\u00e9p k\u00edn m\u1ed7i ph\u00f2ng,&#8230;<br \/>\n4 ph\u00f2ng 1 gi\u01b0\u1eddng 2 ng\u01b0\u1eddi<br \/>\n1 ph\u00f2ng 2\u00a0gi\u01b0\u1eddng 4\u00a0ng\u01b0\u1eddi<\/span><\/p>\n<p style=\"margin: 0cm; background: white;\"><span style=\"font-size: 16px; font-family: 'Segoe UI', sans-serif; color: #212529;\">S\u1ee9c ch\u1ee9a 12-14 kh\u00e1ch.<\/span><\/p>\n<p style=\"margin: 0cm; background: white;\"><span style=\"font-size: 16px; font-family: 'Segoe UI', sans-serif; color: #212529;\"> C\u00f3 l\u00f2 s\u01b0\u1edfi \u1edf ph\u00f2ng kh\u00e1ch, tivi, x\u00edch \u0111u n\u01a1i s\u00e2n v\u01b0\u1eddn, ch\u1ed7 l\u00e0m vi\u1ec7c, u\u1ed1ng c\u00e0 ph\u00ea, ban c\u00f4ng,&#8230;<\/span><\/p>\n<p style=\"margin: 0cm; background: white;\">\n<p style=\"margin: 0cm; background: white;\"><span style=\"font-size: 16px; font-family: 'Segoe UI', sans-serif; color: #212529;\">&#8211; \u0110\u1ea7y \u0111\u1ee7 ti\u1ec7n nghi nh\u01b0 \u1edf nh\u00e0.<\/span><\/p>\n<p style=\"margin: 0cm; background: white;\"><span style=\"font-size: 16px; font-family: 'Segoe UI', sans-serif; color: #212529;\">&#8211; C\u00f3 di\u1ec7n t\u00edch \u0111\u1ec3 n\u01b0\u1edbng BBQ.<\/span><\/p>\n<p style=\"margin: 0cm; background: white;\"><span style=\"font-size: 16px; font-family: 'Segoe UI', sans-serif; color: #212529;\">&#8211; C\u00f3 ch\u1ed7 \u0111\u1eadu xe m\u00e1y, xe h\u01a1i an to\u00e0n.<\/span><\/p>\n<p style=\"margin: 0cm; background: white;\"><span style=\"font-size: 16px; font-family: 'Segoe UI', sans-serif; color: #212529;\">&#8211; Y\u00ean t\u0129nh, an ninh 24\/24, s\u1ea1ch s\u1ebd, tho\u00e1ng m\u00e1t, view thi\u00ean nhi\u00ean si\u00eau \u0111\u1eb9p.<\/span><\/p>\n<p style=\"margin: 0cm; background: white;\"><span style=\"font-size: 16px; font-family: 'Segoe UI', sans-serif; color: #212529;\">&#8211; B\u1ebfp t\u1ef1 do n\u1ea5u n\u01b0\u1edbng, \u0111\u1ea7y d\u1ee7 d\u1ee5ng c\u1ee5 v\u00e0 gia v\u1ecb.\u00a0<\/span><\/p>\n<p style=\"margin: 0cm; background: white;\"><span style=\"font-size: 16px; font-family: 'Segoe UI', sans-serif; color: #212529;\">&#8211; Ch\u00eca kho\u00e1 trao tay tha h\u1ed3 ri\u00eang t\u01b0 .<\/span><\/p>\n<p><img decoding=\"async\" class=\"aligncenter wp-image-14685 size-full\" src=\"https:\/\/dalatreview.vn\/wp-content\/uploads\/2022\/02\/villa-5-phong-ba-thang-tu-12.jpg\" alt=\"villa 5 phong ba thang tu\" width=\"1200\" height=\"900\" \/><\/p>\n<article class=\"post-content\">\n<div class=\"anh_wtm_m\">\n<div class=\"mws_content\">\n<p><span style=\"font-size: 24px; color: #008000;\">\u00a0<strong><span class=\"_4yxo\">4.<\/span><\/strong>\u00a0<strong>Gi\u00e1 ph\u00f2ng<\/strong><\/span><\/p>\n<p><span style=\"font-size: 16px;\">Li\u00ean h\u1ec7 \u0110\u00e0 L\u1ea1t Review \u0111\u1ec3 \u0111\u01b0\u1ee3c t\u01b0 v\u1ea5n<\/span><\/p>\n<h2 id=\"5-lien-he\"><span style=\"color: #008000;\">5. Li\u00ean h\u1ec7<\/span><\/h2>\n<p><span style=\"font-size: 16px;\">Fanpage:\u00a0<a href=\"https:\/\/www.facebook.com\/booking.dalatreview.vn\/\">Booking \u0110\u00e0 L\u1ea1t \u2013 www.dalatreview.vn<\/a><\/span><\/p>\n<p><span style=\"font-size: 16px;\">S\u0110T\/Zalo: 0988 249 297<\/span><\/p>\n<\/div>\n<\/div>\n<\/article>\n<article class=\"post-content xemthem\"><\/article>\n<div id=\"comments\" class=\"comments-area\"><\/div>","protected":false},"excerpt":{"rendered":"<p>Villa \u0110\u00e0 L\u1ea1t Ba Th\u00e1ng T\u01b0 5 Ph\u00f2ng Danh m\u1ee5c ch\u00ednh 1. V\u1ecb tr\u00ed 2. Decor 3. D\u1ecbch v\u1ee5 &amp; Ti\u1ec7n nghi 5. Li\u00ean h\u1ec7 1. V\u1ecb tr\u00ed Villa t\u1ecda l\u1ea1c t\u1ea1i trung t\u00e2m \u0111\u01b0\u1eddng ba th\u00e1ng t\u01b0, ph\u01b0\u1eddng 3, TP \u0110\u00e0 L\u1ea1t. C\u00e1ch ch\u1ee3 t\u1ea7m 5 ph\u00fat ch\u1ea1y xe, \u0111\u1ea3m b\u1ea3o cho vi\u1ec7c \u0111i [&hellip;]<\/p>","protected":false},"featured_media":14673,"comment_status":"open","ping_status":"closed","template":"","meta":{"_acf_changed":false,"rank_math_lock_modified_date":false},"product_cat":[29,2254,45],"product_tag":[],"acf":[],"_links":{"self":[{"href":"https:\/\/dalatreview.vn\/en\/wp-json\/wp\/v2\/product\/14672"}],"collection":[{"href":"https:\/\/dalatreview.vn\/en\/wp-json\/wp\/v2\/product"}],"about":[{"href":"https:\/\/dalatreview.vn\/en\/wp-json\/wp\/v2\/types\/product"}],"replies":[{"embeddable":true,"href":"https:\/\/dalatreview.vn\/en\/wp-json\/wp\/v2\/comments?post=14672"}],"wp:featuredmedia":[{"embeddable":true,"href":"https:\/\/dalatreview.vn\/en\/wp-json\/wp\/v2\/media\/14673"}],"wp:attachment":[{"href":"https:\/\/dalatreview.vn\/en\/wp-json\/wp\/v2\/media?parent=14672"}],"wp:term":[{"taxonomy":"product_cat","embeddable":true,"href":"https:\/\/dalatreview.vn\/en\/wp-json\/wp\/v2\/product_cat?post=14672"},{"taxonomy":"product_tag","embeddable":true,"href":"https:\/\/dalatreview.vn\/en\/wp-json\/wp\/v2\/product_tag?post=14672"}],"curies":[{"name":"wp","href":"https:\/\/api.w.org\/{rel}","templated":true}]}}