
{"id":14646,"date":"2022-02-19T11:14:45","date_gmt":"2022-02-19T04:14:45","guid":{"rendered":"https:\/\/dalatreview.vn\/?p=14646"},"modified":"2024-07-11T11:02:20","modified_gmt":"2024-07-11T04:02:20","slug":"villa-da-lat-hoang-hoa-tham-5-phong","status":"publish","type":"product","link":"https:\/\/dalatreview.vn\/en\/villa-da-lat-hoang-hoa-tham-5-phong.html","title":{"rendered":"Villa \u0110\u00e0 L\u1ea1t Ho\u00e0ng Hoa Th\u00e1m 5 Ph\u00f2ng"},"content":{"rendered":"<p style=\"text-align: center;\"><strong><span style=\"font-size: 24px; color: #008000;\">Villa \u0110\u00e0 L\u1ea1t Ho\u00e0ng Hoa Th\u00e1m 5 Ph\u00f2ng<\/span><\/strong><\/p>\n<nav class=\"vietrick-auto-toc\">\n<div class=\"box-title\">\n<h3 class=\"toc-title\" id=\"select-menu\">Danh m\u1ee5c ch\u00ednh<\/h3>\n<div><ion-icon name=\"chevron-up-outline\"><\/ion-icon><\/div>\n<\/div>\n<ul class=\"toc-list\">\n<li><a href='https:\/\/dalatreview.vn\/en#1-vi-tri' class='heading-h2 toc-link smooth-scroll'>1. V\u1ecb tr\u00ed<\/a>\n<li><a href='https:\/\/dalatreview.vn\/en#2-decor' class='heading-h2 toc-link smooth-scroll'>2. Decor<\/a>\n<li><a href='https:\/\/dalatreview.vn\/en#3-dich-vu-tien-nghi' class='heading-h2 toc-link smooth-scroll'>3. D\u1ecbch v\u1ee5 &amp; Ti\u1ec7n nghi<\/a>\n<li><a href='https:\/\/dalatreview.vn\/en#4-gia-phong' class='heading-h2 toc-link smooth-scroll'>4.\u00a0Gi\u00e1 ph\u00f2ng<\/a>\n<li><a href='https:\/\/dalatreview.vn\/en#5-lien-he' class='heading-h2 toc-link smooth-scroll'>5. Li\u00ean h\u1ec7<\/a><\/ul>\n<\/ul>\n<\/li>\n<\/ul>\n<\/nav>\n<h2 id=\"1-vi-tri\"><strong><span style=\"font-size: 24px; color: #008000;\">1. V\u1ecb tr\u00ed<\/span><\/strong><\/h2>\n<p><span style=\"font-size: 16px;\">Villa Ho\u00e0ng Hoa Th\u00e1m 5 ph\u00f2ng, ch\u1ec9 c\u00e1ch ch\u1ee3 4 ph\u00fat ch\u1ea1y xe. T\u1ecda l\u1ea1c ngay v\u1ecb tr\u00ed trung t\u00e2m ph\u01b0\u1eddng 10, n\u01a1i \u0111\u00e2y c\u00f3 nhi\u1ec1u \u0111\u1ecba \u0111i\u1ec3m vui ch\u01a1i mua s\u1eafm v\u00e0 \u0103n u\u1ed1ng. D\u1ec5\u00a0d\u00e0ng di chuy\u1ec3n v\u00e0 c\u00f3 view cao ng\u1eafm nh\u00ecn th\u00e0nh ph\u1ed1.<\/span><\/p>\n<p><img decoding=\"async\" class=\"aligncenter wp-image-14647 size-full\" src=\"https:\/\/dalatreview.vn\/wp-content\/uploads\/2022\/02\/villa-5-phong-hoang-hoa-tham-13.jpg\" alt=\"villa 5 phong hoang hoa tham \" width=\"1600\" height=\"1200\" \/><\/p>\n<h2 id=\"2-decor\"><strong><span style=\"font-size: 24px; color: #008000;\"><span class=\"_4yxo _4yxp\">2. Decor<\/span><\/span><\/strong><\/h2>\n<p><span style=\"font-size: 16px;\">Villa nh\u1ecf nh\u1eafn m\u00e0u v\u00e0ng v\u00f4 c\u00f9ng xinh x\u1eafn.<\/span><\/p>\n<p><span style=\"font-size: 16px;\">Kh\u00f4ng gian \u1ea5m \u00e1p, \u0111\u1ea7y \u0111\u1ee7, ti\u1ec7n nghi.<\/span><\/p>\n<p><span style=\"font-size: 16px;\">Ri\u00eang t\u01b0 tho\u1ea3i m\u00e1i kh\u00f4ng \u1edf chung v\u1edbi kh\u00e1ch kh\u00e1c.<\/span><\/p>\n<p><span style=\"font-size: 16px;\">C\u00f3 view r\u1eebng n\u00fai, xung quanh tr\u1ed3ng nhi\u1ec1u hoa gi\u00fap kh\u00e1ch l\u01b0u tr\u00fa c\u00f3 kh\u00f4ng gian thi\u00ean nhi\u00ean c\u1ef1c k\u1ef3 tho\u1ea3i m\u00e1i.<\/span><\/p>\n<p><img decoding=\"async\" class=\"aligncenter wp-image-14669 size-full\" src=\"https:\/\/dalatreview.vn\/wp-content\/uploads\/2022\/02\/villa-5-phong-hoang-hoa-tham-.jpg\" alt=\"villa 5 phong hoang hoa tham \" width=\"1200\" height=\"900\" \/><\/p>\n<h2 id=\"3-dich-vu-tien-nghi\"><strong><span style=\"font-size: 24px; color: #008000;\">3. D\u1ecbch v\u1ee5 &amp; Ti\u1ec7n nghi<\/span><\/strong><\/h2>\n<p style=\"margin: 0cm; background: white;\"><span style=\"font-size: 16px; font-family: 'Segoe UI', sans-serif; color: #212529;\">G\u1ed3m 5 ph\u00f2ng ng\u1ee7 sang tr\u1ecdng:<br \/>\n4 ph\u00f2ng 1 gi\u01b0\u1eddng 2 ng\u01b0\u1eddi<br \/>\n1 ph\u00f2ng 2\u00a0gi\u01b0\u1eddng 4\u00a0ng\u01b0\u1eddi<\/span><\/p>\n<p style=\"margin: 0cm; background: white;\"><span style=\"font-size: 16px; font-family: 'Segoe UI', sans-serif; color: #212529;\">S\u1ee9c ch\u1ee9a 12-14 kh\u00e1ch, c\u00f3 n\u00f3ng l\u1ea1nh v\u00e0 c\u00e1c d\u1ee5ng c\u1ee5 c\u1ea7n thi\u1ebft.\u00a0<\/span><\/p>\n<p style=\"margin: 0cm; background: white;\"><span style=\"font-size: 16px; font-family: 'Segoe UI', sans-serif; color: #212529;\">&#8212;&#8212;&#8212;&#8212;&#8212;&#8212;&#8212;&#8212;&#8212;&#8212;&#8212;&#8212;&#8212;&#8212;&#8212;&#8212;&#8212;&#8212;&#8211;<\/span><\/p>\n<p style=\"margin: 0cm; background: white;\"><span style=\"font-size: 16px; font-family: 'Segoe UI', sans-serif; color: #212529;\">&#8211; \u0110\u1ea7y \u0111\u1ee7 ti\u1ec7n nghi nh\u01b0 \u1edf nh\u00e0: tivi wifi mi\u1ec5n ph\u00ed, ban c\u00f4ng cao r\u1ed9ng&#8230;\u00a0<\/span><\/p>\n<p style=\"margin: 0cm; background: white;\"><span style=\"font-size: 16px; font-family: 'Segoe UI', sans-serif; color: #212529;\">&#8211; C\u00f3 di\u1ec7n t\u00edch \u0111\u1ec3 n\u01b0\u1edbng BBQ.<\/span><\/p>\n<p style=\"margin: 0cm; background: white;\"><span style=\"font-size: 16px; font-family: 'Segoe UI', sans-serif; color: #212529;\">&#8211; C\u00f3 ch\u1ed7 \u0111\u1eadu xe m\u00e1y, xe h\u01a1i an to\u00e0n.<\/span><\/p>\n<p style=\"margin: 0cm; background: white;\"><span style=\"font-size: 16px; font-family: 'Segoe UI', sans-serif; color: #212529;\">&#8211; Y\u00ean t\u0129nh, an ninh 24\/24, s\u1ea1ch s\u1ebd, tho\u00e1ng m\u00e1t, view thi\u00ean nhi\u00ean si\u00eau \u0111\u1eb9p.<\/span><\/p>\n<p style=\"margin: 0cm; background: white;\"><span style=\"font-size: 16px; font-family: 'Segoe UI', sans-serif; color: #212529;\">&#8211; B\u1ebfp t\u1ef1 do n\u1ea5u n\u01b0\u1edbng<\/span><\/p>\n<p style=\"margin: 0cm; background: white;\"><span style=\"font-size: 16px; font-family: 'Segoe UI', sans-serif; color: #212529;\">&#8211; Ch\u00eca kho\u00e1 trao tay tha h\u1ed3 ri\u00eang t\u01b0 .<\/span><\/p>\n<p><img decoding=\"async\" class=\"aligncenter wp-image-14670 size-full\" src=\"https:\/\/dalatreview.vn\/wp-content\/uploads\/2022\/02\/villa-5-phong-hoang-hoa-tham-1-1.jpg\" alt=\"villa 5 phong hoang hoa tham \" width=\"1200\" height=\"900\" \/><\/p>\n<h2 id=\"4-gia-phong\"><strong><span style=\"font-size: 24px; color: #008000;\"><span class=\"_4yxo\">4.<\/span>\u00a0Gi\u00e1 ph\u00f2ng<\/span><\/strong><\/h2>\n<p><span style=\"font-size: 16px;\">Li\u00ean h\u1ec7 \u0111\u1ec3 \u0111\u01b0\u1ee3c \u0110\u00e0 L\u1ea1t Review t\u01b0 v\u1ea5n.<\/span><\/p>\n<h2 id=\"5-lien-he\"><span style=\"color: #008000;\">5. Li\u00ean h\u1ec7<\/span><\/h2>\n<p><span style=\"font-size: 16px;\">Fanpage:\u00a0<a href=\"https:\/\/www.facebook.com\/booking.dalatreview.vn\/\">Booking \u0110\u00e0 L\u1ea1t \u2013 www.dalatreview.vn<\/a><\/span><\/p>\n<p><span style=\"font-size: 16px;\">S\u0110T\/Zalo: 0988 249 297<\/span><\/p>","protected":false},"excerpt":{"rendered":"<p>Villa \u0110\u00e0 L\u1ea1t Ho\u00e0ng Hoa Th\u00e1m 5 Ph\u00f2ng Danh m\u1ee5c ch\u00ednh 1. V\u1ecb tr\u00ed 2. Decor 3. D\u1ecbch v\u1ee5 &amp; Ti\u1ec7n nghi 4.\u00a0Gi\u00e1 ph\u00f2ng 5. Li\u00ean h\u1ec7 1. V\u1ecb tr\u00ed Villa Ho\u00e0ng Hoa Th\u00e1m 5 ph\u00f2ng, ch\u1ec9 c\u00e1ch ch\u1ee3 4 ph\u00fat ch\u1ea1y xe. T\u1ecda l\u1ea1c ngay v\u1ecb tr\u00ed trung t\u00e2m ph\u01b0\u1eddng 10, n\u01a1i \u0111\u00e2y c\u00f3 [&hellip;]<\/p>","protected":false},"featured_media":14647,"comment_status":"open","ping_status":"closed","template":"","meta":{"_acf_changed":false,"rank_math_lock_modified_date":false},"product_cat":[29,2254,45],"product_tag":[],"acf":[],"_links":{"self":[{"href":"https:\/\/dalatreview.vn\/en\/wp-json\/wp\/v2\/product\/14646"}],"collection":[{"href":"https:\/\/dalatreview.vn\/en\/wp-json\/wp\/v2\/product"}],"about":[{"href":"https:\/\/dalatreview.vn\/en\/wp-json\/wp\/v2\/types\/product"}],"replies":[{"embeddable":true,"href":"https:\/\/dalatreview.vn\/en\/wp-json\/wp\/v2\/comments?post=14646"}],"wp:featuredmedia":[{"embeddable":true,"href":"https:\/\/dalatreview.vn\/en\/wp-json\/wp\/v2\/media\/14647"}],"wp:attachment":[{"href":"https:\/\/dalatreview.vn\/en\/wp-json\/wp\/v2\/media?parent=14646"}],"wp:term":[{"taxonomy":"product_cat","embeddable":true,"href":"https:\/\/dalatreview.vn\/en\/wp-json\/wp\/v2\/product_cat?post=14646"},{"taxonomy":"product_tag","embeddable":true,"href":"https:\/\/dalatreview.vn\/en\/wp-json\/wp\/v2\/product_tag?post=14646"}],"curies":[{"name":"wp","href":"https:\/\/api.w.org\/{rel}","templated":true}]}}