
{"id":14630,"date":"2022-02-19T10:43:05","date_gmt":"2022-02-19T03:43:05","guid":{"rendered":"https:\/\/dalatreview.vn\/?p=14630"},"modified":"2024-07-11T11:02:21","modified_gmt":"2024-07-11T04:02:21","slug":"villa-da-lat-an-son-5-phong","status":"publish","type":"product","link":"https:\/\/dalatreview.vn\/en\/villa-da-lat-an-son-5-phong.html","title":{"rendered":"Villa \u0110\u00e0 L\u1ea1t An S\u01a1n 5 Ph\u00f2ng"},"content":{"rendered":"<p style=\"text-align: center;\"><span style=\"color: #008000;\"><strong><span style=\"font-size: 24px;\">Villa \u0110\u00e0 L\u1ea1t An S\u01a1n 5 Ph\u00f2ng<\/span><\/strong><\/span><\/p>\n<nav class=\"vietrick-auto-toc\">\n<div class=\"box-title\">\n<h3 class=\"toc-title\" id=\"select-menu\">Danh m\u1ee5c ch\u00ednh<\/h3>\n<div><ion-icon name=\"chevron-up-outline\"><\/ion-icon><\/div>\n<\/div>\n<ul class=\"toc-list\">\n<li><a href='https:\/\/dalatreview.vn\/en#1-vi-tri' class='heading-h2 toc-link smooth-scroll'>1. V\u1ecb tr\u00ed<\/a>\n<li><a href='https:\/\/dalatreview.vn\/en#2-decor' class='heading-h2 toc-link smooth-scroll'>2. Decor<\/a>\n<li><a href='https:\/\/dalatreview.vn\/en#3-dich-vu-tien-nghi' class='heading-h2 toc-link smooth-scroll'>3. D\u1ecbch v\u1ee5 &amp; Ti\u1ec7n nghi<\/a>\n<li><a href='https:\/\/dalatreview.vn\/en#4-gia-phong' class='heading-h2 toc-link smooth-scroll'>4.\u00a0Gi\u00e1 ph\u00f2ng<\/a>\n<li><a href='https:\/\/dalatreview.vn\/en#5-lien-he' class='heading-h2 toc-link smooth-scroll'>5. Li\u00ean h\u1ec7<\/a><\/ul>\n<\/ul>\n<\/li>\n<\/ul>\n<\/nav>\n<h2 id=\"1-vi-tri\"><span style=\"color: #008000;\"><strong><span style=\"font-size: 24px;\">1. V\u1ecb tr\u00ed<\/span><\/strong><\/span><\/h2>\n<p><strong>Villa \u0110\u00e0 L\u1ea1t An S\u01a1n<\/strong> 5 ph\u00f2ng ch\u1ec9 c\u00e1ch ch\u1ee3 5 ph\u00fat ch\u1ea1y xe, t\u1ecda l\u1ea1c ngay v\u1ecb tr\u00ed trung t\u00e2m<strong> ph\u01b0\u1eddng 4 &#8211; TP \u0110\u00e0 L\u1ea1t<\/strong>. N\u01a1i \u0111\u00e2y g\u1eafn li\u1ec1n v\u1edbi \u0111\u1ecba danh n\u1ed5i ti\u1ebfng c\u1ee7a x\u1ee9 s\u1edf s\u01b0\u01a1ng m\u00f9 ch\u00ednh l\u00e0 H\u1ed3 Tuy\u1ec1n L\u00e2m hay c\u00f2n d\u01b0\u1ee3c g\u1ecdi l\u00e0 l\u00e1 ph\u1ed5i xanh c\u1ee7a \u0110\u00e0 L\u1ea1t.<\/p>\n<p><img decoding=\"async\" class=\"aligncenter wp-image-14642 size-full\" src=\"https:\/\/dalatreview.vn\/wp-content\/uploads\/2022\/02\/villa-5-phong-an-son-12-1.jpg\" alt=\"villa 5 phong an son\" width=\"1200\" height=\"800\" \/><\/p>\n<h2 id=\"2-decor\"><span style=\"color: #008000;\"><strong><span style=\"font-size: 24px;\"><span class=\"_4yxo _4yxp\">2. Decor<\/span><\/span><\/strong><\/span><\/h2>\n<p>C\u0103n nh\u00e0 n\u1eb1m gi\u1eefa 1 khung tr\u1eddi thi\u00ean nhi\u00ean v\u00f4 c\u00f9ng t\u01b0\u01a1i xanh v\u00e0 th\u01a1 m\u1ed9ng, c\u00f9ng v\u1edbi thi\u1ebft k\u1ebf \u0111\u01a1n gi\u1ea3n v\u00e0 \u0111\u1ea7y \u0111\u1ee7 ti\u1ec7n nghi, t\u1ea1o ra c\u1ea3m gi\u00e1c y\u00ean b\u00ecnh v\u00f4 c\u00f9ng&#8230;<\/p>\n<p>H\u00e3y r\u1eddi xa ch\u1ed1n ph\u1ed1 th\u1ecb xa hoa, \u1ed3n \u00e0o th\u1ecb phi \u0111\u1ec3 \u0111\u1ebfn \u0111\u00e2y t\u1eadn h\u01b0\u1edfng nh\u1eefng ng\u00e0y ngh\u1ec9 t\u01b0\u01a1i \u0111\u1eb9p nh\u1ea5t nh\u00e9 !<\/p>\n<p><img decoding=\"async\" class=\"aligncenter wp-image-14643 size-full\" src=\"https:\/\/dalatreview.vn\/wp-content\/uploads\/2022\/02\/villa-5-phong-an-son.jpg\" alt=\"villa 5 phong an son\" width=\"1200\" height=\"900\" \/><\/p>\n<h2 id=\"3-dich-vu-tien-nghi\"><span style=\"color: #008000;\"><strong><span style=\"font-size: 24px;\">3. D\u1ecbch v\u1ee5 &amp; Ti\u1ec7n nghi<\/span><\/strong><\/span><\/h2>\n<p>G\u1ed3m 5 ph\u00f2ng ng\u1ee7 sang tr\u1ecdng:<br \/>\n2 ph\u00f2ng 1 gi\u01b0\u1eddng 2 ng\u01b0\u1eddi<br \/>\n3 ph\u00f2ng 2 gi\u01b0\u1eddng 4 ng\u01b0\u1eddi<\/p>\n<p>S\u1ee9c ch\u1ee9a 14-16 kh\u00e1ch.<\/p>\n<p>&#8212;&#8212;&#8212;&#8212;&#8212;&#8212;&#8212;&#8212;&#8212;&#8212;&#8212;&#8212;&#8212;&#8212;&#8212;&#8212;&#8212;-<\/p>\n<p>&#8211; \u0110\u1ea7y \u0111\u1ee7 ti\u1ec7n nghi nh\u01b0 \u1edf nh\u00e0.<\/p>\n<p>&#8211; C\u00f3 di\u1ec7n t\u00edch \u0111\u1ec3 n\u01b0\u1edbng BBQ.<\/p>\n<p>&#8211; C\u00f3 ch\u1ed7 \u0111\u1eadu xe m\u00e1y, xe h\u01a1i an to\u00e0n.<\/p>\n<p>&#8211; Y\u00ean t\u0129nh, an ninh 24\/24, s\u1ea1ch s\u1ebd, tho\u00e1ng m\u00e1t, view thi\u00ean nhi\u00ean si\u00eau \u0111\u1eb9p.<\/p>\n<p>&#8211; B\u1ebfp t\u1ef1 do n\u1ea5u n\u01b0\u1edbng<\/p>\n<p>&#8211; Ch\u00eca kho\u00e1 trao tay tha h\u1ed3 ri\u00eang t\u01b0 .<\/p>\n<p><img decoding=\"async\" class=\"aligncenter wp-image-14644 size-full\" src=\"https:\/\/dalatreview.vn\/wp-content\/uploads\/2022\/02\/villa-5-phong-an-son-22.jpg\" alt=\"villa 5 phong an son\" width=\"1200\" height=\"900\" \/><\/p>\n<p>&nbsp;<\/p>\n<article class=\"post-content\">\n<div class=\"anh_wtm_m\">\n<div class=\"mws_content\">\n<article class=\"post-content\">\n<div class=\"anh_wtm_m\">\n<div class=\"mws_content\">\n<article class=\"post-content\">\n<div class=\"anh_wtm_m\">\n<div class=\"mws_content\">\n<article class=\"post-content\">\n<h2 id=\"4-gia-phong\"><span style=\"color: #008000;\"><strong><span style=\"font-size: 24px;\"><span class=\"_4yxo\">4.<\/span>\u00a0Gi\u00e1 ph\u00f2ng<\/span><\/strong><\/span><\/h2>\n<p>Li\u00ean h\u1ec7 \u0111\u1ec3 \u0111\u01b0\u1ee3c \u0110\u00e0 L\u1ea1t Review t\u01b0 v\u1ea5n.<\/p>\n<h2 id=\"5-lien-he\"><span style=\"color: #008000;\">5. Li\u00ean h\u1ec7<\/span><\/h2>\n<p>Fanpage:\u00a0<a href=\"https:\/\/www.facebook.com\/booking.dalatreview.vn\/\">Booking \u0110\u00e0 L\u1ea1t \u2013 www.dalatreview.vn<\/a><\/p>\n<p>S\u0110T\/Zalo: 0988 249 297<\/p>\n<\/article>\n<\/div>\n<\/div>\n<\/article>\n<article class=\"post-content xemthem\"><\/article>\n<div id=\"comments\" class=\"comments-area\"><\/div>\n<\/div>\n<\/div>\n<\/article>\n<article class=\"post-content xemthem\"><\/article>\n<div id=\"comments\" class=\"comments-area\"><\/div>\n<\/div>\n<\/div>\n<\/article>\n<article class=\"post-content xemthem\"><\/article>\n<div id=\"comments\" class=\"comments-area\"><\/div>","protected":false},"excerpt":{"rendered":"<p>Villa \u0110\u00e0 L\u1ea1t An S\u01a1n 5 Ph\u00f2ng Danh m\u1ee5c ch\u00ednh 1. V\u1ecb tr\u00ed 2. Decor 3. D\u1ecbch v\u1ee5 &amp; Ti\u1ec7n nghi 4.\u00a0Gi\u00e1 ph\u00f2ng 5. Li\u00ean h\u1ec7 1. V\u1ecb tr\u00ed Villa \u0110\u00e0 L\u1ea1t An S\u01a1n 5 ph\u00f2ng ch\u1ec9 c\u00e1ch ch\u1ee3 5 ph\u00fat ch\u1ea1y xe, t\u1ecda l\u1ea1c ngay v\u1ecb tr\u00ed trung t\u00e2m ph\u01b0\u1eddng 4 &#8211; TP \u0110\u00e0 [&hellip;]<\/p>","protected":false},"featured_media":14631,"comment_status":"open","ping_status":"closed","template":"","meta":{"_acf_changed":false,"rank_math_lock_modified_date":false},"product_cat":[29,2254,45],"product_tag":[],"acf":[],"_links":{"self":[{"href":"https:\/\/dalatreview.vn\/en\/wp-json\/wp\/v2\/product\/14630"}],"collection":[{"href":"https:\/\/dalatreview.vn\/en\/wp-json\/wp\/v2\/product"}],"about":[{"href":"https:\/\/dalatreview.vn\/en\/wp-json\/wp\/v2\/types\/product"}],"replies":[{"embeddable":true,"href":"https:\/\/dalatreview.vn\/en\/wp-json\/wp\/v2\/comments?post=14630"}],"wp:featuredmedia":[{"embeddable":true,"href":"https:\/\/dalatreview.vn\/en\/wp-json\/wp\/v2\/media\/14631"}],"wp:attachment":[{"href":"https:\/\/dalatreview.vn\/en\/wp-json\/wp\/v2\/media?parent=14630"}],"wp:term":[{"taxonomy":"product_cat","embeddable":true,"href":"https:\/\/dalatreview.vn\/en\/wp-json\/wp\/v2\/product_cat?post=14630"},{"taxonomy":"product_tag","embeddable":true,"href":"https:\/\/dalatreview.vn\/en\/wp-json\/wp\/v2\/product_tag?post=14630"}],"curies":[{"name":"wp","href":"https:\/\/api.w.org\/{rel}","templated":true}]}}