
{"id":14580,"date":"2022-02-19T09:28:40","date_gmt":"2022-02-19T02:28:40","guid":{"rendered":"https:\/\/dalatreview.vn\/?p=14580"},"modified":"2024-07-11T11:02:23","modified_gmt":"2024-07-11T04:02:23","slug":"villa-da-lat-van-hanh-5-phong","status":"publish","type":"product","link":"https:\/\/dalatreview.vn\/en\/villa-da-lat-van-hanh-5-phong.html","title":{"rendered":"Villa \u0110\u00e0 L\u1ea1t V\u1ea1n H\u1ea1nh 5 Ph\u00f2ng"},"content":{"rendered":"<p style=\"text-align: center;\"><span style=\"color: #008000;\"><strong><span style=\"font-size: 24px;\">Villa \u0110\u00e0 L\u1ea1t V\u1ea1n H\u1ea1nh 5 Ph\u00f2ng<\/span><\/strong><\/span><\/p>\n<nav class=\"vietrick-auto-toc\">\n<div class=\"box-title\">\n<h3 class=\"toc-title\" id=\"select-menu\">Danh m\u1ee5c ch\u00ednh<\/h3>\n<div><ion-icon name=\"chevron-up-outline\"><\/ion-icon><\/div>\n<\/div>\n<ul class=\"toc-list\">\n<li><a href='https:\/\/dalatreview.vn\/en#1-vi-tri' class='heading-h2 toc-link smooth-scroll'>1. V\u1ecb tr\u00ed<\/a>\n<li><a href='https:\/\/dalatreview.vn\/en#2-decor' class='heading-h2 toc-link smooth-scroll'>2. Decor<\/a>\n<li><a href='https:\/\/dalatreview.vn\/en#3-dich-vu-tien-nghi' class='heading-h2 toc-link smooth-scroll'>3. D\u1ecbch v\u1ee5 &amp; Ti\u1ec7n nghi<\/a>\n<li><a href='https:\/\/dalatreview.vn\/en#4-gia-phong' class='heading-h2 toc-link smooth-scroll'>4.\u00a0Gi\u00e1 ph\u00f2ng<\/a>\n<li><a href='https:\/\/dalatreview.vn\/en#5-lien-he' class='heading-h2 toc-link smooth-scroll'>5. Li\u00ean h\u1ec7<\/a>\n<li><a href='https:\/\/dalatreview.vn\/en#' class='heading-h2 toc-link smooth-scroll'><\/a><\/ul>\n<\/ul>\n<\/li>\n<\/ul>\n<\/nav>\n<h2 id=\"1-vi-tri\"><span style=\"color: #008000;\"><strong><span style=\"font-size: 24px;\">1. V\u1ecb tr\u00ed<\/span><\/strong><\/span><\/h2>\n<p>Villa V\u1ea1n H\u1ea1nh t\u1ecda l\u1ea1c ngay khu v\u1ef1c trung t\u00e2m, ch\u1ec9 c\u00e1ch ch\u1ee3 6 ph\u00fat ch\u1ea1y xe. N\u01a1i \u0111\u00e2y giao th\u00f4ng r\u1ea5t thu\u1eadn ti\u1ec7n, l\u1ea1i c\u00f2n h\u1ed9i t\u1ee5 r\u1ea5t nhi\u1ec1u \u0111i\u1ec3m \u0103n u\u1ed1ng v\u00e0 mua s\u1eafm th\u0103m quan n\u1eefa. H\u1ee9a h\u1eb9n \u0111\u00e2y\u00a0s\u1ebd l\u00e0 1 l\u1ef1a ch\u1ecdn tuy\u1ec7t v\u1eddi cho b\u1ea1n c\u00f9ng ng\u01b0\u1eddi th\u00e2n khi \u0111\u1ebfn v\u1edbi x\u1ee9 s\u1edf s\u01b0\u01a1ng m\u00f9.<\/p>\n<p><img decoding=\"async\" class=\"aligncenter wp-image-14605 size-full\" src=\"https:\/\/dalatreview.vn\/wp-content\/uploads\/2022\/02\/villa-5-phong-van-hanh.jpg\" alt=\"villa 5 phong van hanh\" width=\"1200\" height=\"900\" \/><\/p>\n<h2 id=\"2-decor\"><span style=\"color: #008000;\"><strong><span style=\"font-size: 24px;\"><span class=\"_4yxo _4yxp\">2. Decor<\/span><\/span><\/strong><\/span><\/h2>\n<p>\u0110\u01b0\u1ee3c thi\u1ebft k\u1ebf \u0111\u1ea7y \u0111\u1ee7 ti\u1ec7n nghi v\u00e0 v\u00f4 c\u00f9ng cao c\u1ea5p.<\/p>\n<p>Kh\u00f4ng gian m\u1edf r\u1ed9ng r\u00e3i tho\u00e1ng m\u00e1t h\u00f2a m\u00ecnh v\u1edbi thi\u00ean nhi\u00ean.<\/p>\n<p>V\u1ec1 \u0111\u00eam b\u1ea1n s\u1ebd th\u1ea5y ng\u00f4i nh\u00e0 c\u1ee7a m\u00ecnh lung linh l\u1ea5p l\u00e1nh, c\u00f3 nhi\u1ec1u g\u00f3c chill chill \u0111\u1ec3 t\u00e2m s\u1ef1 c\u00e0 ph\u00ea v\u00e0 tr\u00f2 chuy\u1ec7n c\u1ef1c k\u1ef3 tho\u1ea3i m\u00e1i.<\/p>\n<p><img decoding=\"async\" class=\"aligncenter wp-image-14606 size-full\" src=\"https:\/\/dalatreview.vn\/wp-content\/uploads\/2022\/02\/villa-5-phong-van-hanh-24.jpg\" alt=\"villa 5 phong van hanh\" width=\"1200\" height=\"900\" \/><\/p>\n<h2 id=\"3-dich-vu-tien-nghi\"><span style=\"color: #008000;\"><strong><span style=\"font-size: 24px;\">3. D\u1ecbch v\u1ee5 &amp; Ti\u1ec7n nghi<\/span><\/strong><\/span><\/h2>\n<p style=\"margin: 0cm; background: white;\"><span style=\"font-size: 16px; font-family: 'Segoe UI', sans-serif; color: #212529;\">G\u1ed3m 5 ph\u00f2ng ng\u1ee7 sang tr\u1ecdng:<br \/>\n1 ph\u00f2ng 1 gi\u01b0\u1eddng 2 ng\u01b0\u1eddi<br \/>\n3 ph\u00f2ng 2 gi\u01b0\u1eddng 4 ng\u01b0\u1eddi<br \/>\n1 ph\u00f2ng gia\u00a0\u0111\u00ecnh 6 ng\u01b0\u1eddi\u00a0<\/span><\/p>\n<p style=\"margin: 0cm; background: white;\"><span style=\"font-size: 16px; font-family: 'Segoe UI', sans-serif; color: #212529;\">S\u1ee9c ch\u1ee9a 14-16 kh\u00e1ch, v\u1ec7 sinh kh\u00e9p k\u00edn, t\u1ee7 l\u1ea1nh mini, n\u00f3ng l\u1ea1nh wifi internet mi\u1ec5n ph\u00ed&#8230;\u00a0<\/span><\/p>\n<p style=\"margin: 0cm; background: white;\">\n<p style=\"margin: 0cm; background: white;\"><span style=\"font-size: 16px; font-family: 'Segoe UI', sans-serif; color: #212529;\">&#8211; \u0110\u1ea7y \u0111\u1ee7 ti\u1ec7n nghi nh\u01b0 \u1edf nh\u00e0: ph\u00f2ng kh\u00e1ch, ph\u00f2ng b\u1ebfp r\u1ed9ng r\u00e3i, d\u00e0n karaoke x\u1ecbn x\u00f2.\u00a0<\/span><\/p>\n<p style=\"margin: 0cm; background: white;\"><span style=\"font-size: 16px; font-family: 'Segoe UI', sans-serif; color: #212529;\">&#8211; C\u00f3 di\u1ec7n t\u00edch \u0111\u1ec3 n\u01b0\u1edbng BBQ.<\/span><\/p>\n<p style=\"margin: 0cm; background: white;\"><span style=\"font-size: 16px; font-family: 'Segoe UI', sans-serif; color: #212529;\">&#8211; C\u00f3 ch\u1ed7 \u0111\u1eadu xe m\u00e1y, xe h\u01a1i an to\u00e0n.<\/span><\/p>\n<p style=\"margin: 0cm; background: white;\"><span style=\"font-size: 16px; font-family: 'Segoe UI', sans-serif; color: #212529;\">&#8211; Y\u00ean t\u0129nh, an ninh 24\/24, s\u1ea1ch s\u1ebd, tho\u00e1ng m\u00e1t, view thi\u00ean nhi\u00ean si\u00eau \u0111\u1eb9p.<\/span><\/p>\n<p style=\"margin: 0cm; background: white;\"><span style=\"font-size: 16px; font-family: 'Segoe UI', sans-serif; color: #212529;\">&#8211; B\u1ebfp t\u1ef1 do n\u1ea5u n\u01b0\u1edbng \u0111\u1ea7y \u0111\u1ee7 d\u1ee5ng c\u1ee5 v\u00e0 gia v\u1ecb.\u00a0<\/span><\/p>\n<p style=\"margin: 0cm; background: white;\"><span style=\"font-size: 16px; font-family: 'Segoe UI', sans-serif; color: #212529;\">&#8211; Ch\u00eca kho\u00e1 trao tay tha h\u1ed3 ri\u00eang t\u01b0 .<\/span><\/p>\n<p><img decoding=\"async\" class=\"aligncenter wp-image-14609 size-full\" src=\"https:\/\/dalatreview.vn\/wp-content\/uploads\/2022\/02\/villa-5-phong-van-hanh-26.jpg\" alt=\"villa 5 phong van hanh\" width=\"1200\" height=\"900\" \/><\/p>\n<article class=\"post-content\">\n<div class=\"anh_wtm_m\">\n<div class=\"mws_content\">\n<article class=\"post-content\">\n<div class=\"anh_wtm_m\">\n<div class=\"mws_content\">\n<article class=\"post-content\">\n<div class=\"anh_wtm_m\">\n<div class=\"mws_content\">\n<article class=\"post-content\">\n<h2 id=\"4-gia-phong\"><span style=\"color: #008000;\"><strong><span style=\"font-size: 24px;\"><span class=\"_4yxo\">4.<\/span>\u00a0Gi\u00e1 ph\u00f2ng<\/span><\/strong><\/span><\/h2>\n<p>Li\u00ean h\u1ec7 \u0111\u1ec3 \u0111\u01b0\u1ee3c \u0110\u00e0 L\u1ea1t Review t\u01b0 v\u1ea5n.<\/p>\n<h2 id=\"5-lien-he\"><span style=\"color: #008000;\">5. Li\u00ean h\u1ec7<\/span><\/h2>\n<p>Fanpage:\u00a0<a href=\"https:\/\/www.facebook.com\/booking.dalatreview.vn\/\">Booking \u0110\u00e0 L\u1ea1t \u2013 www.dalatreview.vn<\/a><\/p>\n<p>S\u0110T\/Zalo: 0988 249 297<\/p>\n<\/article>\n<\/div>\n<\/div>\n<\/article>\n<article class=\"post-content xemthem\"><\/article>\n<div id=\"comments\" class=\"comments-area\"><\/div>\n<\/div>\n<\/div>\n<\/article>\n<article class=\"post-content xemthem\"><\/article>\n<div id=\"comments\" class=\"comments-area\"><\/div>\n<\/div>\n<\/div>\n<\/article>\n<article class=\"post-content xemthem\"><\/article>\n<div id=\"comments\" class=\"comments-area\"><\/div>\n<h2 id=\"\"><\/h2>","protected":false},"excerpt":{"rendered":"<p>Villa \u0110\u00e0 L\u1ea1t V\u1ea1n H\u1ea1nh 5 Ph\u00f2ng Danh m\u1ee5c ch\u00ednh 1. V\u1ecb tr\u00ed 2. Decor 3. D\u1ecbch v\u1ee5 &amp; Ti\u1ec7n nghi 4.\u00a0Gi\u00e1 ph\u00f2ng 5. Li\u00ean h\u1ec7 1. V\u1ecb tr\u00ed Villa V\u1ea1n H\u1ea1nh t\u1ecda l\u1ea1c ngay khu v\u1ef1c trung t\u00e2m, ch\u1ec9 c\u00e1ch ch\u1ee3 6 ph\u00fat ch\u1ea1y xe. N\u01a1i \u0111\u00e2y giao th\u00f4ng r\u1ea5t thu\u1eadn ti\u1ec7n, l\u1ea1i c\u00f2n [&hellip;]<\/p>","protected":false},"featured_media":14582,"comment_status":"open","ping_status":"closed","template":"","meta":{"_acf_changed":false,"rank_math_lock_modified_date":false},"product_cat":[29,2254,45],"product_tag":[],"acf":[],"_links":{"self":[{"href":"https:\/\/dalatreview.vn\/en\/wp-json\/wp\/v2\/product\/14580"}],"collection":[{"href":"https:\/\/dalatreview.vn\/en\/wp-json\/wp\/v2\/product"}],"about":[{"href":"https:\/\/dalatreview.vn\/en\/wp-json\/wp\/v2\/types\/product"}],"replies":[{"embeddable":true,"href":"https:\/\/dalatreview.vn\/en\/wp-json\/wp\/v2\/comments?post=14580"}],"wp:featuredmedia":[{"embeddable":true,"href":"https:\/\/dalatreview.vn\/en\/wp-json\/wp\/v2\/media\/14582"}],"wp:attachment":[{"href":"https:\/\/dalatreview.vn\/en\/wp-json\/wp\/v2\/media?parent=14580"}],"wp:term":[{"taxonomy":"product_cat","embeddable":true,"href":"https:\/\/dalatreview.vn\/en\/wp-json\/wp\/v2\/product_cat?post=14580"},{"taxonomy":"product_tag","embeddable":true,"href":"https:\/\/dalatreview.vn\/en\/wp-json\/wp\/v2\/product_tag?post=14580"}],"curies":[{"name":"wp","href":"https:\/\/api.w.org\/{rel}","templated":true}]}}