
{"id":14566,"date":"2022-02-19T08:54:15","date_gmt":"2022-02-19T01:54:15","guid":{"rendered":"https:\/\/dalatreview.vn\/?p=14566"},"modified":"2024-07-11T11:02:24","modified_gmt":"2024-07-11T04:02:24","slug":"villa-vip-da-lat-van-hanh-ho-boi-5-phong","status":"publish","type":"product","link":"https:\/\/dalatreview.vn\/en\/villa-vip-da-lat-van-hanh-ho-boi-5-phong.html","title":{"rendered":"Villa Vip \u0110\u00e0 L\u1ea1t V\u1ea1n H\u1ea1nh H\u1ed3 B\u01a1i 5 Ph\u00f2ng"},"content":{"rendered":"<p style=\"text-align: center;\"><span style=\"color: #008000;\"><strong><span style=\"font-size: 24px;\">Villa Vip \u0110\u00e0 L\u1ea1t V\u1ea1n H\u1ea1nh H\u1ed3 B\u01a1i 5 Ph\u00f2ng<\/span><\/strong><\/span><\/p>\n<nav class=\"vietrick-auto-toc\">\n<div class=\"box-title\">\n<h3 class=\"toc-title\" id=\"select-menu\">Danh m\u1ee5c ch\u00ednh<\/h3>\n<div><ion-icon name=\"chevron-up-outline\"><\/ion-icon><\/div>\n<\/div>\n<ul class=\"toc-list\">\n<li><a href='https:\/\/dalatreview.vn\/en#1-vi-tri' class='heading-h2 toc-link smooth-scroll'>1. V\u1ecb tr\u00ed<\/a>\n<li><a href='https:\/\/dalatreview.vn\/en#2-decor' class='heading-h2 toc-link smooth-scroll'>2. Decor<\/a>\n<li><a href='https:\/\/dalatreview.vn\/en#3-dich-vu-tien-nghi' class='heading-h2 toc-link smooth-scroll'>3. D\u1ecbch v\u1ee5 &amp; Ti\u1ec7n nghi<\/a>\n<li><a href='https:\/\/dalatreview.vn\/en#4-gia-phong' class='heading-h2 toc-link smooth-scroll'>4.\u00a0Gi\u00e1 ph\u00f2ng<\/a>\n<li><a href='https:\/\/dalatreview.vn\/en#5-lien-he' class='heading-h2 toc-link smooth-scroll'>5. Li\u00ean h\u1ec7<\/a><\/ul>\n<\/ul>\n<\/li>\n<\/ul>\n<\/nav>\n<h2 id=\"1-vi-tri\"><span style=\"color: #008000;\"><strong><span style=\"font-size: 24px;\">1. V\u1ecb tr\u00ed<\/span><\/strong><\/span><\/h2>\n<p>N\u1eb1m g\u1ea7n khu v\u1ef1c trung t\u00e2m, c\u00e1ch ch\u1ee3 v\u00e0 qu\u1ea3ng tr\u01b0\u1eddng r\u1ea5t g\u1ea7n. Villa vip\u00a0V\u1ea1n H\u1ea1nh t\u1ecda l\u1ea1c t\u1ea1i<strong> ph\u01b0\u1eddng 8, TP \u0110\u00e0 L\u1ea1t<\/strong>. N\u01a1i \u0111\u00e2y h\u1ed9i t\u1ee5 r\u1ea5t nhi\u1ec1u \u01b0u \u0111i\u1ec3m tuy\u1ec7t v\u1eddi \u0111\u1ec3 b\u1ea1n l\u1ef1a ch\u1ecdn nh\u01b0: c\u00e1c \u0111i\u1ec3m mua s\u1eafm, \u0103n u\u1ed1ng, vui ch\u01a1i v\u00e0 tham quan du l\u1ecbch \u0111\u1ea5y nh\u00e9 ! H\u01a1n h\u1ebft giao th\u00f4ng l\u1ea1i v\u00f4 c\u00f9ng thu\u1eadn ti\u1ec7n cho vi\u1ec7c di chuy\u1ec3n n\u1eefa.<\/p>\n<p><img decoding=\"async\" class=\"aligncenter wp-image-14576 size-full\" src=\"https:\/\/dalatreview.vn\/wp-content\/uploads\/2022\/02\/villa-vip-5-phong-van-hanh-ho-boi.jpg\" alt=\"villa vip 5 phong van hanh ho boi\" width=\"1200\" height=\"900\" \/><\/p>\n<h2 id=\"2-decor\"><span style=\"color: #008000;\"><strong><span style=\"font-size: 24px;\"><span class=\"_4yxo _4yxp\">2. Decor<\/span><\/span><\/strong><\/span><\/h2>\n<p>Nh\u00e0 \u0111\u01b0\u1ee3c thi\u1ebft k\u1ebf theo phong c\u00e1ch Ch\u00e2u \u00c2u, kh\u00f4ng gian m\u1edf, \u0111\u00f3n \u00e1nh s\u00e1ng t\u1ef1 nhi\u00ean n\u00ean r\u1ea5t r\u1ed9ng r\u00e3i v\u00e0 tho\u00e1ng m\u00e1t. T\u1ea5t c\u1ea3 c\u00e1c \u0111\u1ed3 d\u00f9ng trong nh\u00e0 \u0111\u1ec1u cao c\u1ea5p, l\u1ea5y tone m\u00e0u ch\u1ee7 \u0111\u1ea1o cho villa l\u00e0 tr\u1eafng v\u00e0 ghi x\u00e1m to\u00e1t l\u00ean v\u1ebb sang tr\u1ecdng v\u00f4 c\u00f9ng.<\/p>\n<p>\u0110i\u1ec3m \u0111\u1eb7c bi\u1ec7t c\u1ee7a c\u0103n nh\u00e0 n\u00e0y ch\u00ednh l\u00e0 \u0111\u01b0\u1ee3c x\u00e2y d\u1ef1ng th\u00eam h\u1ed3 b\u01a1i v\u00e0 trang b\u1ecb th\u00eam c\u00e1c b\u1ed9 m\u00f4n th\u1ec3 thao nh\u01b0 bi-a, \u0111\u00e1 b\u00f3ng nh\u00e2n t\u1ea1o,&#8230; \u0111\u1ec3 b\u1ea1n c\u00f9ng m\u1ecdi ng\u01b0\u1eddi gi\u1ea3i tr\u00ed th\u01b0 gi\u00e3n xua tan m\u1ecdi c\u0103ng th\u1eb3ng v\u00e0 mu\u1ed9n phi\u1ec1n trong cu\u1ed9c s\u1ed1ng.<\/p>\n<p><img decoding=\"async\" class=\"aligncenter wp-image-14577 size-full\" src=\"https:\/\/dalatreview.vn\/wp-content\/uploads\/2022\/02\/villa-vip-5-phong-van-hanh-ho-boi-1.jpg\" alt=\"villa vip 5 phong van hanh ho boi\" width=\"1200\" height=\"900\" \/><\/p>\n<h2 id=\"3-dich-vu-tien-nghi\"><span style=\"color: #008000;\"><strong><span style=\"font-size: 24px;\">3. D\u1ecbch v\u1ee5 &amp; Ti\u1ec7n nghi<\/span><\/strong><\/span><\/h2>\n<p>Villa Vip V\u1ea1n H\u1ea1nh c\u00f3 h\u1ed3 b\u01a1i:<\/p>\n<p>G\u1ed3m 5 ph\u00f2ng ng\u1ee7 sang tr\u1ecdng, v\u1ec7 sinhb kh\u00e9p k\u00edn, c\u00f3 b\u1ed3n t\u1eafm, n\u00f3ng l\u1ea1nh, tivi, wifi internet mi\u1ec5n ph\u00ed.<br \/>\n3 ph\u00f2ng 1 gi\u01b0\u1eddng 2 ng\u01b0\u1eddi<br \/>\n1 ph\u00f2ng 2 gi\u01b0\u1eddng 4 ng\u01b0\u1eddi<br \/>\n1 ph\u00f2ng 3 gi\u01b0\u1eddng 6 ng\u01b0\u1eddi<\/p>\n<p>S\u1ee9c ch\u1ee9a 16-18\u00a0kh\u00e1ch<\/p>\n<p>&nbsp;<\/p>\n<p>&#8211; \u0110\u1ea7y \u0111\u1ee7 ti\u1ec7n nghi nh\u01b0 \u1edf nh\u00e0, ban c\u00f4ng s\u00e2n v\u01b0\u1eddn r\u1ed9ng.<\/p>\n<p>&#8211; C\u00f3 di\u1ec7n t\u00edch \u0111\u1ec3 n\u01b0\u1edbng BBQ.<\/p>\n<p>&#8211; C\u00f3 ch\u1ed7 \u0111\u1eadu xe m\u00e1y, xe h\u01a1i an to\u00e0n.<\/p>\n<p>&#8211; Y\u00ean t\u0129nh, an ninh 24\/24, s\u1ea1ch s\u1ebd, tho\u00e1ng m\u00e1t, view thi\u00ean nhi\u00ean si\u00eau \u0111\u1eb9p.<\/p>\n<p>&#8211; B\u1ebfp t\u1ef1 do n\u1ea5u n\u01b0\u1edbng<\/p>\n<p>&#8211; Ch\u00eca kho\u00e1 trao tay tha h\u1ed3 ri\u00eang t\u01b0 .<\/p>\n<p><img decoding=\"async\" class=\"aligncenter wp-image-14578 size-full\" src=\"https:\/\/dalatreview.vn\/wp-content\/uploads\/2022\/02\/villa-vip-5-phong-van-hanh-ho-boi-2.jpg\" alt=\"villa vip 5 phong van hanh ho boi\" width=\"1200\" height=\"900\" \/><\/p>\n<p>&nbsp;<\/p>\n<article class=\"post-content\">\n<div class=\"anh_wtm_m\">\n<div class=\"mws_content\">\n<article class=\"post-content\">\n<div class=\"anh_wtm_m\">\n<div class=\"mws_content\">\n<article class=\"post-content\">\n<h2 id=\"4-gia-phong\"><span style=\"color: #008000;\"><strong><span style=\"font-size: 24px;\"><span class=\"_4yxo\">4.<\/span>\u00a0Gi\u00e1 ph\u00f2ng<\/span><\/strong><\/span><\/h2>\n<p>Li\u00ean h\u1ec7 \u0111\u1ec3 \u0111\u01b0\u1ee3c \u0110\u00e0 L\u1ea1t Review t\u01b0 v\u1ea5n.<\/p>\n<h2 id=\"5-lien-he\"><span style=\"color: #008000;\">5. Li\u00ean h\u1ec7<\/span><\/h2>\n<p>Fanpage:\u00a0<a href=\"https:\/\/www.facebook.com\/booking.dalatreview.vn\/\">Booking \u0110\u00e0 L\u1ea1t \u2013 www.dalatreview.vn<\/a><\/p>\n<p>S\u0110T\/Zalo: 0988 249 297<\/p>\n<\/article>\n<\/div>\n<\/div>\n<\/article>\n<article class=\"post-content xemthem\"><\/article>\n<div id=\"comments\" class=\"comments-area\"><\/div>\n<\/div>\n<\/div>\n<\/article>\n<article class=\"post-content xemthem\"><\/article>\n<div id=\"comments\" class=\"comments-area\"><\/div>","protected":false},"excerpt":{"rendered":"<p>Villa Vip \u0110\u00e0 L\u1ea1t V\u1ea1n H\u1ea1nh H\u1ed3 B\u01a1i 5 Ph\u00f2ng Danh m\u1ee5c ch\u00ednh 1. V\u1ecb tr\u00ed 2. Decor 3. D\u1ecbch v\u1ee5 &amp; Ti\u1ec7n nghi 4.\u00a0Gi\u00e1 ph\u00f2ng 5. Li\u00ean h\u1ec7 1. V\u1ecb tr\u00ed N\u1eb1m g\u1ea7n khu v\u1ef1c trung t\u00e2m, c\u00e1ch ch\u1ee3 v\u00e0 qu\u1ea3ng tr\u01b0\u1eddng r\u1ea5t g\u1ea7n. Villa vip\u00a0V\u1ea1n H\u1ea1nh t\u1ecda l\u1ea1c t\u1ea1i ph\u01b0\u1eddng 8, TP \u0110\u00e0 [&hellip;]<\/p>","protected":false},"featured_media":14567,"comment_status":"open","ping_status":"closed","template":"","meta":{"_acf_changed":false,"rank_math_lock_modified_date":false},"product_cat":[29,2254,45],"product_tag":[],"acf":[],"_links":{"self":[{"href":"https:\/\/dalatreview.vn\/en\/wp-json\/wp\/v2\/product\/14566"}],"collection":[{"href":"https:\/\/dalatreview.vn\/en\/wp-json\/wp\/v2\/product"}],"about":[{"href":"https:\/\/dalatreview.vn\/en\/wp-json\/wp\/v2\/types\/product"}],"replies":[{"embeddable":true,"href":"https:\/\/dalatreview.vn\/en\/wp-json\/wp\/v2\/comments?post=14566"}],"wp:featuredmedia":[{"embeddable":true,"href":"https:\/\/dalatreview.vn\/en\/wp-json\/wp\/v2\/media\/14567"}],"wp:attachment":[{"href":"https:\/\/dalatreview.vn\/en\/wp-json\/wp\/v2\/media?parent=14566"}],"wp:term":[{"taxonomy":"product_cat","embeddable":true,"href":"https:\/\/dalatreview.vn\/en\/wp-json\/wp\/v2\/product_cat?post=14566"},{"taxonomy":"product_tag","embeddable":true,"href":"https:\/\/dalatreview.vn\/en\/wp-json\/wp\/v2\/product_tag?post=14566"}],"curies":[{"name":"wp","href":"https:\/\/api.w.org\/{rel}","templated":true}]}}