
{"id":14512,"date":"2022-02-18T17:19:05","date_gmt":"2022-02-18T10:19:05","guid":{"rendered":"https:\/\/dalatreview.vn\/?p=14512"},"modified":"2024-07-11T11:03:23","modified_gmt":"2024-07-11T04:03:23","slug":"villa-da-lat-cao-thang-4-phong","status":"publish","type":"product","link":"https:\/\/dalatreview.vn\/en\/villa-da-lat-cao-thang-4-phong.html","title":{"rendered":"Villa \u0110\u00e0 L\u1ea1t Cao Th\u1eafng 4 Ph\u00f2ng"},"content":{"rendered":"<p style=\"text-align: center;\"><span style=\"font-size: 24px; color: #008000;\"><strong>Villa \u0110\u00e0 L\u1ea1t Cao Th\u1eafng 4 Ph\u00f2ng<\/strong><\/span><\/p>\n<nav class=\"vietrick-auto-toc\">\n<div class=\"box-title\">\n<h3 class=\"toc-title\" id=\"select-menu\">Danh m\u1ee5c ch\u00ednh<\/h3>\n<div><ion-icon name=\"chevron-up-outline\"><\/ion-icon><\/div>\n<\/div>\n<ul class=\"toc-list\">\n<li><a href='https:\/\/dalatreview.vn\/en#1-vi-tri' class='heading-h2 toc-link smooth-scroll'>1. V\u1ecb tr\u00ed<\/a>\n<li><a href='https:\/\/dalatreview.vn\/en#2-decor' class='heading-h2 toc-link smooth-scroll'>2. Decor<\/a>\n<li><a href='https:\/\/dalatreview.vn\/en#3-dich-vu-tien-nghi' class='heading-h2 toc-link smooth-scroll'>3. D\u1ecbch v\u1ee5 &amp; Ti\u1ec7n nghi<\/a>\n<li><a href='https:\/\/dalatreview.vn\/en#4-gia-phong' class='heading-h2 toc-link smooth-scroll'>4.\u00a0Gi\u00e1 ph\u00f2ng<\/a>\n<li><a href='https:\/\/dalatreview.vn\/en#5-lien-he' class='heading-h2 toc-link smooth-scroll'>5. Li\u00ean h\u1ec7<\/a><\/ul>\n<\/ul>\n<\/li>\n<\/ul>\n<\/nav>\n<h2 id=\"1-vi-tri\"><span style=\"color: #008000;\"><strong>1. V\u1ecb tr\u00ed<\/strong><\/span><\/h2>\n<p>Villa n\u1eb1m \u1edf tr\u1ee5c <strong>\u0111\u01b0\u1eddng Cao Th\u1eafng, Ph\u01b0\u1eddng 7<\/strong> thu\u1ed9c <strong>Th\u00e0nh ph\u1ed1 \u0110\u00e0 L\u1ea1t<\/strong> t\u1ea1i T\u1ec9nh L\u00e2m \u0110\u1ed3ng n\u1eb1m trong v\u00f9ng T\u00e2y Nguy\u00ean c\u00f3 r\u1ea5t nhi\u1ec1u \u0111\u1ecba \u0111i\u1ec3m du l\u1ecbch h\u1ea5p d\u1eabn v\u00e0 n\u1ed5i ti\u1ebfng \u0111ang ch\u1edd b\u1ea1n kh\u00e1m ph\u00e1 v\u1edbi khung c\u1ea3nh thi\u00ean nhi\u00ean c\u1ef1c k\u1ef3 t\u01b0\u01a1i \u0111\u1eb9p. C\u00e1c m\u00f3n ngon, \u0111\u1ecba \u0111i\u1ec3m vui ch\u01a1i v\u00e0 n\u00e9t v\u0103n h\u00f3a \u0111\u1eb7c tr\u01b0ng \u1edf n\u01a1i \u0111\u00e2y \u0111\u1ea3m b\u1ea3o mang l\u1ea1i s\u1ef1 h\u00e0i l\u00f2ng cho b\u1ea1n \u0111\u1ea5y !<\/p>\n<p><img decoding=\"async\" class=\"aligncenter wp-image-14524 size-full\" src=\"https:\/\/dalatreview.vn\/wp-content\/uploads\/2022\/02\/villa-cao-thang-4-phong.jpg\" alt=\"villa cao thang 4 phong\" width=\"1200\" height=\"900\" \/><\/p>\n<h2 id=\"2-decor\"><span style=\"color: #008000;\"><strong><span class=\"_4yxo _4yxp\">2. Decor<\/span><\/strong><\/span><\/h2>\n<p>Ng\u00f4i nh\u00e0 \u0111\u01b0\u1ee3c decor r\u1ea5t b\u1eaft m\u1eaft, c\u00f3 th\u00eam 1 kho\u1ea3ng kh\u00f4ng gian \u0111\u1ecdc s\u1ea1ch v\u00f4 c\u00f9ng y\u00ean t\u0129nh v\u00e0 r\u1ed9ng r\u00e3i theo phong c\u00e1ch Nh\u1eadt B\u1ea3n. Ngo\u00e0i ra villa la xinh x\u1eafn n\u00e0y c\u00f2n \u0111\u01b0\u1ee3c trang tr\u00ed r\u1ea5t nhi\u1ec1u c\u00e2y xanh t\u01b0\u01a1i m\u00e1t trong nh\u00e0, t\u1ea1o n\u00ean s\u1ef1 thanh tho\u00e1t , d\u1ecbu nh\u1eb9 cho b\u1ea1n trong k\u1ef3 ngh\u1ec9 d\u01b0\u1ee1ng. N\u01a1i \u0111\u00e2y h\u1ee9a h\u1eb9n s\u1ebd\u00a0 cho b\u1ea1n c\u1ea3m gi\u00e1c tuy\u1ec7t v\u1eddi nh\u1ea5t m\u00e0 b\u1ea1n ch\u01b0a t\u1eebng c\u1ea3m nh\u1eadn qua hihi<\/p>\n<p><img decoding=\"async\" class=\"aligncenter wp-image-14525 size-full\" src=\"https:\/\/dalatreview.vn\/wp-content\/uploads\/2022\/02\/villa-cao-thang-4-phong-1.jpg\" alt=\"villa cao thang 4 phong\" width=\"1200\" height=\"900\" \/><\/p>\n<h2 id=\"3-dich-vu-tien-nghi\"><span style=\"color: #008000;\"><strong>3. D\u1ecbch v\u1ee5 &amp; Ti\u1ec7n nghi<\/strong><\/span><\/h2>\n<p>Ch\u1ec9 c\u00e1ch ch\u1ee3 6 ph\u00fat ch\u1ea1y xe. Thu\u1eadn ti\u1ec7n cho vi\u1ec7c \u0111i l\u1ea1i mua s\u1eafm v\u00e0 tham quan&#8230;<\/p>\n<p>G\u1ed3m 4 ph\u00f2ng ng\u1ee7 sang tr\u1ecdng:<br \/>\n2 ph\u00f2ng 1 gi\u01b0\u1eddng 2 ng\u01b0\u1eddi<br \/>\n1 ph\u00f2ng 3 gi\u01b0\u1eddng chi\u1ebfc\u00a03 ng\u01b0\u1eddi<br \/>\n1 ph\u00f2ng 2\u00a0gi\u01b0\u1eddng 4 ng\u01b0\u1eddi<\/p>\n<p>S\u1ee9c ch\u1ee9a 11-15 kh\u00e1ch, v\u1ec7 sinh kh\u00e9p k\u00edn c\u00f3 n\u00f3ng l\u1ea1nh..<\/p>\n<p>&#8211; \u0110\u1ea7y \u0111\u1ee7 ti\u1ec7n nghi nh\u01b0 \u1edf nh\u00e0. Ph\u00f2ng kh\u00e1ch l\u1edbn, ph\u00f2ng \u0111\u1ecdc s\u00e1ch, s\u00e2n th\u01b0\u1ee3ng, ban c\u00f4ng r\u1ea5t r\u1ed9ng r\u00e3i.<\/p>\n<p>&#8211; C\u00f3 di\u1ec7n t\u00edch \u0111\u1ec3 n\u01b0\u1edbng BBQ.<\/p>\n<p>&#8211; C\u00f3 ch\u1ed7 \u0111\u1eadu xe m\u00e1y, xe h\u01a1i an to\u00e0n free.<\/p>\n<p>&#8211; Y\u00ean t\u0129nh, an ninh 24\/24, s\u1ea1ch s\u1ebd, tho\u00e1ng m\u00e1t, view thi\u00ean nhi\u00ean si\u00eau \u0111\u1eb9p.<\/p>\n<p>&#8211; B\u1ebfp t\u1ef1 do n\u1ea5u n\u01b0\u1edbng<\/p>\n<p>&#8211; Ch\u00eca kho\u00e1 trao tay tha h\u1ed3 ri\u00eang t\u01b0 .<\/p>\n<p><img decoding=\"async\" class=\"aligncenter wp-image-14526 size-full\" src=\"https:\/\/dalatreview.vn\/wp-content\/uploads\/2022\/02\/villa-cao-thang-4-phong-2.jpg\" alt=\"villa cao thang 4 phong\" width=\"1200\" height=\"900\" \/><\/p>\n<p>&nbsp;<\/p>\n<article class=\"post-content\">\n<div class=\"anh_wtm_m\">\n<div class=\"mws_content\">\n<article class=\"post-content\">\n<div class=\"anh_wtm_m\">\n<div class=\"mws_content\">\n<article class=\"post-content\">\n<h2 id=\"4-gia-phong\"><span style=\"color: #008000;\"><strong><span class=\"_4yxo\">4.<\/span><\/strong>\u00a0Gi\u00e1 ph\u00f2ng<\/span><\/h2>\n<p>Li\u00ean h\u1ec7 \u0111\u1ec3 \u0111\u01b0\u1ee3c \u0110\u00e0 L\u1ea1t Review t\u01b0 v\u1ea5n.<\/p>\n<h2 id=\"5-lien-he\"><span style=\"color: #008000;\">5. Li\u00ean h\u1ec7<\/span><\/h2>\n<p>Fanpage:\u00a0<a href=\"https:\/\/www.facebook.com\/booking.dalatreview.vn\/\">Booking \u0110\u00e0 L\u1ea1t \u2013 www.dalatreview.vn<\/a><\/p>\n<p>S\u0110T\/Zalo: 0988 249 297<\/p>\n<\/article>\n<\/div>\n<\/div>\n<\/article>\n<article class=\"post-content xemthem\"><\/article>\n<div id=\"comments\" class=\"comments-area\"><\/div>\n<\/div>\n<\/div>\n<\/article>\n<article class=\"post-content xemthem\"><\/article>\n<div id=\"comments\" class=\"comments-area\"><\/div>","protected":false},"excerpt":{"rendered":"<p>Villa \u0110\u00e0 L\u1ea1t Cao Th\u1eafng 4 Ph\u00f2ng Danh m\u1ee5c ch\u00ednh 1. V\u1ecb tr\u00ed 2. Decor 3. D\u1ecbch v\u1ee5 &amp; Ti\u1ec7n nghi 4.\u00a0Gi\u00e1 ph\u00f2ng 5. Li\u00ean h\u1ec7 1. V\u1ecb tr\u00ed Villa n\u1eb1m \u1edf tr\u1ee5c \u0111\u01b0\u1eddng Cao Th\u1eafng, Ph\u01b0\u1eddng 7 thu\u1ed9c Th\u00e0nh ph\u1ed1 \u0110\u00e0 L\u1ea1t t\u1ea1i T\u1ec9nh L\u00e2m \u0110\u1ed3ng n\u1eb1m trong v\u00f9ng T\u00e2y Nguy\u00ean c\u00f3 r\u1ea5t nhi\u1ec1u [&hellip;]<\/p>","protected":false},"featured_media":14513,"comment_status":"open","ping_status":"closed","template":"","meta":{"_acf_changed":false,"rank_math_lock_modified_date":false},"product_cat":[29,2248,45],"product_tag":[],"acf":[],"_links":{"self":[{"href":"https:\/\/dalatreview.vn\/en\/wp-json\/wp\/v2\/product\/14512"}],"collection":[{"href":"https:\/\/dalatreview.vn\/en\/wp-json\/wp\/v2\/product"}],"about":[{"href":"https:\/\/dalatreview.vn\/en\/wp-json\/wp\/v2\/types\/product"}],"replies":[{"embeddable":true,"href":"https:\/\/dalatreview.vn\/en\/wp-json\/wp\/v2\/comments?post=14512"}],"wp:featuredmedia":[{"embeddable":true,"href":"https:\/\/dalatreview.vn\/en\/wp-json\/wp\/v2\/media\/14513"}],"wp:attachment":[{"href":"https:\/\/dalatreview.vn\/en\/wp-json\/wp\/v2\/media?parent=14512"}],"wp:term":[{"taxonomy":"product_cat","embeddable":true,"href":"https:\/\/dalatreview.vn\/en\/wp-json\/wp\/v2\/product_cat?post=14512"},{"taxonomy":"product_tag","embeddable":true,"href":"https:\/\/dalatreview.vn\/en\/wp-json\/wp\/v2\/product_tag?post=14512"}],"curies":[{"name":"wp","href":"https:\/\/api.w.org\/{rel}","templated":true}]}}