
{"id":14499,"date":"2022-02-18T16:42:38","date_gmt":"2022-02-18T09:42:38","guid":{"rendered":"https:\/\/dalatreview.vn\/?p=14499"},"modified":"2024-07-11T11:03:24","modified_gmt":"2024-07-11T04:03:24","slug":"villa-da-lat-kqh-thai-lam-4-phong","status":"publish","type":"product","link":"https:\/\/dalatreview.vn\/en\/villa-da-lat-kqh-thai-lam-4-phong.html","title":{"rendered":"Villa \u0110\u00e0 L\u1ea1t KQH Th\u00e1i L\u00e2m 4 Ph\u00f2ng"},"content":{"rendered":"<p style=\"text-align: center;\"><span style=\"font-size: 24px; color: #008000;\"><strong>Villa \u0110\u00e0 L\u1ea1t KQH Th\u00e1i L\u00e2m 4 Ph\u00f2ng<\/strong><\/span><\/p>\n<nav class=\"vietrick-auto-toc\">\n<div class=\"box-title\">\n<h3 class=\"toc-title\" id=\"select-menu\">Danh m\u1ee5c ch\u00ednh<\/h3>\n<div><ion-icon name=\"chevron-up-outline\"><\/ion-icon><\/div>\n<\/div>\n<ul class=\"toc-list\">\n<li><a href='https:\/\/dalatreview.vn\/en#1-vi-tri' class='heading-h2 toc-link smooth-scroll'>1. V\u1ecb tr\u00ed<\/a>\n<li><a href='https:\/\/dalatreview.vn\/en#2-decor' class='heading-h2 toc-link smooth-scroll'>2. Decor<\/a>\n<li><a href='https:\/\/dalatreview.vn\/en#3-dich-vu-tien-nghi' class='heading-h2 toc-link smooth-scroll'>3. D\u1ecbch v\u1ee5 &amp; Ti\u1ec7n nghi<\/a>\n<li><a href='https:\/\/dalatreview.vn\/en#4-gia-phong' class='heading-h2 toc-link smooth-scroll'>4.\u00a0Gi\u00e1 ph\u00f2ng<\/a>\n<li><a href='https:\/\/dalatreview.vn\/en#5-lien-he' class='heading-h2 toc-link smooth-scroll'>5. Li\u00ean h\u1ec7<\/a><\/ul>\n<\/ul>\n<\/li>\n<\/ul>\n<\/nav>\n<h2 id=\"1-vi-tri\"><span style=\"color: #008000;\"><strong>1. V\u1ecb tr\u00ed<\/strong><\/span><\/h2>\n<p>Villa n\u1eb1m \u1edf khu quy ho\u1ea1ch <strong>Th\u00e1i L\u00e2m, ph\u01b0\u1eddng 2, TP \u0110\u00e0 L\u1ea1t<\/strong>. C\u00e1ch H\u1ed3 Xu\u00e2n H\u01b0\u01a1ng kho\u1ea3ng 2km.<\/p>\n<p>\u1ede \u0111\u00e2y c\u00f3 r\u1ea5t nhi\u1ec1u \u0111\u1ecba \u0111i\u1ec3m du l\u1ecbch h\u1ea5p d\u1eabn, c\u00e1c m\u00f3n ngon v\u00e0 khu vui ch\u01a1i n\u1ed5i ti\u1ebfng \u0111ang ch\u1edd b\u1ea1n kh\u00e1m ph\u00e1 c\u00f9ng\u00a0n\u00e9t v\u0103n h\u00f3a \u0111\u1eb7c tr\u01b0ng v\u1edbi khung c\u1ea3nh thi\u00ean nhi\u00ean c\u1ef1c k\u1ef3 t\u01b0\u01a1i \u0111\u1eb9p \u0111\u1ea5y !<\/p>\n<p><img decoding=\"async\" class=\"aligncenter wp-image-14508 size-full\" src=\"https:\/\/dalatreview.vn\/wp-content\/uploads\/2022\/02\/villa-vip-4-kqh-thai-lam.jpg\" alt=\"villa vip 4 kqh thai lam\" width=\"1200\" height=\"900\" \/><\/p>\n<h2 id=\"2-decor\"><span style=\"color: #008000;\"><strong><span class=\"_4yxo _4yxp\">2. Decor<\/span><\/strong><\/span><\/h2>\n<p>C\u0103n nh\u00e0 \u0111\u01b0\u1ee3c trang tr\u00ed r\u1ea5t cute v\u00e0 d\u1ec5 th\u01b0\u01a1ng nh\u01b0ng c\u0169ng r\u1ea5t sang tr\u1ecdng l\u1ecbch s\u1ef1 nh\u00e9.<\/p>\n<p>C\u00f3 t\u1ea7ng th\u01b0\u1ee3ng r\u1ed9ng r\u00e3i, view cao tha h\u1ed3 qu\u1ea9y n\u1eefa n\u00e8 ! M\u1ed7i ph\u00f2ng s\u1ebd \u0111\u01b0\u1ee3c decor kh\u00e1c nhau n\u00ean s\u1ebd mang l\u1ea1i cho b\u1ea1n nhi\u1ec1u c\u1ea3m gi\u00e1c m\u1edbi m\u1ebb v\u00e0 kh\u00e1c nhau.<\/p>\n<p>Thi\u1ebft k\u1ebf theo kh\u00f4ng gian m\u1edf ho\u00e0n to\u00e0n n\u00ean s\u1ebd kh\u00f4ng c\u00f3 c\u1ea3m gi\u00e1c b\u00ed b\u00e1ch m\u00e0 ng\u01b0\u1ee3c l\u1ea1i l\u00e0 c\u1ef1c k\u1ef3 tho\u1ea3i m\u00e1i, tho\u00e1ng m\u00e1t h\u00f2a v\u1edbi thi\u00ean nhi\u00ean t\u01b0\u01a1i xanh&#8230;<\/p>\n<p><img decoding=\"async\" class=\"aligncenter wp-image-14509 size-full\" src=\"https:\/\/dalatreview.vn\/wp-content\/uploads\/2022\/02\/villa-vip-4-kqh-thai-lam-1.jpg\" alt=\"villa vip 4 kqh thai lam\" width=\"1200\" height=\"900\" \/><\/p>\n<h2 id=\"3-dich-vu-tien-nghi\"><span style=\"color: #008000;\"><strong>3. D\u1ecbch v\u1ee5 &amp; Ti\u1ec7n nghi<\/strong><\/span><\/h2>\n<p>Villa KQH Th\u00e1i L\u00e2m thu\u1eadn ti\u1ec7n \u0111i l\u1ea1i mua s\u1eafm, \u0103n u\u1ed1ng, vui ch\u01a1i&#8230;<\/p>\n<p>G\u1ed3m 4 ph\u00f2ng ng\u1ee7 sang tr\u1ecdng:<br \/>\n3 ph\u00f2ng 1 gi\u01b0\u1eddng 2\u00a0ng\u01b0\u1eddi<br \/>\n1 ph\u00f2ng 2 gi\u01b0\u1eddng 4\u00a0ng\u01b0\u1eddi<\/p>\n<p>S\u1ee9c ch\u1ee9a 10-12 kh\u00e1ch, v\u1ec7 sinh kh\u00e9p k\u00edn \u0111\u1ea7y \u0111\u1ee7 ti\u1ec7n nghi c\u00f3 n\u00f3ng l\u1ea1nh.<\/p>\n<p>&#8211; C\u00f3 di\u1ec7n t\u00edch \u0111\u1ec3 n\u01b0\u1edbng BBQ.<\/p>\n<p>&#8211; C\u00f3 ch\u1ed7 \u0111\u1eadu xe m\u00e1y, xe h\u01a1i an to\u00e0n, free.<\/p>\n<p>&#8211; Y\u00ean t\u0129nh, an ninh 24\/24, s\u1ea1ch s\u1ebd, tho\u00e1ng m\u00e1t, view thi\u00ean nhi\u00ean si\u00eau \u0111\u1eb9p.<\/p>\n<p>&#8211; B\u1ebfp t\u1ef1 do n\u1ea5u n\u01b0\u1edbng, d\u1ee5ng c\u1ee5 cao c\u1ea5p, \u0111\u1ea7y \u0111\u1ee7 gia v\u1ecb<\/p>\n<p>&#8211; Ch\u00eca kho\u00e1 trao tay tha h\u1ed3 ri\u00eang t\u01b0 .<\/p>\n<p><img decoding=\"async\" class=\"aligncenter wp-image-14510 size-full\" src=\"https:\/\/dalatreview.vn\/wp-content\/uploads\/2022\/02\/villa-vip-4-kqh-thai-lam-2.jpg\" alt=\"villa vip 4 kqh thai lam\" width=\"1200\" height=\"900\" \/><\/p>\n<article class=\"post-content\">\n<div class=\"anh_wtm_m\">\n<div class=\"mws_content\">\n<article class=\"post-content\">\n<h2 id=\"4-gia-phong\"><span style=\"color: #008000;\"><strong><span class=\"_4yxo\">4.<\/span><\/strong>\u00a0Gi\u00e1 ph\u00f2ng<\/span><\/h2>\n<p>Li\u00ean h\u1ec7 \u0111\u1ec3 \u0111\u01b0\u1ee3c \u0110\u00e0 L\u1ea1t Review t\u01b0 v\u1ea5n.<\/p>\n<h2 id=\"5-lien-he\"><span style=\"color: #008000;\">5. Li\u00ean h\u1ec7<\/span><\/h2>\n<p>Fanpage:\u00a0<a href=\"https:\/\/www.facebook.com\/booking.dalatreview.vn\/\">Booking \u0110\u00e0 L\u1ea1t \u2013 www.dalatreview.vn<\/a><\/p>\n<p>S\u0110T\/Zalo: 0988 249 297<\/p>\n<\/article>\n<\/div>\n<\/div>\n<\/article>\n<article class=\"post-content xemthem\"><\/article>\n<div id=\"comments\" class=\"comments-area\"><\/div>","protected":false},"excerpt":{"rendered":"<p>Villa \u0110\u00e0 L\u1ea1t KQH Th\u00e1i L\u00e2m 4 Ph\u00f2ng Danh m\u1ee5c ch\u00ednh 1. V\u1ecb tr\u00ed 2. Decor 3. D\u1ecbch v\u1ee5 &amp; Ti\u1ec7n nghi 4.\u00a0Gi\u00e1 ph\u00f2ng 5. Li\u00ean h\u1ec7 1. V\u1ecb tr\u00ed Villa n\u1eb1m \u1edf khu quy ho\u1ea1ch Th\u00e1i L\u00e2m, ph\u01b0\u1eddng 2, TP \u0110\u00e0 L\u1ea1t. C\u00e1ch H\u1ed3 Xu\u00e2n H\u01b0\u01a1ng kho\u1ea3ng 2km. \u1ede \u0111\u00e2y c\u00f3 r\u1ea5t nhi\u1ec1u \u0111\u1ecba [&hellip;]<\/p>","protected":false},"featured_media":14502,"comment_status":"open","ping_status":"closed","template":"","meta":{"_acf_changed":false,"rank_math_lock_modified_date":false},"product_cat":[29,2248,45],"product_tag":[],"acf":[],"_links":{"self":[{"href":"https:\/\/dalatreview.vn\/en\/wp-json\/wp\/v2\/product\/14499"}],"collection":[{"href":"https:\/\/dalatreview.vn\/en\/wp-json\/wp\/v2\/product"}],"about":[{"href":"https:\/\/dalatreview.vn\/en\/wp-json\/wp\/v2\/types\/product"}],"replies":[{"embeddable":true,"href":"https:\/\/dalatreview.vn\/en\/wp-json\/wp\/v2\/comments?post=14499"}],"wp:featuredmedia":[{"embeddable":true,"href":"https:\/\/dalatreview.vn\/en\/wp-json\/wp\/v2\/media\/14502"}],"wp:attachment":[{"href":"https:\/\/dalatreview.vn\/en\/wp-json\/wp\/v2\/media?parent=14499"}],"wp:term":[{"taxonomy":"product_cat","embeddable":true,"href":"https:\/\/dalatreview.vn\/en\/wp-json\/wp\/v2\/product_cat?post=14499"},{"taxonomy":"product_tag","embeddable":true,"href":"https:\/\/dalatreview.vn\/en\/wp-json\/wp\/v2\/product_tag?post=14499"}],"curies":[{"name":"wp","href":"https:\/\/api.w.org\/{rel}","templated":true}]}}