
{"id":14480,"date":"2022-02-18T15:55:18","date_gmt":"2022-02-18T08:55:18","guid":{"rendered":"https:\/\/dalatreview.vn\/?p=14480"},"modified":"2024-07-11T11:03:25","modified_gmt":"2024-07-11T04:03:25","slug":"villa-da-lat-vip-nam-ho-p","status":"publish","type":"product","link":"https:\/\/dalatreview.vn\/en\/villa-da-lat-vip-nam-ho-p.html","title":{"rendered":"Villa \u0110\u00e0 L\u1ea1t Vip Nam H\u1ed3 4 Ph\u00f2ng"},"content":{"rendered":"<p style=\"text-align: center;\"><span style=\"color: #008000;\"><strong><span style=\"font-size: 24px;\">Villa \u0110\u00e0 L\u1ea1t Vip Nam H\u1ed3 4 Ph\u00f2ng<\/span><\/strong><\/span><\/p>\n<nav class=\"vietrick-auto-toc\">\n<div class=\"box-title\">\n<h3 class=\"toc-title\" id=\"select-menu\">Danh m\u1ee5c ch\u00ednh<\/h3>\n<div><ion-icon name=\"chevron-up-outline\"><\/ion-icon><\/div>\n<\/div>\n<ul class=\"toc-list\">\n<li><a href='https:\/\/dalatreview.vn\/en#1-vi-tri' class='heading-h2 toc-link smooth-scroll'>1. V\u1ecb tr\u00ed<\/a>\n<li><a href='https:\/\/dalatreview.vn\/en#2-decor' class='heading-h2 toc-link smooth-scroll'>2. Decor<\/a>\n<li><a href='https:\/\/dalatreview.vn\/en#3-dich-vu-tien-nghi' class='heading-h2 toc-link smooth-scroll'>3. D\u1ecbch v\u1ee5 &amp; Ti\u1ec7n nghi<\/a>\n<li><a href='https:\/\/dalatreview.vn\/en#4-gia-phong' class='heading-h2 toc-link smooth-scroll'>4.\u00a0Gi\u00e1 ph\u00f2ng<\/a>\n<li><a href='https:\/\/dalatreview.vn\/en#5-lien-he' class='heading-h2 toc-link smooth-scroll'>5. Li\u00ean h\u1ec7<\/a><\/ul>\n<\/ul>\n<\/li>\n<\/ul>\n<\/nav>\n<h2 id=\"1-vi-tri\"><span style=\"color: #008000;\"><strong>1. V\u1ecb tr\u00ed<\/strong><\/span><\/h2>\n<p>Villa Vip Nam H\u1ed3 thu\u1ed9c ph\u01b0\u1eddng 11,\u00a0n\u1eb1m ngay g\u1ea7n trung t\u00e2m th\u00e0nh ph\u1ed1 \u0110\u00e0 L\u1ea1t. Ch\u1ec9 c\u00e1ch ch\u1ee3 6 ph\u00fat ch\u1ea1y xe, giao th\u00f4ng thu\u1eadn ti\u1ec7n. N\u1eb1m \u1edf view cao n\u00ean \u0111\u01b0\u1ee3c bao b\u1ecdc b\u1edfi s\u1ef1 xanh m\u00e1t c\u1ee7a thi\u00ean nhi\u00ean n\u01a1i \u0111\u00e2y, ch\u00ednh v\u00ec v\u1eady m\u00e0 c\u0103n nh\u00e0 n\u00e0y\u00a0s\u1ebd tr\u1edf th\u00e0nh 1 l\u1ef1a ch\u1ecdn r\u1ea5t ho\u00e0n h\u1ea3o khi b\u1ea1n \u0111\u1ebfn x\u1ee9 s\u1edf s\u01b0\u01a1ng m\u00f9 du l\u1ecbch \u0111\u1ea5y \u1ea1 !<\/p>\n<p><img decoding=\"async\" class=\"aligncenter wp-image-14493 size-full\" src=\"https:\/\/dalatreview.vn\/wp-content\/uploads\/2022\/02\/villa-vip-4-phong-nam-ho.jpg\" alt=\"villa vip 4 phong nam ho\" width=\"1200\" height=\"900\" \/><\/p>\n<h2 id=\"2-decor\"><span style=\"color: #008000;\"><strong><span class=\"_4yxo _4yxp\">2. Decor<\/span><\/strong><\/span><\/h2>\n<p>\u0110\u01b0\u1ee3c thi\u1ebft k\u1ebf ho\u00e0n to\u00e0n theo phong c\u00e1ch Ch\u00e2u \u00c2u, to\u00e1t l\u00ean s\u1ef1 trang tr\u1ecdng &#8211; l\u1ecbch s\u1ef1 v\u00e0 c\u1ef1c k\u1ef3 sang ch\u1ea3nh.<\/p>\n<p>T\u1ea5t c\u1ea3 n\u1ed9i th\u1ea5t, \u0111\u1ed3 d\u00f9ng \u0111\u1ec1u r\u1ea5t cao c\u1ea5p v\u00e0 hi\u1ec7n \u0111\u1ea1i. kh\u00f4ng gian m\u1edf, s\u00e2n v\u01b0\u1eddng r\u1ed9ng r\u00e3i \u0111\u01b0\u1ee3c x\u00e2y th\u00eam ch\u1ed7 u\u1ed1ng c\u00e0 ph\u00ea v\u00e0 tr\u00f2 chuy\u1ec7n c\u1ef1c k\u1ef3 chill.<\/p>\n<p>Ngo\u00e0i ra trong nh\u00e0 c\u00f2n \u0111\u01b0\u1ee3c trang b\u1ecb th\u00eam 1 s\u1ed1 tr\u00f2 ch\u01a1i nh\u01b0 \u0111\u00e1 b\u00f3ng nh\u00e2n t\u1ea1o&#8230; \u0111\u1ec3 b\u1ea1n c\u00f9ng b\u1ea1n b\u00e8 ng\u01b0\u1eddi th\u00e2n gi\u1ea3i tr\u00ed n\u1eefa nh\u00e9.<\/p>\n<p><img decoding=\"async\" class=\"aligncenter wp-image-14496 size-full\" src=\"https:\/\/dalatreview.vn\/wp-content\/uploads\/2022\/02\/villa-vip-4-phong-nam-ho-3.jpg\" alt=\"villa vip 4 phong nam ho\" width=\"1200\" height=\"900\" \/><\/p>\n<h2 id=\"3-dich-vu-tien-nghi\"><span style=\"color: #008000;\"><strong>3. D\u1ecbch v\u1ee5 &amp; Ti\u1ec7n nghi<\/strong><\/span><\/h2>\n<p>G\u1ed3m 4 ph\u00f2ng ng\u1ee7 sang tr\u1ecdng v\u00e0 kh\u00e9p k\u00edn:<br \/>\n2 ph\u00f2ng 1 gi\u01b0\u1eddng 2 ng\u01b0\u1eddi<br \/>\n1 ph\u00f2ng 2 gi\u01b0\u1eddng 4 ng\u01b0\u1eddi<br \/>\n1 ph\u00f2ng 4\u00a0gi\u01b0\u1eddng 8\u00a0ng\u01b0\u1eddi<\/p>\n<p>S\u1ee9c ch\u1ee9a 16-18 kh\u00e1ch, d\u1ecbch v\u1ee5 internet, tivi mi\u1ec5n ph\u00ed.<\/p>\n<p>&#8211; \u0110\u1ea7y \u0111\u1ee7 ti\u1ec7n nghi nh\u01b0 \u1edf nh\u00e0.<\/p>\n<p>&#8211; C\u00f3 di\u1ec7n t\u00edch \u0111\u1ec3 n\u01b0\u1edbng BBQ.<\/p>\n<p>&#8211; C\u00f3 ch\u1ed7 \u0111\u1eadu xe m\u00e1y, xe h\u01a1i an to\u00e0n.<\/p>\n<p>&#8211; Y\u00ean t\u0129nh, an ninh 24\/24, s\u1ea1ch s\u1ebd, tho\u00e1ng m\u00e1t, view thi\u00ean nhi\u00ean si\u00eau \u0111\u1eb9p.<\/p>\n<p>&#8211; B\u1ebfp t\u1ef1 do n\u1ea5u n\u01b0\u1edbng, \u0111\u1ea7y \u0111\u1ee7 d\u1ee5ng c\u1ee5 v\u00e0 gia v\u1ecb.<\/p>\n<p>&#8211; Ch\u00eca kho\u00e1 trao tay tha h\u1ed3 ri\u00eang t\u01b0 .<\/p>\n<p><img decoding=\"async\" class=\"aligncenter wp-image-14495 size-full\" src=\"https:\/\/dalatreview.vn\/wp-content\/uploads\/2022\/02\/villa-vip-4-phong-nam-ho-2.jpg\" alt=\"villa vip 4 phong nam ho \" width=\"1200\" height=\"900\" \/><\/p>\n<p>&nbsp;<\/p>\n<article class=\"post-content\">\n<h2 id=\"4-gia-phong\"><span style=\"color: #008000;\"><strong><span class=\"_4yxo\">4.<\/span><\/strong>\u00a0Gi\u00e1 ph\u00f2ng<\/span><\/h2>\n<p>Li\u00ean h\u1ec7 \u0111\u1ec3 \u0111\u01b0\u1ee3c \u0110\u00e0 L\u1ea1t Review t\u01b0 v\u1ea5n.<\/p>\n<h2 id=\"5-lien-he\"><span style=\"color: #008000;\">5. Li\u00ean h\u1ec7<\/span><\/h2>\n<p>Fanpage:\u00a0<a href=\"https:\/\/www.facebook.com\/booking.dalatreview.vn\/\">Booking \u0110\u00e0 L\u1ea1t \u2013 www.dalatreview.vn<\/a><\/p>\n<p>S\u0110T\/Zalo: 0988 249 297<\/p>\n<\/article>","protected":false},"excerpt":{"rendered":"<p>Villa \u0110\u00e0 L\u1ea1t Vip Nam H\u1ed3 4 Ph\u00f2ng Danh m\u1ee5c ch\u00ednh 1. V\u1ecb tr\u00ed 2. Decor 3. D\u1ecbch v\u1ee5 &amp; Ti\u1ec7n nghi 4.\u00a0Gi\u00e1 ph\u00f2ng 5. Li\u00ean h\u1ec7 1. V\u1ecb tr\u00ed Villa Vip Nam H\u1ed3 thu\u1ed9c ph\u01b0\u1eddng 11,\u00a0n\u1eb1m ngay g\u1ea7n trung t\u00e2m th\u00e0nh ph\u1ed1 \u0110\u00e0 L\u1ea1t. Ch\u1ec9 c\u00e1ch ch\u1ee3 6 ph\u00fat ch\u1ea1y xe, giao th\u00f4ng thu\u1eadn [&hellip;]<\/p>","protected":false},"featured_media":14481,"comment_status":"open","ping_status":"closed","template":"","meta":{"_acf_changed":false,"rank_math_lock_modified_date":false},"product_cat":[29,2248,45],"product_tag":[],"acf":[],"_links":{"self":[{"href":"https:\/\/dalatreview.vn\/en\/wp-json\/wp\/v2\/product\/14480"}],"collection":[{"href":"https:\/\/dalatreview.vn\/en\/wp-json\/wp\/v2\/product"}],"about":[{"href":"https:\/\/dalatreview.vn\/en\/wp-json\/wp\/v2\/types\/product"}],"replies":[{"embeddable":true,"href":"https:\/\/dalatreview.vn\/en\/wp-json\/wp\/v2\/comments?post=14480"}],"wp:featuredmedia":[{"embeddable":true,"href":"https:\/\/dalatreview.vn\/en\/wp-json\/wp\/v2\/media\/14481"}],"wp:attachment":[{"href":"https:\/\/dalatreview.vn\/en\/wp-json\/wp\/v2\/media?parent=14480"}],"wp:term":[{"taxonomy":"product_cat","embeddable":true,"href":"https:\/\/dalatreview.vn\/en\/wp-json\/wp\/v2\/product_cat?post=14480"},{"taxonomy":"product_tag","embeddable":true,"href":"https:\/\/dalatreview.vn\/en\/wp-json\/wp\/v2\/product_tag?post=14480"}],"curies":[{"name":"wp","href":"https:\/\/api.w.org\/{rel}","templated":true}]}}