
{"id":14456,"date":"2022-02-18T15:14:37","date_gmt":"2022-02-18T08:14:37","guid":{"rendered":"https:\/\/dalatreview.vn\/?p=14456"},"modified":"2024-07-11T11:03:26","modified_gmt":"2024-07-11T04:03:26","slug":"villa-da-lat-pham-hong-thai-4-phong","status":"publish","type":"product","link":"https:\/\/dalatreview.vn\/en\/villa-da-lat-pham-hong-thai-4-phong.html","title":{"rendered":"Villa \u0110\u00e0 L\u1ea1t Ph\u1ea1m H\u1ed3ng Th\u00e1i 4 Ph\u00f2ng"},"content":{"rendered":"<p style=\"text-align: center;\"><span style=\"color: #008000;\"><strong><span style=\"font-size: 24px;\">Villa \u0110\u00e0 L\u1ea1t Ph\u1ea1m H\u1ed3ng Th\u00e1i 4 Ph\u00f2ng<\/span><\/strong><\/span><\/p>\n<nav class=\"vietrick-auto-toc\">\n<div class=\"box-title\">\n<h3 class=\"toc-title\" id=\"select-menu\">Danh m\u1ee5c ch\u00ednh<\/h3>\n<div><ion-icon name=\"chevron-up-outline\"><\/ion-icon><\/div>\n<\/div>\n<ul class=\"toc-list\">\n<li><a href='https:\/\/dalatreview.vn\/en#1-vi-tri' class='heading-h2 toc-link smooth-scroll'>1. V\u1ecb tr\u00ed<\/a>\n<li><a href='https:\/\/dalatreview.vn\/en#2-decor' class='heading-h2 toc-link smooth-scroll'>2. Decor<\/a>\n<li><a href='https:\/\/dalatreview.vn\/en#3-dich-vu-tien-nghi' class='heading-h2 toc-link smooth-scroll'>3. D\u1ecbch v\u1ee5 &amp; Ti\u1ec7n nghi<\/a>\n<li><a href='https:\/\/dalatreview.vn\/en#4-gia-phong' class='heading-h2 toc-link smooth-scroll'>4.\u00a0Gi\u00e1 ph\u00f2ng<\/a>\n<li><a href='https:\/\/dalatreview.vn\/en#5-lien-he' class='heading-h2 toc-link smooth-scroll'>5. Li\u00ean h\u1ec7<\/a><\/ul>\n<\/ul>\n<\/li>\n<\/ul>\n<\/nav>\n<h2 id=\"1-vi-tri\"><span style=\"color: #008000;\"><strong>1. V\u1ecb tr\u00ed<\/strong><\/span><\/h2>\n<p><span style=\"font-size: 16px;\">Villa n\u1eb1m \u1edf <strong>\u0111\u01b0\u1eddng Ph\u1ea1m H\u1ed3ng Th\u00e1i, Ph\u01b0\u1eddng 10, TP \u0110\u00e0 L\u1ea1t<\/strong>. T\u1ecda l\u1ea1c ngay khu v\u1ef1c trung t\u00e2m, c\u00e1ch ch\u1ee3 (\u00a0si\u00eau th\u1ecb ) 5 ph\u00fat ch\u1ea1y xe v\u00e0 c\u00e1ch H\u1ed3 Xu\u00e2n H\u01b0\u01a1ng ch\u1ec9 1km.<\/span><\/p>\n<p><span style=\"font-size: 16px;\">C\u0103n nh\u00e0 l\u1ecdt th\u1ecfm trong m\u1ed9t khu v\u01b0\u1eddn mu\u00f4n hoa khoe s\u1eafc, c\u00e2y l\u00e1 xanh m\u01b0\u1edbt, m\u00e1i ng\u00f3i \u0111\u00e3 ng\u1ea3 n\u00e2u. N\u01a1i \u0111\u00e2y h\u1ee9a h\u1eb9n s\u1ebd gi\u00fap t\u00e2m h\u1ed3n b\u1ea1n \u0111\u01b0\u1ee3c th\u01b0 th\u00e1i h\u01a1n sau k\u1ef3 ngh\u1ec9 n\u00e0y.<\/span><\/p>\n<p><img decoding=\"async\" class=\"aligncenter wp-image-14473 size-full\" src=\"https:\/\/dalatreview.vn\/wp-content\/uploads\/2022\/02\/villa-4-phong-pham-hong-thai.jpg\" alt=\"villa 4 phong pham hong thai\" width=\"1200\" height=\"900\" \/><\/p>\n<p>&nbsp;<\/p>\n<h2 id=\"2-decor\"><span style=\"color: #008000;\"><strong><span class=\"_4yxo _4yxp\">2. Decor<\/span><\/strong><\/span><\/h2>\n<p><span style=\"font-size: 16px;\">\u0110\u01b0\u1ee3c thi\u1ebft k\u1ebf \u0111\u01a1n gi\u1ea3n nh\u01b0ng r\u1ea5t hi\u1ec7n \u0111\u1ea1i v\u00e0 \u0111\u1ea7y \u0111\u1ee7 ti\u1ec7n nghi.\u00a0Kh\u00f4ng gian m\u1edf h\u00f2a m\u00ecnh v\u1edbi thi\u00ean nhi\u00ean gi\u00fap x\u00f3a tan m\u1ecdi \u01b0u phi\u1ec1n h\u1eb1ng ng\u00e0y m\u00e0 b\u1ea1n ph\u1ea3i g\u1ed3ng g\u00e1nh.<\/span><\/p>\n<p><span style=\"font-size: 16px;\">\u1ede \u0111\u00e2y m\u1ed7i s\u00e1ng mai th\u1ee9c gi\u1ea5c b\u1ea1n c\u00f3 th\u1ec3 l\u1eafng nghe ti\u1ebfng chim h\u00f3t v\u00e0 c\u00f2n c\u00f3 th\u1ec3\u00a0ng\u1eafm nh\u00ecn m\u00e0n s\u01b0\u01a1ng m\u00f9 d\u00e0y \u0111\u1eb7c&#8230; gi\u1eefa b\u1ed9n b\u1ec1 cu\u1ed9c s\u1ed1ng nhi\u1ec1u th\u1ee9 \u0111\u1ec3 lo toan, h\u00e3y \u0111\u1ebfn v\u1edbi villa d\u00f9 ch\u1ec9 l\u00e0 1 ng\u00e0y \u0111\u1ec3 c\u0103n nh\u00e0 nh\u1ecf n\u00e0y xoa d\u1ecbu m\u1ecdi c\u0103ng th\u1eb3ng trong b\u1ea1n nh\u00e9 !<\/span><\/p>\n<p><img decoding=\"async\" class=\"aligncenter wp-image-14474 size-full\" src=\"https:\/\/dalatreview.vn\/wp-content\/uploads\/2022\/02\/villa-4-phong-pham-hong-thai-20.jpg\" alt=\"villa 4 phong pham hong thai\" width=\"1200\" height=\"900\" \/><\/p>\n<h2 id=\"3-dich-vu-tien-nghi\"><span style=\"color: #008000;\"><strong>3. D\u1ecbch v\u1ee5 &amp; Ti\u1ec7n nghi<\/strong><\/span><\/h2>\n<p style=\"margin: 0cm; background: white;\"><span style=\"font-size: 16px; font-family: 'Segoe UI', sans-serif; color: #212529;\">G\u1ed3m 4 ph\u00f2ng ng\u1ee7 sang tr\u1ecdng:<br \/>\n3 ph\u00f2ng 1 gi\u01b0\u1eddng 1m8-1m 2 ng\u01b0\u1eddi<br \/>\n1 ph\u00f2ng 3\u00a0gi\u01b0\u1eddng 6\u00a0ng\u01b0\u1eddi<\/span><\/p>\n<p style=\"margin: 0cm; background: white;\"><span style=\"font-size: 16px; font-family: 'Segoe UI', sans-serif; color: #212529;\">S\u1ee9c ch\u1ee9a 12-14 kh\u00e1ch. V\u1ec7 sinh kh\u00e9p k\u00edn m\u1ed7i ph\u00f2ng \u0111\u1ea7y \u0111\u1ee7 kh\u0103n, n\u00e0m ch\u1ea3i, n\u00f3ng l\u1ea1nh&#8230;<\/span><\/p>\n<p><span style=\"font-size: 16px;\"><span style=\"font-family: 'Segoe UI', sans-serif; color: #212529;\">\u0110\u1ea7y \u0111\u1ee7 ti\u1ec7n nghi nh\u01b0 \u1edf nh\u00e0:<br \/>\n<\/span>&#8211; C\u00f3 qu\u00e1n c\u00e0 ph\u00ea ngay trong khu\u00f4n vi\u00ean nh\u00e0.<\/span><br \/>\n<span style=\"font-size: 16px;\">&#8211; View s\u00e2n ga \u0110\u00e0 L\u1ea1t c\u1ef1c l\u00e3ng m\u1ea1n<\/span><br \/>\n<span style=\"font-size: 16px;\">&#8211; 1 ph\u00f2ng kh\u00e1ch ( c\u00f3 tivi, l\u00f2 s\u01b0\u1edfi&#8230;)<\/span><br \/>\n<span style=\"font-size: 16px;\">&#8211; C\u00f3 di\u1ec7n t\u00edch \u0111\u1ec3 n\u01b0\u1edbng BBQ.<\/span><br \/>\n<span style=\"font-size: 16px;\">&#8211; C\u00f3 ch\u1ed7 \u0111\u1eadu xe m\u00e1y, xe h\u01a1i an to\u00e0n.<\/span><br \/>\n<span style=\"font-size: 16px;\">&#8211; Y\u00ean t\u0129nh, an ninh 24\/24, s\u1ea1ch s\u1ebd, tho\u00e1ng m\u00e1t, view thi\u00ean nhi\u00ean si\u00eau \u0111\u1eb9p.<\/span><br \/>\n<span style=\"font-size: 16px;\">&#8211; B\u1ebfp t\u1ef1 do n\u1ea5u n\u01b0\u1edbng \u0111\u1ea7y d\u1ee7 d\u1ee5ng c\u1ee5, gia v\u1ecb.<\/span><br \/>\n<span style=\"font-size: 16px;\">&#8211; Ch\u00eca kho\u00e1 trao tay tha h\u1ed3 ri\u00eang t\u01b0<\/span><\/p>\n<p><img decoding=\"async\" class=\"aligncenter wp-image-14475 size-full\" src=\"https:\/\/dalatreview.vn\/wp-content\/uploads\/2022\/02\/villa-4-phong-pham-hong-thai-21.jpg\" alt=\"villa 4 phong pham hong thai\" width=\"1200\" height=\"900\" \/><\/p>\n<article class=\"post-content\">\n<h2 id=\"4-gia-phong\"><span style=\"color: #008000;\"><strong><span class=\"_4yxo\">4.<\/span><\/strong>\u00a0Gi\u00e1 ph\u00f2ng<\/span><\/h2>\n<p><span style=\"font-size: 16px;\">Li\u00ean h\u1ec7 \u0111\u1ec3 \u0111\u01b0\u1ee3c \u0110\u00e0 L\u1ea1t Review t\u01b0 v\u1ea5n.<\/span><\/p>\n<h2 id=\"5-lien-he\"><span style=\"color: #008000;\">5. Li\u00ean h\u1ec7<\/span><\/h2>\n<p><span style=\"font-size: 16px;\">Fanpage:\u00a0<a href=\"https:\/\/www.facebook.com\/booking.dalatreview.vn\/\">Booking \u0110\u00e0 L\u1ea1t \u2013 www.dalatreview.vn<\/a><\/span><\/p>\n<p><span style=\"font-size: 16px;\">S\u0110T\/Zalo: 0988 249 297<\/span><\/p>\n<\/article>\n<article class=\"post-content xemthem\"><\/article>\n<p>&nbsp;<\/p>","protected":false},"excerpt":{"rendered":"<p>Villa \u0110\u00e0 L\u1ea1t Ph\u1ea1m H\u1ed3ng Th\u00e1i 4 Ph\u00f2ng Danh m\u1ee5c ch\u00ednh 1. V\u1ecb tr\u00ed 2. Decor 3. D\u1ecbch v\u1ee5 &amp; Ti\u1ec7n nghi 4.\u00a0Gi\u00e1 ph\u00f2ng 5. Li\u00ean h\u1ec7 1. V\u1ecb tr\u00ed Villa n\u1eb1m \u1edf \u0111\u01b0\u1eddng Ph\u1ea1m H\u1ed3ng Th\u00e1i, Ph\u01b0\u1eddng 10, TP \u0110\u00e0 L\u1ea1t. T\u1ecda l\u1ea1c ngay khu v\u1ef1c trung t\u00e2m, c\u00e1ch ch\u1ee3 (\u00a0si\u00eau th\u1ecb ) 5 [&hellip;]<\/p>","protected":false},"featured_media":14461,"comment_status":"open","ping_status":"closed","template":"","meta":{"_acf_changed":false,"rank_math_lock_modified_date":false},"product_cat":[29,2248,45],"product_tag":[],"acf":[],"_links":{"self":[{"href":"https:\/\/dalatreview.vn\/en\/wp-json\/wp\/v2\/product\/14456"}],"collection":[{"href":"https:\/\/dalatreview.vn\/en\/wp-json\/wp\/v2\/product"}],"about":[{"href":"https:\/\/dalatreview.vn\/en\/wp-json\/wp\/v2\/types\/product"}],"replies":[{"embeddable":true,"href":"https:\/\/dalatreview.vn\/en\/wp-json\/wp\/v2\/comments?post=14456"}],"wp:featuredmedia":[{"embeddable":true,"href":"https:\/\/dalatreview.vn\/en\/wp-json\/wp\/v2\/media\/14461"}],"wp:attachment":[{"href":"https:\/\/dalatreview.vn\/en\/wp-json\/wp\/v2\/media?parent=14456"}],"wp:term":[{"taxonomy":"product_cat","embeddable":true,"href":"https:\/\/dalatreview.vn\/en\/wp-json\/wp\/v2\/product_cat?post=14456"},{"taxonomy":"product_tag","embeddable":true,"href":"https:\/\/dalatreview.vn\/en\/wp-json\/wp\/v2\/product_tag?post=14456"}],"curies":[{"name":"wp","href":"https:\/\/api.w.org\/{rel}","templated":true}]}}