
{"id":14416,"date":"2022-02-18T10:26:20","date_gmt":"2022-02-18T03:26:20","guid":{"rendered":"https:\/\/dalatreview.vn\/?p=14416"},"modified":"2024-07-11T11:03:28","modified_gmt":"2024-07-11T04:03:28","slug":"villa-da-lat-bach-dang-4-phong","status":"publish","type":"product","link":"https:\/\/dalatreview.vn\/en\/villa-da-lat-bach-dang-4-phong.html","title":{"rendered":"Villa \u0110\u00e0 L\u1ea1t B\u1ea1ch \u0110\u1eb1ng 4 Ph\u00f2ng"},"content":{"rendered":"<p style=\"text-align: center;\"><strong><span style=\"font-size: 24px; color: #008000;\">Villa \u0110\u00e0 L\u1ea1t B\u1ea1ch \u0110\u1eb1ng 4 Ph\u00f2ng<\/span><\/strong><\/p>\n<nav class=\"vietrick-auto-toc\">\n<div class=\"box-title\">\n<h3 class=\"toc-title\" id=\"select-menu\">Danh m\u1ee5c ch\u00ednh<\/h3>\n<div><ion-icon name=\"chevron-up-outline\"><\/ion-icon><\/div>\n<\/div>\n<ul class=\"toc-list\">\n<li><a href='https:\/\/dalatreview.vn\/en#1-vi-tri' class='heading-h2 toc-link smooth-scroll'>1. V\u1ecb tr\u00ed<\/a>\n<li><a href='https:\/\/dalatreview.vn\/en#2-decor' class='heading-h2 toc-link smooth-scroll'>2. Decor<\/a>\n<li><a href='https:\/\/dalatreview.vn\/en#3-dich-vu-tien-nghi' class='heading-h2 toc-link smooth-scroll'>3. D\u1ecbch v\u1ee5 &amp; Ti\u1ec7n nghi<\/a>\n<li><a href='https:\/\/dalatreview.vn\/en#4-gia-phong' class='heading-h2 toc-link smooth-scroll'>4.\u00a0Gi\u00e1 ph\u00f2ng<\/a>\n<li><a href='https:\/\/dalatreview.vn\/en#5-lien-he' class='heading-h2 toc-link smooth-scroll'>5. Li\u00ean h\u1ec7<\/a><\/ul>\n<\/ul>\n<\/li>\n<\/ul>\n<\/nav>\n<h2 id=\"1-vi-tri\"><span style=\"color: #008000;\"><strong>1. V\u1ecb tr\u00ed<\/strong><\/span><\/h2>\n<p>Villa m\u1edbi toanh v\u1eeba ra l\u00f2, n\u1eb1m tr\u00ean <strong>\u0111\u01b0\u1eddng B\u1ea1ch \u0110\u1eb1ng, ph\u01b0\u1eddng 7, TP \u0110\u00e0 L\u1ea1t<\/strong>.<\/p>\n<p>C\u00e1ch ch\u1ee3 6 ph\u00fat ch\u1ea1y xe, thu\u1eadn ti\u1ec7n cho vi\u1ec7c di chuy\u1ec3n tham quan du l\u1ecbch v\u00e0 mua s\u1eafm&#8230;<\/p>\n<p><img decoding=\"async\" class=\"aligncenter wp-image-14437 size-full\" src=\"https:\/\/dalatreview.vn\/wp-content\/uploads\/2022\/02\/villa-4-phong-bach-dang.jpg\" alt=\"villa 4 phong bach dang\" width=\"1200\" height=\"900\" \/><\/p>\n<h2 id=\"2-decor\"><span style=\"color: #008000;\"><strong><span class=\"_4yxo _4yxp\">2. Decor<\/span><\/strong><\/span><\/h2>\n<p>Bi\u1ec7t th\u1ef1 c\u1ef1c k\u1ef3 r\u1ed9ng r\u00e3i v\u00e0 tho\u00e1ng m\u00e1t. Thi\u1ebft k\u1ebf theo kh\u00f4ng gian m\u1edf, view cao c\u00f3 th\u1ec3 ng\u1eafm nh\u00ecn to\u00e0n th\u00e0nh ph\u1ed1 t\u1eeb trong nh\u00e0 qua c\u00e1c khung c\u1eeda k\u00ednh. H\u01a1n n\u1eefa ban c\u00f4ng v\u00e0 v\u01b0\u1eddn c\u0169ng c\u1ef1c k\u1ef3 r\u1ed9ng cho b\u1ea1n v\u00e0 m\u1ecdi ng\u01b0\u1eddi c\u00f9ng nhau qu\u1ea9y th\u00e2u \u0111\u1ebfm su\u1ed1t s\u00e1ng !<\/p>\n<p>Bao quanh l\u00e0 thi\u00ean nhi\u00ean trong l\u00e0nh, c\u00e2y c\u1ed1i xanh m\u00e1t \u0111em l\u1ea1i s\u1ef1 th\u01b0 th\u00e1i v\u00e0 tho\u1ea3i m\u00e1i cho m\u1ecdi ng\u01b0\u1eddi.<\/p>\n<p>N\u1ed9i th\u1ea5t \u0111\u1ea7y \u0111\u1ee7, ti\u1ec7n nghi v\u00e0 cao c\u1ea5p. Tone tr\u1eafng l\u00e0m ch\u1ee7 \u0111\u1ea1o to\u00e1t l\u00ean v\u1ebb sang tr\u1ecdng, m\u00e1t m\u1ebb h\u00f2a c\u00f9ng l\u00e0 m\u00e0u g\u1ed7 c\u1ee7a c\u00e1c d\u1ee5ng c\u1ee5 trong nh\u00e0 kh\u01a1i ngu\u1ed3n s\u1ef1 g\u1ea7n g\u0169i v\u00e0 \u1ea5m \u00e1p trong k\u1ef3 ngh\u1ec9 c\u1ee7a b\u1ea1n \u0111\u1ea5y !<\/p>\n<p><img decoding=\"async\" class=\"aligncenter wp-image-14438 size-full\" src=\"https:\/\/dalatreview.vn\/wp-content\/uploads\/2022\/02\/villa-4-phong-bach-dang-33.jpg\" alt=\"villa 4 phong bach dang\" width=\"1200\" height=\"900\" \/><\/p>\n<h2 id=\"3-dich-vu-tien-nghi\"><span style=\"color: #008000;\"><strong>3. D\u1ecbch v\u1ee5 &amp; Ti\u1ec7n nghi<\/strong><\/span><\/h2>\n<p>C\u01a1 c\u1ea5u &#8211; 4 ph\u00f2ng ng\u1ee7 + WC ri\u00eang:<\/p>\n<p>&#8211; 2 ph\u00f2ng kh\u00e1ch, tivi internet mi\u1ec5n ph\u00ed<\/p>\n<p>&#8211; 3 ph\u00f2ng \u0111\u01a1n King size , wc ri\u00eang, c\u00f3 gi\u01b0\u1eddng ph\u1ee5<\/p>\n<p>&#8211; 1 \u0111\u00f4i 1m6 , wc ri\u00eang<\/p>\n<p>&#8211; B\u1ebfp \u0111\u1ee7 d\u1ee5ng c\u1ee5, gia v\u1ecb&#8230;<\/p>\n<p>&#8211; S\u00e2n BBQ r\u1ed9ng r\u00e3i v\u00e0 tho\u00e1ng m\u00e1t \u0111\u1ec3 n\u01b0\u1edbng<\/p>\n<p>&#8211; An ninh 24\/24, c\u00f3 ch\u1ed7 \u0111\u1ec3 xe free\u00a0an to\u00e0n, s\u1ea1ch s\u1ebd, tho\u00e1ng m\u00e1t,<\/p>\n<p>&#8211; View thi\u00ean nhi\u00ean c\u1ef1c k\u1ef3 \u0111\u1eb9p.<\/p>\n<p>S\u1ee9c ch\u1ee9a 10-12 kh\u00e1ch<\/p>\n<p><img decoding=\"async\" class=\"aligncenter wp-image-14439 size-full\" src=\"https:\/\/dalatreview.vn\/wp-content\/uploads\/2022\/02\/villa-4-phong-bach-dang-34.jpg\" alt=\"villa 4 phong bach dang\" width=\"1200\" height=\"900\" \/><\/p>\n<p>&nbsp;<\/p>\n<article class=\"post-content\">\n<div class=\"anh_wtm_m\">\n<div class=\"mws_content\">\n<article class=\"post-content\">\n<div class=\"anh_wtm_m\">\n<div class=\"mws_content\">\n<article class=\"post-content\">\n<div class=\"anh_wtm_m\">\n<div class=\"mws_content\">\n<article class=\"post-content\">\n<div class=\"anh_wtm_m\">\n<div class=\"mws_content\">\n<article class=\"post-content\">\n<div class=\"anh_wtm_m\">\n<div class=\"mws_content\">\n<h2 id=\"4-gia-phong\"><span style=\"color: #008000;\"><strong><span class=\"_4yxo\">4.<\/span><\/strong>\u00a0Gi\u00e1 ph\u00f2ng<\/span><\/h2>\n<p>Li\u00ean h\u1ec7 \u0111\u1ec3 \u0111\u01b0\u1ee3c \u0110\u00e0 L\u1ea1t Review t\u01b0 v\u1ea5n.<\/p>\n<h2 id=\"5-lien-he\"><span style=\"color: #008000;\">5. Li\u00ean h\u1ec7<\/span><\/h2>\n<p>Fanpage:\u00a0<a href=\"https:\/\/www.facebook.com\/booking.dalatreview.vn\/\">Booking \u0110\u00e0 L\u1ea1t \u2013 www.dalatreview.vn<\/a><\/p>\n<p>S\u0110T\/Zalo: 0988 249 297<\/p>\n<\/div>\n<\/div>\n<\/article>\n<article class=\"post-content xemthem\"><\/article>\n<div id=\"comments\" class=\"comments-area\"><\/div>\n<\/div>\n<\/div>\n<\/article>\n<article class=\"post-content xemthem\"><\/article>\n<div id=\"comments\" class=\"comments-area\"><\/div>\n<\/div>\n<\/div>\n<\/article>\n<article class=\"post-content xemthem\"><\/article>\n<div id=\"comments\" class=\"comments-area\"><\/div>\n<\/div>\n<\/div>\n<\/article>\n<article class=\"post-content xemthem\"><\/article>\n<div id=\"comments\" class=\"comments-area\"><\/div>\n<\/div>\n<\/div>\n<\/article>\n<article class=\"post-content xemthem\"><\/article>\n<div id=\"comments\" class=\"comments-area\"><\/div>","protected":false},"excerpt":{"rendered":"<p>Villa \u0110\u00e0 L\u1ea1t B\u1ea1ch \u0110\u1eb1ng 4 Ph\u00f2ng Danh m\u1ee5c ch\u00ednh 1. V\u1ecb tr\u00ed 2. Decor 3. D\u1ecbch v\u1ee5 &amp; Ti\u1ec7n nghi 4.\u00a0Gi\u00e1 ph\u00f2ng 5. Li\u00ean h\u1ec7 1. V\u1ecb tr\u00ed Villa m\u1edbi toanh v\u1eeba ra l\u00f2, n\u1eb1m tr\u00ean \u0111\u01b0\u1eddng B\u1ea1ch \u0110\u1eb1ng, ph\u01b0\u1eddng 7, TP \u0110\u00e0 L\u1ea1t. C\u00e1ch ch\u1ee3 6 ph\u00fat ch\u1ea1y xe, thu\u1eadn ti\u1ec7n cho vi\u1ec7c [&hellip;]<\/p>","protected":false},"featured_media":14417,"comment_status":"open","ping_status":"closed","template":"","meta":{"_acf_changed":false,"rank_math_lock_modified_date":false},"product_cat":[29,2248,45],"product_tag":[],"acf":[],"_links":{"self":[{"href":"https:\/\/dalatreview.vn\/en\/wp-json\/wp\/v2\/product\/14416"}],"collection":[{"href":"https:\/\/dalatreview.vn\/en\/wp-json\/wp\/v2\/product"}],"about":[{"href":"https:\/\/dalatreview.vn\/en\/wp-json\/wp\/v2\/types\/product"}],"replies":[{"embeddable":true,"href":"https:\/\/dalatreview.vn\/en\/wp-json\/wp\/v2\/comments?post=14416"}],"wp:featuredmedia":[{"embeddable":true,"href":"https:\/\/dalatreview.vn\/en\/wp-json\/wp\/v2\/media\/14417"}],"wp:attachment":[{"href":"https:\/\/dalatreview.vn\/en\/wp-json\/wp\/v2\/media?parent=14416"}],"wp:term":[{"taxonomy":"product_cat","embeddable":true,"href":"https:\/\/dalatreview.vn\/en\/wp-json\/wp\/v2\/product_cat?post=14416"},{"taxonomy":"product_tag","embeddable":true,"href":"https:\/\/dalatreview.vn\/en\/wp-json\/wp\/v2\/product_tag?post=14416"}],"curies":[{"name":"wp","href":"https:\/\/api.w.org\/{rel}","templated":true}]}}