
{"id":14400,"date":"2022-02-18T09:43:40","date_gmt":"2022-02-18T02:43:40","guid":{"rendered":"https:\/\/dalatreview.vn\/?p=14400"},"modified":"2024-07-10T16:05:02","modified_gmt":"2024-07-10T09:05:02","slug":"villa-da-lat-ngo-gia-tu-4-phong","status":"publish","type":"product","link":"https:\/\/dalatreview.vn\/en\/villa-da-lat-ngo-gia-tu-4-phong.html","title":{"rendered":"Villa \u0110\u00e0 L\u1ea1t Ng\u00f4 Gia T\u1ef1 4 Ph\u00f2ng"},"content":{"rendered":"<p style=\"text-align: center;\"><strong><span style=\"font-size: 24px; color: #008000;\">Villa \u0110\u00e0 L\u1ea1t Ng\u00f4 Gia T\u1ef1 4 Ph\u00f2ng<\/span><\/strong><\/p>\n<nav class=\"vietrick-auto-toc\">\n<div class=\"box-title\">\n<h3 class=\"toc-title\" id=\"select-menu\">Danh m\u1ee5c ch\u00ednh<\/h3>\n<div><ion-icon name=\"chevron-up-outline\"><\/ion-icon><\/div>\n<\/div>\n<ul class=\"toc-list\">\n<li><a href='https:\/\/dalatreview.vn\/en#1-vi-tri' class='heading-h2 toc-link smooth-scroll'>1. V\u1ecb tr\u00ed<\/a>\n<li><a href='https:\/\/dalatreview.vn\/en#2-decor' class='heading-h2 toc-link smooth-scroll'>2. Decor<\/a>\n<li><a href='https:\/\/dalatreview.vn\/en#3-dich-vu-tien-nghi' class='heading-h2 toc-link smooth-scroll'>3. D\u1ecbch v\u1ee5 &amp; Ti\u1ec7n nghi<\/a>\n<li><a href='https:\/\/dalatreview.vn\/en#4-gia-phong' class='heading-h2 toc-link smooth-scroll'>4.\u00a0Gi\u00e1 ph\u00f2ng<\/a>\n<li><a href='https:\/\/dalatreview.vn\/en#5-lien-he' class='heading-h2 toc-link smooth-scroll'>5. Li\u00ean h\u1ec7<\/a><\/ul>\n<\/ul>\n<\/li>\n<\/ul>\n<\/nav>\n<h2 id=\"1-vi-tri\"><span style=\"color: #008000;\"><strong>1. V\u1ecb tr\u00ed<\/strong><\/span><\/h2>\n<p>Villa Ng\u00f4 Gia T\u1ef1 t\u1ecda l\u1ea1c ngay khu v\u1ef1c trung t\u00e2m c\u1ee7a <strong>ph\u01b0\u1eddng 12 TP \u0110\u00e0 L\u1ea1t<\/strong>. C\u00e1ch ch\u1ee3 v\u00e0 qu\u1ea3ng tr\u01b0\u1eddng kh\u00f4ng xa, ch\u1ec9 kho\u1ea3ng 5 ph\u00fat ch\u1ea1y xe. N\u01a1i \u0111\u00e2y c\u00f3 l\u00e0ng hoa Th\u00e1i Phi\u00ean l\u00e0 1 trong 2 l\u00e0ng hoa n\u1ed5i ti\u1ebfng v\u00e0 l\u1edbn nh\u1ea5t TP \u0110\u00e0 L\u1ea1t, c\u00f2n l\u00e0 n\u01a1i t\u1eadp trung\u00a0c\u00e1c \u0111\u1ecba \u0111i\u1ec3m \u0103n u\u1ed1ng, vui ch\u01a1i mua s\u1eafm.<\/p>\n<p>H\u01a1n n\u1eefa giao th\u00f4ng \u1edf \u0111\u00e2y\u00a0l\u1ea1i r\u1ea5t thu\u1eadn ti\u1ec7n n\u00ean b\u1ea1n c\u1ee9 y\u00ean t\u00e2m l\u1ef1a ch\u1ecdn khu v\u1ef1c n\u00e0y l\u00e0m \u0111\u1ecba \u0111i\u1ec3m d\u1eebng ch\u00e2n ngh\u1ec9 d\u01b0\u1ee1ng nh\u00e9 !<\/p>\n<p><img decoding=\"async\" class=\"aligncenter wp-image-14412 size-full\" src=\"https:\/\/dalatreview.vn\/wp-content\/uploads\/2022\/02\/villa-4-phong-ngo-gia-tu.jpg\" alt=\"villa 4 phong ngo gia tu\" width=\"1200\" height=\"900\" \/><\/p>\n<h2 id=\"2-decor\"><span style=\"color: #008000;\"><strong><span class=\"_4yxo _4yxp\">2. Decor<\/span><\/strong><\/span><\/h2>\n<p>Villa x\u00e2y d\u1ef1ng theo phong c\u00e1ch Ch\u00e2u \u00c2u, l\u1ea5y m\u00e0u tr\u1eafng v\u00e0 ghi x\u00e1m l\u00e0m ch\u1ee7 \u0111\u1ea1o to\u00e1t l\u00ean v\u1ebb sang tr\u1ecdng, nh\u00e3 nh\u1eb7n v\u00e0 l\u1ecbch s\u1ef1.<\/p>\n<p>N\u1ed9i th\u1ea5t cao c\u1ea5p, \u0111\u1ea7y \u0111\u1ee7 ti\u1ec7n nghi. Kh\u00f4ng gian m\u1edf, nhi\u1ec1u ban c\u00f4ng, view cao ng\u1eafm nh\u00ecn th\u00e0nh ph\u1ed1 v\u00e0o t\u1ea5t c\u1ea3 c\u00e1c khung gi\u1edd trong ng\u00e0y. Ngo\u00e0i ra c\u00f2n \u0111\u01b0\u1ee3c x\u00e2y d\u1ef1ng th\u00eam ch\u1ed7 u\u1ed1ng c\u00e0 ph\u00ea tr\u00f2 chuy\u1ec7n \u1edf ngo\u00e0i s\u00e2n v\u01b0\u1eddn n\u1eefa \u0111\u1ea5y !<\/p>\n<p><img decoding=\"async\" class=\"alignnone size-medium wp-image-14413\" src=\"https:\/\/dalatreview.vn\/wp-content\/uploads\/2022\/02\/villa-4-phong-ngo-gia-tu-29-700x525.jpg\" alt=\"villa 4 phong ngo gia tu\" width=\"700\" height=\"525\" \/><\/p>\n<h2 id=\"3-dich-vu-tien-nghi\"><span style=\"color: #008000;\"><strong>3. D\u1ecbch v\u1ee5 &amp; Ti\u1ec7n nghi<\/strong><\/span><\/h2>\n<p style=\"margin: 0cm; background: white;\"><span style=\"font-size: 16px; font-family: 'Segoe UI', sans-serif; color: #212529;\">G\u1ed3m 4 ph\u00f2ng ng\u1ee7 sang tr\u1ecdng:<br \/>\n3 ph\u00f2ng 1 gi\u01b0\u1eddng 2 ng\u01b0\u1eddi<br \/>\n1 ph\u00f2ng 2 gi\u01b0\u1eddng 4 ng\u01b0\u1eddi<\/span><\/p>\n<p style=\"margin: 0cm; background: white;\"><span style=\"font-size: 16px; font-family: 'Segoe UI', sans-serif; color: #212529;\">S\u1ee9c ch\u1ee9a 10-12 kh\u00e1ch, c\u00e1c ph\u00f2ng kh\u00e9p k\u00edn, c\u00f3 tivi internet mi\u1ec5n ph\u00ed&#8230;\u00a0<\/span><\/p>\n<p style=\"margin: 0cm; background: white;\"><span style=\"font-size: 16px; font-family: 'Segoe UI', sans-serif; color: #212529;\">&#8212;&#8212;&#8212;&#8212;&#8212;&#8212;&#8212;&#8212;&#8212;&#8212;&#8212;&#8212;&#8212;&#8212;&#8212;&#8212;&#8212;&#8212;&#8212;&#8212;&#8212;&#8212;&#8212;&#8212;<\/span><\/p>\n<p style=\"margin: 0cm; background: white;\"><span style=\"font-size: 16px; font-family: 'Segoe UI', sans-serif; color: #212529;\">\u0110\u1ea7y \u0111\u1ee7 ti\u1ec7n nghi nh\u01b0 \u1edf nh\u00e0:\u00a0<\/span><\/p>\n<p>&#8211; C\u00f3 t\u1ee7 l\u1ea1nh, m\u00e1y gi\u1eb7t v\u00e0 n\u00f3ng l\u1ea1nh&#8230;<\/p>\n<p><span style=\"font-size: 16px; font-family: 'Segoe UI', sans-serif; color: #212529;\">&#8211; C\u00f3 di\u1ec7n t\u00edch \u0111\u1ec3 n\u01b0\u1edbng BBQ.<\/span><\/p>\n<p><span style=\"font-size: 16px; font-family: 'Segoe UI', sans-serif; color: #212529;\">&#8211; C\u00f3 ch\u1ed7 \u0111\u1eadu xe m\u00e1y, xe h\u01a1i an to\u00e0n.<\/span><\/p>\n<p style=\"margin: 0cm; background: white;\"><span style=\"font-size: 16px; font-family: 'Segoe UI', sans-serif; color: #212529;\">&#8211; Y\u00ean t\u0129nh, an ninh 24\/24, s\u1ea1ch s\u1ebd, tho\u00e1ng m\u00e1t, view thi\u00ean nhi\u00ean si\u00eau \u0111\u1eb9p.<br \/>\n<\/span><\/p>\n<p>&#8211; <span style=\"font-size: 16px; font-family: 'Segoe UI', sans-serif; color: #212529;\">B\u1ebfp t\u1ef1 do n\u1ea5u n\u01b0\u1edbng, \u0111\u1ea7y \u0111\u1ee7 d\u1ee5ng c\u1ee5 n\u1ea5u \u0103n v\u00e0 gia v\u1ecb.\u00a0<\/span><\/p>\n<p>&#8211;<span style=\"font-size: 16px; font-family: 'Segoe UI', sans-serif; color: #212529;\"> Ch\u00eca kho\u00e1 trao tay tha h\u1ed3 ri\u00eang t\u01b0 .<\/span><\/p>\n<p><img decoding=\"async\" class=\"alignnone size-medium wp-image-14414\" src=\"https:\/\/dalatreview.vn\/wp-content\/uploads\/2022\/02\/villa-4-phong-ngo-gia-tu-30-700x525.jpg\" alt=\"villa 4 phong ngo gia tu\" width=\"700\" height=\"525\" \/><\/p>\n<article class=\"post-content\">\n<div class=\"anh_wtm_m\">\n<div class=\"mws_content\">\n<article class=\"post-content\">\n<div class=\"anh_wtm_m\">\n<div class=\"mws_content\">\n<article class=\"post-content\">\n<div class=\"anh_wtm_m\">\n<div class=\"mws_content\">\n<article class=\"post-content\">\n<div class=\"anh_wtm_m\">\n<div class=\"mws_content\">\n<article class=\"post-content\">\n<div class=\"anh_wtm_m\">\n<div class=\"mws_content\">\n<h2 id=\"4-gia-phong\"><span style=\"color: #008000;\"><strong><span class=\"_4yxo\">4.<\/span><\/strong>\u00a0Gi\u00e1 ph\u00f2ng<\/span><\/h2>\n<p>Li\u00ean h\u1ec7 \u0111\u1ec3 \u0111\u01b0\u1ee3c \u0110\u00e0 L\u1ea1t Review t\u01b0 v\u1ea5n.<\/p>\n<h2 id=\"5-lien-he\"><span style=\"color: #008000;\">5. Li\u00ean h\u1ec7<\/span><\/h2>\n<p>Fanpage:\u00a0<a href=\"https:\/\/www.facebook.com\/booking.dalatreview.vn\/\">Booking \u0110\u00e0 L\u1ea1t \u2013 www.dalatreview.vn<\/a><\/p>\n<p>S\u0110T\/Zalo: 0988 249 297<\/p>\n<\/div>\n<\/div>\n<\/article>\n<article class=\"post-content xemthem\"><\/article>\n<div id=\"comments\" class=\"comments-area\"><\/div>\n<\/div>\n<\/div>\n<\/article>\n<article class=\"post-content xemthem\"><\/article>\n<div id=\"comments\" class=\"comments-area\"><\/div>\n<\/div>\n<\/div>\n<\/article>\n<article class=\"post-content xemthem\"><\/article>\n<div id=\"comments\" class=\"comments-area\"><\/div>\n<\/div>\n<\/div>\n<\/article>\n<article class=\"post-content xemthem\"><\/article>\n<div id=\"comments\" class=\"comments-area\"><\/div>\n<\/div>\n<\/div>\n<\/article>\n<article class=\"post-content xemthem\"><\/article>\n<div id=\"comments\" class=\"comments-area\"><\/div>","protected":false},"excerpt":{"rendered":"<p>Villa \u0110\u00e0 L\u1ea1t Ng\u00f4 Gia T\u1ef1 4 Ph\u00f2ng Danh m\u1ee5c ch\u00ednh 1. V\u1ecb tr\u00ed 2. Decor 3. D\u1ecbch v\u1ee5 &amp; Ti\u1ec7n nghi 4.\u00a0Gi\u00e1 ph\u00f2ng 5. Li\u00ean h\u1ec7 1. V\u1ecb tr\u00ed Villa Ng\u00f4 Gia T\u1ef1 t\u1ecda l\u1ea1c ngay khu v\u1ef1c trung t\u00e2m c\u1ee7a ph\u01b0\u1eddng 12 TP \u0110\u00e0 L\u1ea1t. C\u00e1ch ch\u1ee3 v\u00e0 qu\u1ea3ng tr\u01b0\u1eddng kh\u00f4ng xa, ch\u1ec9 [&hellip;]<\/p>","protected":false},"featured_media":14401,"comment_status":"open","ping_status":"closed","template":"","meta":{"_acf_changed":false,"rank_math_lock_modified_date":false},"product_cat":[29,2248,45],"product_tag":[],"acf":[],"_links":{"self":[{"href":"https:\/\/dalatreview.vn\/en\/wp-json\/wp\/v2\/product\/14400"}],"collection":[{"href":"https:\/\/dalatreview.vn\/en\/wp-json\/wp\/v2\/product"}],"about":[{"href":"https:\/\/dalatreview.vn\/en\/wp-json\/wp\/v2\/types\/product"}],"replies":[{"embeddable":true,"href":"https:\/\/dalatreview.vn\/en\/wp-json\/wp\/v2\/comments?post=14400"}],"wp:featuredmedia":[{"embeddable":true,"href":"https:\/\/dalatreview.vn\/en\/wp-json\/wp\/v2\/media\/14401"}],"wp:attachment":[{"href":"https:\/\/dalatreview.vn\/en\/wp-json\/wp\/v2\/media?parent=14400"}],"wp:term":[{"taxonomy":"product_cat","embeddable":true,"href":"https:\/\/dalatreview.vn\/en\/wp-json\/wp\/v2\/product_cat?post=14400"},{"taxonomy":"product_tag","embeddable":true,"href":"https:\/\/dalatreview.vn\/en\/wp-json\/wp\/v2\/product_tag?post=14400"}],"curies":[{"name":"wp","href":"https:\/\/api.w.org\/{rel}","templated":true}]}}