
{"id":14385,"date":"2022-02-18T08:46:25","date_gmt":"2022-02-18T01:46:25","guid":{"rendered":"https:\/\/dalatreview.vn\/?p=14385"},"modified":"2024-07-11T11:05:54","modified_gmt":"2024-07-11T04:05:54","slug":"villa-da-lat-ngo-tat-to-4-phong","status":"publish","type":"product","link":"https:\/\/dalatreview.vn\/en\/villa-da-lat-ngo-tat-to-4-phong.html","title":{"rendered":"Villa \u0110\u00e0 L\u1ea1t Ng\u00f4 T\u1ea5t T\u1ed1 4 Ph\u00f2ng"},"content":{"rendered":"<p style=\"text-align: center;\"><span style=\"font-size: 24px; color: #008000;\"><strong>Villa \u0110\u00e0 L\u1ea1t Ng\u00f4 T\u1ea5t T\u1ed1 4 Ph\u00f2ng<\/strong><\/span><\/p>\n<nav class=\"vietrick-auto-toc\">\n<div class=\"box-title\">\n<h3 class=\"toc-title\" id=\"select-menu\">Danh m\u1ee5c ch\u00ednh<\/h3>\n<div><ion-icon name=\"chevron-up-outline\"><\/ion-icon><\/div>\n<\/div>\n<ul class=\"toc-list\">\n<li><a href='https:\/\/dalatreview.vn\/en#1-vi-tri' class='heading-h2 toc-link smooth-scroll'>1. V\u1ecb tr\u00ed<\/a>\n<li><a href='https:\/\/dalatreview.vn\/en#2-decor' class='heading-h2 toc-link smooth-scroll'>2. Decor<\/a>\n<li><a href='https:\/\/dalatreview.vn\/en#3-dich-vu-tien-nghi' class='heading-h2 toc-link smooth-scroll'>3. D\u1ecbch v\u1ee5 &amp; Ti\u1ec7n nghi<\/a>\n<li><a href='https:\/\/dalatreview.vn\/en#4-gia-phong' class='heading-h2 toc-link smooth-scroll'>4.\u00a0Gi\u00e1 ph\u00f2ng<\/a>\n<li><a href='https:\/\/dalatreview.vn\/en#5-lien-he' class='heading-h2 toc-link smooth-scroll'>5. Li\u00ean h\u1ec7<\/a><\/ul>\n<\/ul>\n<\/li>\n<\/ul>\n<\/nav>\n<h2 id=\"1-vi-tri\"><span style=\"color: #008000;\"><strong>1. V\u1ecb tr\u00ed<\/strong><\/span><\/h2>\n<p>Villa n\u1eb1m ngay tr\u00ean con \u0111\u01b0\u1eddng mang t\u00ean <strong>Ng\u00f4 T\u1ea5t T\u1ed1<\/strong> thu\u1ed9c<strong> ph\u01b0\u1eddng 8<\/strong> c\u1ee7a <strong>TP \u0110\u00e0 L\u1ea1t.<\/strong> Ch\u1ec9 c\u00e1ch ch\u1ee3 v\u00e0 qu\u1ea3ng tr\u01b0\u1eddng 5-7 ph\u00fat ch\u1ea1y xe.<\/p>\n<p>N\u01a1i \u0111\u00e2y h\u1ed9i t\u1ee5 g\u1ea7n nh\u01b0 tr\u1ecdn v\u1eb9n c\u00e1c y\u1ebfu t\u1ed1 \u0111\u1ec3 tr\u1edf th\u00e0nh \u201cmi\u1ec1n \u0111\u1ea5t h\u1ee9a\u201d, \u201cmi\u1ec1n \u0111\u1ea5t \u0111\u00e1ng \u0111\u1ec3 kh\u00e1m ph\u00e1\u201d v\u1edbi c\u1ea3nh \u0111\u1eb9p m\u1ed9ng m\u01a1 m\u00e0 g\u1ea7n g\u0169i, hi\u1ec7n \u0111\u1ea1i m\u00e0 c\u1ed5 k\u00ednh, con ng\u01b0\u1eddi th\u00e2n thi\u1ec7n v\u00e0 hi\u1ebfu kh\u00e1ch.<\/p>\n<p><img decoding=\"async\" class=\"aligncenter wp-image-14395 size-full\" src=\"https:\/\/dalatreview.vn\/wp-content\/uploads\/2022\/02\/villa-4-phong-ngo-tat-to.jpg\" alt=\"villa 4 phong ngo tat to\" width=\"1200\" height=\"900\" \/><\/p>\n<h2 id=\"2-decor\"><span style=\"color: #008000;\"><strong><span class=\"_4yxo _4yxp\">2. Decor<\/span><\/strong><\/span><\/h2>\n<p>C\u0103n nh\u00e0 \u0111\u01b0\u1ee3c decor \u0111\u01a1n gi\u1ea3n v\u00e0 nh\u00e3 nh\u1eb7n nh\u01b0ng r\u1ea5t \u0111\u1ea7y \u0111\u1ee7\u00a0ti\u1ec7n nghi nh\u00e9 ! B\u00ean c\u1ea1nh \u0111\u00f3 villa c\u00f2n \u0111\u01b0\u1ee3c\u00a0h\u00f2a m\u00ecnh v\u1edbi thi\u00ean nhi\u00ean t\u01b0\u01a1i xanh t\u1eeb \u0111\u00f3 t\u1ea1o ra kh\u00f4ng gian r\u1ea5t trong l\u00e0nh v\u00e0 th\u01b0 th\u00e1i.<\/p>\n<p>C\u00f3 nhi\u1ec1u kho\u1ea3ng kh\u00f4ng gian r\u1ed9ng r\u00e3i \u1edf trong nh\u00e0 v\u00e0 c\u1ea3 ngo\u00e0i tr\u1eddi \u0111\u1ec3 b\u1ea1n c\u00f9ng ng\u01b0\u1eddi th\u00e2n vui ch\u01a1i, ngh\u1ec9 d\u01b0\u1ee1ng.<\/p>\n<p><img decoding=\"async\" class=\"aligncenter wp-image-14396 size-full\" src=\"https:\/\/dalatreview.vn\/wp-content\/uploads\/2022\/02\/villa-4-phong-ngo-tat-to-1.jpg\" alt=\"villa 4 phong ngo tat to\" width=\"1200\" height=\"900\" \/><\/p>\n<p>&nbsp;<\/p>\n<h2 id=\"3-dich-vu-tien-nghi\"><span style=\"color: #008000;\"><strong>3. D\u1ecbch v\u1ee5 &amp; Ti\u1ec7n nghi<\/strong><\/span><\/h2>\n<p>K\u1ebft c\u1ea5u Villa 4 ph\u00f2ng ng\u1ee7:<\/p>\n<p>1 ph\u00f2ng \u0111\u01a1n 1 gi\u01b0\u1eddng 2 ng\u01b0\u1eddi<br \/>\n3 ph\u00f2ng 2 gi\u01b0\u1eddng 4ng\u01b0\u1eddi<br \/>\nS\u1ee9c ch\u1ee9a 14-16 kh\u00e1ch, m\u1ed7i ph\u00f2ng s\u1ebd c\u00f3 tivi ri\u00eang, d\u1ecbch v\u1ee5 internet mi\u1ec5n ph\u00ed v\u00e0 c\u00f4ng trinh v\u1ec7 sinh kh\u00e9p k\u00edn.<\/p>\n<p>&#8211; C\u00f3 di\u1ec7n t\u00edch \u0111\u1ec3 n\u01b0\u1edbng BBQ, ban c\u00f4ng view thi\u00ean nhi\u00ean si\u00eau \u0111\u1eb9p, r\u1ed9ng r\u00e3i tho\u00e1ng m\u00e1t.<\/p>\n<p>&#8211; C\u00f3 ch\u1ed7 \u0111\u1eadu xe m\u00e1y, xe h\u01a1i an to\u00e0n.<\/p>\n<p>&#8211; Y\u00ean t\u0129nh, an ninh 24\/24, s\u1ea1ch s\u1ebd<\/p>\n<p>&#8211; B\u1ebfp t\u1ef1 do n\u1ea5u n\u01b0\u1edbng, \u0111\u1ea7y \u0111\u1ee7 d\u1ee5ng c\u1ee5 v\u00e0 gia v\u1ecb.<\/p>\n<p>&#8211; Ch\u00eca kho\u00e1 trao tay tha h\u1ed3 ri\u00eang t\u01b0.<\/p>\n<p><img decoding=\"async\" class=\"aligncenter wp-image-14397 size-full\" src=\"https:\/\/dalatreview.vn\/wp-content\/uploads\/2022\/02\/villa-4-phong-ngo-tat-to-2.jpg\" alt=\"\" width=\"1200\" height=\"900\"><\/p>\n<p>B\u00ean c\u1ea1nh \u0111\u00f3 \u1edf \u0111\u00e2y c\u00f2n g\u1eafn li\u1ec1n v\u1edbi r\u1ea5t nhi\u1ec1u \u0111i\u1ec3m \u0111\u1ebfn n\u1ed5i ti\u1ebfng v\u00e0 thu h\u00fat kh\u00e1ch du l\u1ecbch nh\u01b0:<\/p>\n<p>1. \u0110\u1ed3i M\u1ed9ng M\u01a1<\/p>\n<p>2. Thung L\u0169ng T\u00ecnh Y\u00eau<\/p>\n<p>3. XQ S\u1eed Qu\u00e1n \u0110\u00e0 L\u1ea1t<\/p>\n<p>4. V\u01b0\u1eddn d\u00e2u Hi\u1ec7p L\u1ef1c \u0110\u00e0 L\u1ea1t<\/p>\n<p>5. V\u01b0\u1eddn hoa th\u00e0nh ph\u1ed1 \u0110\u00e0 L\u1ea1t&#8230;<\/p>\n<article class=\"post-content\">\n<div class=\"anh_wtm_m\">\n<div class=\"mws_content\">\n<article class=\"post-content\">\n<div class=\"anh_wtm_m\">\n<div class=\"mws_content\">\n<article class=\"post-content\">\n<div class=\"anh_wtm_m\">\n<div class=\"mws_content\">\n<article class=\"post-content\">\n<div class=\"anh_wtm_m\">\n<div class=\"mws_content\">\n<h2 id=\"4-gia-phong\"><span style=\"color: #008000;\"><strong><span class=\"_4yxo\">4.<\/span><\/strong>\u00a0Gi\u00e1 ph\u00f2ng<\/span><\/h2>\n<p>Li\u00ean h\u1ec7 \u0111\u1ec3 \u0111\u01b0\u1ee3c \u0110\u00e0 L\u1ea1t Review t\u01b0 v\u1ea5n.<\/p>\n<h2 id=\"5-lien-he\"><span style=\"color: #008000;\">5. Li\u00ean h\u1ec7<\/span><\/h2>\n<p>Fanpage:\u00a0<a href=\"https:\/\/www.facebook.com\/booking.dalatreview.vn\/\">Booking \u0110\u00e0 L\u1ea1t \u2013 www.dalatreview.vn<\/a><\/p>\n<p>S\u0110T\/Zalo: 0988 249 297<\/p>\n<\/div>\n<\/div>\n<\/article>\n<article class=\"post-content xemthem\"><\/article>\n<div id=\"comments\" class=\"comments-area\"><\/div>\n<\/div>\n<\/div>\n<\/article>\n<article class=\"post-content xemthem\"><\/article>\n<div id=\"comments\" class=\"comments-area\"><\/div>\n<\/div>\n<\/div>\n<\/article>\n<article class=\"post-content xemthem\"><\/article>\n<div id=\"comments\" class=\"comments-area\"><\/div>\n<\/div>\n<\/div>\n<\/article>\n<article class=\"post-content xemthem\"><\/article>\n<div id=\"comments\" class=\"comments-area\"><\/div>","protected":false},"excerpt":{"rendered":"<p>Villa \u0110\u00e0 L\u1ea1t Ng\u00f4 T\u1ea5t T\u1ed1 4 Ph\u00f2ng Danh m\u1ee5c ch\u00ednh 1. V\u1ecb tr\u00ed 2. Decor 3. D\u1ecbch v\u1ee5 &amp; Ti\u1ec7n nghi 4.\u00a0Gi\u00e1 ph\u00f2ng 5. Li\u00ean h\u1ec7 1. V\u1ecb tr\u00ed Villa n\u1eb1m ngay tr\u00ean con \u0111\u01b0\u1eddng mang t\u00ean Ng\u00f4 T\u1ea5t T\u1ed1 thu\u1ed9c ph\u01b0\u1eddng 8 c\u1ee7a TP \u0110\u00e0 L\u1ea1t. Ch\u1ec9 c\u00e1ch ch\u1ee3 v\u00e0 qu\u1ea3ng tr\u01b0\u1eddng 5-7 [&hellip;]<\/p>","protected":false},"featured_media":14386,"comment_status":"open","ping_status":"closed","template":"","meta":{"_acf_changed":false,"rank_math_lock_modified_date":false},"product_cat":[29,2248,45],"product_tag":[],"acf":[],"_links":{"self":[{"href":"https:\/\/dalatreview.vn\/en\/wp-json\/wp\/v2\/product\/14385"}],"collection":[{"href":"https:\/\/dalatreview.vn\/en\/wp-json\/wp\/v2\/product"}],"about":[{"href":"https:\/\/dalatreview.vn\/en\/wp-json\/wp\/v2\/types\/product"}],"replies":[{"embeddable":true,"href":"https:\/\/dalatreview.vn\/en\/wp-json\/wp\/v2\/comments?post=14385"}],"wp:featuredmedia":[{"embeddable":true,"href":"https:\/\/dalatreview.vn\/en\/wp-json\/wp\/v2\/media\/14386"}],"wp:attachment":[{"href":"https:\/\/dalatreview.vn\/en\/wp-json\/wp\/v2\/media?parent=14385"}],"wp:term":[{"taxonomy":"product_cat","embeddable":true,"href":"https:\/\/dalatreview.vn\/en\/wp-json\/wp\/v2\/product_cat?post=14385"},{"taxonomy":"product_tag","embeddable":true,"href":"https:\/\/dalatreview.vn\/en\/wp-json\/wp\/v2\/product_tag?post=14385"}],"curies":[{"name":"wp","href":"https:\/\/api.w.org\/{rel}","templated":true}]}}