
{"id":14365,"date":"2022-02-17T21:29:15","date_gmt":"2022-02-17T14:29:15","guid":{"rendered":"https:\/\/dalatreview.vn\/?p=14365"},"modified":"2024-07-11T11:05:55","modified_gmt":"2024-07-11T04:05:55","slug":"villa-da-lat-huynh-tan-phat-4-phong","status":"publish","type":"product","link":"https:\/\/dalatreview.vn\/en\/villa-da-lat-huynh-tan-phat-4-phong.html","title":{"rendered":"Villa \u0110\u00e0 L\u1ea1t Hu\u1ef3nh T\u1ea5n Ph\u00e1t 4 Ph\u00f2ng"},"content":{"rendered":"<p style=\"text-align: center;\"><span style=\"font-size: 24px; color: #008000;\"><strong>Villa \u0110\u00e0 L\u1ea1t Hu\u1ef3nh T\u1ea5n Ph\u00e1t 4 Ph\u00f2ng<\/strong><\/span><\/p>\n<nav class=\"vietrick-auto-toc\">\n<div class=\"box-title\">\n<h3 class=\"toc-title\" id=\"select-menu\">Danh m\u1ee5c ch\u00ednh<\/h3>\n<div><ion-icon name=\"chevron-up-outline\"><\/ion-icon><\/div>\n<\/div>\n<ul class=\"toc-list\">\n<li><a href='https:\/\/dalatreview.vn\/en#1-vi-tri' class='heading-h2 toc-link smooth-scroll'>1. V\u1ecb tr\u00ed<\/a>\n<li><a href='https:\/\/dalatreview.vn\/en#2-decor' class='heading-h2 toc-link smooth-scroll'>2. Decor<\/a>\n<li><a href='https:\/\/dalatreview.vn\/en#3-dich-vu-tien-nghi' class='heading-h2 toc-link smooth-scroll'>3. D\u1ecbch v\u1ee5 &amp; Ti\u1ec7n nghi<\/a>\n<li><a href='https:\/\/dalatreview.vn\/en#4-gia-phong' class='heading-h2 toc-link smooth-scroll'>4.\u00a0Gi\u00e1 ph\u00f2ng<\/a>\n<li><a href='https:\/\/dalatreview.vn\/en#5-lien-he' class='heading-h2 toc-link smooth-scroll'>5. Li\u00ean h\u1ec7<\/a><\/ul>\n<\/ul>\n<\/li>\n<\/ul>\n<\/nav>\n<h2 id=\"1-vi-tri\"><span style=\"color: #008000;\"><strong>1. V\u1ecb tr\u00ed<\/strong><\/span><\/h2>\n<p>Villa t\u1ecda l\u1ea1c ngay khu v\u1ef1c trung t\u00e2m, thu\u1ed9c <strong>\u0111\u01b0\u1eddng Hu\u1ef3nh T\u1ea5n Ph\u00e1t, ph\u01b0\u1eddng 11, TP \u0110\u00e0 L\u1ea1t<\/strong>. Ch\u1ec9 c\u00e1ch ch\u1ee3 5 ph\u00fat ch\u1ea1y xe.<\/p>\n<p>\u0110\u00e2y l\u00e0 cung \u0111\u01b0\u1eddng v\u1eeba thu\u1eadn ti\u1ec7n cho vi\u1ec7c di chuy\u1ec3n du l\u1ecbch, v\u1eeba h\u1ed9i t\u1ee5 r\u1ea5t nhi\u1ec1u \u0111\u1ecba \u0111i\u1ec3m mua s\u1eafm, checkin, c\u00e0 ph\u00ea,.. h\u1ea5p d\u1eabn v\u00e0 n\u1ed5i ti\u1ebfng. N\u01a1i \u0111\u00e2y \u0111ang ch\u1edd \u0111\u00f3n\u00a0b\u1ea1n kh\u00e1m ph\u00e1 v\u1edbi khung c\u1ea3nh thi\u00ean nhi\u00ean c\u1ef1c k\u1ef3 t\u01b0\u01a1i \u0111\u1eb9p, c\u00e1c m\u00f3n ngon. H\u00e3y c\u00f9ng nhau l\u1ef1a ch\u1ecdn \u0111\u1ecba \u0111i\u1ec3m vui ch\u01a1i v\u00e0 n\u00e9t v\u0103n h\u00f3a \u0111\u1eb7c tr\u01b0ng \u1edf n\u01a1i \u0111\u00e2y nh\u00e9 !<\/p>\n<p><img decoding=\"async\" class=\"aligncenter wp-image-14381 size-full\" src=\"https:\/\/dalatreview.vn\/wp-content\/uploads\/2022\/02\/villa-4-phong-huynh-tan-phat.jpg\" alt=\"villa 4 ph\u00f2ng hu\u1ef3nh t\u1ea5n ph\u00e1t\" width=\"1200\" height=\"900\" \/><\/p>\n<p>&nbsp;<\/p>\n<h2 id=\"2-decor\"><span style=\"color: #008000;\"><strong><span class=\"_4yxo _4yxp\">2. Decor<\/span><\/strong><\/span><\/h2>\n<p>C\u0103n nh\u00e0 thi\u1ebft k\u1ebf theo phong c\u00e1ch Ch\u00e2u \u00c2u, t\u1ed1i gi\u1ea3n nh\u01b0ng \u0111\u1ea7y \u0111\u1ee7 ti\u1ec7n nghi v\u00e0 c\u1ef1c k\u1ef3 sang tr\u1ecdng l\u1ecbch s\u1ef1.<\/p>\n<p>Kh\u00f4ng ch\u1ec9 trong nh\u00e0 m\u00e0 view xung quanh nh\u00e0, ban c\u00f4ng,&#8230; c\u0169ng \u0111\u01b0\u1ee3c trang tr\u00ed r\u1ea5t xinh x\u1eafn v\u00e0 lung linh h\u00f2a quy\u1ec7n v\u1edbi thi\u00ean nhi\u00ean. T\u1ea1o ra nhi\u1ec1u g\u00f3c ri\u00eang t\u01b0 cho c\u00e1c b\u1ea1n t\u00e2m s\u1ef1, tr\u00f2 chuy\u1ec7n v\u1edbi nhau \u0111\u1ea5y \u1ea1 !<\/p>\n<p><img decoding=\"async\" class=\"aligncenter wp-image-14382 size-full\" src=\"https:\/\/dalatreview.vn\/wp-content\/uploads\/2022\/02\/villa-4-phong-huynh-tan-phat-1.jpg\" alt=\"villa 4 ph\u00f2ng hu\u1ef3nh t\u1ea5n ph\u00e1t\" width=\"1200\" height=\"900\" \/><\/p>\n<h2 id=\"3-dich-vu-tien-nghi\"><span style=\"color: #008000;\"><strong>3. D\u1ecbch v\u1ee5 &amp; Ti\u1ec7n nghi<\/strong><\/span><\/h2>\n<p style=\"margin: 0cm; background: white;\"><span style=\"font-size: 16px; font-family: 'Segoe UI', sans-serif; color: #212529;\">G\u1ed3m 4 ph\u00f2ng ng\u1ee7 sang tr\u1ecdng:<br \/>\n3 ph\u00f2ng 1 gi\u01b0\u1eddng 2 ng\u01b0\u1eddi<br \/>\n1 ph\u00f2ng 2 gi\u01b0\u1eddng 4 ng\u01b0\u1eddi<\/span><\/p>\n<p style=\"margin: 0cm; background: white;\"><span style=\"font-size: 16px; font-family: 'Segoe UI', sans-serif; color: #212529;\">S\u1ee9c ch\u1ee9a 10-12 kh\u00e1ch, c\u00f3 5wc v\u00e0 2 ph\u00f2ng kh\u00e1ch.\u00a0<\/span><\/p>\n<p><span style=\"font-size: 16px; font-family: 'Segoe UI', sans-serif; color: #212529;\">&#8211; \u0110\u1ea7y \u0111\u1ee7 ti\u1ec7n nghi nh\u01b0 \u1edf nh\u00e0: c\u00f3 n\u01b0\u1edbc n\u00f3ng n\u0103ng l\u01b0\u1ee3ng m\u1eb7t tr\u1eddi v\u00e0 m\u00e1y x\u00f4ng h\u01a1i cho ph\u00f2ng wc chung.\u00a0<\/span><\/p>\n<p><span style=\"font-size: 16px;\">&#8211; 6 tivi full internet cho t\u1ea5t c\u1ea3 c\u00e1c ph\u00f2ng + gi\u00e0n karaoke cao c\u1ea5p.\u00a0<\/span><\/p>\n<p><span style=\"font-size: 16px; font-family: 'Segoe UI', sans-serif; color: #212529;\">&#8211; C\u00f3 di\u1ec7n t\u00edch \u0111\u1ec3 n\u01b0\u1edbng BBQ. c\u1ef1c k\u1ef3 r\u1ed9ng r\u00e3i<\/span><\/p>\n<p><span style=\"font-size: 16px; font-family: 'Segoe UI', sans-serif; color: #212529;\">&#8211; C\u00f3 ch\u1ed7 \u0111\u1eadu xe m\u00e1y, xe h\u01a1i an to\u00e0n.<\/span><\/p>\n<p><span style=\"font-size: 16px; font-family: 'Segoe UI', sans-serif; color: #212529;\">&#8211; Y\u00ean t\u0129nh, an ninh 24\/24, s\u1ea1ch s\u1ebd, tho\u00e1ng m\u00e1t, view thi\u00ean nhi\u00ean si\u00eau \u0111\u1eb9p.<\/span><\/p>\n<p><span style=\"font-size: 16px; font-family: 'Segoe UI', sans-serif; color: #212529;\">&#8211; B\u1ebfp v\u1edbi trang b\u1ecb c\u00e1c d\u1ee5ng c\u1ee5 cao c\u1ea5p, \u0111\u1ea7y \u0111\u1ee7 nguy\u00ean li\u1ec7u cho c\u00e1c b\u1ea1n t\u1ed5 ch\u1ee9c n\u1ea5u \u0103n.\u00a0<\/span><\/p>\n<p><span style=\"font-size: 16px; font-family: 'Segoe UI', sans-serif; color: #212529;\">&#8211; Ch\u00eca kho\u00e1 trao tay tha h\u1ed3 ri\u00eang t\u01b0<\/span><\/p>\n<p><img decoding=\"async\" class=\"aligncenter wp-image-14383 size-full\" src=\"https:\/\/dalatreview.vn\/wp-content\/uploads\/2022\/02\/villa-4-phong-huynh-tan-phat-2.jpg\" alt=\"villa 4 ph\u00f2ng hu\u1ef3nh t\u1ea5n ph\u00e1t\" width=\"1200\" height=\"900\" \/><\/p>\n<article class=\"post-content\">\n<div class=\"anh_wtm_m\">\n<div class=\"mws_content\">\n<article class=\"post-content\">\n<div class=\"anh_wtm_m\">\n<div class=\"mws_content\">\n<article class=\"post-content\">\n<div class=\"anh_wtm_m\">\n<div class=\"mws_content\">\n<article class=\"post-content\">\n<div class=\"anh_wtm_m\">\n<div class=\"mws_content\">\n<article class=\"post-content\">\n<div class=\"anh_wtm_m\">\n<div class=\"mws_content\">\n<article class=\"post-content\">\n<div class=\"anh_wtm_m\">\n<div class=\"mws_content\">\n<h2 id=\"4-gia-phong\"><span style=\"color: #008000;\"><strong><span class=\"_4yxo\">4.<\/span><\/strong>\u00a0Gi\u00e1 ph\u00f2ng<\/span><\/h2>\n<p>Li\u00ean h\u1ec7 \u0111\u1ec3 \u0111\u01b0\u1ee3c \u0110\u00e0 L\u1ea1t Review t\u01b0 v\u1ea5n.<\/p>\n<h2 id=\"5-lien-he\"><span style=\"color: #008000;\">5. Li\u00ean h\u1ec7<\/span><\/h2>\n<p>Fanpage:\u00a0<a href=\"https:\/\/www.facebook.com\/booking.dalatreview.vn\/\">Booking \u0110\u00e0 L\u1ea1t \u2013 www.dalatreview.vn<\/a><\/p>\n<p>S\u0110T\/Zalo: 0988 249 297<\/p>\n<\/div>\n<\/div>\n<\/article>\n<article class=\"post-content xemthem\"><\/article>\n<div id=\"comments\" class=\"comments-area\"><\/div>\n<\/div>\n<\/div>\n<\/article>\n<article class=\"post-content xemthem\"><\/article>\n<div id=\"comments\" class=\"comments-area\"><\/div>\n<\/div>\n<\/div>\n<\/article>\n<article class=\"post-content xemthem\"><\/article>\n<div id=\"comments\" class=\"comments-area\"><\/div>\n<\/div>\n<\/div>\n<\/article>\n<article class=\"post-content xemthem\"><\/article>\n<div id=\"comments\" class=\"comments-area\"><\/div>\n<\/div>\n<\/div>\n<\/article>\n<article class=\"post-content xemthem\"><\/article>\n<div id=\"comments\" class=\"comments-area\"><\/div>\n<\/div>\n<\/div>\n<\/article>\n<article class=\"post-content xemthem\"><\/article>\n<div id=\"comments\" class=\"comments-area\"><\/div>","protected":false},"excerpt":{"rendered":"<p>Villa \u0110\u00e0 L\u1ea1t Hu\u1ef3nh T\u1ea5n Ph\u00e1t 4 Ph\u00f2ng Danh m\u1ee5c ch\u00ednh 1. V\u1ecb tr\u00ed 2. Decor 3. D\u1ecbch v\u1ee5 &amp; Ti\u1ec7n nghi 4.\u00a0Gi\u00e1 ph\u00f2ng 5. Li\u00ean h\u1ec7 1. V\u1ecb tr\u00ed Villa t\u1ecda l\u1ea1c ngay khu v\u1ef1c trung t\u00e2m, thu\u1ed9c \u0111\u01b0\u1eddng Hu\u1ef3nh T\u1ea5n Ph\u00e1t, ph\u01b0\u1eddng 11, TP \u0110\u00e0 L\u1ea1t. Ch\u1ec9 c\u00e1ch ch\u1ee3 5 ph\u00fat ch\u1ea1y xe. [&hellip;]<\/p>","protected":false},"featured_media":14368,"comment_status":"open","ping_status":"closed","template":"","meta":{"_acf_changed":false,"rank_math_lock_modified_date":false},"product_cat":[29,2248,45],"product_tag":[],"acf":[],"_links":{"self":[{"href":"https:\/\/dalatreview.vn\/en\/wp-json\/wp\/v2\/product\/14365"}],"collection":[{"href":"https:\/\/dalatreview.vn\/en\/wp-json\/wp\/v2\/product"}],"about":[{"href":"https:\/\/dalatreview.vn\/en\/wp-json\/wp\/v2\/types\/product"}],"replies":[{"embeddable":true,"href":"https:\/\/dalatreview.vn\/en\/wp-json\/wp\/v2\/comments?post=14365"}],"wp:featuredmedia":[{"embeddable":true,"href":"https:\/\/dalatreview.vn\/en\/wp-json\/wp\/v2\/media\/14368"}],"wp:attachment":[{"href":"https:\/\/dalatreview.vn\/en\/wp-json\/wp\/v2\/media?parent=14365"}],"wp:term":[{"taxonomy":"product_cat","embeddable":true,"href":"https:\/\/dalatreview.vn\/en\/wp-json\/wp\/v2\/product_cat?post=14365"},{"taxonomy":"product_tag","embeddable":true,"href":"https:\/\/dalatreview.vn\/en\/wp-json\/wp\/v2\/product_tag?post=14365"}],"curies":[{"name":"wp","href":"https:\/\/api.w.org\/{rel}","templated":true}]}}