
{"id":14340,"date":"2022-02-17T18:05:33","date_gmt":"2022-02-17T11:05:33","guid":{"rendered":"https:\/\/dalatreview.vn\/?p=14340"},"modified":"2025-01-16T12:25:02","modified_gmt":"2025-01-16T05:25:02","slug":"villa-da-lat-hung-vuong-4-phong","status":"publish","type":"product","link":"https:\/\/dalatreview.vn\/en\/villa-da-lat-hung-vuong-4-phong.html","title":{"rendered":"Villa \u0110\u00e0 L\u1ea1t H\u00f9ng V\u01b0\u01a1ng 4 Ph\u00f2ng"},"content":{"rendered":"<p style=\"text-align: center;\"><span style=\"font-size: 24px;\"><strong><span style=\"color: #008000;\">Villa \u0110\u00e0 L\u1ea1t H\u00f9ng V\u01b0\u01a1ng 4 Ph\u00f2ng<\/span><\/strong><\/span><\/p>\n<nav class=\"vietrick-auto-toc\">\n<div class=\"box-title\">\n<h3 class=\"toc-title\" id=\"select-menu\">Danh m\u1ee5c ch\u00ednh<\/h3>\n<div><ion-icon name=\"chevron-up-outline\"><\/ion-icon><\/div>\n<\/div>\n<ul class=\"toc-list\">\n<li><a href='https:\/\/dalatreview.vn\/en#1-vi-tri' class='heading-h2 toc-link smooth-scroll'>1. V\u1ecb tr\u00ed<\/a>\n<li><a href='https:\/\/dalatreview.vn\/en#2-decor' class='heading-h2 toc-link smooth-scroll'>2. Decor<\/a>\n<li><a href='https:\/\/dalatreview.vn\/en#3-dich-vu-tien-nghi' class='heading-h2 toc-link smooth-scroll'>3. D\u1ecbch v\u1ee5 &amp; Ti\u1ec7n nghi<\/a>\n<li><a href='https:\/\/dalatreview.vn\/en#4-gia-phong' class='heading-h2 toc-link smooth-scroll'>4.\u00a0Gi\u00e1 ph\u00f2ng<\/a>\n<li><a href='https:\/\/dalatreview.vn\/en#5-lien-he' class='heading-h2 toc-link smooth-scroll'>5. Li\u00ean h\u1ec7<\/a><\/ul>\n<\/ul>\n<\/li>\n<\/ul>\n<\/nav>\n<h2 id=\"1-vi-tri\"><span style=\"color: #008000;\"><strong>1. V\u1ecb tr\u00ed<\/strong><\/span><\/h2>\n<p>Villa t\u1ecda l\u1ea1c ngay khu v\u1ef1c trung t\u00e2m, <strong>\u0111\u01b0\u1eddng H\u00f9ng V\u01b0\u01a1ng, ph\u01b0\u1eddng 11, TP \u0110\u00e0 L\u1ea1t<\/strong>. N\u01a1i \u0111\u00e2y thu\u1eadn ti\u1ec7n cho vi\u1ec7c \u0111i l\u1ea1i, mua s\u1eafm v\u00e0 vui ch\u01a1i.<\/p>\n<p>Ph\u01b0\u1eddng 11 thu\u1ed9c Th\u00e0nh ph\u1ed1 \u0110\u00e0 L\u1ea1t t\u1ea1i T\u1ec9nh L\u00e2m \u0110\u1ed3ng n\u1eb1m trong v\u00f9ng T\u00e2y Nguy\u00ean c\u00f3 r\u1ea5t nhi\u1ec1u \u0111\u1ecba \u0111i\u1ec3m du l\u1ecbch h\u1ea5p d\u1eabn v\u00e0 n\u1ed5i ti\u1ebfng \u0111ang ch\u1edd b\u1ea1n kh\u00e1m ph\u00e1 v\u1edbi khung c\u1ea3nh thi\u00ean nhi\u00ean c\u1ef1c k\u1ef3 t\u01b0\u01a1i \u0111\u1eb9p, c\u00e1c m\u00f3n ngon v\u00e0 \u0111\u1ecba \u0111i\u1ec3m vui ch\u01a1i v\u00e0 n\u00e9t v\u0103n h\u00f3a \u0111\u1eb7c tr\u01b0ng \u1edf n\u01a1i \u0111\u00e2y. H\u00e3y c\u00f9ng kh\u00e1m ph\u00e1 n\u01a1i \u0111\u00e2y c\u00f9ng gia \u0111\u00ecnh, b\u1ea1n b\u00e8 v\u00e0 ng\u01b0\u1eddi th\u00e2n nh\u00e9 !<\/p>\n<p><img decoding=\"async\" class=\"aligncenter wp-image-14359 size-full\" src=\"https:\/\/dalatreview.vn\/wp-content\/uploads\/2022\/02\/villa-4-phong-hung-vuong.jpg\" alt=\"villa 4 ph\u00f2ng h\u00f9ng v\u01b0\u01a1ng\" width=\"1200\" height=\"900\" \/><\/p>\n<p>&nbsp;<\/p>\n<p>&nbsp;<\/p>\n<h2 id=\"2-decor\"><span style=\"color: #008000;\"><strong><span class=\"_4yxo _4yxp\">2. Decor<\/span><\/strong><\/span><\/h2>\n<p>Villa \u0111\u01b0\u1ee3c b\u1ed1 tr\u00ed \u0111\u01a1n gi\u1ea3n nh\u01b0ng r\u1ea5t \u0111\u1ea7y \u0111\u1ee7 v\u00e0 ti\u1ec7n nghi. Trong nh\u00e0 s\u1ebd c\u00f3 1 b\u1ebfp c\u1ee7i mang phong c\u00e1ch Ch\u00e2u \u00c2u mang l\u1ea1i c\u1ea3m gi\u00e1c r\u1ea5t \u1ea5m c\u00fang v\u00e0 sang tr\u1ecdng.<\/p>\n<p>B\u00ean c\u1ea1nh \u0111\u00f3 xung quanh nh\u00e0 c\u00f2n\u00a0\u0111\u01b0\u1ee3c decor nhi\u1ec1u b\u00f3ng \u0111\u00e8n t\u1ea1o ra kh\u00f4ng gian ri\u00eang t\u01b0 r\u1ea5t chill cho b\u1ea1n c\u00f9ng ng\u01b0\u1eddi th\u00e2n ng\u1ed3i l\u1ea1i t\u00e2m s\u1ef1, th\u01b0 gi\u00e3n gi\u00fap k\u1ef3 ngh\u1ec9 tr\u1edf n\u00ean tho\u1ea3i m\u00e1i nh\u1ea5t c\u00f3 th\u1ec3.<\/p>\n<p><img decoding=\"async\" class=\"aligncenter wp-image-14363 size-full\" src=\"https:\/\/dalatreview.vn\/wp-content\/uploads\/2022\/02\/villa-4-phong-hung-vuong-3.jpg\" alt=\"villa 4 ph\u00f2ng h\u00f9ng v\u01b0\u01a1ng\" width=\"1200\" height=\"900\" \/><\/p>\n<h2 id=\"3-dich-vu-tien-nghi\"><span style=\"color: #008000;\"><strong>3. D\u1ecbch v\u1ee5 &amp; Ti\u1ec7n nghi<\/strong><\/span><\/h2>\n<p>G\u1ed3m 4 ph\u00f2ng ng\u1ee7 sang tr\u1ecdng:<br \/>\n3 ph\u00f2ng 1 gi\u01b0\u1eddng 2 ng\u01b0\u1eddi<br \/>\n1 ph\u00f2ng 2 gi\u01b0\u1eddng 4 ng\u01b0\u1eddi<br \/>\n+1 ph\u00f2ng t\u00e0i x\u1ebf<\/p>\n<p>S\u1ee9c ch\u1ee9a 10-12 kh\u00e1ch, c\u00f4ng tr\u00ecnh v\u1ec7 sinh kh\u00e9p k\u00edn m\u1ed7i ph\u00f2ng.<\/p>\n<p>&#8211; \u0110\u1ea7y \u0111\u1ee7 ti\u1ec7n nghi nh\u01b0 \u1edf nh\u00e0, view cao, xung quanh l\u00e0 c\u00e2y c\u1ed1i xanh m\u00e1t.<\/p>\n<p>&#8211; C\u00f3 di\u1ec7n t\u00edch \u0111\u1ec3 n\u01b0\u1edbng BBQ.<\/p>\n<p>&#8211; C\u00f3 ch\u1ed7 \u0111\u1eadu xe m\u00e1y, xe h\u01a1i an to\u00e0n.<\/p>\n<p>&#8211; Y\u00ean t\u0129nh, an ninh 24\/24, s\u1ea1ch s\u1ebd, tho\u00e1ng m\u00e1t, view thi\u00ean nhi\u00ean si\u00eau \u0111\u1eb9p.<\/p>\n<p>&#8211; B\u1ebfp chung t\u1ef1 do n\u1ea5u n\u01b0\u1edbng<\/p>\n<p>&#8211; Ch\u00eca kho\u00e1 trao tay tha h\u1ed3 ri\u00eang t\u01b0 .<\/p>\n<p><img decoding=\"async\" class=\"aligncenter wp-image-14361 size-full\" src=\"https:\/\/dalatreview.vn\/wp-content\/uploads\/2022\/02\/villa-4-phong-hung-vuong-2.jpg\" alt=\"villa 4 ph\u00f2ng h\u00f9ng v\u01b0\u01a1ng\" width=\"1200\" height=\"900\" \/><\/p>\n<p>&nbsp;<\/p>\n<article class=\"post-content\">\n<div class=\"anh_wtm_m\">\n<div class=\"mws_content\">\n<article class=\"post-content\">\n<div class=\"anh_wtm_m\">\n<div class=\"mws_content\">\n<article class=\"post-content\">\n<div class=\"anh_wtm_m\">\n<div class=\"mws_content\">\n<article class=\"post-content\">\n<div class=\"anh_wtm_m\">\n<div class=\"mws_content\">\n<article class=\"post-content\">\n<div class=\"anh_wtm_m\">\n<div class=\"mws_content\">\n<h2 id=\"4-gia-phong\"><span style=\"color: #008000;\"><strong><span class=\"_4yxo\">4.<\/span><\/strong>\u00a0Gi\u00e1 ph\u00f2ng<\/span><\/h2>\n<p>Li\u00ean h\u1ec7 \u0111\u1ec3 \u0111\u01b0\u1ee3c \u0110\u00e0 L\u1ea1t Review t\u01b0 v\u1ea5n.<\/p>\n<h2 id=\"5-lien-he\"><span style=\"color: #008000;\">5. Li\u00ean h\u1ec7<\/span><\/h2>\n<p>Fanpage:\u00a0<a href=\"https:\/\/www.facebook.com\/booking.dalatreview.vn\/\">Booking \u0110\u00e0 L\u1ea1t \u2013 www.dalatreview.vn<\/a><\/p>\n<p>S\u0110T\/Zalo: 0988 249 297<\/p>\n<\/div>\n<\/div>\n<\/article>\n<article class=\"post-content xemthem\"><\/article>\n<div id=\"comments\" class=\"comments-area\"><\/div>\n<\/div>\n<\/div>\n<\/article>\n<article class=\"post-content xemthem\"><\/article>\n<div id=\"comments\" class=\"comments-area\"><\/div>\n<\/div>\n<\/div>\n<\/article>\n<article class=\"post-content xemthem\"><\/article>\n<div id=\"comments\" class=\"comments-area\"><\/div>\n<\/div>\n<\/div>\n<\/article>\n<article class=\"post-content xemthem\"><\/article>\n<div id=\"comments\" class=\"comments-area\"><\/div>\n<\/div>\n<\/div>\n<\/article>\n<article class=\"post-content xemthem\"><\/article>\n<div id=\"comments\" class=\"comments-area\"><\/div>","protected":false},"excerpt":{"rendered":"<p>Villa \u0110\u00e0 L\u1ea1t H\u00f9ng V\u01b0\u01a1ng 4 Ph\u00f2ng Danh m\u1ee5c ch\u00ednh 1. V\u1ecb tr\u00ed 2. Decor 3. D\u1ecbch v\u1ee5 &amp; Ti\u1ec7n nghi 4.\u00a0Gi\u00e1 ph\u00f2ng 5. Li\u00ean h\u1ec7 1. V\u1ecb tr\u00ed Villa t\u1ecda l\u1ea1c ngay khu v\u1ef1c trung t\u00e2m, \u0111\u01b0\u1eddng H\u00f9ng V\u01b0\u01a1ng, ph\u01b0\u1eddng 11, TP \u0110\u00e0 L\u1ea1t. N\u01a1i \u0111\u00e2y thu\u1eadn ti\u1ec7n cho vi\u1ec7c \u0111i l\u1ea1i, mua s\u1eafm [&hellip;]<\/p>","protected":false},"featured_media":14344,"comment_status":"open","ping_status":"closed","template":"","meta":{"_acf_changed":false,"rank_math_lock_modified_date":false},"product_cat":[29,2248,45],"product_tag":[],"acf":[],"_links":{"self":[{"href":"https:\/\/dalatreview.vn\/en\/wp-json\/wp\/v2\/product\/14340"}],"collection":[{"href":"https:\/\/dalatreview.vn\/en\/wp-json\/wp\/v2\/product"}],"about":[{"href":"https:\/\/dalatreview.vn\/en\/wp-json\/wp\/v2\/types\/product"}],"replies":[{"embeddable":true,"href":"https:\/\/dalatreview.vn\/en\/wp-json\/wp\/v2\/comments?post=14340"}],"wp:featuredmedia":[{"embeddable":true,"href":"https:\/\/dalatreview.vn\/en\/wp-json\/wp\/v2\/media\/14344"}],"wp:attachment":[{"href":"https:\/\/dalatreview.vn\/en\/wp-json\/wp\/v2\/media?parent=14340"}],"wp:term":[{"taxonomy":"product_cat","embeddable":true,"href":"https:\/\/dalatreview.vn\/en\/wp-json\/wp\/v2\/product_cat?post=14340"},{"taxonomy":"product_tag","embeddable":true,"href":"https:\/\/dalatreview.vn\/en\/wp-json\/wp\/v2\/product_tag?post=14340"}],"curies":[{"name":"wp","href":"https:\/\/api.w.org\/{rel}","templated":true}]}}