
{"id":14316,"date":"2022-02-17T17:37:41","date_gmt":"2022-02-17T10:37:41","guid":{"rendered":"https:\/\/dalatreview.vn\/?p=14316"},"modified":"2024-07-11T11:05:57","modified_gmt":"2024-07-11T04:05:57","slug":"villa-da-lat-hoang-hoa-tham-4-phong","status":"publish","type":"product","link":"https:\/\/dalatreview.vn\/en\/villa-da-lat-hoang-hoa-tham-4-phong.html","title":{"rendered":"Villa \u0110\u00e0 L\u1ea1t Ho\u00e0ng Hoa Th\u00e1m 4 Ph\u00f2ng"},"content":{"rendered":"<p>&nbsp;<\/p>\n<p style=\"text-align: center;\"><span style=\"font-size: 24px; color: #008000;\"><strong>Villa \u0110\u00e0 L\u1ea1t Ho\u00e0ng Hoa Th\u00e1m 4 Ph\u00f2ng<\/strong><\/span><\/p>\n<nav class=\"vietrick-auto-toc\">\n<div class=\"box-title\">\n<h3 class=\"toc-title\" id=\"select-menu\">Danh m\u1ee5c ch\u00ednh<\/h3>\n<div><ion-icon name=\"chevron-up-outline\"><\/ion-icon><\/div>\n<\/div>\n<ul class=\"toc-list\">\n<li><a href='https:\/\/dalatreview.vn\/en#1-vi-tri' class='heading-h2 toc-link smooth-scroll'>1. V\u1ecb tr\u00ed<\/a>\n<li><a href='https:\/\/dalatreview.vn\/en#2-decor' class='heading-h2 toc-link smooth-scroll'>2. Decor<\/a>\n<li><a href='https:\/\/dalatreview.vn\/en#3-dich-vu-tien-nghi' class='heading-h2 toc-link smooth-scroll'>3. D\u1ecbch v\u1ee5 &amp; Ti\u1ec7n nghi<\/a>\n<li><a href='https:\/\/dalatreview.vn\/en#4-gia-phong' class='heading-h2 toc-link smooth-scroll'>4.\u00a0Gi\u00e1 ph\u00f2ng<\/a>\n<li><a href='https:\/\/dalatreview.vn\/en#5-lien-he' class='heading-h2 toc-link smooth-scroll'>5. Li\u00ean h\u1ec7<\/a><\/ul>\n<\/ul>\n<\/li>\n<\/ul>\n<\/nav>\n<h2 id=\"1-vi-tri\"><span style=\"color: #008000;\"><strong>1. V\u1ecb tr\u00ed<\/strong><\/span><\/h2>\n<p>Villa n\u1eb1m t\u1ea1i<strong> ph\u01b0\u1eddng 10, TP \u0110\u00e0 L\u1ea1t.<\/strong> C\u00e1ch ch\u1ee3 ch\u1ec9 5 ph\u00fat ch\u1ea1y xe. View thi\u00ean nhi\u00ean v\u00f4 c\u00f9ng \u0111\u1eb9p.<\/p>\n<p>V\u1ecb tr\u00ed kh\u00e1 \u0111\u1eafc \u0111\u1ecba v\u00e0 trung t\u00e2m, thu\u1eadn ti\u1ec7n cho vi\u1ec7c \u0111i l\u1ea1i mua s\u1eafm v\u00e0 tham quan du l\u1ecbch n\u00ean c\u00e1c b\u1ea1n c\u1ee9 y\u00ean t\u00e2m tin t\u01b0\u1edfng \u0111\u1ec3 l\u1ef1a ch\u1ecdn c\u0103n villa n\u00e0y nh\u00e9 !<\/p>\n<p><img decoding=\"async\" class=\"aligncenter wp-image-14326 size-full\" src=\"https:\/\/dalatreview.vn\/wp-content\/uploads\/2022\/02\/villa-4-phong-hoang-hoa-tham.jpg\" alt=\"villa 4 ph\u00f2ng ho\u00e0ng hoa th\u00e1m\" width=\"1200\" height=\"900\" \/><\/p>\n<p>&nbsp;<\/p>\n<h2 id=\"2-decor\"><span style=\"color: #008000;\"><strong><span class=\"_4yxo _4yxp\">2. Decor<\/span><\/strong><\/span><\/h2>\n<p>C\u0103n nh\u00e0 thi\u1ebft k\u1ebf theo phong c\u00e1ch m\u1edf, r\u1ed9ng r\u00e3i v\u00e0 tho\u00e1ng m\u00e1t, c\u00f3 th\u1ec3 ng\u1eafm nh\u00ecn view th\u00e0nh ph\u1ed1 v\u00e0 thi\u00ean nhi\u00ean xung quanh qua c\u00e1c khung c\u1eeda ngay\u00a0ch\u00ednh trong c\u0103n nh\u00e0 c\u1ee7a m\u00ecnh.<\/p>\n<p>N\u1ed9i th\u1ea5t \u0111\u1ea7y \u0111\u1ee7 v\u00e0 ti\u1ec7n nghi, ban c\u00f4ng r\u1ed9ng v\u00e0 c\u1ef1c chill. V\u1edbi gam m\u00e0u tr\u1eafng l\u00e0 ch\u1ee7 \u0111\u1ea1o h\u00f2a c\u00f9ng m\u00e0u xanh c\u1ee7a thi\u00ean nhi\u00ean r\u1ea5t th\u01b0 gi\u00e3n v\u00e0 tho\u1ea3i m\u00e1i \u0111\u1ea5y nh\u00e9 !<\/p>\n<p><img decoding=\"async\" class=\"aligncenter wp-image-14327 size-full\" src=\"https:\/\/dalatreview.vn\/wp-content\/uploads\/2022\/02\/villa-4-phong-hoang-hoa-tham-1.jpg\" alt=\"villa 4 ph\u00f2ng ho\u00e0ng hoa th\u00e1m \" width=\"1200\" height=\"900\" \/><\/p>\n<p>&nbsp;<\/p>\n<h2 id=\"3-dich-vu-tien-nghi\"><span style=\"color: #008000;\"><strong>3. D\u1ecbch v\u1ee5 &amp; Ti\u1ec7n nghi<\/strong><\/span><\/h2>\n<p>G\u1ed3m 4\u00a0ph\u00f2ng ng\u1ee7 sang tr\u1ecdng:<br \/>\n2 ph\u00f2ng 1 gi\u01b0\u1eddng 2\u00a0ng\u01b0\u1eddi<br \/>\n2 ph\u00f2ng 2 gi\u01b0\u1eddng 4\u00a0ng\u01b0\u1eddi<\/p>\n<p>S\u1ee9c ch\u1ee9a 10-12 kh\u00e1ch, c\u00f4ng tr\u00ecnh v\u1ec7 sinh kh\u00e9p k\u00edn m\u1ed7i ph\u00f2ng, gi\u01b0\u1eddng n\u1ec7m \u0111\u1ea7y \u0111\u1ee7&#8230;<\/p>\n<p>\u0110\u1ea7y \u0111\u1ee7 ti\u1ec7n nghi nh\u01b0 \u1edf nh\u00e0. ban c\u00f4ng v\u00e0 s\u00e2n v\u01b0\u1eddn r\u1ed9ng r\u00e3i tho\u1ea3i m\u00e1i.<\/p>\n<p>&#8211; C\u00f3 di\u1ec7n t\u00edch \u0111\u1ec3 n\u01b0\u1edbng BBQ.<\/p>\n<p>&#8211; C\u00f3 ch\u1ed7 \u0111\u1eadu xe m\u00e1y, xe h\u01a1i an to\u00e0n.<\/p>\n<p>&#8211; Y\u00ean t\u0129nh, an ninh 24\/24, s\u1ea1ch s\u1ebd, tho\u00e1ng m\u00e1t, view thi\u00ean nhi\u00ean si\u00eau \u0111\u1eb9p.<\/p>\n<p>&#8211; B\u1ebfp t\u1ef1 do n\u1ea5u n\u01b0\u1edbng, \u0111\u1ea7y \u0111\u1ee7 d\u1ee5ng c\u1ee5.<\/p>\n<p>&#8211; Ch\u00eca kho\u00e1 trao tay tha h\u1ed3 ri\u00eang t\u01b0.<\/p>\n<p><img decoding=\"async\" class=\"aligncenter wp-image-14328 size-full\" src=\"https:\/\/dalatreview.vn\/wp-content\/uploads\/2022\/02\/villa-4-phong-hoang-hoa-tham-2.jpg\" alt=\"villa 4 ph\u00f2ng ho\u00e0ng hoa th\u00e1m\" width=\"1200\" height=\"900\" \/><\/p>\n<p>&nbsp;<\/p>\n<p>&nbsp;<\/p>\n<article class=\"post-content\">\n<div class=\"anh_wtm_m\">\n<div class=\"mws_content\">\n<article class=\"post-content\">\n<div class=\"anh_wtm_m\">\n<div class=\"mws_content\">\n<article class=\"post-content\">\n<div class=\"anh_wtm_m\">\n<div class=\"mws_content\">\n<article class=\"post-content\">\n<div class=\"anh_wtm_m\">\n<div class=\"mws_content\">\n<h2 id=\"4-gia-phong\"><span style=\"color: #008000;\"><strong><span class=\"_4yxo\">4.<\/span><\/strong>\u00a0Gi\u00e1 ph\u00f2ng<\/span><\/h2>\n<p>Li\u00ean h\u1ec7 \u0111\u1ec3 \u0111\u01b0\u1ee3c \u0110\u00e0 L\u1ea1t Review t\u01b0 v\u1ea5n.<\/p>\n<h2 id=\"5-lien-he\"><span style=\"color: #008000;\">5. Li\u00ean h\u1ec7<\/span><\/h2>\n<p>Fanpage:\u00a0<a href=\"https:\/\/www.facebook.com\/booking.dalatreview.vn\/\">Booking \u0110\u00e0 L\u1ea1t \u2013 www.dalatreview.vn<\/a><\/p>\n<p>S\u0110T\/Zalo: 0988 249 297<\/p>\n<\/div>\n<\/div>\n<\/article>\n<article class=\"post-content xemthem\"><\/article>\n<div id=\"comments\" class=\"comments-area\"><\/div>\n<\/div>\n<\/div>\n<\/article>\n<article class=\"post-content xemthem\"><\/article>\n<div id=\"comments\" class=\"comments-area\"><\/div>\n<\/div>\n<\/div>\n<\/article>\n<article class=\"post-content xemthem\"><\/article>\n<div id=\"comments\" class=\"comments-area\"><\/div>\n<\/div>\n<\/div>\n<\/article>\n<article class=\"post-content xemthem\"><\/article>\n<div id=\"comments\" class=\"comments-area\"><\/div>","protected":false},"excerpt":{"rendered":"<p>&nbsp; Villa \u0110\u00e0 L\u1ea1t Ho\u00e0ng Hoa Th\u00e1m 4 Ph\u00f2ng Danh m\u1ee5c ch\u00ednh 1. V\u1ecb tr\u00ed 2. Decor 3. D\u1ecbch v\u1ee5 &amp; Ti\u1ec7n nghi 4.\u00a0Gi\u00e1 ph\u00f2ng 5. Li\u00ean h\u1ec7 1. V\u1ecb tr\u00ed Villa n\u1eb1m t\u1ea1i ph\u01b0\u1eddng 10, TP \u0110\u00e0 L\u1ea1t. C\u00e1ch ch\u1ee3 ch\u1ec9 5 ph\u00fat ch\u1ea1y xe. View thi\u00ean nhi\u00ean v\u00f4 c\u00f9ng \u0111\u1eb9p. V\u1ecb tr\u00ed kh\u00e1 [&hellip;]<\/p>","protected":false},"featured_media":14332,"comment_status":"open","ping_status":"closed","template":"","meta":{"_acf_changed":false,"rank_math_lock_modified_date":false},"product_cat":[29,2248,45],"product_tag":[],"acf":[],"_links":{"self":[{"href":"https:\/\/dalatreview.vn\/en\/wp-json\/wp\/v2\/product\/14316"}],"collection":[{"href":"https:\/\/dalatreview.vn\/en\/wp-json\/wp\/v2\/product"}],"about":[{"href":"https:\/\/dalatreview.vn\/en\/wp-json\/wp\/v2\/types\/product"}],"replies":[{"embeddable":true,"href":"https:\/\/dalatreview.vn\/en\/wp-json\/wp\/v2\/comments?post=14316"}],"wp:featuredmedia":[{"embeddable":true,"href":"https:\/\/dalatreview.vn\/en\/wp-json\/wp\/v2\/media\/14332"}],"wp:attachment":[{"href":"https:\/\/dalatreview.vn\/en\/wp-json\/wp\/v2\/media?parent=14316"}],"wp:term":[{"taxonomy":"product_cat","embeddable":true,"href":"https:\/\/dalatreview.vn\/en\/wp-json\/wp\/v2\/product_cat?post=14316"},{"taxonomy":"product_tag","embeddable":true,"href":"https:\/\/dalatreview.vn\/en\/wp-json\/wp\/v2\/product_tag?post=14316"}],"curies":[{"name":"wp","href":"https:\/\/api.w.org\/{rel}","templated":true}]}}