
{"id":14300,"date":"2022-02-17T16:31:34","date_gmt":"2022-02-17T09:31:34","guid":{"rendered":"https:\/\/dalatreview.vn\/?p=14300"},"modified":"2024-07-11T11:05:59","modified_gmt":"2024-07-11T04:05:59","slug":"villa-da-lat-ho-tuyen-lam-4-phong","status":"publish","type":"product","link":"https:\/\/dalatreview.vn\/en\/villa-da-lat-ho-tuyen-lam-4-phong.html","title":{"rendered":"Villa \u0110\u00e0 L\u1ea1t H\u1ed3 Tuy\u1ec1n L\u00e2m 4 Ph\u00f2ng"},"content":{"rendered":"<p style=\"text-align: center;\"><strong><span style=\"font-size: 24px; color: #008000;\">Villa \u0110\u00e0 L\u1ea1t H\u1ed3 Tuy\u1ec1n L\u00e2m 4 Ph\u00f2ng<\/span><\/strong><\/p>\n<nav class=\"vietrick-auto-toc\">\n<div class=\"box-title\">\n<h3 class=\"toc-title\" id=\"select-menu\">Danh m\u1ee5c ch\u00ednh<\/h3>\n<div><ion-icon name=\"chevron-up-outline\"><\/ion-icon><\/div>\n<\/div>\n<ul class=\"toc-list\">\n<li><a href='https:\/\/dalatreview.vn\/en#1-vi-tri' class='heading-h2 toc-link smooth-scroll'>1. V\u1ecb tr\u00ed<\/a>\n<li><a href='https:\/\/dalatreview.vn\/en#2-decor' class='heading-h2 toc-link smooth-scroll'>2. Decor<\/a>\n<li><a href='https:\/\/dalatreview.vn\/en#3-dich-vu-tien-nghi' class='heading-h2 toc-link smooth-scroll'>3. D\u1ecbch v\u1ee5 &amp; Ti\u1ec7n nghi<\/a>\n<li><a href='https:\/\/dalatreview.vn\/en#4-gia-phong' class='heading-h2 toc-link smooth-scroll'>4.\u00a0Gi\u00e1 ph\u00f2ng<\/a>\n<li><a href='https:\/\/dalatreview.vn\/en#5-lien-he' class='heading-h2 toc-link smooth-scroll'>5. Li\u00ean h\u1ec7<\/a><\/ul>\n<\/ul>\n<\/li>\n<\/ul>\n<\/nav>\n<h2 id=\"1-vi-tri\"><span style=\"color: #008000;\"><strong>1. V\u1ecb tr\u00ed<\/strong><\/span><\/h2>\n<p>Villa H\u1ed3 Tuy\u1ec1n L\u00e2m n\u1eb1m \u1edf ph\u01b0\u1eddng 4, t\u1ecda l\u1ea1c c\u00e1ch v\u1ecb tr\u00ed trung t\u00e2m Th\u00e0nh ph\u1ed1 kho\u1ea3ng 7km, c\u00e1ch khu du l\u1ecbch th\u00e1c Datanla kho\u1ea3ng 2 km.<\/p>\n<p>H\u1ed3 Tuy\u1ec1n L\u00e2m n\u1eb1m g\u1ea7n ngay t\u1ea1i n\u00fai Ph\u1ee5ng Ho\u00e0ng. N\u01a1i c\u00f3\u00a0<a href=\"https:\/\/vietsovpetrohotel.vn\/thien-vien-truc-lam\/\" target=\"_blank\" rel=\"noreferrer noopener\">Thi\u1ec1n Vi\u1ec7n Tr\u00fac L\u00e2m thanh t\u1ecbnh v\u00e0 y\u00ean b\u00ecnh<\/a>. \u0110\u00e2y \u0111\u01b0\u1ee3c xem nh\u01b0 l\u00e0 m\u1ed9t trong nh\u1eefng khu ph\u1ee9c h\u1ee3p. T\u1eadp trung r\u1ea5t nhi\u1ec1u c\u1ea3nh quan thi\u00ean nhi\u00ean \u0111\u1eb9p, \u0111\u1eb7c tr\u01b0ng v\u00e0 nh\u1eefng d\u1ecbch v\u1ee5 du l\u1ecbch c\u1ee7a \u0110\u00e0 L\u1ea1t<\/p>\n<p><img decoding=\"async\" class=\"aligncenter wp-image-14312 size-full\" src=\"https:\/\/dalatreview.vn\/wp-content\/uploads\/2022\/02\/villa-4-phong-ho-tuyen-lam.jpg\" alt=\"villa 4 ph\u00f2ng h\u1ed3 tuy\u1ec1n l\u00e2m\" width=\"1200\" height=\"900\" \/><\/p>\n<p>B\u1ea1n c\u1ee9 y\u00ean t\u00e2m v\u1ec1 vi\u1ec7c di chuy\u1ec3n t\u1edbi c\u00e1c \u0111\u1ecba \u0111i\u1ec3m du l\u1ecbch nh\u00e9 v\u00ec n\u01a1i \u0111\u00e2y giao thong r\u1ea5t thu\u1eadn ti\u1ec7n cho vi\u1ec7c \u0111i l\u1ea1i tham quan du l\u1ecbch v\u00e0 mua s\u1eafm \u0111\u1ea5y \u1ea1 !<\/p>\n<h2 id=\"2-decor\"><span style=\"color: #008000;\"><strong><span class=\"_4yxo _4yxp\">2. Decor<\/span><\/strong><\/span><\/h2>\n<p>Thi\u1ebft k\u1ebf \u0111\u1ea7y \u0111\u1ee7 v\u00e0 ti\u1ec7n nghi, theo phong c\u00e1ch t\u1ed1i gi\u1ea3n nh\u01b0ng c\u1ef1c k\u1ef3 chill v\u00e0 sang ch\u1ea3nh. \u0110\u1ebfn v\u1edbi n\u01a1i \u0111\u00e2y c\u00e1c b\u1ea1n s\u1ebd tr\u00e1nh xa \u0111\u01b0\u1ee3c nh\u1eefng \u1ed3n \u00e0o t\u1ea5p n\u1eadp ch\u1ed1n ph\u1ed1 th\u1ecb. Gi\u00fap cho c\u00e1c b\u1ea1n c\u00f3 tinh th\u1ea7n s\u1ea3ng kho\u00e1i v\u00e0 vui t\u01b0\u01a1i nh\u1ea5t<\/p>\n<p>N\u01a1i \u0111\u00e2y s\u1ebd c\u00f3 r\u1ea5t nhi\u1ec1u g\u00f3c \u0111\u1ec3 b\u1ea1n v\u00e0 m\u1ecdi ng\u01b0\u1eddi c\u00f9ng nhau s\u1ed1ng \u1ea3o v\u00e0 l\u01b0u gi\u1eef k\u1ec9 ni\u1ec7m c\u00f9ng nhau, h\u1ee9a h\u1eb9n mang \u0111\u1ebfn s\u1ef1 \u1ea5n t\u01b0\u1ee3ng s\u00e2u s\u1eafc nh\u1ea5t trong l\u00f2ng qu\u00fd kh\u00e1ch b\u1edfi n\u00f3 \u0111\u01b0\u1ee3c decor r\u1ea5t \u0111\u1ed9c l\u1ea1. V\u1eeba l\u00e0 nh\u00e0 \u1edf, v\u1eeba gi\u1ed1ng 1 qu\u00e1n c\u00e0 ph\u00ea c\u1ef1c k\u1ef3 y\u00ean t\u0129nh, tho\u1ea3i m\u00e3i \u0111\u1ec3 t\u00e2m s\u1ef1 v\u00e0 qu\u1ea9y n\u1eefa n\u00e8 !<\/p>\n<p><img decoding=\"async\" class=\"aligncenter wp-image-14313 size-full\" src=\"https:\/\/dalatreview.vn\/wp-content\/uploads\/2022\/02\/villa-4-phong-ho-tuyen-lam-1.jpg\" alt=\"villa 4 ph\u00f2ng h\u1ed3 tuy\u1ec1n l\u00e2m\" width=\"1200\" height=\"900\" \/><\/p>\n<h2 id=\"3-dich-vu-tien-nghi\"><span style=\"color: #008000;\"><strong>3. D\u1ecbch v\u1ee5 &amp; Ti\u1ec7n nghi<\/strong><\/span><\/h2>\n<p>G\u1ed3m 4 ph\u00f2ng ng\u1ee7 sang tr\u1ecdng:<br \/>\n3 ph\u00f2ng 1 gi\u01b0\u1eddng 2 ng\u01b0\u1eddi<br \/>\n1 ph\u00f2ng 2 gi\u01b0\u1eddng 4 ng\u01b0\u1eddi<br \/>\n+1 ph\u00f2ng t\u00e0i x\u1ebf<\/p>\n<p>S\u1ee9c ch\u1ee9a 10-12 kh\u00e1ch, c\u00f4ng tr\u00ecnh v\u1ec7 sinh kh\u00e9p k\u00edn m\u1ed7i ph\u00f2ng + 2 wc d\u00f9ng chung.<\/p>\n<p><img decoding=\"async\" class=\"aligncenter wp-image-14314 size-full\" src=\"https:\/\/dalatreview.vn\/wp-content\/uploads\/2022\/02\/villa-4-phong-ho-tuyen-lam-2.jpg\" alt=\"villa 4 ph\u00f2ng h\u1ed3 tuy\u1ec1n l\u00e2m\" width=\"1200\" height=\"900\" \/><\/p>\n<p>&nbsp;<\/p>\n<p>\u0110\u1ea7y \u0111\u1ee7 ti\u1ec7n nghi nh\u01b0 \u1edf nh\u00e0:<\/p>\n<p>&#8211; C\u00f3 b\u1ebfp, ph\u00f2ng kh\u00e1ch v\u00e0 khu v\u1ef1c sinh ho\u1ea1t d\u00f9ng chung \u0111\u1ec3 n\u1ed1i k\u1ebft c\u00e1c th\u00e0nh vi\u00ean v\u1edbi nhau.<\/p>\n<p>&#8211; C\u00f3 di\u1ec7n t\u00edch \u0111\u1ec3 n\u01b0\u1edbng BBQ, \u0111\u1ed1t l\u1eeda ngo\u00e0i tr\u1eddi.<\/p>\n<p>&#8211; C\u00f3 ch\u1ed7 \u0111\u1eadu xe m\u00e1y, xe h\u01a1i an to\u00e0n.<\/p>\n<p>&#8211; Y\u00ean t\u0129nh, an ninh 24\/24, s\u1ea1ch s\u1ebd, tho\u00e1ng m\u00e1t, view thi\u00ean nhi\u00ean si\u00eau \u0111\u1eb9p.<\/p>\n<p>&#8211; B\u1ebfp t\u1ef1 do n\u1ea5u n\u01b0\u1edbng<\/p>\n<p>&#8211; Ch\u00eca kho\u00e1 trao tay tha h\u1ed3 ri\u00eang t\u01b0 .<\/p>\n<p>&nbsp;<\/p>\n<article class=\"post-content\">\n<div class=\"anh_wtm_m\">\n<div class=\"mws_content\">\n<article class=\"post-content\">\n<div class=\"anh_wtm_m\">\n<div class=\"mws_content\">\n<article class=\"post-content\">\n<div class=\"anh_wtm_m\">\n<div class=\"mws_content\">\n<h2 id=\"4-gia-phong\"><span style=\"color: #008000;\"><strong><span class=\"_4yxo\">4.<\/span><\/strong>\u00a0Gi\u00e1 ph\u00f2ng<\/span><\/h2>\n<p>Li\u00ean h\u1ec7 \u0111\u1ec3 \u0111\u01b0\u1ee3c \u0110\u00e0 L\u1ea1t Review t\u01b0 v\u1ea5n.<\/p>\n<h2 id=\"5-lien-he\"><span style=\"color: #008000;\">5. Li\u00ean h\u1ec7<\/span><\/h2>\n<p>Fanpage:\u00a0<a href=\"https:\/\/www.facebook.com\/booking.dalatreview.vn\/\">Booking \u0110\u00e0 L\u1ea1t \u2013 www.dalatreview.vn<\/a><\/p>\n<p>S\u0110T\/Zalo: 0988 249 297<\/p>\n<\/div>\n<\/div>\n<\/article>\n<article class=\"post-content xemthem\"><\/article>\n<div id=\"comments\" class=\"comments-area\"><\/div>\n<\/div>\n<\/div>\n<\/article>\n<article class=\"post-content xemthem\"><\/article>\n<div id=\"comments\" class=\"comments-area\"><\/div>\n<\/div>\n<\/div>\n<\/article>\n<article class=\"post-content xemthem\"><\/article>\n<div id=\"comments\" class=\"comments-area\"><\/div>","protected":false},"excerpt":{"rendered":"<p>Villa \u0110\u00e0 L\u1ea1t H\u1ed3 Tuy\u1ec1n L\u00e2m 4 Ph\u00f2ng Danh m\u1ee5c ch\u00ednh 1. V\u1ecb tr\u00ed 2. Decor 3. D\u1ecbch v\u1ee5 &amp; Ti\u1ec7n nghi 4.\u00a0Gi\u00e1 ph\u00f2ng 5. Li\u00ean h\u1ec7 1. V\u1ecb tr\u00ed Villa H\u1ed3 Tuy\u1ec1n L\u00e2m n\u1eb1m \u1edf ph\u01b0\u1eddng 4, t\u1ecda l\u1ea1c c\u00e1ch v\u1ecb tr\u00ed trung t\u00e2m Th\u00e0nh ph\u1ed1 kho\u1ea3ng 7km, c\u00e1ch khu du l\u1ecbch th\u00e1c Datanla [&hellip;]<\/p>","protected":false},"featured_media":14301,"comment_status":"open","ping_status":"closed","template":"","meta":{"_acf_changed":false,"rank_math_lock_modified_date":false},"product_cat":[29,2248,45],"product_tag":[],"acf":[],"_links":{"self":[{"href":"https:\/\/dalatreview.vn\/en\/wp-json\/wp\/v2\/product\/14300"}],"collection":[{"href":"https:\/\/dalatreview.vn\/en\/wp-json\/wp\/v2\/product"}],"about":[{"href":"https:\/\/dalatreview.vn\/en\/wp-json\/wp\/v2\/types\/product"}],"replies":[{"embeddable":true,"href":"https:\/\/dalatreview.vn\/en\/wp-json\/wp\/v2\/comments?post=14300"}],"wp:featuredmedia":[{"embeddable":true,"href":"https:\/\/dalatreview.vn\/en\/wp-json\/wp\/v2\/media\/14301"}],"wp:attachment":[{"href":"https:\/\/dalatreview.vn\/en\/wp-json\/wp\/v2\/media?parent=14300"}],"wp:term":[{"taxonomy":"product_cat","embeddable":true,"href":"https:\/\/dalatreview.vn\/en\/wp-json\/wp\/v2\/product_cat?post=14300"},{"taxonomy":"product_tag","embeddable":true,"href":"https:\/\/dalatreview.vn\/en\/wp-json\/wp\/v2\/product_tag?post=14300"}],"curies":[{"name":"wp","href":"https:\/\/api.w.org\/{rel}","templated":true}]}}