
{"id":14274,"date":"2022-02-17T15:50:07","date_gmt":"2022-02-17T08:50:07","guid":{"rendered":"https:\/\/dalatreview.vn\/?p=14274"},"modified":"2024-07-11T11:05:59","modified_gmt":"2024-07-11T04:05:59","slug":"villa-da-lat-ngo-huy-dien-4-phong","status":"publish","type":"product","link":"https:\/\/dalatreview.vn\/en\/villa-da-lat-ngo-huy-dien-4-phong.html","title":{"rendered":"Villa \u0110\u00e0 L\u1ea1t Ng\u00f4 Huy Di\u1ec3n 4 Ph\u00f2ng"},"content":{"rendered":"<p style=\"text-align: center;\"><span style=\"color: #008000;\"><strong><span style=\"font-size: 24px;\">Villa \u0110\u00e0 L\u1ea1t Ng\u00f4 Huy Di\u1ec3n 4 Ph\u00f2ng<\/span><\/strong><\/span><\/p>\n<nav class=\"vietrick-auto-toc\">\n<div class=\"box-title\">\n<h3 class=\"toc-title\" id=\"select-menu\">Danh m\u1ee5c ch\u00ednh<\/h3>\n<div><ion-icon name=\"chevron-up-outline\"><\/ion-icon><\/div>\n<\/div>\n<ul class=\"toc-list\">\n<li><a href='https:\/\/dalatreview.vn\/en#1-vi-tri' class='heading-h2 toc-link smooth-scroll'>1. V\u1ecb tr\u00ed<\/a>\n<li><a href='https:\/\/dalatreview.vn\/en#2-decor' class='heading-h2 toc-link smooth-scroll'>2. Decor<\/a>\n<li><a href='https:\/\/dalatreview.vn\/en#3-dich-vu-tien-nghi' class='heading-h2 toc-link smooth-scroll'>3. D\u1ecbch v\u1ee5 &amp; Ti\u1ec7n nghi<\/a>\n<li><a href='https:\/\/dalatreview.vn\/en#4-gia-phong' class='heading-h2 toc-link smooth-scroll'>4.\u00a0Gi\u00e1 ph\u00f2ng<\/a>\n<li><a href='https:\/\/dalatreview.vn\/en#5-lien-he' class='heading-h2 toc-link smooth-scroll'>5. Li\u00ean h\u1ec7<\/a><\/ul>\n<\/ul>\n<\/li>\n<\/ul>\n<\/nav>\n<h2 id=\"1-vi-tri\"><span style=\"font-size: 24px; color: #008000;\"><strong>1. V\u1ecb tr\u00ed<\/strong><\/span><\/h2>\n<p>C\u0103n nh\u00e0 t\u1ecda l\u1ea1c t\u1ea1i <strong>\u0111\u01b0\u1eddng Ng\u00f4 Huy Di\u1ec3n, ph\u01b0\u1eddng 5, TP \u0110\u00e0 L\u1ea1t<\/strong>, ngay khu v\u1ef1c trung t\u00e2m. Ch\u1ec9 c\u00e1ch ch\u1ee3 5 ph\u00fat ch\u1ea1y xe, h\u01a1n n\u1eefa \u0111\u00e2y l\u00e0 cung \u0111\u01b0\u1eddng r\u1ea5t thu\u1eadn ti\u1ec7n cho vi\u1ec7c \u0111i l\u1ea1i, mua s\u1eafm v\u00e0 checkin \u0111\u1ea5y nh\u00e9 c\u00e1c t\u00ecnh y\u00eau !<\/p>\n<p>Ngo\u00e0i ra s\u00e2n v\u01b0\u1eddn \u1edf \u0111\u00e2y r\u1ea5t\u00a0r\u1ed9ng r\u00e3i, view c\u1ef1c \u0111\u1eb9p h\u00f2a m\u00ecnh v\u1edbi thi\u00ean nhi\u00ean \u0111em l\u1ea1i c\u1ea3m gi\u00e1c tho\u1ea3i m\u00e1i cho k\u1ef3 ngh\u1ec9 c\u1ee7a c\u00e1c b\u1ea1n n\u1eefa\u00a0n\u00e8 !<\/p>\n<p><img decoding=\"async\" class=\"aligncenter wp-image-14294 size-full\" src=\"https:\/\/dalatreview.vn\/wp-content\/uploads\/2022\/02\/villa-4-phong-ngo-huy-dien.jpg\" alt=\"villa 4 ph\u00f2ng ng\u00f4 huy di\u1ec3n\" width=\"1200\" height=\"900\" \/><\/p>\n<h2 id=\"2-decor\"><span style=\"color: #008000;\"><strong><span class=\"_4yxo _4yxp\">2. Decor<\/span><\/strong><\/span><\/h2>\n<p>Thi\u1ebft k\u1ebf \u0111\u01a1n gi\u1ea3n nh\u01b0ng \u0111\u1ea7y \u0111\u1ee7 v\u00e0 cao c\u1ea5p. Kh\u00f4ng gian m\u1edf \u0111\u00f3n \u00e1nh s\u00e1ng t\u1ef1 nhi\u00ean, v\u1eeba tho\u00e1ng m\u00e1t v\u1eeba ti\u1ec7n \u0111\u1ec3 ng\u1eafm view b\u00ean ngo\u00e0i.<\/p>\n<p>V\u00ec l\u00e0 ngh\u1ec9 d\u01b0\u1ee1ng n\u00ean c\u0103n nh\u00e0 s\u1ebd \u0111\u01b0\u1ee3c trang tr\u00ed r\u1ea5t nhi\u1ec1u c\u00e2y xanh \u0111\u1ec3 t\u1ea1o ra b\u1ea7u kh\u00f4ng kh\u00ed trong l\u00e0nh nh\u1ea5t c\u00f3 th\u1ec3. B\u00ean c\u1ea1nh \u0111\u00f3 l\u00e0 m\u1ed7i ph\u00f2ng s\u1ebd \u0111\u01b0\u1ee3c decor th\u00eam c\u00e1c b\u1ee9c tranh v\u1ea3i,.. theo phong c\u00e1ch \u0111\u1ed9c l\u1ea1.<\/p>\n<p><img decoding=\"async\" class=\"wp-image-14295 size-full aligncenter\" src=\"https:\/\/dalatreview.vn\/wp-content\/uploads\/2022\/02\/villa-4-phong-ngo-huy-dien-1.jpg\" alt=\"villa 4 ph\u00f2ng ng\u00f4 huy di\u1ec3n\" width=\"1200\" height=\"900\" \/><\/p>\n<h2 id=\"3-dich-vu-tien-nghi\"><span style=\"color: #008000;\"><strong>3. D\u1ecbch v\u1ee5 &amp; Ti\u1ec7n nghi<\/strong><\/span><\/h2>\n<p>G\u1ed3m 4 ph\u00f2ng ng\u1ee7 sang tr\u1ecdng,\u00a0s\u1ee9c ch\u1ee9a 10-12 kh\u00e1ch<br \/>\n3 ph\u00f2ng 1 gi\u01b0\u1eddng 2 ng\u01b0\u1eddi<br \/>\n1 ph\u00f2ng 2 gi\u01b0\u1eddng 4 ng\u01b0\u1eddi<\/p>\n<p>v\u1ec7 sinh kh\u00e9p k\u00edn m\u1ed7i ph\u00f2ng<\/p>\n<p><img decoding=\"async\" class=\"wp-image-14296 size-full aligncenter\" src=\"https:\/\/dalatreview.vn\/wp-content\/uploads\/2022\/02\/villa-4-phong-ngo-huy-dien-2.jpg\" alt=\"villa 4 ph\u00f2ng ng\u00f4 huy di\u1ec3n\" width=\"1200\" height=\"900\" \/><\/p>\n<p>&#8211; S\u00e2n th\u01b0\u1ee3ng view th\u00e0nh ph\u1ed1 v\u00e0 r\u1eebng th\u00f4ng<\/p>\n<p>&#8211; Ph\u00f2ng kh\u00e1ch l\u1edbn, ph\u00f2ng b\u1ebfp r\u1ed9ng \u0111\u00e0y \u0111\u1ee7 ti\u1ec7n nghi nh\u01b0 \u1edf nh\u00e0 t\u1ef1 do n\u1ea5u n\u01b0\u1edbng<\/p>\n<p>&#8211; C\u00f3 di\u1ec7n t\u00edch \u0111\u1ec3 n\u01b0\u1edbng BBQ<\/p>\n<p>&#8211; C\u00f3 ch\u1ed7 \u0111\u1eadu xe m\u00e1y, xe h\u01a1i an to\u00e0n.<\/p>\n<p>&#8211; Y\u00ean t\u0129nh, an ninh 24\/24, s\u1ea1ch s\u1ebd, tho\u00e1ng m\u00e1t, view thi\u00ean nhi\u00ean si\u00eau \u0111\u1eb9p.<\/p>\n<p>&#8211; Ch\u00eca kho\u00e1 trao tay tha h\u1ed3 ri\u00eang t\u01b0 .<\/p>\n<p>&nbsp;<\/p>\n<article class=\"post-content\">\n<div class=\"anh_wtm_m\">\n<div class=\"mws_content\">\n<article class=\"post-content\">\n<div class=\"anh_wtm_m\">\n<div class=\"mws_content\">\n<h2 id=\"4-gia-phong\"><span style=\"color: #008000;\"><strong><span class=\"_4yxo\">4.<\/span><\/strong>\u00a0Gi\u00e1 ph\u00f2ng<\/span><\/h2>\n<p>Li\u00ean h\u1ec7 \u0111\u1ec3 \u0111\u01b0\u1ee3c \u0110\u00e0 L\u1ea1t Review t\u01b0 v\u1ea5n.<\/p>\n<h2 id=\"5-lien-he\"><span style=\"color: #008000;\">5. Li\u00ean h\u1ec7<\/span><\/h2>\n<p>Fanpage:\u00a0<a href=\"https:\/\/www.facebook.com\/booking.dalatreview.vn\/\">Booking \u0110\u00e0 L\u1ea1t \u2013 www.dalatreview.vn<\/a><\/p>\n<p>S\u0110T\/Zalo: 0988 249 297<\/p>\n<\/div>\n<\/div>\n<\/article>\n<article class=\"post-content xemthem\"><\/article>\n<div id=\"comments\" class=\"comments-area\"><\/div>\n<\/div>\n<\/div>\n<\/article>\n<article class=\"post-content xemthem\"><\/article>\n<div id=\"comments\" class=\"comments-area\"><\/div>","protected":false},"excerpt":{"rendered":"<p>Villa \u0110\u00e0 L\u1ea1t Ng\u00f4 Huy Di\u1ec3n 4 Ph\u00f2ng Danh m\u1ee5c ch\u00ednh 1. V\u1ecb tr\u00ed 2. Decor 3. D\u1ecbch v\u1ee5 &amp; Ti\u1ec7n nghi 4.\u00a0Gi\u00e1 ph\u00f2ng 5. Li\u00ean h\u1ec7 1. V\u1ecb tr\u00ed C\u0103n nh\u00e0 t\u1ecda l\u1ea1c t\u1ea1i \u0111\u01b0\u1eddng Ng\u00f4 Huy Di\u1ec3n, ph\u01b0\u1eddng 5, TP \u0110\u00e0 L\u1ea1t, ngay khu v\u1ef1c trung t\u00e2m. Ch\u1ec9 c\u00e1ch ch\u1ee3 5 ph\u00fat ch\u1ea1y [&hellip;]<\/p>","protected":false},"featured_media":14279,"comment_status":"open","ping_status":"closed","template":"","meta":{"_acf_changed":false,"rank_math_lock_modified_date":false},"product_cat":[29,2248,45],"product_tag":[],"acf":[],"_links":{"self":[{"href":"https:\/\/dalatreview.vn\/en\/wp-json\/wp\/v2\/product\/14274"}],"collection":[{"href":"https:\/\/dalatreview.vn\/en\/wp-json\/wp\/v2\/product"}],"about":[{"href":"https:\/\/dalatreview.vn\/en\/wp-json\/wp\/v2\/types\/product"}],"replies":[{"embeddable":true,"href":"https:\/\/dalatreview.vn\/en\/wp-json\/wp\/v2\/comments?post=14274"}],"wp:featuredmedia":[{"embeddable":true,"href":"https:\/\/dalatreview.vn\/en\/wp-json\/wp\/v2\/media\/14279"}],"wp:attachment":[{"href":"https:\/\/dalatreview.vn\/en\/wp-json\/wp\/v2\/media?parent=14274"}],"wp:term":[{"taxonomy":"product_cat","embeddable":true,"href":"https:\/\/dalatreview.vn\/en\/wp-json\/wp\/v2\/product_cat?post=14274"},{"taxonomy":"product_tag","embeddable":true,"href":"https:\/\/dalatreview.vn\/en\/wp-json\/wp\/v2\/product_tag?post=14274"}],"curies":[{"name":"wp","href":"https:\/\/api.w.org\/{rel}","templated":true}]}}