
{"id":14247,"date":"2022-02-17T14:37:31","date_gmt":"2022-02-17T07:37:31","guid":{"rendered":"https:\/\/dalatreview.vn\/?p=14247"},"modified":"2024-07-11T11:06:01","modified_gmt":"2024-07-11T04:06:01","slug":"villa-da-lat-trieu-viet-vuong-4-phong-2","status":"publish","type":"product","link":"https:\/\/dalatreview.vn\/en\/villa-da-lat-trieu-viet-vuong-4-phong-2.html","title":{"rendered":"Villa \u0110\u00e0 L\u1ea1t Tri\u1ec7u Vi\u1ec7t V\u01b0\u01a1ng 4 Ph\u00f2ng"},"content":{"rendered":"<p style=\"text-align: center;\"><strong><span style=\"font-size: 24px; color: #008000;\">Villa \u0110\u00e0 L\u1ea1t Tri\u1ec7u Vi\u1ec7t V\u01b0\u01a1ng 4 Ph\u00f2ng<\/span><\/strong><\/p>\n<nav class=\"vietrick-auto-toc\">\n<div class=\"box-title\">\n<h3 class=\"toc-title\" id=\"select-menu\">Danh m\u1ee5c ch\u00ednh<\/h3>\n<div><ion-icon name=\"chevron-up-outline\"><\/ion-icon><\/div>\n<\/div>\n<ul class=\"toc-list\">\n<li><a href='https:\/\/dalatreview.vn\/en#1-vi-tri' class='heading-h2 toc-link smooth-scroll'>1. V\u1ecb tr\u00ed<\/a>\n<li><a href='https:\/\/dalatreview.vn\/en#2-decor' class='heading-h2 toc-link smooth-scroll'>2. Decor<\/a>\n<li><a href='https:\/\/dalatreview.vn\/en#3-dich-vu-tien-nghi' class='heading-h2 toc-link smooth-scroll'>3. D\u1ecbch v\u1ee5 &amp; Ti\u1ec7n nghi<\/a>\n<li><a href='https:\/\/dalatreview.vn\/en#4-gia-phong' class='heading-h2 toc-link smooth-scroll'>4.\u00a0Gi\u00e1 ph\u00f2ng<\/a>\n<li><a href='https:\/\/dalatreview.vn\/en#5-lien-he' class='heading-h2 toc-link smooth-scroll'>5. Li\u00ean h\u1ec7<\/a><\/ul>\n<\/ul>\n<\/li>\n<\/ul>\n<\/nav>\n<h2 id=\"1-vi-tri\"><span style=\"font-size: 24px; color: #008000;\"><strong>1. V\u1ecb tr\u00ed<\/strong><\/span><\/h2>\n<p>T\u1ecda l\u1ea1c ngay v\u1ecb tr\u00ed trung t\u00e2m, <strong>\u0111\u01b0\u1eddng Tri\u1ec7u Vi\u1ec7t V\u01b0\u01a1ng<\/strong> thu\u1ed9c<strong> ph\u01b0\u1eddng 3 &#8211; TP \u0110\u00e0 L\u1ea1t\u00a0<\/strong>l\u00e0 n\u01a1i h\u1ed9i t\u1ee5 nhi\u1ec1u qu\u00e1n c\u00e0 ph\u00ea s\u1ed1ng \u1ea3o si\u00eau ch\u1ea5t, \u0111i\u1ec3m du l\u1ecbch si\u00eau h\u1ea5p d\u1eabn v\u00e0 nh\u1eefng homestay \u1ea5n t\u01b0\u1ee3ng. Ch\u1ec9 c\u00e1ch ch\u1ee3 1,3km v\u1edbi 4 ph\u00fat ch\u1ea1y xe.<\/p>\n<p>Thu\u1eadn ti\u1ec7n cho vi\u1ec7c \u0111i l\u1ea1i, di chuy\u1ec3n t\u1edbi c\u00e1c \u0111\u1ecba \u0111i\u1ec3m tham quan du l\u1ecbch v\u00e0 checkin nh\u01b0 Dinh 3, Up Coffee, L\u00e0ng Boho Homestay, Qu\u00e1n C\u1ee7a Th\u1eddi Thanh Xu\u00e2n, An S\u01a1n H\u1ed3, h\u1ed3 Tuy\u1ec1n L\u00e2m,..<\/p>\n<p><img decoding=\"async\" class=\"aligncenter wp-image-14264 size-full\" src=\"https:\/\/dalatreview.vn\/wp-content\/uploads\/2022\/02\/villa-da-lat-trieu-viet-vuong-4-phong.jpg\" alt=\"villa \u0111\u00e0 l\u1ea1t tri\u1ec7u vi\u1ec7t v\u01b0\u01a1ng 4 ph\u00f2ng\" width=\"1200\" height=\"900\" \/><\/p>\n<p>&nbsp;<\/p>\n<p>&nbsp;<\/p>\n<h2 id=\"2-decor\"><span style=\"font-size: 24px; color: #008000;\"><strong><span class=\"_4yxo _4yxp\">2. Decor<\/span><\/strong><\/span><\/h2>\n<p>Thi\u1ebft k\u1ebf t\u1ed1i gi\u1ea3n, \u0111\u1ea7y \u0111\u1ee7 ti\u1ec7n nghi nh\u01b0ng r\u1ea5t sang tr\u1ecdng v\u00e0 l\u1ecbch s\u1ef1. Kh\u00f4ng gian m\u1edf, h\u1ea7u h\u1ebft l\u00e0 c\u1eeda k\u00ednh n\u00ean b\u1ea1n c\u00f3 th\u1ec3 ng\u1eafm th\u1ebf gi\u1edbi b\u00ean ngo\u00e0i qua c\u00e1c khung c\u1eeda v\u1eeba \u0111\u00f3n \u0111\u01b0\u1ee3c b\u00ecnh minh v\u1eeba ng\u1eafm \u0111\u01b0\u1ee3c ho\u00e0ng h\u00f4n \u0111\u1ea5y !<\/p>\n<p>Ngo\u00e0i ra, c\u0103n nh\u00e0 xinh x\u1eafn n\u00e0y c\u00f2n \u0111\u01b0\u1ee3c decor th\u00eam r\u1ea5t nhi\u1ec1u c\u00e2y c\u1ea3nh c\u1ed9ng v\u1edbi view s\u00e2n v\u01b0\u1eddn r\u1ed9ng r\u00e3i, ban c\u00f4ng tho\u00e1ng m\u00e1t\u00a0t\u1ea1o ra b\u1ea7u kh\u00f4ng gian r\u1ea5t chill \u0111\u1ec3 \u0103n u\u1ed1ng, t\u00e2m s\u1ef1, c\u00e0 ph\u00ea v\u1edbi nhau n\u1eefa\u00a0nh\u00e9 kh\u00e1ch y\u00eau !<\/p>\n<p><img decoding=\"async\" class=\"aligncenter wp-image-14267 size-full\" src=\"https:\/\/dalatreview.vn\/wp-content\/uploads\/2022\/02\/villa-da-lat-trieu-viet-vuong-4-phong-2.jpg\" alt=\"villa \u0111\u00e0 l\u1ea1t tri\u1ec7u vi\u1ec7t v\u01b0\u01a1ng 4 ph\u00f2ng\" width=\"1200\" height=\"900\" \/><\/p>\n<h2 id=\"3-dich-vu-tien-nghi\"><span style=\"font-size: 24px; color: #008000;\"><strong>3. D\u1ecbch v\u1ee5 &amp; Ti\u1ec7n nghi<\/strong><\/span><\/h2>\n<p style=\"margin: 0cm; background: white;\"><span style=\"font-size: 16px; font-family: 'Segoe UI', sans-serif; color: #212529;\">G\u1ed3m 4 ph\u00f2ng ng\u1ee7 sang tr\u1ecdng ( s\u1ee9c ch\u1ee9a 10-12 kh\u00e1ch )<br \/>\n2 ph\u00f2ng 1 gi\u01b0\u1eddng 2 ng\u01b0\u1eddi<br \/>\n2 ph\u00f2ng 2 gi\u01b0\u1eddng 4 ng\u01b0\u1eddi<\/span><\/p>\n<p><img decoding=\"async\" class=\"aligncenter wp-image-14268 size-full\" src=\"https:\/\/dalatreview.vn\/wp-content\/uploads\/2022\/02\/villa-da-lat-trieu-viet-vuong-4-phong-3.jpg\" alt=\"villa \u0111\u00e0 l\u1ea1t tri\u1ec7u vi\u1ec7t v\u01b0\u01a1ng 4 ph\u00f2ng\" width=\"1200\" height=\"900\" \/><\/p>\n<p>&nbsp;<\/p>\n<p style=\"margin: 0cm; background: white;\"><span style=\"font-size: 16px; font-family: 'Segoe UI', sans-serif; color: #212529;\">-\u0110\u1ea7y \u0111\u1ee7 ti\u1ec7n nghi nh\u01b0 \u1edf nh\u00e0, v\u1ec7 sinh kh\u00e9p k\u00edn m\u1ed7i ph\u00f2ng.\u00a0<\/span><\/p>\n<p style=\"margin: 0cm; background: white;\"><span style=\"font-size: 16px; font-family: 'Segoe UI', sans-serif; color: #212529;\">-C\u00f3 di\u1ec7n t\u00edch \u0111\u1ec3 n\u01b0\u1edbng BBQ.<\/span><\/p>\n<p style=\"margin: 0cm; background: white;\"><span style=\"font-size: 16px; font-family: 'Segoe UI', sans-serif; color: #212529;\">-C\u00f3 ch\u1ed7 \u0111\u1eadu xe m\u00e1y, xe h\u01a1i an to\u00e0n.<\/span><\/p>\n<p style=\"margin: 0cm; background: white;\"><span style=\"font-size: 16px; font-family: 'Segoe UI', sans-serif; color: #212529;\">-Y\u00ean t\u0129nh, an ninh 24\/24, s\u1ea1ch s\u1ebd, tho\u00e1ng m\u00e1t, view thi\u00ean nhi\u00ean si\u00eau \u0111\u1eb9p.<\/span><\/p>\n<p style=\"margin: 0cm; background: white;\"><span style=\"font-size: 16px; font-family: 'Segoe UI', sans-serif; color: #212529;\">&#8211; B\u1ebfp t\u1ef1 do n\u1ea5u n\u01b0\u1edbng<\/span><\/p>\n<p style=\"margin: 0cm; background: white;\"><span style=\"font-size: 16px; font-family: 'Segoe UI', sans-serif; color: #212529;\">&#8211; Ch\u00eca kho\u00e1 trao tay tha h\u1ed3 ri\u00eang t\u01b0 .<\/span><\/p>\n<article class=\"post-content\">\n<div class=\"anh_wtm_m\">\n<div class=\"mws_content\">\n<h2 id=\"4-gia-phong\"><span style=\"font-size: 24px; color: #008000;\"><strong><span class=\"_4yxo\">4.<\/span><\/strong>\u00a0Gi\u00e1 ph\u00f2ng<\/span><\/h2>\n<p>Li\u00ean h\u1ec7 \u0111\u1ec3 \u0111\u01b0\u1ee3c \u0110\u00e0 L\u1ea1t Review t\u01b0 v\u1ea5n.<\/p>\n<h2 id=\"5-lien-he\"><span style=\"color: #008000;\">5. Li\u00ean h\u1ec7<\/span><\/h2>\n<p>Fanpage:\u00a0<a href=\"https:\/\/www.facebook.com\/booking.dalatreview.vn\/\">Booking \u0110\u00e0 L\u1ea1t \u2013 www.dalatreview.vn<\/a><\/p>\n<p>S\u0110T\/Zalo: 0988 249 297<\/p>\n<\/div>\n<\/div>\n<\/article>\n<article class=\"post-content xemthem\"><\/article>\n<div id=\"comments\" class=\"comments-area\"><\/div>","protected":false},"excerpt":{"rendered":"<p>Villa \u0110\u00e0 L\u1ea1t Tri\u1ec7u Vi\u1ec7t V\u01b0\u01a1ng 4 Ph\u00f2ng Danh m\u1ee5c ch\u00ednh 1. V\u1ecb tr\u00ed 2. Decor 3. D\u1ecbch v\u1ee5 &amp; Ti\u1ec7n nghi 4.\u00a0Gi\u00e1 ph\u00f2ng 5. Li\u00ean h\u1ec7 1. V\u1ecb tr\u00ed T\u1ecda l\u1ea1c ngay v\u1ecb tr\u00ed trung t\u00e2m, \u0111\u01b0\u1eddng Tri\u1ec7u Vi\u1ec7t V\u01b0\u01a1ng thu\u1ed9c ph\u01b0\u1eddng 3 &#8211; TP \u0110\u00e0 L\u1ea1t\u00a0l\u00e0 n\u01a1i h\u1ed9i t\u1ee5 nhi\u1ec1u qu\u00e1n c\u00e0 ph\u00ea [&hellip;]<\/p>","protected":false},"featured_media":14271,"comment_status":"open","ping_status":"closed","template":"","meta":{"_acf_changed":false,"rank_math_lock_modified_date":false},"product_cat":[29,2248,45],"product_tag":[],"acf":[],"_links":{"self":[{"href":"https:\/\/dalatreview.vn\/en\/wp-json\/wp\/v2\/product\/14247"}],"collection":[{"href":"https:\/\/dalatreview.vn\/en\/wp-json\/wp\/v2\/product"}],"about":[{"href":"https:\/\/dalatreview.vn\/en\/wp-json\/wp\/v2\/types\/product"}],"replies":[{"embeddable":true,"href":"https:\/\/dalatreview.vn\/en\/wp-json\/wp\/v2\/comments?post=14247"}],"wp:featuredmedia":[{"embeddable":true,"href":"https:\/\/dalatreview.vn\/en\/wp-json\/wp\/v2\/media\/14271"}],"wp:attachment":[{"href":"https:\/\/dalatreview.vn\/en\/wp-json\/wp\/v2\/media?parent=14247"}],"wp:term":[{"taxonomy":"product_cat","embeddable":true,"href":"https:\/\/dalatreview.vn\/en\/wp-json\/wp\/v2\/product_cat?post=14247"},{"taxonomy":"product_tag","embeddable":true,"href":"https:\/\/dalatreview.vn\/en\/wp-json\/wp\/v2\/product_tag?post=14247"}],"curies":[{"name":"wp","href":"https:\/\/api.w.org\/{rel}","templated":true}]}}