
{"id":14220,"date":"2022-02-17T11:20:18","date_gmt":"2022-02-17T04:20:18","guid":{"rendered":"https:\/\/dalatreview.vn\/?p=14220"},"modified":"2024-07-11T11:06:02","modified_gmt":"2024-07-11T04:06:02","slug":"villa-da-lat-nam-ho-4-phong","status":"publish","type":"product","link":"https:\/\/dalatreview.vn\/en\/villa-da-lat-nam-ho-4-phong.html","title":{"rendered":"Villa \u0110\u00e0 L\u1ea1t Nam H\u1ed3 4 Ph\u00f2ng"},"content":{"rendered":"<p style=\"text-align: center;\"><strong><span style=\"font-size: 24px; color: #008000;\">Villa \u0110\u00e0 L\u1ea1t Nam H\u1ed3 4 Ph\u00f2ng<\/span><\/strong><\/p>\n<nav class=\"vietrick-auto-toc\">\n<div class=\"box-title\">\n<h3 class=\"toc-title\" id=\"select-menu\">Danh m\u1ee5c ch\u00ednh<\/h3>\n<div><ion-icon name=\"chevron-up-outline\"><\/ion-icon><\/div>\n<\/div>\n<ul class=\"toc-list\">\n<li><a href='https:\/\/dalatreview.vn\/en#1-vi-tri' class='heading-h2 toc-link smooth-scroll'>1. V\u1ecb tr\u00ed<\/a>\n<li><a href='https:\/\/dalatreview.vn\/en#2-decor' class='heading-h2 toc-link smooth-scroll'>2. Decor<\/a>\n<li><a href='https:\/\/dalatreview.vn\/en#3-dich-vu-tien-nghi' class='heading-h2 toc-link smooth-scroll'>3. D\u1ecbch v\u1ee5 &amp; Ti\u1ec7n nghi<\/a>\n<li><a href='https:\/\/dalatreview.vn\/en#4-gia-phong' class='heading-h2 toc-link smooth-scroll'>4.\u00a0Gi\u00e1 ph\u00f2ng<\/a>\n<li><a href='https:\/\/dalatreview.vn\/en#5-lien-he' class='heading-h2 toc-link smooth-scroll'>5. Li\u00ean h\u1ec7<\/a><\/ul>\n<\/ul>\n<\/li>\n<\/ul>\n<\/nav>\n<h2 id=\"1-vi-tri\"><span style=\"color: #008000;\"><strong>1. V\u1ecb tr\u00ed<\/strong><\/span><\/h2>\n<p>N\u1eb1m trong khu du l\u1ecbch bi\u1ec7t th\u1ef1 ngh\u1ec9 d\u01b0\u1ee1ng Nam H\u1ed3 ( ph\u01b0\u1eddng 11 &#8211; TP \u0110\u00e0 L\u1ea1t ) &#8211; Khu v\u1ef1c \u0111\u1eb7c bi\u1ec7t an ninh v\u00e0 y\u00ean t\u0129nh. C\u00e1ch ch\u1ee3 \u0110\u00e0 L\u1ea1t 5km v\u1edbi 5-7 ph\u00fat di chuy\u1ec3n ra trung t\u00e2m.<\/p>\n<p><img decoding=\"async\" class=\"aligncenter wp-image-14241 size-full\" src=\"https:\/\/dalatreview.vn\/wp-content\/uploads\/2022\/02\/villa-da-lat-nam-ho-4-phong.jpg\" alt=\"villa \u0111\u00e0 l\u1ea1t nam h\u1ed3 4 ph\u00f2ng\" width=\"1200\" height=\"900\" \/><\/p>\n<h2 id=\"2-decor\"><span style=\"color: #008000;\"><strong><span class=\"_4yxo _4yxp\">2. Decor<\/span><\/strong><\/span><\/h2>\n<p>Villa m\u1edbi toanh theo phong c\u00e1ch hi\u1ec7n \u0111\u1ea1i v\u00e0 sang tr\u1ecdng.<\/p>\n<p>L\u1ea5y m\u00e0u tr\u1eafng l\u00e0m ch\u1ee7 \u0111\u1ea1o, n\u1ed9i th\u1ea5t \u0111\u1ea7y \u0111\u1ee7 ti\u1ec7n nghi v\u00e0 cao c\u1ea5p.<\/p>\n<p><img decoding=\"async\" class=\"aligncenter wp-image-14242 size-full\" src=\"https:\/\/dalatreview.vn\/wp-content\/uploads\/2022\/02\/villa-da-lat-nam-ho-4-phong-1.jpg\" alt=\"villa \u0111\u00e0 l\u1ea1t nam h\u1ed3 4 ph\u00f2ng\" width=\"1200\" height=\"900\" \/><\/p>\n<p>Kh\u00f4ng gian m\u1edf tho\u00e1ng m\u00e1t, bao quanh l\u00e0 thi\u00ean nhi\u00ean g\u1ea7n g\u0169i t\u1ea1o ra c\u1ea3m gi\u00e1c v\u00f4 c\u00f9ng th\u01b0 gi\u00e3n.<\/p>\n<h2 id=\"3-dich-vu-tien-nghi\"><span style=\"color: #008000;\"><strong>3. D\u1ecbch v\u1ee5 &amp; Ti\u1ec7n nghi<\/strong><\/span><\/h2>\n<ul>\n<li>G\u1ed3m 4 ph\u00f2ng ng\u1ee7 ( 5 WC )\u00a0sang tr\u1ecdng:<br \/>\n3 ph\u00f2ng 1 gi\u01b0\u1eddng ( 1m8 ) 2 ng\u01b0\u1eddi<br \/>\n1 ph\u00f2ng 2 gi\u01b0\u1eddng ( 1m6 ) 4 ng\u01b0\u1eddi<\/li>\n<\/ul>\n<p>S\u1ee9c ch\u1ee9a 10-12 kh\u00e1ch, villa c\u00f3 trang b\u1ecb th\u00eam n\u1ec7m d\u1ef1 ph\u00f2ng.<\/p>\n<p>&#8212;&#8212;&#8212;&#8212;&#8212;&#8212;&#8212;&#8212;&#8212;&#8212;&#8212;&#8212;&#8212;&#8212;&#8212;&#8212;&#8212;&#8212;&#8212;&#8212;&#8212;&#8212;&#8212;&#8212;<\/p>\n<p>-\u0110\u1ea7y \u0111\u1ee7 ti\u1ec7n nghi nh\u01b0 \u1edf nh\u00e0: 1 ph\u00f2ng kh\u00e1ch, 1 ph\u00f2ng b\u1ebfp t\u1ef1 do n\u1ea5u n\u01b0\u1edbng.<\/p>\n<p>-C\u00f3 di\u1ec7n t\u00edch \u0111\u1ec3 n\u01b0\u1edbng BBQ.<\/p>\n<p>-C\u00f3 ch\u1ed7 \u0111\u1eadu xe m\u00e1y, xe h\u01a1i an to\u00e0n.<\/p>\n<p>-Y\u00ean t\u0129nh, an ninh 24\/24, s\u1ea1ch s\u1ebd, tho\u00e1ng m\u00e1t, view thi\u00ean nhi\u00ean si\u00eau \u0111\u1eb9p.<\/p>\n<p>&#8211; Ch\u00eca kho\u00e1 trao tay tha h\u1ed3 ri\u00eang t\u01b0 .<\/p>\n<p><img decoding=\"async\" class=\"alignnone wp-image-14243 size-full\" src=\"https:\/\/dalatreview.vn\/wp-content\/uploads\/2022\/02\/z20979978056505ab9fae2e531e61b9cd1a75fec2049a7-7683-1.jpg\" alt=\"villa \u0111\u00e0 l\u1ea1t nam h\u1ed3 4 ph\u00f2ng\" width=\"1600\" height=\"1067\" \/><\/p>\n<p>&nbsp;<\/p>\n<article class=\"post-content\">\n<div class=\"anh_wtm_m\">\n<div class=\"mws_content\">\n<h2 id=\"4-gia-phong\"><span style=\"color: #008000;\"><strong><span class=\"_4yxo\">4.<\/span><\/strong>\u00a0Gi\u00e1 ph\u00f2ng<\/span><\/h2>\n<p>Li\u00ean h\u1ec7 \u0111\u1ec3 \u0111\u01b0\u1ee3c \u0110\u00e0 L\u1ea1t Review t\u01b0 v\u1ea5n.<\/p>\n<h2 id=\"5-lien-he\"><span style=\"color: #008000;\">5. Li\u00ean h\u1ec7<\/span><\/h2>\n<p>Fanpage:\u00a0<a href=\"https:\/\/www.facebook.com\/booking.dalatreview.vn\/\">Booking \u0110\u00e0 L\u1ea1t \u2013 www.dalatreview.vn<\/a><\/p>\n<p>S\u0110T\/Zalo: 0988 249 297<\/p>\n<\/div>\n<\/div>\n<\/article>\n<article class=\"post-content xemthem\"><\/article>\n<div id=\"comments\" class=\"comments-area\"><\/div>","protected":false},"excerpt":{"rendered":"<p>Villa \u0110\u00e0 L\u1ea1t Nam H\u1ed3 4 Ph\u00f2ng Danh m\u1ee5c ch\u00ednh 1. V\u1ecb tr\u00ed 2. Decor 3. D\u1ecbch v\u1ee5 &amp; Ti\u1ec7n nghi 4.\u00a0Gi\u00e1 ph\u00f2ng 5. Li\u00ean h\u1ec7 1. V\u1ecb tr\u00ed N\u1eb1m trong khu du l\u1ecbch bi\u1ec7t th\u1ef1 ngh\u1ec9 d\u01b0\u1ee1ng Nam H\u1ed3 ( ph\u01b0\u1eddng 11 &#8211; TP \u0110\u00e0 L\u1ea1t ) &#8211; Khu v\u1ef1c \u0111\u1eb7c bi\u1ec7t an ninh [&hellip;]<\/p>","protected":false},"featured_media":14221,"comment_status":"open","ping_status":"closed","template":"","meta":{"_acf_changed":false,"rank_math_lock_modified_date":false},"product_cat":[29,2248,45],"product_tag":[],"acf":[],"_links":{"self":[{"href":"https:\/\/dalatreview.vn\/en\/wp-json\/wp\/v2\/product\/14220"}],"collection":[{"href":"https:\/\/dalatreview.vn\/en\/wp-json\/wp\/v2\/product"}],"about":[{"href":"https:\/\/dalatreview.vn\/en\/wp-json\/wp\/v2\/types\/product"}],"replies":[{"embeddable":true,"href":"https:\/\/dalatreview.vn\/en\/wp-json\/wp\/v2\/comments?post=14220"}],"wp:featuredmedia":[{"embeddable":true,"href":"https:\/\/dalatreview.vn\/en\/wp-json\/wp\/v2\/media\/14221"}],"wp:attachment":[{"href":"https:\/\/dalatreview.vn\/en\/wp-json\/wp\/v2\/media?parent=14220"}],"wp:term":[{"taxonomy":"product_cat","embeddable":true,"href":"https:\/\/dalatreview.vn\/en\/wp-json\/wp\/v2\/product_cat?post=14220"},{"taxonomy":"product_tag","embeddable":true,"href":"https:\/\/dalatreview.vn\/en\/wp-json\/wp\/v2\/product_tag?post=14220"}],"curies":[{"name":"wp","href":"https:\/\/api.w.org\/{rel}","templated":true}]}}