
{"id":14192,"date":"2022-02-17T10:50:17","date_gmt":"2022-02-17T03:50:17","guid":{"rendered":"https:\/\/dalatreview.vn\/?p=14192"},"modified":"2024-07-11T11:06:03","modified_gmt":"2024-07-11T04:06:03","slug":"villa-da-lat-dong-da-4-phong","status":"publish","type":"product","link":"https:\/\/dalatreview.vn\/en\/villa-da-lat-dong-da-4-phong.html","title":{"rendered":"Villa \u0110\u00e0 L\u1ea1t \u0110\u1ed1ng \u0110a 4 Ph\u00f2ng"},"content":{"rendered":"<p style=\"text-align: center;\"><span style=\"font-size: 24px; color: #008000;\"><strong>Villa \u0110\u00e0 L\u1ea1t \u0110\u1ed1ng \u0110a 4 Ph\u00f2ng<\/strong><\/span><\/p>\n<nav class=\"vietrick-auto-toc\">\n<div class=\"box-title\">\n<h3 class=\"toc-title\" id=\"select-menu\">Danh m\u1ee5c ch\u00ednh<\/h3>\n<div><ion-icon name=\"chevron-up-outline\"><\/ion-icon><\/div>\n<\/div>\n<ul class=\"toc-list\">\n<li><a href='https:\/\/dalatreview.vn\/en#1-vi-tri' class='heading-h2 toc-link smooth-scroll'>1. V\u1ecb tr\u00ed<\/a>\n<li><a href='https:\/\/dalatreview.vn\/en#2-decor' class='heading-h2 toc-link smooth-scroll'>2. Decor<\/a>\n<li><a href='https:\/\/dalatreview.vn\/en#3-dich-vu-tien-nghi' class='heading-h2 toc-link smooth-scroll'>3. D\u1ecbch v\u1ee5 &amp; Ti\u1ec7n nghi<\/a>\n<li><a href='https:\/\/dalatreview.vn\/en#5-lien-he' class='heading-h2 toc-link smooth-scroll'>5. Li\u00ean h\u1ec7<\/a><\/ul>\n<\/ul>\n<\/li>\n<\/ul>\n<\/nav>\n<h2 id=\"1-vi-tri\"><span style=\"color: #008000;\"><strong>1. V\u1ecb tr\u00ed<\/strong><\/span><\/h2>\n<p>Villa t\u1ecda l\u1ea1c ngay v\u1ecb tr\u00ed trung t\u00e2m c\u1ee7a th\u00e0nh ph\u1ed1, n\u1eb1m \u1edf <strong>\u0111\u01b0\u1eddng \u0110\u1ed1ng \u0110a &#8211; ph\u01b0\u1eddng 3 &#8211; TP \u0110\u00e0 L\u1ea1t<\/strong>. Ch\u1ec9 c\u00e1ch ch\u1ee3 v\u00e0 qu\u1ea3ng tr\u01b0\u1eddng L\u00e2m Vi\u00ean 5-7 ph\u00fat ch\u1ea1y xe, \u0111\u1ea3m b\u1ea3o thu\u1eadn ti\u1ec7n cho vi\u1ec7c di chuy\u1ec3n c\u1ee7a b\u1ea1n v\u00e0 gia \u0111\u00ecnh ng\u01b0\u1eddi th\u00e2n nh\u00e9 !<\/p>\n<p>N\u01a1i \u0111\u00e2y c\u0169ng h\u1ed9i t\u1ee5 r\u1ea5t nhi\u1ec1u \u0111\u1ecba \u0111i\u1ec3m ngh\u1ec9 d\u01b0\u1ee1ng, th\u01b0 gi\u00e3n v\u00e0 checkin&#8230; h\u1ee9a h\u1eb9n s\u1ebd mang l\u1ea1i cho m\u1ecdi ng\u01b0\u1eddi \u0111\u1ea7y \u0111\u1ee7 s\u1ef1 ti\u1ec7n \u00edch v\u00e0 tho\u1ea3i m\u00e1i nh\u1ea5t !<\/p>\n<p><img decoding=\"async\" class=\"alignnone wp-image-14199 size-full\" src=\"https:\/\/dalatreview.vn\/wp-content\/uploads\/2022\/02\/z2261416921526a0c20320a8a253cce35d050fc2161e0f-3634.jpg\" alt=\"villa \u0111\u00e0 l\u1ea1t \u0111\u1ed1ng \u0111a 4 ph\u00f2ng\" width=\"1280\" height=\"960\" \/><\/p>\n<h2 id=\"2-decor\"><span style=\"color: #008000;\"><strong><span class=\"_4yxo _4yxp\">2. Decor<\/span><\/strong><\/span><\/h2>\n<p>Ng\u00f4i nh\u00e0 \u0111\u01b0\u1ee3c thi\u1ebft k\u1ebf theo kh\u00f4ng gian m\u1edf, sang tr\u1ecdng, l\u1ecbch s\u1ef1 v\u00e0 tho\u00e1ng m\u00e1t. C\u00f3 ban c\u00f4ng, v\u01b0\u1eddn r\u1ed9ng v\u00e0 nhi\u1ec1u c\u00e2y xanh h\u00f2a quy\u1ec7n v\u1edbi thi\u00ean nhi\u00ean.<\/p>\n<p>Tone m\u00e0u ch\u1ee7 \u0111\u1ea1o l\u00e0 tr\u1eafng v\u00e0 g\u1ed7, t\u1ea1o n\u00ean c\u1ea3m gi\u00e1c th\u00e2n quen. B\u00ean c\u1ea1nh \u0111\u00f3 c\u00f2n \u0111\u01b0\u1ee3c decor th\u00eam nhi\u1ec1u g\u00f3c chill \u1edf s\u00e2n v\u01b0\u1eddn v\u00e0 trong nh\u00e0 \u0111\u1ec3 t\u00e2m s\u1ef1 v\u00e0 th\u01b0 gi\u00e3n n\u1eefa \u0111\u1ea5y \u1ea1 !<\/p>\n<p><img decoding=\"async\" class=\"aligncenter wp-image-14205 size-full\" src=\"https:\/\/dalatreview.vn\/wp-content\/uploads\/2022\/02\/villa-da-lat-dong-da-4-phong.jpg\" alt=\"villa \u0111\u00e0 l\u1ea1t \u0111\u1ed1ng \u0111a 4 ph\u00f2ng\" width=\"1200\" height=\"900\" \/><\/p>\n<h2 id=\"3-dich-vu-tien-nghi\"><span style=\"color: #008000;\"><strong>3. D\u1ecbch v\u1ee5 &amp; Ti\u1ec7n nghi<\/strong><\/span><\/h2>\n<p>Villa g\u1ed3m 4 ph\u00f2ng ng\u1ee7 sang tr\u1ecdng ( s\u1ee9c ch\u1ee9a 12-16 kh\u00e1ch )<br \/>\n2 ph\u00f2ng 1 gi\u01b0\u1eddng 2 ng\u01b0\u1eddi<br \/>\n2 ph\u00f2ng 2 gi\u01b0\u1eddng 4 ng\u01b0\u1eddi<\/p>\n<p>\u0111\u1ee7 ti\u1ec7n nghi nh\u01b0 <img decoding=\"async\" class=\"aligncenter wp-image-14206 size-full\" src=\"https:\/\/dalatreview.vn\/wp-content\/uploads\/2022\/02\/villa-da-lat-dong-da-4-phong-1.jpg\" alt=\"villa \u0111\u00e0 l\u1ea1t \u0111\u1ed1ng \u0111a 4 ph\u00f2ng\" width=\"1200\" height=\"900\" \/><\/p>\n<p>&nbsp;<\/p>\n<article class=\"post-content\">\n<div class=\"anh_wtm_m\">\n<div class=\"mws_content\">\n<article class=\"post-content\">\n<div class=\"anh_wtm_m\">\n<div class=\"mws_content\">\n<p><span style=\"font-size: 24px; color: #008000;\"><strong><span class=\"_4yxo\">4.<\/span>\u00a0Gi\u00e1 ph\u00f2ng<\/strong><\/span><\/p>\n<p>Li\u00ean h\u1ec7 \u0110\u00e0 L\u1ea1t Review \u0111\u1ec3 \u0111\u01b0\u1ee3c t\u01b0 v\u1ea5n<\/p>\n<h2 id=\"5-lien-he\"><span style=\"color: #008000;\">5. Li\u00ean h\u1ec7<\/span><\/h2>\n<p>Fanpage:\u00a0<a href=\"https:\/\/www.facebook.com\/booking.dalatreview.vn\/\">Booking \u0110\u00e0 L\u1ea1t \u2013 www.dalatreview.vn<\/a><\/p>\n<p>S\u0110T\/Zalo: 0988 249 297<\/p>\n<\/div>\n<\/div>\n<\/article>\n<article class=\"post-content xemthem\"><\/article>\n<div id=\"comments\" class=\"comments-area\"><\/div>\n<\/div>\n<\/div>\n<\/article>\n<article class=\"post-content xemthem\"><\/article>\n<div id=\"comments\" class=\"comments-area\"><\/div>","protected":false},"excerpt":{"rendered":"<p>Villa \u0110\u00e0 L\u1ea1t \u0110\u1ed1ng \u0110a 4 Ph\u00f2ng Danh m\u1ee5c ch\u00ednh 1. V\u1ecb tr\u00ed 2. Decor 3. D\u1ecbch v\u1ee5 &amp; Ti\u1ec7n nghi 5. Li\u00ean h\u1ec7 1. V\u1ecb tr\u00ed Villa t\u1ecda l\u1ea1c ngay v\u1ecb tr\u00ed trung t\u00e2m c\u1ee7a th\u00e0nh ph\u1ed1, n\u1eb1m \u1edf \u0111\u01b0\u1eddng \u0110\u1ed1ng \u0110a &#8211; ph\u01b0\u1eddng 3 &#8211; TP \u0110\u00e0 L\u1ea1t. Ch\u1ec9 c\u00e1ch ch\u1ee3 v\u00e0 qu\u1ea3ng [&hellip;]<\/p>","protected":false},"featured_media":14193,"comment_status":"open","ping_status":"closed","template":"","meta":{"_acf_changed":false,"rank_math_lock_modified_date":false},"product_cat":[29,2248,45],"product_tag":[],"acf":[],"_links":{"self":[{"href":"https:\/\/dalatreview.vn\/en\/wp-json\/wp\/v2\/product\/14192"}],"collection":[{"href":"https:\/\/dalatreview.vn\/en\/wp-json\/wp\/v2\/product"}],"about":[{"href":"https:\/\/dalatreview.vn\/en\/wp-json\/wp\/v2\/types\/product"}],"replies":[{"embeddable":true,"href":"https:\/\/dalatreview.vn\/en\/wp-json\/wp\/v2\/comments?post=14192"}],"wp:featuredmedia":[{"embeddable":true,"href":"https:\/\/dalatreview.vn\/en\/wp-json\/wp\/v2\/media\/14193"}],"wp:attachment":[{"href":"https:\/\/dalatreview.vn\/en\/wp-json\/wp\/v2\/media?parent=14192"}],"wp:term":[{"taxonomy":"product_cat","embeddable":true,"href":"https:\/\/dalatreview.vn\/en\/wp-json\/wp\/v2\/product_cat?post=14192"},{"taxonomy":"product_tag","embeddable":true,"href":"https:\/\/dalatreview.vn\/en\/wp-json\/wp\/v2\/product_tag?post=14192"}],"curies":[{"name":"wp","href":"https:\/\/api.w.org\/{rel}","templated":true}]}}