
{"id":14157,"date":"2022-02-16T17:14:13","date_gmt":"2022-02-16T10:14:13","guid":{"rendered":"https:\/\/dalatreview.vn\/?p=14157"},"modified":"2024-07-11T11:06:04","modified_gmt":"2024-07-11T04:06:04","slug":"villa-da-lat-van-hanh-4-phong","status":"publish","type":"product","link":"https:\/\/dalatreview.vn\/en\/villa-da-lat-van-hanh-4-phong.html","title":{"rendered":"Villa \u0110\u00e0 L\u1ea1t V\u1ea1n H\u1ea1nh 4 Ph\u00f2ng"},"content":{"rendered":"<p style=\"text-align: center;\"><span style=\"font-size: 24px; color: #008000;\"><strong>Villa \u0110\u00e0 L\u1ea1t V\u1ea1n H\u1ea1nh 4 Ph\u00f2ng<\/strong><\/span><\/p>\n<nav class=\"vietrick-auto-toc\">\n<div class=\"box-title\">\n<h3 class=\"toc-title\" id=\"select-menu\">Danh m\u1ee5c ch\u00ednh<\/h3>\n<div><ion-icon name=\"chevron-up-outline\"><\/ion-icon><\/div>\n<\/div>\n<ul class=\"toc-list\">\n<li><a href='https:\/\/dalatreview.vn\/en#1-vi-tri' class='heading-h2 toc-link smooth-scroll'>1. V\u1ecb tr\u00ed<\/a>\n<li><a href='https:\/\/dalatreview.vn\/en#2-decor' class='heading-h2 toc-link smooth-scroll'>2. Decor<\/a>\n<li><a href='https:\/\/dalatreview.vn\/en#3-dich-vu-tien-nghi' class='heading-h2 toc-link smooth-scroll'>3. D\u1ecbch v\u1ee5 &amp; Ti\u1ec7n nghi<\/a>\n<li><a href='https:\/\/dalatreview.vn\/en#5-lien-he' class='heading-h2 toc-link smooth-scroll'>5. Li\u00ean h\u1ec7<\/a><\/ul>\n<\/ul>\n<\/li>\n<\/ul>\n<\/nav>\n<h2 id=\"1-vi-tri\"><span style=\"color: #008000;\"><strong>1. V\u1ecb tr\u00ed<\/strong><\/span><\/h2>\n<p>N\u1eb1m \u1edf <strong>\u0111\u01b0\u1eddng V\u1ea1n H\u1ea1nh, Ph\u01b0\u1eddng 8, TP \u0110\u00e0 L\u1ea1t<\/strong>. T\u1ecda l\u1ea1c t\u1ea1i ngay khu v\u1ef1c trung t\u00e2m, ch\u1ec9 c\u00e1ch ch\u1ee3 1km3 v\u1edbi 4ph\u00fat ch\u1ea1y xe, d\u1ec5 di chuy\u1ec3n, ng\u1eafm nh\u00ecn th\u00e0nh ph\u1ed1.<\/p>\n<p>N\u01a1i \u0111\u00e2y h\u1ed9i t\u1ee5 g\u1ea7n nh\u01b0 tr\u1ecdn v\u1eb9n c\u00e1c y\u1ebfu t\u1ed1 \u0111\u1ec3 tr\u1edf th\u00e0nh \u201cmi\u1ec1n \u0111\u1ea5t h\u1ee9a\u201d, \u201cmi\u1ec1n \u0111\u1ea5t \u0111\u00e1ng \u0111\u1ec3 kh\u00e1m ph\u00e1\u201d v\u1edbi c\u1ea3nh \u0111\u1eb9p m\u1ed9ng m\u01a1 m\u00e0 g\u1ea7n g\u0169i, hi\u1ec7n \u0111\u1ea1i m\u00e0 c\u1ed5 k\u00ednh, con ng\u01b0\u1eddi th\u00e2n thi\u1ec7n v\u00e0 hi\u1ebfu kh\u00e1ch.<\/p>\n<p><img decoding=\"async\" class=\"aligncenter wp-image-14173 size-full\" src=\"https:\/\/dalatreview.vn\/wp-content\/uploads\/2022\/02\/villa-4-phong-van-hanh.jpg\" alt=\"villa 4 ph\u00f2ng v\u1ea1n h\u1ea1nh\" width=\"1200\" height=\"900\" \/><\/p>\n<p>&nbsp;<\/p>\n<h2 id=\"2-decor\"><span style=\"color: #008000;\"><strong><span class=\"_4yxo _4yxp\">2. Decor<\/span><\/strong><\/span><\/h2>\n<p>Thi\u1ebft k\u1ebf \u0111\u01a1n gi\u1ea3n v\u00e0 nh\u00e3 nh\u1eb7n nh\u01b0ng kh\u00f4ng k\u00e9m ph\u1ea7n sang ch\u1ea3nh.<\/p>\n<p>C\u00f3 nhi\u1ec1u g\u00f3c chill \u0111\u1ec3 t\u00e2m s\u1ef1 m\u1ecfng !<\/p>\n<p>Kh\u00f4ng gian r\u1ed9ng m\u1edf, h\u00f2a l\u1eabn v\u1edbi thi\u00ean nhi\u00ean gi\u00fap tinh th\u1ea7n c\u1ee7a b\u1ea1n v\u00e0 gia \u0111\u00ecnh tr\u1edf n\u00ean tho\u1ea3i m\u00e1i h\u01a1n \u1edf nh\u00e0.<\/p>\n<p><img decoding=\"async\" class=\"aligncenter wp-image-14175 size-full\" src=\"https:\/\/dalatreview.vn\/wp-content\/uploads\/2022\/02\/villa-4-phong-van-hanh-1.jpg\" alt=\"\" width=\"1200\" height=\"900\"><\/p>\n<p>&nbsp;<\/p>\n<h2 id=\"3-dich-vu-tien-nghi\"><span style=\"color: #008000;\"><strong>3. D\u1ecbch v\u1ee5 &amp; Ti\u1ec7n nghi<\/strong><\/span><\/h2>\n<p style=\"margin: 0cm; background: white;\"><span style=\"font-size: 10.5pt; font-family: 'Segoe UI',sans-serif; color: #212529;\">C\u01a1 c\u1ea5u: 5 ph\u00f2ng ng\u1ee7 <\/span><span style=\"font-size: 10.5pt; font-family: 'Segoe UI',sans-serif; color: #212529;\">\u00a0( s\u1ee9c ch\u1ee9a 12-16 ng\u01b0\u1eddi )<\/span><\/p>\n<p style=\"margin: 0cm; background: white;\"><span style=\"font-size: 10.5pt; font-family: 'Segoe UI',sans-serif; color: #212529;\">3 ph\u00f2ng \u0111\u01a1n 2 ng\u01b0\u1eddi<br \/>\n1 ph\u00f2ng \u0111\u00f4i 4 ng\u01b0\u1eddi<br \/>\n1 ph\u00f2ng gi\u01b0\u1eddng t\u1ea7ng 3 ng\u01b0\u1eddi<\/span><\/p>\n<p style=\"margin: 0cm; background: white;\"><span style=\"font-size: 10.5pt; font-family: 'Segoe UI',sans-serif; color: #212529;\"><br \/>\n<\/span><span style=\"font-size: 10.5pt; font-family: 'Segoe UI',sans-serif; color: #212529;\">\u0110\u1ea7y \u0111\u1ee7 ti\u1ec7n nghi nh\u01b0 \u1edf nh\u00e0 :<br \/>\n&#8211; C\u00f3 di\u1ec7n t\u00edch \u0111\u1ec3 n\u01b0\u1edbng BBQ.<br \/>\n&#8211; C\u00f3 ch\u1ed7 \u0111\u1eadu xe m\u00e1y, xe h\u01a1i an to\u00e0n.<br \/>\n&#8211; Y\u00ean t\u0129nh, an ninh 24\/24, s\u1ea1ch s\u1ebd, tho\u00e1ng m\u00e1t, view thi\u00ean nhi\u00ean si\u00eau \u0111\u1eb9p.<br \/>\n&#8211; B\u1ebfp t\u1ef1 do n\u1ea5u n\u01b0\u1edbng <\/span><\/p>\n<p style=\"margin: 0cm; background: white;\"><span style=\"font-size: 10.5pt; font-family: 'Segoe UI',sans-serif; color: #212529;\">&#8211; Ch\u00eca kho\u00e1 trao tay tha h\u1ed3 ri\u00eang t\u01b0, tha h\u1ed3 qu\u1ea9y&#8230;<\/span><\/p>\n<p><img decoding=\"async\" class=\"aligncenter wp-image-14176 size-full\" src=\"https:\/\/dalatreview.vn\/wp-content\/uploads\/2022\/02\/villa-4-phong-van-hanh-2.jpg\" alt=\"\" width=\"1200\" height=\"900\"><\/p>\n<p>L\u00e0 m\u1ed9t trong nh\u1eefng \u0111\u1ecba ch\u1ec9 h\u1ed9i t\u1ee5 nhi\u1ec1u \u0111i\u1ec3m \u0111\u1ebfn h\u1ea5p d\u1eabn nh\u1ea5t c\u1ee7a x\u1ee9 s\u1edf s\u01b0\u01a1ng m\u00f9 \u0110\u00e0 L\u1ea1t, d\u01b0\u1edbi \u0111\u00e2y l\u00e0 danh s\u00e1ch c\u00e1c \u0111\u1ecba \u0111i\u1ec3m \u0111i n\u1ed5i ti\u1ebfng n\u1eb1m \u1edf ph\u01b0\u1eddng 8, b\u1ea1n c\u00f3 th\u1ec3 tham kh\u1ea3o \u0111\u1ec3 l\u1ef1a ch\u1ecdn cho l\u1ecbch tr\u00ecnh c\u1ee7a m\u00ecnh:<\/p>\n<ol>\n<li>\u0110\u1ed3i M\u1ed9ng M\u01a1<\/li>\n<li value=\"2\">Thung L\u0169ng T\u00ecnh Y\u00eau<\/li>\n<li value=\"3\">XQ S\u1eed Qu\u00e1n\u00a0\u0110\u00e0 L\u1ea1t<\/li>\n<li value=\"4\">V\u01b0\u1eddn d\u00e2u Hi\u1ec7p L\u1ef1c \u0110\u00e0 L\u1ea1t<\/li>\n<li value=\"5\">V\u01b0\u1eddn hoa th\u00e0nh ph\u1ed1 \u0110\u00e0 L\u1ea1t<\/li>\n<\/ol>\n<article class=\"post-content\">\n<div class=\"anh_wtm_m\">\n<div class=\"mws_content\">\n<p><span style=\"color: #008000;\">\u00a0<span style=\"font-size: 24px;\"><strong><span class=\"_4yxo\">4.<\/span>\u00a0Gi\u00e1 ph\u00f2ng<\/strong><\/span><\/span><\/p>\n<p>Li\u00ean h\u1ec7 \u0110\u00e0 L\u1ea1t Review \u0111\u1ec3 \u0111\u01b0\u1ee3c t\u01b0 v\u1ea5n<\/p>\n<h2 id=\"5-lien-he\"><span style=\"color: #008000;\">5. Li\u00ean h\u1ec7<\/span><\/h2>\n<p>Fanpage:\u00a0<a href=\"https:\/\/www.facebook.com\/booking.dalatreview.vn\/\">Booking \u0110\u00e0 L\u1ea1t \u2013 www.dalatreview.vn<\/a><\/p>\n<p>S\u0110T\/Zalo: 0988 249 297<\/p>\n<\/div>\n<\/div>\n<\/article>\n<article class=\"post-content xemthem\"><\/article>\n<div id=\"comments\" class=\"comments-area\"><\/div>","protected":false},"excerpt":{"rendered":"<p>Villa \u0110\u00e0 L\u1ea1t V\u1ea1n H\u1ea1nh 4 Ph\u00f2ng Danh m\u1ee5c ch\u00ednh 1. V\u1ecb tr\u00ed 2. Decor 3. D\u1ecbch v\u1ee5 &amp; Ti\u1ec7n nghi 5. Li\u00ean h\u1ec7 1. V\u1ecb tr\u00ed N\u1eb1m \u1edf \u0111\u01b0\u1eddng V\u1ea1n H\u1ea1nh, Ph\u01b0\u1eddng 8, TP \u0110\u00e0 L\u1ea1t. T\u1ecda l\u1ea1c t\u1ea1i ngay khu v\u1ef1c trung t\u00e2m, ch\u1ec9 c\u00e1ch ch\u1ee3 1km3 v\u1edbi 4ph\u00fat ch\u1ea1y xe, d\u1ec5 di [&hellip;]<\/p>","protected":false},"featured_media":14158,"comment_status":"open","ping_status":"closed","template":"","meta":{"_acf_changed":false,"rank_math_lock_modified_date":false},"product_cat":[29,2248,45],"product_tag":[],"acf":[],"_links":{"self":[{"href":"https:\/\/dalatreview.vn\/en\/wp-json\/wp\/v2\/product\/14157"}],"collection":[{"href":"https:\/\/dalatreview.vn\/en\/wp-json\/wp\/v2\/product"}],"about":[{"href":"https:\/\/dalatreview.vn\/en\/wp-json\/wp\/v2\/types\/product"}],"replies":[{"embeddable":true,"href":"https:\/\/dalatreview.vn\/en\/wp-json\/wp\/v2\/comments?post=14157"}],"wp:featuredmedia":[{"embeddable":true,"href":"https:\/\/dalatreview.vn\/en\/wp-json\/wp\/v2\/media\/14158"}],"wp:attachment":[{"href":"https:\/\/dalatreview.vn\/en\/wp-json\/wp\/v2\/media?parent=14157"}],"wp:term":[{"taxonomy":"product_cat","embeddable":true,"href":"https:\/\/dalatreview.vn\/en\/wp-json\/wp\/v2\/product_cat?post=14157"},{"taxonomy":"product_tag","embeddable":true,"href":"https:\/\/dalatreview.vn\/en\/wp-json\/wp\/v2\/product_tag?post=14157"}],"curies":[{"name":"wp","href":"https:\/\/api.w.org\/{rel}","templated":true}]}}