
{"id":14096,"date":"2022-02-16T15:13:49","date_gmt":"2022-02-16T08:13:49","guid":{"rendered":"https:\/\/dalatreview.vn\/?p=14096"},"modified":"2024-07-11T11:06:05","modified_gmt":"2024-07-11T04:06:05","slug":"villa-da-lat-trieu-viet-vuong-4-phong","status":"publish","type":"product","link":"https:\/\/dalatreview.vn\/en\/villa-da-lat-trieu-viet-vuong-4-phong.html","title":{"rendered":"Villa \u0110\u00e0 L\u1ea1t Tri\u1ec7u Vi\u1ec7t V\u01b0\u01a1ng 4 Ph\u00f2ng"},"content":{"rendered":"<p style=\"text-align: center;\"><span style=\"color: #008000;\"><strong><span style=\"font-size: 24px;\">Villa \u0110\u00e0 L\u1ea1t Tri\u1ec7u V\u01b0\u01a1ng 4 Ph\u00f2ng<\/span><\/strong><\/span><\/p>\n<nav class=\"vietrick-auto-toc\">\n<div class=\"box-title\">\n<h3 class=\"toc-title\" id=\"select-menu\">Danh m\u1ee5c ch\u00ednh<\/h3>\n<div><ion-icon name=\"chevron-up-outline\"><\/ion-icon><\/div>\n<\/div>\n<ul class=\"toc-list\">\n<li><a href='https:\/\/dalatreview.vn\/en#1-vi-tri' class='heading-h2 toc-link smooth-scroll'>1. V\u1ecb tr\u00ed<\/a>\n<li><a href='https:\/\/dalatreview.vn\/en#2-decor' class='heading-h2 toc-link smooth-scroll'>2. Decor<\/a>\n<li><a href='https:\/\/dalatreview.vn\/en#3-dich-vu-tien-nghi' class='heading-h2 toc-link smooth-scroll'>3. D\u1ecbch v\u1ee5 &amp; Ti\u1ec7n nghi<\/a>\n<li><a href='https:\/\/dalatreview.vn\/en#5-lien-he' class='heading-h2 toc-link smooth-scroll'>5. Li\u00ean h\u1ec7<\/a><\/ul>\n<\/ul>\n<\/li>\n<\/ul>\n<\/nav>\n<h2 id=\"1-vi-tri\"><span style=\"color: #008000;\"><strong>1. V\u1ecb tr\u00ed<\/strong><\/span><\/h2>\n<p>T\u1ecda l\u1ea1c ngay v\u1ecb tr\u00ed trung t\u00e2m, <strong>\u0111\u01b0\u1eddng Tri\u1ec7u Vi\u1ec7t V\u01b0\u01a1ng<\/strong> l\u00e0\u00a0n\u01a1i h\u1ed9i t\u1ee5 nhi\u1ec1u qu\u00e1n c\u00e0 ph\u00ea s\u1ed1ng \u1ea3o si\u00eau ch\u1ea5t, \u0111i\u1ec3m du l\u1ecbch si\u00eau h\u1ea5p d\u1eabn v\u00e0 nh\u1eefng homestay \u1ea5n t\u01b0\u1ee3ng. Ch\u1ec9 c\u00e1ch ch\u1ee3 1,3km v\u1edbi 4 ph\u00fat ch\u1ea1y xe.<\/p>\n<p>Thu\u1eadn ti\u1ec7n cho vi\u1ec7c \u0111i l\u1ea1i, di chuy\u1ec3n t\u1edbi c\u00e1c \u0111\u1ecba \u0111i\u1ec3m tham quan du l\u1ecbch v\u00e0 checkin nh\u01b0 dinh 3, Up Coffee, L\u00e0ng Boho Homestay, Qu\u00e1n C\u1ee7a Th\u1eddi Thanh Xu\u00e2n, An S\u01a1n H\u1ed3, h\u1ed3 Tuy\u1ec1n L\u00e2m,..<\/p>\n<p>&nbsp;<\/p>\n<div><img decoding=\"async\" class=\"aligncenter wp-image-14153 size-full\" src=\"https:\/\/dalatreview.vn\/wp-content\/uploads\/2022\/02\/villa-4-phong-trieu-viet-vuong-1.jpg\" alt=\"villa 4 ph\u00f2ng tri\u1ec7u vi\u1ec7t v\u01b0\u01a1ng\" width=\"1200\" height=\"900\" \/><\/div>\n<h2 id=\"2-decor\"><span style=\"color: #008000;\"><strong><span class=\"_4yxo _4yxp\">2. Decor<\/span><\/strong><\/span><\/h2>\n<p>Villa r\u1ea5t xinh x\u1eafn, nh\u01b0 1 c\u0103n nh\u00e0 g\u1ed7 b\u00e9 xinh n\u1eb1m d\u1ef1a l\u01b0ng v\u00e0o s\u01b0\u1eddn \u0111\u1ed3i nh\u1ecf, bao quanh b\u1edfi nhi\u1ec1u th\u1eadt nhi\u1ec1u th\u00f4ng xanh&#8230; view th\u01a1 m\u1ed9ng v\u00e0 \u0111\u1eb9p lung linh v\u1edbi kh\u00f4ng gian m\u1edf ng\u1eafm nh\u00ecn c\u1ea3 th\u1ebf gi\u1edbi qua c\u00e1c khung c\u1eeda k\u00ednh trong nh\u00e0.<\/p>\n<p>Ph\u00f2ng c\u00f3 tone m\u00e0u ch\u1ee7 \u0111\u1ea1o l\u00e0 tr\u1eafng v\u00e0ng v\u00e0 ghi x\u00e1m t\u1ea1o n\u00ean s\u1ef1 trang tr\u1ecdng, l\u1ecbch s\u1ef1 v\u00e0 nh\u00e3 nh\u1eb7n. Ngo\u00e0i ra c\u00f2n \u0111\u01b0\u1ee3c decor th\u00eam tranh, \u0111\u00e8n v\u00e0 c\u00e2y xanh trong nh\u00e0 cho kh\u00f4ng gian th\u00eam m\u00e1t m\u1ebb, ph\u00f3ng kho\u00e1ng h\u01a1n n\u1eefa \u0111\u1ea5y \u1ea1 !<\/p>\n<p>&nbsp;<\/p>\n<p><img decoding=\"async\" class=\"aligncenter wp-image-14152 size-full\" src=\"https:\/\/dalatreview.vn\/wp-content\/uploads\/2022\/02\/villa-4-phong-trieu-viet-vuong.jpg\" alt=\"villa 4 ph\u00f2ng tri\u1ec7u vi\u1ec7t v\u01b0\u01a1ng\" width=\"1200\" height=\"900\" \/><\/p>\n<h2 id=\"3-dich-vu-tien-nghi\"><span style=\"color: #008000;\"><strong>3. D\u1ecbch v\u1ee5 &amp; Ti\u1ec7n nghi<\/strong><\/span><\/h2>\n<p>Di\u1ec7n t\u00edch 400m2, s<span style=\"font-size: 10.5pt; font-family: 'Segoe UI',sans-serif; color: #212529;\">\u1ee9c ch\u1ee9a 12-16 kh\u00e1ch<br \/>\n<\/span><span style=\"font-size: 16px; font-family: 'Segoe UI', sans-serif; color: #212529;\">G\u1ed3m 4 ph\u00f2ng ng\u1ee7 sang tr\u1ecdng: 2 ph\u00f2ng 1 gi\u01b0\u1eddng + 2 ph\u00f2ng 2 gi\u01b0\u1eddng &#8211; n\u1ec7m extra.<\/span><\/p>\n<p><span style=\"font-size: 16px; font-family: 'Segoe UI', sans-serif; color: #212529;\"><br \/>\n\u0110\u1ed3 d\u00f9ng cao c\u1ea5p\u00a0\u0111\u1ea7y \u0111\u1ee7\u00a0ti\u1ec7n nghi nh\u01b0 \u1edf nh\u00e0,: b\u1ebfp gas, l\u00f2 vi s\u00f3ng, \u0111\u1ed3 d\u00f9ng n\u1ea5u \u0103n, t\u1ee7 l\u1ea1nh, m\u00e1y gi\u1eb7t, wifi, internet tivi, smart tivi&#8230;&#8230;.<br \/>\n&#8211; C\u00f3 di\u1ec7n t\u00edch \u0111\u1ec3 n\u01b0\u1edbng BBQ.<br \/>\n&#8211; C\u00f3 ch\u1ed7 \u0111\u1eadu xe m\u00e1y, xe h\u01a1i an to\u00e0n.<br \/>\n&#8211; Y\u00ean t\u0129nh, an ninh 24\/24, s\u1ea1ch s\u1ebd, tho\u00e1ng m\u00e1t, view thi\u00ean nhi\u00ean si\u00eau \u0111\u1eb9p.<br \/>\n&#8211; B\u1ebfp t\u1ef1 do n\u1ea5u n\u01b0\u1edbng<\/span><\/p>\n<p><span style=\"font-size: 16px; font-family: 'Segoe UI', sans-serif; color: #212529;\">&#8211; Ch\u00eca kho\u00e1 trao tay tha h\u1ed3 ri\u00eang t\u01b0, tha h\u1ed3 qu\u1ea9y&#8230;<\/span><\/p>\n<p><img decoding=\"async\" class=\"aligncenter wp-image-14155 size-full\" src=\"https:\/\/dalatreview.vn\/wp-content\/uploads\/2022\/02\/villa-4-phong-trieu-viet-vuong-2.jpg\" alt=\"villa 4 ph\u00f2ng tri\u1ec7u vi\u1ec7t v\u01b0\u01a1ng\" width=\"1200\" height=\"900\" \/><\/p>\n<p><span style=\"font-size: 10.5pt; font-family: 'Segoe UI',sans-serif; color: #212529;\">\u00a0<\/span><span style=\"font-size: 24px; color: #008000;\"><strong><span class=\"_4yxo\">4.<\/span><\/strong>\u00a0<strong>Gi\u00e1 ph\u00f2ng<\/strong><\/span><\/p>\n<p>Li\u00ean h\u1ec7 \u0110\u00e0 L\u1ea1t Review \u0111\u1ec3 \u0111\u01b0\u1ee3c t\u01b0 v\u1ea5n<\/p>\n<h2 id=\"5-lien-he\"><span style=\"color: #008000;\">5. Li\u00ean h\u1ec7<\/span><\/h2>\n<p>Fanpage:\u00a0<a href=\"https:\/\/www.facebook.com\/booking.dalatreview.vn\/\">Booking \u0110\u00e0 L\u1ea1t \u2013 www.dalatreview.vn<\/a><\/p>\n<p>S\u0110T\/Zalo: 0988 249 297<\/p>","protected":false},"excerpt":{"rendered":"<p>Villa \u0110\u00e0 L\u1ea1t Tri\u1ec7u V\u01b0\u01a1ng 4 Ph\u00f2ng Danh m\u1ee5c ch\u00ednh 1. V\u1ecb tr\u00ed 2. Decor 3. D\u1ecbch v\u1ee5 &amp; Ti\u1ec7n nghi 5. Li\u00ean h\u1ec7 1. V\u1ecb tr\u00ed T\u1ecda l\u1ea1c ngay v\u1ecb tr\u00ed trung t\u00e2m, \u0111\u01b0\u1eddng Tri\u1ec7u Vi\u1ec7t V\u01b0\u01a1ng l\u00e0\u00a0n\u01a1i h\u1ed9i t\u1ee5 nhi\u1ec1u qu\u00e1n c\u00e0 ph\u00ea s\u1ed1ng \u1ea3o si\u00eau ch\u1ea5t, \u0111i\u1ec3m du l\u1ecbch si\u00eau h\u1ea5p d\u1eabn [&hellip;]<\/p>","protected":false},"featured_media":14145,"comment_status":"open","ping_status":"closed","template":"","meta":{"_acf_changed":false,"rank_math_lock_modified_date":false},"product_cat":[29,2248,45],"product_tag":[],"acf":[],"_links":{"self":[{"href":"https:\/\/dalatreview.vn\/en\/wp-json\/wp\/v2\/product\/14096"}],"collection":[{"href":"https:\/\/dalatreview.vn\/en\/wp-json\/wp\/v2\/product"}],"about":[{"href":"https:\/\/dalatreview.vn\/en\/wp-json\/wp\/v2\/types\/product"}],"replies":[{"embeddable":true,"href":"https:\/\/dalatreview.vn\/en\/wp-json\/wp\/v2\/comments?post=14096"}],"wp:featuredmedia":[{"embeddable":true,"href":"https:\/\/dalatreview.vn\/en\/wp-json\/wp\/v2\/media\/14145"}],"wp:attachment":[{"href":"https:\/\/dalatreview.vn\/en\/wp-json\/wp\/v2\/media?parent=14096"}],"wp:term":[{"taxonomy":"product_cat","embeddable":true,"href":"https:\/\/dalatreview.vn\/en\/wp-json\/wp\/v2\/product_cat?post=14096"},{"taxonomy":"product_tag","embeddable":true,"href":"https:\/\/dalatreview.vn\/en\/wp-json\/wp\/v2\/product_tag?post=14096"}],"curies":[{"name":"wp","href":"https:\/\/api.w.org\/{rel}","templated":true}]}}