
{"id":13851,"date":"2022-01-25T17:01:36","date_gmt":"2022-01-25T10:01:36","guid":{"rendered":"https:\/\/dalatreview.vn\/?p=13851"},"modified":"2024-05-25T09:06:46","modified_gmt":"2024-05-25T09:06:46","slug":"viet-hoang-photo-tour-da-lat","status":"publish","type":"product","link":"https:\/\/dalatreview.vn\/en\/viet-hoang-photo-tour-da-lat.html","title":{"rendered":"Vi\u1ec7t Ho\u00e0ng Photo Tour \u0110\u00e0 L\u1ea1t"},"content":{"rendered":"<nav class=\"vietrick-auto-toc\">\n<div class=\"box-title\">\n<h3 class=\"toc-title\" id=\"select-menu\">Danh m\u1ee5c ch\u00ednh<\/h3>\n<div><ion-icon name=\"chevron-up-outline\"><\/ion-icon><\/div>\n<\/div>\n<ul class=\"toc-list\">\n<li><a href='https:\/\/dalatreview.vn\/en#viet-hoang-photo-tour-da-lat' class='heading-h2 toc-link smooth-scroll'>Vi\u1ec7t Ho\u00e0ng Photo Tour \u0110\u00e0 L\u1ea1t<\/a>\n<li><a href='https:\/\/dalatreview.vn\/en#1-gioi-thieu%f0%9f%92%90' class='heading-h2 toc-link smooth-scroll'>1. Gi\u1edbi thi\u1ec7u\ud83d\udc90<\/a>\n<li><a href='https:\/\/dalatreview.vn\/en#2-dia-diem%f0%9f%92%90' class='heading-h2 toc-link smooth-scroll'>2 . \u0110\u1ecba \u0111i\u1ec3m\ud83d\udc90<\/a>\n<li><a href='https:\/\/dalatreview.vn\/en#3-dich-vu%f0%9f%92%90' class='heading-h2 toc-link smooth-scroll'>3. D\u1ecbch v\u1ee5\ud83d\udc90<\/a>\n<li><a href='https:\/\/dalatreview.vn\/en#4-lien-he%f0%9f%92%90' class='heading-h2 toc-link smooth-scroll'>\u00a04. Li\u00ean h\u1ec7\ud83d\udc90<\/a><\/ul>\n<\/ul>\n<\/li>\n<\/ul>\n<\/nav>\n<h2 style=\"text-align: center;\" id=\"viet-hoang-photo-tour-da-lat\"><span style=\"color: #003300;\">Vi\u1ec7t Ho\u00e0ng Photo Tour \u0110\u00e0 L\u1ea1t<\/span><\/h2>\n<h2 style=\"text-align: left;\" id=\"1-gioi-thieu%f0%9f%92%90\"><span style=\"color: #003300;\">1. Gi\u1edbi thi\u1ec7u<strong><span class=\"_4yxo _4yxp\"><span class=\"_5mfr\"><span class=\"_6qdm\">\ud83d\udc90<\/span><\/span><\/span><\/strong><\/span><\/h2>\n<p style=\"text-align: center;\"><img decoding=\"async\" class=\"aligncenter wp-image-13852\" src=\"https:\/\/dalatreview.vn\/wp-content\/uploads\/2022\/01\/1-3.jpg\" alt=\"Vi\u1ec7t Ho\u00e0ng Photo Tour \u0110\u00e0 L\u1ea1t\" width=\"1200\" height=\"900\" \/><em><span style=\"font-size: 14px;\">Vi\u1ec7t Ho\u00e0ng Photo Tour \u0110\u00e0 L\u1ea1t<\/span><\/em><\/p>\n<p style=\"text-align: left;\">\u0110\u00e3 n\u00f3i \u0111\u1ebfn du l\u1ecbch \u0110\u00e0 L\u1ea1t th\u00ec kh\u00f4ng th\u1ec3 thi\u1ebfu nh\u1eefng b\u1ee9c \u1ea3nh \u0111\u1eb9p. L\u01b0u l\u1ea1i nh\u1eefng kho\u1ea3nh kh\u1eafc v\u00e0 k\u1ef7 ni\u1ec7m c\u1ee7a b\u1ea1n t\u1ea1i n\u01a1i \u0111\u00e2y. V\u00e0 t\u1ea5t nhi\u00ean kh\u00f4ng th\u1ec3 thi\u1ebfu m\u1ed9t photographer c\u00f3 t\u00e2m. Ng\u01b0\u1eddi gi\u00fap b\u1ea1n c\u00f3 nh\u1eefng b\u1ee9c \u1ea3nh lung linh nh\u1ea5t.<\/p>\n<p style=\"text-align: center;\"><img decoding=\"async\" class=\"aligncenter wp-image-13854 size-full\" src=\"https:\/\/dalatreview.vn\/wp-content\/uploads\/2022\/01\/2-4-scaled.jpg\" alt=\"Vi\u1ec7t Ho\u00e0ng Photo Tour \u0110\u00e0 L\u1ea1t\" width=\"2560\" height=\"1920\" \/><em><span style=\"font-size: 14px;\">Photo Tour R\u1eebng Mai Anh \u0110\u00e0o \u0110\u00e0 L\u1ea1t<\/span><\/em><\/p>\n<p style=\"text-align: left;\">\u0110\u1ebfn v\u1edbi Vi\u1ec7t Ho\u00e0ng Photo tour b\u1ea1n s\u1ebd \u0111\u01b0\u1ee3c kh\u00e1m ph\u00e1 \u0110\u00e0 L\u1ea1t m\u1ed9t c\u00e1ch tr\u1ecdn v\u1eb9n. \u0110\u01b0\u1ee3c \u0111i \u0111\u1ebfn nh\u1eefng \u0111\u1ecba \u0111i\u1ec3m \u0111\u1ed9c l\u1ea1, kh\u00e1m ph\u00e1 thi\u00ean thi\u00ean, ki\u1ebfn tr\u00fac, con ng\u01b0\u1eddi \u0110\u00e0 L\u1ea1t. \u0110\u1eb7c bi\u1ec7t b\u1ea1n c\u00f2n c\u00f3 m\u1ed9t album si\u00eau \u0111\u1eb9p n\u1eefa nh\u00e9\u2764\ufe0f<\/p>\n<h2 style=\"text-align: left;\" id=\"2-dia-diem%f0%9f%92%90\"><span style=\"color: #003300;\"><strong><span class=\"_5mfr\"><span class=\"_6qdm\"><span class=\"_4yxp\">2 . \u0110\u1ecba \u0111i\u1ec3m<\/span><\/span><\/span><\/strong><strong><span class=\"_4yxo _4yxp\"><span class=\"_5mfr\"><span class=\"_6qdm\">\ud83d\udc90<\/span><\/span><\/span><\/strong><\/span><\/h2>\n<p style=\"text-align: left;\">S\u1eed d\u1ee5ng Photo Tour b\u1ea1n c\u00f3 th\u1ec3 ch\u1ecdn cho m\u00ecnh nh\u1eefng \u0111i\u1ec3m \u0111\u1ebfn y\u00eau th\u00edch nh\u1ea5t. Th\u00edch h\u1ee3p ch\u1ee5p \u0111\u01a1n, c\u1eb7p \u0111\u00f4i ho\u1eb7c nh\u00f3m b\u1ea1n. D\u01b0\u1edbi \u0111\u00e2y l\u00e0 nh\u1eefng \u0111\u1ecba \u0111i\u1ec3m m\u00e0 Photo tour gi\u1edbi thi\u1ec7u cho b\u1ea1n. H\u00e3y ch\u1ecdn \u0111\u1ecba \u0111i\u1ec3m \u01b0ng \u00fd nh\u1ea5t cho chuy\u1ebfn \u0111i c\u1ee7a m\u00ecnh nh\u00e9!<\/p>\n<p style=\"text-align: left;\"><span class=\"_5mfr\"><span class=\"_6qdm\">\u2705R\u1eebng th\u00f4ng \u0110\u00e0 L\u1ea1t<\/span><\/span><\/p>\n<p style=\"text-align: left;\"><span class=\"_5mfr\"><span class=\"_6qdm\">\u2705Qu\u1ea3ng tr\u01b0\u1eddng L\u00e2m Vi\u00ean<\/span><\/span><\/p>\n<p style=\"text-align: left;\"><span class=\"_5mfr\"><span class=\"_6qdm\">\u2705Thi\u00ean \u0110\u01b0\u1eddng S\u0103n M\u00e2y<\/span><\/span><\/p>\n<p style=\"text-align: left;\"><span class=\"_5mfr\"><span class=\"_6qdm\">\u2705V\u01b0\u1eddn d\u00e2u \u0110\u00e0 L\u1ea1t<\/span><\/span><\/p>\n<p style=\"text-align: left;\"><span class=\"_5mfr\"><span class=\"_6qdm\">\u2705<\/span><\/span>Cung \u0111\u01b0\u1eddng hoa theo m\u00f9a<\/p>\n<p style=\"text-align: left;\"><span class=\"_5mfr\"><span class=\"_6qdm\">\u2705H\u1ed3 Tuy\u1ec1n L\u00e2m<\/span><\/span><\/p>\n<p style=\"text-align: left;\"><span class=\"_5mfr\"><span class=\"_6qdm\">\u2705<\/span><\/span>V\u01b0\u1eddn h\u1ed3ng<\/p>\n<p style=\"text-align: left;\"><span class=\"_5mfr\"><span class=\"_6qdm\">\u2705<\/span><\/span>Nh\u1eefng qu\u00e1n cafe \u0111\u1eb9p \u1edf \u0110\u00e0 L\u1ea1t<\/p>\n<p style=\"text-align: center;\"><img decoding=\"async\" class=\"aligncenter wp-image-13855 size-full\" src=\"https:\/\/dalatreview.vn\/wp-content\/uploads\/2022\/01\/3-5-scaled.jpg\" alt=\"Vi\u1ec7t Ho\u00e0ng Photo Tour \u0110\u00e0 L\u1ea1t\" width=\"2560\" height=\"1920\" \/><em><span style=\"font-size: 14px;\">Vi\u1ec7t Ho\u00e0ng Photo Tour \u0110\u00e0 L\u1ea1t<\/span><\/em><\/p>\n<p style=\"text-align: left;\">Ngo\u00e0i nh\u1eefng \u0111\u1ecba \u0111i\u1ec3m \u0111\u1ecbnh s\u1eb5n b\u1ea1n c\u00f3 th\u1ec3 ch\u1ecdn cho m\u00ecnh nh\u1eefng \u0111\u1ecba \u0111i\u1ec3m y\u00eau th\u00edch ph\u00f9 h\u1ee3p v\u1edbi chuy\u1ebfn \u0111i nh\u00e9\u2764\ufe0f.<\/p>\n<p style=\"text-align: left;\">Vi\u1ec7t Ho\u00e0ng Photo Tour s\u1ebd t\u01b0 v\u1ea5n cho b\u1ea1n nh\u1eefng \u0111\u1ecba \u0111i\u1ec3m tham quan c\u00f9ng cung \u0111\u01b0\u1eddng. Gi\u00fap b\u1ea1n \u0111i \u0111\u01b0\u1ee3c nhi\u1ec1u \u0111\u1ecba \u0111i\u1ec3m m\u00e0 v\u1eabn \u0111\u1ee7 th\u1eddi gian \u0111\u1ec3 tr\u1ea3i nghi\u1ec7m trong ng\u00e0y.<img decoding=\"async\" class=\"aligncenter wp-image-13856 size-full\" src=\"https:\/\/dalatreview.vn\/wp-content\/uploads\/2022\/01\/4-3-scaled.jpg\" alt=\"Vi\u1ec7t Ho\u00e0ng Photo Tour \u0110\u00e0 L\u1ea1t\" width=\"2560\" height=\"1920\" \/><em><span style=\"font-size: 14px;\">Photo Tour nh\u1eefng qu\u00e1n cafe \u0111\u1eb9p t\u1ea1i \u0110\u00e0 L\u1ea1t<\/span><\/em><\/p>\n<h2 style=\"text-align: left;\" id=\"3-dich-vu%f0%9f%92%90\"><span style=\"color: #003300;\"><strong>3. D\u1ecbch v\u1ee5<\/strong><strong><span class=\"_4yxo _4yxp\"><span class=\"_5mfr\"><span class=\"_6qdm\">\ud83d\udc90<\/span><\/span><\/span><\/strong><\/span><\/h2>\n<p style=\"text-align: left;\">\u2705\u0110\u1ebfn v\u1edbi Vi\u1ec7t Ho\u00e0ng Photo Tour b\u1ea1n v\u1eeba \u0111\u01b0\u1ee3c ch\u01a1i v\u1eeba ch\u1ee5p h\u00ecnh th\u1ecfa th\u00edch<\/p>\n<p style=\"text-align: left;\">\u2705B\u1ea1n \u0111\u01b0\u1ee3c kh\u00e1m ph\u00e1 nh\u1eefng \u0111\u1ecba \u0111i\u1ec3m m\u1edbi \u0111\u1ed9c l\u1ea1, hoang s\u01a1, thi\u00ean v\u1ec1 t\u1ef1 nhi\u00ean phong c\u1ea3nh \u0110\u00e0 L\u1ea1t<\/p>\n<p style=\"text-align: left;\">\u2705Sau chuy\u1ebfn \u0111i b\u1ea1n \u0111\u01b0\u1ee3c t\u1eb7ng m\u1ed9t b\u1ed9 \u1ea3nh bao g\u1ed3m: T\u1ea5t c\u1ea3 \u1ea3nh g\u1ed1c v\u00e0 h\u00ecnh ch\u1ec9nh s\u1eeda blend m\u00e0u (th\u01b0\u1eddng \u0111\u01b0\u1ee3c bonus nhi\u1ec1u h\u00ecnh h\u01a1n nh\u00e9\u2764\ufe0f)<img decoding=\"async\" class=\"aligncenter size-full wp-image-13857\" src=\"https:\/\/dalatreview.vn\/wp-content\/uploads\/2022\/01\/4-4.jpg\" alt=\"\" width=\"1200\" height=\"900\"><\/p>\n<p style=\"text-align: center;\"><span style=\"font-size: 14px;\"><em>Vi\u1ec7t Ho\u00e0ng Photo Tour \u0110\u00e0 L\u1ea1t<\/em><\/span><\/p>\n<p style=\"text-align: left;\"><img decoding=\"async\" class=\"aligncenter size-full wp-image-13858\" src=\"https:\/\/dalatreview.vn\/wp-content\/uploads\/2022\/01\/4-5-scaled.jpg\" alt=\"\" width=\"2560\" height=\"1920\"><\/p>\n<h2 style=\"text-align: left;\" id=\"4-lien-he%f0%9f%92%90\"><strong>\u00a04. Li\u00ean h\u1ec7<\/strong><strong><span class=\"_4yxo _4yxp\"><span class=\"_5mfr\"><span class=\"_6qdm\">\ud83d\udc90<\/span><\/span><\/span><\/strong><\/h2>\n<p style=\"text-align: left;\">\u2705S\u1ed1 \u0111i\u1ec7n tho\u1ea1i : 0917701545<\/p>\n<p style=\"text-align: left;\">\u2705Facebook: <a href=\"https:\/\/www.facebook.com\/profile.php?id=100006192288930\" target=\"_blank\" rel=\"noopener\">Vi\u1ec7t Ho\u00e0ng Photo<\/a><\/p>","protected":false},"excerpt":{"rendered":"<p>Danh m\u1ee5c ch\u00ednh Vi\u1ec7t Ho\u00e0ng Photo Tour \u0110\u00e0 L\u1ea1t 1. Gi\u1edbi thi\u1ec7u\ud83d\udc90 2 . \u0110\u1ecba \u0111i\u1ec3m\ud83d\udc90 3. D\u1ecbch v\u1ee5\ud83d\udc90 \u00a04. Li\u00ean h\u1ec7\ud83d\udc90 Vi\u1ec7t Ho\u00e0ng Photo Tour \u0110\u00e0 L\u1ea1t 1. Gi\u1edbi thi\u1ec7u\ud83d\udc90 Vi\u1ec7t Ho\u00e0ng Photo Tour \u0110\u00e0 L\u1ea1t \u0110\u00e3 n\u00f3i \u0111\u1ebfn du l\u1ecbch \u0110\u00e0 L\u1ea1t th\u00ec kh\u00f4ng th\u1ec3 thi\u1ebfu nh\u1eefng b\u1ee9c \u1ea3nh \u0111\u1eb9p. L\u01b0u l\u1ea1i nh\u1eefng [&hellip;]<\/p>","protected":false},"featured_media":13871,"comment_status":"open","ping_status":"closed","template":"","meta":{"_acf_changed":false,"rank_math_lock_modified_date":false},"product_cat":[26,1369],"product_tag":[],"acf":[],"_links":{"self":[{"href":"https:\/\/dalatreview.vn\/en\/wp-json\/wp\/v2\/product\/13851"}],"collection":[{"href":"https:\/\/dalatreview.vn\/en\/wp-json\/wp\/v2\/product"}],"about":[{"href":"https:\/\/dalatreview.vn\/en\/wp-json\/wp\/v2\/types\/product"}],"replies":[{"embeddable":true,"href":"https:\/\/dalatreview.vn\/en\/wp-json\/wp\/v2\/comments?post=13851"}],"wp:featuredmedia":[{"embeddable":true,"href":"https:\/\/dalatreview.vn\/en\/wp-json\/wp\/v2\/media\/13871"}],"wp:attachment":[{"href":"https:\/\/dalatreview.vn\/en\/wp-json\/wp\/v2\/media?parent=13851"}],"wp:term":[{"taxonomy":"product_cat","embeddable":true,"href":"https:\/\/dalatreview.vn\/en\/wp-json\/wp\/v2\/product_cat?post=13851"},{"taxonomy":"product_tag","embeddable":true,"href":"https:\/\/dalatreview.vn\/en\/wp-json\/wp\/v2\/product_tag?post=13851"}],"curies":[{"name":"wp","href":"https:\/\/api.w.org\/{rel}","templated":true}]}}