
{"id":13167,"date":"2021-11-22T16:04:57","date_gmt":"2021-11-22T09:04:57","guid":{"rendered":"https:\/\/dalatreview.vn\/?p=13167"},"modified":"2024-05-31T05:26:58","modified_gmt":"2024-05-31T05:26:58","slug":"lacami-dalat-hotel-khach-san-view-doi-tuyet-dep-o-da-lat","status":"publish","type":"product","link":"https:\/\/dalatreview.vn\/en\/lacami-dalat-hotel-khach-san-view-doi-tuyet-dep-o-da-lat.html","title":{"rendered":"Lacami Dalat Hotel &#8211; Kh\u00e1ch s\u1ea1n view \u0111\u1ed3i tuy\u1ec7t \u0111\u1eb9p \u1edf \u0110\u00e0 L\u1ea1t"},"content":{"rendered":"<nav class=\"vietrick-auto-toc\">\n<div class=\"box-title\">\n<h3 class=\"toc-title\" id=\"select-menu\">Danh m\u1ee5c ch\u00ednh<\/h3>\n<div><ion-icon name=\"chevron-up-outline\"><\/ion-icon><\/div>\n<\/div>\n<ul class=\"toc-list\"><\/ul>\n<li><a href='https:\/\/dalatreview.vn\/en#lacami-dalat-hotel-khach-san-view-doi-tuyet-dep-o-da-lat' class='heading-h1 toc-link smooth-scroll'>Lacami Dalat Hotel &#8211; Kh\u00e1ch s\u1ea1n view \u0111\u1ed3i tuy\u1ec7t \u0111\u1eb9p \u1edf \u0110\u00e0 L\u1ea1t<\/a>\n<ul>\n<li><a href='https:\/\/dalatreview.vn\/en#1-vi-tri' class='heading-h2 toc-link smooth-scroll'>1. V\u1ecb tr\u00ed<\/a>\n<li><a href='https:\/\/dalatreview.vn\/en#2-decor' class='heading-h2 toc-link smooth-scroll'>2. Decor<\/a>\n<li><a href='https:\/\/dalatreview.vn\/en#3-dich-vu-tien-nghi' class='heading-h2 toc-link smooth-scroll'>3. D\u1ecbch v\u1ee5 &amp; Ti\u1ec7n nghi<\/a>\n<li><a href='https:\/\/dalatreview.vn\/en#4-gia-phong' class='heading-h2 toc-link smooth-scroll'>4. Gi\u00e1 ph\u00f2ng<\/a>\n<li><a href='https:\/\/dalatreview.vn\/en#5-lien-he' class='heading-h2 toc-link smooth-scroll'>5. Li\u00ean h\u1ec7\u00a0<\/a><\/ul>\n<\/ul>\n<\/li>\n<\/ul>\n<\/nav>\n<h1 style=\"text-align: center;\" id=\"lacami-dalat-hotel-khach-san-view-doi-tuyet-dep-o-da-lat\"><span style=\"color: #003300;\">Lacami Dalat Hotel &#8211; Kh\u00e1ch s\u1ea1n view \u0111\u1ed3i tuy\u1ec7t \u0111\u1eb9p \u1edf \u0110\u00e0 L\u1ea1t<\/span><\/h1>\n<h2 id=\"1-vi-tri\"><strong>1. V\u1ecb tr\u00ed<\/strong><strong><img decoding=\"async\" src=\"https:\/\/static.xx.fbcdn.net\/images\/emoji.php\/v9\/t87\/1\/16\/1f340.png\" alt=\"\ud83c\udf40\" width=\"16\" height=\"16\" \/><\/strong><\/h2>\n<p>Kh\u00e1ch s\u1ea1n Lacami Dalat Hotel n\u1eb1m kh\u00e1 g\u1ea7n trung t\u00e2m th\u00e0nh ph\u1ed1 \u0110\u00e0 L\u1ea1t. Ch\u1ec9 m\u1ea5t 7 ph\u00fat \u0111i xe \u0111\u1ebfn ch\u1ee3 \u0110\u00e0 L\u1ea1t, 5 ph\u00fat \u0111i xe \u0111\u1ebfn Qu\u1ea3ng Tr\u01b0\u1eddng L\u00e2m Vi\u00ean Tr\u00ean. S\u1edf h\u1eefu view \u0111\u1ed3i n\u00fai \u0111\u1eb9p tuy\u1ec7t \u0111\u1eb9p. N\u01a1i \u0111\u00e2y ch\u1eafc ch\u1eafn s\u1ebd mang l\u1ea1i kh\u00f4ng gian s\u1ed1ng tho\u1ea3i m\u00e1i cho b\u1ea1n, gia \u0111\u00ecnh v\u00e0 b\u1ea1n b\u00e8.<img decoding=\"async\" class=\"aligncenter wp-image-13171 size-full\" src=\"https:\/\/dalatreview.vn\/wp-content\/uploads\/2021\/11\/h-scaled.jpg\" alt=\"Lacami Dalat Hotel\" width=\"2560\" height=\"1920\" \/><\/p>\n<p>Kh\u00e1ch s\u1ea1n c\u00f2n n\u1eb1m tr\u00ean tuy\u1ebfn \u0111\u01b0\u1eddng c\u1ee7a nhi\u1ec1u \u0111\u1ecba \u0111i\u1ec3m \u0103n u\u1ed1ng n\u1ed5i ti\u1ebfng c\u1ee7a \u0110\u00e0 L\u1ea1t nh\u01b0: Di\u1ec7u Th\u00f4ng, L\u1ea9u b\u00f2 BB, L\u1ea9u G\u00e0 L\u00e1 \u00c9, B\u00e1nh c\u0103n, b\u00e1nh canh Nh\u00e0 Chung, B\u00fan B\u00f2 Thi\u00ean Trang&#8230; v\u00e0 c\u00e1c \u0111i\u1ec3m tham quan, c\u00e0 ph\u00ea v\u1edbi view sang cho\u1ea3nh: Ch\u00f9a Ve Chai, Nh\u00e0 Ga, Tr\u01b0\u1eddng C\u0110SP, Cafe Hai \u1ea2, Cf x\u00f4ng h\u01a1i D&#8217;las, Cf Cheo Veo, Kong Cf, F C\u00e1nh \u0110\u1ed3ng Hoa, Qu\u00ea Garden&#8230;.<img decoding=\"async\" class=\"aligncenter wp-image-13175 size-full\" src=\"https:\/\/dalatreview.vn\/wp-content\/uploads\/2021\/11\/L.jpg\" alt=\"Lacami Dalat Hotel\" width=\"1200\" height=\"900\" \/><\/p>\n<h2 id=\"2-decor\"><strong><span class=\"_4yxo _4yxp\">2. Decor<\/span><\/strong><strong><img decoding=\"async\" src=\"https:\/\/static.xx.fbcdn.net\/images\/emoji.php\/v9\/t87\/1\/16\/1f340.png\" alt=\"\ud83c\udf40\" width=\"16\" height=\"16\" \/><\/strong><\/h2>\n<p>N\u1ed9i th\u1ea5t sang tr\u1ecdng, hi\u1ec7n \u0111\u1ea1i h\u01b0\u1edbng v\u1ec1 thi\u00ean nhi\u00ean. M\u00e0u tr\u1eafng \u0111\u01b0\u1ee3c l\u1ea5y l\u00e0m ch\u1ee7 \u0111\u1ea1o to\u00e1t l\u00ean s\u1ef1 trang nh\u00e3 m\u00e0 nh\u1eb9 nh\u00e0ng. C\u1ed9ng v\u1edbi kh\u00f4ng gian m\u1edf, tho\u00e1ng m\u00e1t gi\u00fap b\u1ea1n th\u01b0 gi\u00e3n trong k\u1ef3 ngh\u1ec9 c\u1ee7a m\u00ecnh.<img decoding=\"async\" class=\"aligncenter wp-image-13172 size-full\" src=\"https:\/\/dalatreview.vn\/wp-content\/uploads\/2021\/11\/K-scaled.jpg\" alt=\"Lacami Dalat Hotel\" width=\"2560\" height=\"1920\" \/><\/p>\n<p>Ph\u00f2ng thi\u1ebft k\u1ebf c\u1eeda nhi\u1ec1u c\u1eeda b\u1eb1ng k\u00ednh, gi\u00fap b\u1ea1n ng\u1eafm c\u1ea3nh \u0111\u01b0\u1ee3c c\u1ea3 ban ng\u00e0y v\u00e0 bu\u1ed5i t\u1ed1i. T\u1ea1i \u0111\u00e2y c\u00f2n c\u00f3 th\u1ec3 ng\u1eafm b\u00ecnh minh v\u00e0 ho\u00e0ng h\u00f4n m\u1ed7i ng\u00e0y n\u1eefa nh\u00e9.<\/p>\n<h2 id=\"3-dich-vu-tien-nghi\"><strong>3. D\u1ecbch v\u1ee5 &amp; Ti\u1ec7n nghi<\/strong><strong><img decoding=\"async\" src=\"https:\/\/static.xx.fbcdn.net\/images\/emoji.php\/v9\/t87\/1\/16\/1f340.png\" alt=\"\ud83c\udf40\" width=\"16\" height=\"16\" \/><\/strong><\/h2>\n<p>Ph\u00f2ng c\u1eeda s\u1ed5 view r\u1eebng n\u00fai c\u1ef1c tho\u00e1ng \u0111\u00e3ng.<\/p>\n<p>B\u1ed3n t\u1eafm th\u1ee7y l\u1ef1c<\/p>\n<p>Kh\u00f4ng gian BBQ c\u1ef1c chill<\/p>\n<p>Thi\u1ebft b\u1ecb hi\u1ec7n \u0111\u1ea1i, \u0111\u1ea7y \u0111\u1ee7 ti\u1ec7n nghi, m\u1ed7i ph\u00f2ng \u0111\u1ec1u c\u00f3 toilet ri\u00eang.<\/p>\n<p>Gi\u1eef h\u00e0nh l\u00fd free.<\/p>\n<p>Ch\u1ed7 \u0111\u1eadu xe r\u1ed9ng r\u00e3i, an to\u00e0n, \u0111\u1ea3m b\u1ea3o.<\/p>\n<p><img decoding=\"async\" class=\"aligncenter wp-image-13173 size-full\" src=\"https:\/\/dalatreview.vn\/wp-content\/uploads\/2021\/11\/M-scaled.jpg\" alt=\"Lacami Dalat Hotel\" width=\"2560\" height=\"1920\" \/><\/p>\n<h2 id=\"4-gia-phong\"><strong><span class=\"_4yxo\">4.<\/span><\/strong> Gi\u00e1 ph\u00f2ng<strong><img decoding=\"async\" src=\"https:\/\/static.xx.fbcdn.net\/images\/emoji.php\/v9\/t87\/1\/16\/1f340.png\" alt=\"\ud83c\udf40\" width=\"16\" height=\"16\" \/><\/strong><\/h2>\n<p>Kh\u00e1ch s\u1ea1n Lacami Dalat Hotel c\u00f3 nh\u1eefng lo\u1ea1i ph\u00f2ng \u0111\u01a1n, \u0111\u00f4i v\u1edbi m\u1ee9c gi\u00e1 nh\u01b0 sau:<\/p>\n<p>Ph\u00f2ng \u0111\u00f4i view ban c\u00f4ng: 900k\/ \u0111\u00eam<\/p>\n<p>Ph\u00f2ng \u0111\u00f4i view kh\u00f4ng ban c\u00f4ng: 850k\/ \u0111\u00eam<\/p>\n<p>Ph\u00f2ng \u0111\u00f4i th\u01b0\u1eddng: 800k\/ \u0111\u00eam<\/p>\n<p>Ph\u00f2ng \u0111\u01a1n view ban c\u00f4ng: 500k\/ \u0111\u00eam<\/p>\n<p>Ph\u00f2ng \u0111\u01a1n view kh\u00f4ng ban c\u00f4ng: 450k\/ \u0111\u00eam<\/p>\n<p>Ph\u00f2ng \u0111\u01a1n th\u01b0\u1eddng c\u00f3 b\u1ebfp: 450k\/ \u0111\u00eam<\/p>\n<p>Ph\u00f2ng \u0111\u01a1n view ban c\u00f4ng nh\u1ecf: 400k\/ \u0111\u00eam<\/p>\n<p>Ph\u00f2ng \u0111\u01a1n th\u01b0\u1eddng kh\u00f4ng c\u1eeda s\u1ed5: 300k\/ \u0111\u00eam<\/p>\n<p><strong><img decoding=\"async\" src=\"https:\/\/static.xx.fbcdn.net\/images\/emoji.php\/v9\/t2e\/1\/16\/1f6cc.png\" alt=\"\ud83d\udecc\" width=\"16\" height=\"16\" \/>Kh\u00e1ch s\u1ea1n c\u00f3 ch\u01b0\u01a1ng tr\u00ecnh khuy\u1ebfn m\u00e3i \u0111\u1eb7c bi\u1ec7t<img decoding=\"async\" src=\"https:\/\/static.xx.fbcdn.net\/images\/emoji.php\/v9\/t2e\/1\/16\/1f6cc.png\" alt=\"\ud83d\udecc\" width=\"16\" height=\"16\" \/><\/strong><\/p>\n<p><img decoding=\"async\" src=\"https:\/\/static.xx.fbcdn.net\/images\/emoji.php\/v9\/t51\/1\/16\/1f449.png\" alt=\"\ud83d\udc49\" width=\"16\" height=\"16\" \/>Gi\u1ea3m 10% cho c\u00e1c ng\u00e0y trong tu\u1ea7n t\u1eeb Th\u1ee9 2 &#8211; Th\u1ee9 5<\/p>\n<p><img decoding=\"async\" src=\"https:\/\/static.xx.fbcdn.net\/images\/emoji.php\/v9\/t51\/1\/16\/1f449.png\" alt=\"\ud83d\udc49\" width=\"16\" height=\"16\" \/>Gi\u1ea3m 5% cho c\u00e1c ng\u00e0y cu\u1ed1i tu\u1ea7n Th\u1ee9 6, Th\u1ee9 7 v\u00e0 Ch\u1ee7 nh\u1eadt<img decoding=\"async\" class=\"aligncenter wp-image-13174 size-full\" src=\"https:\/\/dalatreview.vn\/wp-content\/uploads\/2021\/11\/M-1-scaled.jpg\" alt=\"Lacami Dalat Hotel\" width=\"2560\" height=\"1920\" \/><\/p>\n<h2 id=\"5-lien-he\">5. Li\u00ean h\u1ec7\u00a0<strong><img decoding=\"async\" src=\"https:\/\/static.xx.fbcdn.net\/images\/emoji.php\/v9\/t87\/1\/16\/1f340.png\" alt=\"\ud83c\udf40\" width=\"16\" height=\"16\" \/><\/strong><\/h2>\n<p>\u0110\u1ecba ch\u1ec9: <span class=\"d2edcug0 hpfvmrgz qv66sw1b c1et5uql lr9zc1uh jq4qci2q a3bd9o3v b1v8xokw py34i1dx\"><span class=\"a8c37x1j ni8dbmo4 stjgntxs l9j0dhe7\">36\/6 L\u00ea V\u0103n T\u00e1m \u0110\u00e0 L\u1ea1t, L\u00e2m \u0110\u1ed3ng<\/span><\/span><\/p>\n<p>Fanpage: <a href=\"https:\/\/www.facebook.com\/booking.dalatreview.vn\">Lacami Dalat Hotel<\/a><\/p>\n<p>Hotline t\u01b0 v\u1ea5n: 0988 249 297<\/p>\n<p>____________<\/p>\n<p>Xem th\u00eam t\u1ea1i <a href=\"https:\/\/dalatreview.vn\/en\/\">dalareview.vn<\/a><\/p>","protected":false},"excerpt":{"rendered":"<p>Kh\u00e1ch s\u1ea1n Lacami Dalat Hotel n\u1eb1m kh\u00e1 g\u1ea7n trung t\u00e2m th\u00e0nh ph\u1ed1 \u0110\u00e0 L\u1ea1t. Ch\u1ec9 m\u1ea5t 7 ph\u00fat \u0111i xe \u0111\u1ebfn ch\u1ee3 \u0110\u00e0 L\u1ea1t, 5 ph\u00fat \u0111i xe \u0111\u1ebfn Qu\u1ea3ng Tr\u01b0\u1eddng L\u00e2m Vi\u00ean Tr\u00ean. S\u1edf h\u1eefu view \u0111\u1ed3i n\u00fai \u0111\u1eb9p tuy\u1ec7t \u0111\u1eb9p. N\u01a1i \u0111\u00e2y ch\u1eafc ch\u1eafn s\u1ebd mang l\u1ea1i kh\u00f4ng gian s\u1ed1ng tho\u1ea3i m\u00e1i cho b\u1ea1n, gia \u0111\u00ecnh v\u00e0 b\u1ea1n b\u00e8.<\/p>","protected":false},"featured_media":13176,"comment_status":"open","ping_status":"closed","template":"","meta":{"_acf_changed":false,"rank_math_lock_modified_date":false},"product_cat":[29,46],"product_tag":[],"acf":[],"_links":{"self":[{"href":"https:\/\/dalatreview.vn\/en\/wp-json\/wp\/v2\/product\/13167"}],"collection":[{"href":"https:\/\/dalatreview.vn\/en\/wp-json\/wp\/v2\/product"}],"about":[{"href":"https:\/\/dalatreview.vn\/en\/wp-json\/wp\/v2\/types\/product"}],"replies":[{"embeddable":true,"href":"https:\/\/dalatreview.vn\/en\/wp-json\/wp\/v2\/comments?post=13167"}],"wp:featuredmedia":[{"embeddable":true,"href":"https:\/\/dalatreview.vn\/en\/wp-json\/wp\/v2\/media\/13176"}],"wp:attachment":[{"href":"https:\/\/dalatreview.vn\/en\/wp-json\/wp\/v2\/media?parent=13167"}],"wp:term":[{"taxonomy":"product_cat","embeddable":true,"href":"https:\/\/dalatreview.vn\/en\/wp-json\/wp\/v2\/product_cat?post=13167"},{"taxonomy":"product_tag","embeddable":true,"href":"https:\/\/dalatreview.vn\/en\/wp-json\/wp\/v2\/product_tag?post=13167"}],"curies":[{"name":"wp","href":"https:\/\/api.w.org\/{rel}","templated":true}]}}