
{"id":10288,"date":"2021-08-03T17:21:25","date_gmt":"2021-08-03T10:21:25","guid":{"rendered":"https:\/\/dalatreview.vn\/?p=10288"},"modified":"2025-03-25T17:18:23","modified_gmt":"2025-03-25T10:18:23","slug":"gia-ve-vao-thien-duong-san-may-da-lat","status":"publish","type":"product","link":"https:\/\/dalatreview.vn\/en\/gia-ve-vao-thien-duong-san-may-da-lat.html","title":{"rendered":"Gi\u00e1 V\u00e9 V\u00e0o &#8220;Thi\u00ean \u0110\u01b0\u1eddng S\u0103n M\u00e2y&#8221; \u0110\u00e0 L\u1ea1t"},"content":{"rendered":"<blockquote>\n<nav class=\"vietrick-auto-toc\">\n<div class=\"box-title\">\n<h3 class=\"toc-title\" id=\"select-menu\">Danh m\u1ee5c ch\u00ednh<\/h3>\n<div><ion-icon name=\"chevron-up-outline\"><\/ion-icon><\/div>\n<\/div>\n<ul class=\"toc-list\">\n<li><a href='https:\/\/dalatreview.vn\/en#gia-ve-vao-thien-duong-san-may-da-lat' class='heading-h2 toc-link smooth-scroll'>Gi\u00e1 V\u00e9 V\u00e0o &#8220;Thi\u00ean \u0110\u01b0\u1eddng S\u0103n M\u00e2y&#8221; \u0110\u00e0 L\u1ea1t<\/a>\n<li><a href='https:\/\/dalatreview.vn\/en#1-di-da-lat-co-nen-san-may-khong' class='heading-h2 toc-link smooth-scroll'>1. \u0110i \u0110\u00e0 L\u1ea1t C\u00f3 N\u00ean S\u0103n M\u00e2y Kh\u00f4ng?<\/a>\n<li><a href='https:\/\/dalatreview.vn\/en#2-di-san-may-may-gio-thi-dep' class='heading-h2 toc-link smooth-scroll'>2. \u0110i S\u0103n M\u00e2y M\u1ea5y Gi\u1edd Th\u00ec \u0110\u1eb9p?<\/a>\n<li><a href='https:\/\/dalatreview.vn\/en#3-huong-dan-duong-di' class='heading-h2 toc-link smooth-scroll'>3. H\u01b0\u1edbng D\u1eabn \u0110\u01b0\u1eddng \u0110i<\/a>\n<li><a href='https:\/\/dalatreview.vn\/en#4-gia-ve' class='heading-h2 toc-link smooth-scroll'>4. Gi\u00e1 V\u00e9\u00a0<\/a>\n<li><a href='https:\/\/dalatreview.vn\/en#5-lien-he' class='heading-h2 toc-link smooth-scroll'>5.Li\u00ean H\u1ec7<\/a><\/ul>\n<\/ul>\n<\/li>\n<\/ul>\n<\/nav>\n<h2 style=\"text-align: center;\" id=\"gia-ve-vao-thien-duong-san-may-da-lat\"><strong><span style=\"color: #003300; font-size: 20px;\">Gi\u00e1 V\u00e9 V\u00e0o &#8220;Thi\u00ean \u0110\u01b0\u1eddng S\u0103n M\u00e2y&#8221; \u0110\u00e0 L\u1ea1t<\/span><\/strong><\/h2>\n<\/blockquote>\n<p>\u0110\u00e0 L\u1ea1t lu\u00f4n \u0111\u01b0\u1ee3c m\u1ec7nh danh l\u00e0 \u0111\u1ecba \u0111i\u1ec3m s\u1ed1ng \u1ea3o c\u1ef1c ch\u1ea5t quanh n\u0103m, kh\u00ed h\u1eadu m\u00e1t m\u1ebb tr\u00e0n ng\u1eadp ph\u1ed1 hoa. Th\u00e0nh ph\u1ed1 n\u00e0y kh\u00f4ng ch\u1ec9 l\u00e0 n\u01a1i ngh\u1ec9 d\u01b0\u1ee1ng an y\u00ean, tham quan n\u1ed5i ti\u1ebfng. M\u00e0 c\u00f2n l\u00e0 n\u01a1i \u0111\u1ec3 tr\u1ea3i nghi\u1ec7m nh\u1eefng s\u1eafc m\u00e0u t\u01b0\u01a1i s\u00e1ng v\u00e0 ng\u00e0y c\u00e0ng \u0111\u1ed5i m\u1edbi c\u1ee7a x\u1ee9 m\u00e2y m\u00f9.<\/p>\n<p><img decoding=\"async\" class=\"alignnone wp-image-21415 size-full\" src=\"https:\/\/dalatreview.vn\/wp-content\/uploads\/2021\/08\/san-may-1.jpg\" alt=\"Gi\u00e1 V\u00e9 V\u00e0o &quot;Thi\u00ean \u0110\u01b0\u1eddng S\u0103n M\u00e2y&quot; \u0110\u00e0 L\u1ea1t\" width=\"2048\" height=\"1535\" \/><\/p>\n<p>Du kh\u00e1ch tham quan \u0110\u00e0 L\u1ea1t s\u1ebd \u0111\u01b0\u1ee3c tr\u1ea3i nghi\u00eam m\u1ed9t khung c\u1ea3nh nh\u01b0 tr\u00ean thi\u00ean \u0111\u01b0\u1eddng mang t\u00ean &#8220;Thi\u00ean \u0111\u01b0\u1eddng s\u0103n m\u00e2y&#8221; n\u1eb1m trong khu \u0111\u1ed3i ch\u00e8 C\u1ea7u \u0110\u1ea5t m\u1ed9t \u0111\u1ecba \u0111i\u1ec3m s\u0103n m\u00e2y n\u1ed5i ti\u1ebfng v\u00e0 c\u00f3 di\u1ec7n t\u00edch r\u1ed9ng nh\u1ea5t nh\u00ec \u0110\u00e0 L\u1ea1t.<\/p>\n<h2 id=\"1-di-da-lat-co-nen-san-may-khong\"><strong><span style=\"color: #003300; font-size: 20px;\">1. \u0110i \u0110\u00e0 L\u1ea1t C\u00f3 N\u00ean S\u0103n M\u00e2y Kh\u00f4ng?<\/span><\/strong><\/h2>\n<p>\u0110\u1ebfn \u0110\u00e0 L\u1ea1t m\u00e0 ch\u01b0a t\u1eebng m\u1ed9t l\u1ea7n tr\u1ea3i nghi\u1ec7m c\u1ea3m gi\u00e1c d\u1eady s\u1edbm s\u0103n m\u00e2y s\u1ebd l\u00e0 m\u1ed9t thi\u1ebfu s\u00f3t l\u1edbn \u0111\u00f3 nha v\u00e0 \u1edf b\u1ea5t c\u1ee9 \u0111\u00e2u trong \u0110\u00e0 L\u1ea1t b\u1ea1n c\u0169ng d\u1ec5 d\u00e0ng t\u00ecm \u0111\u01b0\u1ee3c cho m\u00ecnh nh\u1eefng t\u1ecda \u0111\u1ed9 \u0111\u1ec3 s\u0103n m\u00e2y v\u00e0o s\u1edbm mai hay v\u1ec1 \u0111\u00eam.<\/p>\n<p><img decoding=\"async\" class=\"aligncenter wp-image-21437 size-full\" src=\"https:\/\/dalatreview.vn\/wp-content\/uploads\/2021\/08\/thien-duong-san-may-2.jpg\" alt=\"Gi\u00e1 V\u00e9 V\u00e0o &quot;Thi\u00ean \u0110\u01b0\u1eddng S\u0103n M\u00e2y&quot; \u0110\u00e0 L\u1ea1t\" width=\"1200\" height=\"900\" \/><\/p>\n<p>C\u00f3 r\u1ea5t nhi\u1ec1u v\u1ecb tr\u00ed th\u01a1 m\u1ed9ng huy\u1ec1n b\u00ed m\u1ed9t trong s\u1ed1 \u0111\u00f3 th\u00ec ph\u1ea3i k\u1ec3 \u0111\u1ebfn C\u1ea7u \u0110\u1ea5t. N\u01a1i \u0111\u00e2y lu\u00f4n x\u00f3a tan m\u1ecdi mu\u1ed9n phi\u1ec1n c\u00f9ng th\u1ea3 h\u1ed3n v\u00e0o gi\u00f3 h\u01b0\u1edfng th\u1ee5 nh\u1eefng \u00e1ng m\u00e2y tr\u00f4i phi\u00eau l\u00e3ng v\u00e0o b\u1ea7u tr\u1eddi xanh ng\u00e1t c\u1ee7a s\u1edbm mai.<\/p>\n<p><img decoding=\"async\" class=\"alignnone wp-image-21438 size-full\" src=\"https:\/\/dalatreview.vn\/wp-content\/uploads\/2021\/08\/thien-duong-san-may-3.jpg\" alt=\"Gi\u00e1 V\u00e9 V\u00e0o &quot;Thi\u00ean \u0110\u01b0\u1eddng S\u0103n M\u00e2y&quot; \u0110\u00e0 L\u1ea1t\" width=\"2048\" height=\"1536\" \/><\/p>\n<p>\u0110\u1ebfn v\u1edbi \u201cThi\u00ean \u0111\u01b0\u1eddng s\u0103n m\u00e2y C\u1ea7u \u0110\u1ea5t\u201d b\u1ea1n s\u1ebd c\u1ea3m gi\u00e1c nh\u01b0 \u0111ang l\u1ea1c v\u00e0o ch\u1ed1n b\u1ed3ng lai ti\u00ean c\u1ea3nh v\u1edbi nh\u1eefng \u00e1ng m\u00e2y tr\u1eafng b\u1ed3ng b\u1ec1nh c\u00f9ng nh\u1eefng l\u1edbp s\u01b0\u01a1ng m\u00f9 d\u00e0y \u0111\u1eb7c t\u1ea1o n\u00ean m\u1ed9t c\u1ea3nh s\u1eafc m\u00e2y tr\u1eddi lung linh huy\u1ec1n \u1ea3o.<\/p>\n<h2 id=\"2-di-san-may-may-gio-thi-dep\"><strong><span style=\"color: #003300; font-size: 20px;\">2. \u0110i S\u0103n M\u00e2y M\u1ea5y Gi\u1edd Th\u00ec \u0110\u1eb9p?<\/span><\/strong><\/h2>\n<p>Th\u1eddi ti\u1ebft \u0111\u1eb9p l\u00e0 \u0111i\u1ec1u v\u00f4 c\u00f9ng quan tr\u1ecdng \u0111\u1ec3 s\u0103n m\u00e2y, h\u00ecnh c\u00f3 \u0111\u1eb9p hay kh\u00f4ng c\u0169ng nh\u1edd v\u00e0o thi\u00ean nhi\u00ean c\u1ea3 \u0111\u1ea5y nh\u00e9.\u00a0Bu\u1ed5i b\u00ecnh minh s\u1edbm mai ch\u00ednh l\u00e0 th\u1eddi \u0111i\u1ec3m \u0111\u1eb9p nh\u1ea5t \u0111\u1ec3 c\u00e1c b\u1ea1n tr\u1ea3i nghi\u1ec7m, kho\u1ea3ng t\u1ea7m 4 \u0111\u1ebfn 5 gi\u1edd s\u00e1ng.<\/p>\n<p><img decoding=\"async\" class=\"aligncenter wp-image-21439 size-full\" src=\"https:\/\/dalatreview.vn\/wp-content\/uploads\/2021\/08\/thien-duong-san-may-4.jpg\" alt=\"Gi\u00e1 V\u00e9 V\u00e0o &quot;Thi\u00ean \u0110\u01b0\u1eddng S\u0103n M\u00e2y&quot; \u0110\u00e0 L\u1ea1t\" width=\"1200\" height=\"900\" \/><\/p>\n<p>Th\u1eddi kh\u1eafc chuy\u1ec3n m\u00ecnh c\u0169ng ch\u00ednh l\u00e0 th\u1eddi \u0111i\u1ec3m \u0111\u1eb9p nh\u1ea5t m\u00e0 ch\u00fang ta ph\u1ea3i t\u1eadn h\u01b0\u1edfng nh\u1eefng c\u00e1i \u0111\u1eb9p. C\u00e1c b\u1ea1n h\u00e3y c\u00f9ng nhau gh\u00e9 \u0111\u1ebfn \u0111\u00e2y tr\u00ean c\u00e2y c\u1ea7u g\u1ed7 n\u00e0y c\u00f9ng h\u00f2a quy\u1ec7n v\u00e0o \u0111\u00e1m s\u01b0\u01a1ng m\u00f9 h\u01b0\u1edfng th\u1ee5 th\u1eddi ti\u1ebft s\u1edbm mai se l\u1ea1nh c\u1ee7a ph\u1ed1 n\u00fai. Kh\u00f4ng kh\u00ed trong l\u00e0nh m\u00e1t m\u1ebb h\u00f2a quy\u1ec7n v\u1edbi tr\u1eddi m\u00e2y b\u00ecnh y\u00ean l\u1eafm nh\u00e9.<\/p>\n<h2 id=\"3-huong-dan-duong-di\"><strong><span style=\"color: #003300; font-size: 20px;\">3. H\u01b0\u1edbng D\u1eabn \u0110\u01b0\u1eddng \u0110i<\/span><\/strong><\/h2>\n<p>\u0110\u01b0\u1eddng \u0111i t\u1edbi \u0111\u1ed3i ch\u00e8 h\u01a1i xa nh\u01b0ng kh\u00f4ng kh\u00f3 kh\u0103n l\u1eafm, \u0111\u1ea7u ti\u00ean l\u1ea5y ch\u1ee3 \u0110\u00e0 L\u1ea1t l\u00e0m \u0111i\u1ec3m xu\u1ea5t ph\u00e1t r\u1ed3i sau \u0111\u00f3 \u0111i theo cung \u0111\u01b0\u1eddng sau: C\u1ea7u \u00d4ng \u0110\u1ea1o \u2013 Tr\u1ea7n Qu\u1ed1c To\u1ea3n \u2013 H\u1ed3 T\u00f9ng M\u1eadu \u2013 Tr\u1ea7n H\u01b0ng \u0110\u1ea1o \u2013 H\u00f9ng V\u01b0\u01a1ng \u2013 T\u1ef1 Ph\u01b0\u1edbc \u2013 Tr\u1ea1i M\u00e1t \u2013 C\u1ea7u \u0110\u1ea5t.<\/p>\n<p><img decoding=\"async\" class=\"alignnone wp-image-21440 size-full\" src=\"https:\/\/dalatreview.vn\/wp-content\/uploads\/2021\/08\/thien-duong-san-may-5.jpg\" alt=\"Gi\u00e1 V\u00e9 V\u00e0o &quot;Thi\u00ean \u0110\u01b0\u1eddng S\u0103n M\u00e2y&quot; \u0110\u00e0 L\u1ea1t\" width=\"2048\" height=\"1154\" \/><\/p>\n<p>Khi \u0111\u1ebfn \u0111\u1ecba ph\u1eadn C\u1ea7u \u0110\u1ea5t th\u00f4n Xu\u00e2n Tr\u01b0\u1eddng, c\u00e1c b\u1ea1n ch\u1ec9 c\u00f2n c\u00e1ch \u0111\u1ed3i ch\u00e8 t\u1ea7m 5km n\u1eefa th\u00f4i, l\u00fac n\u00e0y h\u00e3y h\u1ecfi ng\u01b0\u1eddi d\u00e2n n\u01a1i \u0111\u00e2y \u0111\u1ec3 tr\u00e1nh b\u1ecb \u0111i l\u1ea1c hay l\u1ed1 \u0111\u01b0\u1eddng nh\u00e9!<\/p>\n<h2 id=\"4-gia-ve\"><strong><span style=\"color: #003300;\"><span style=\"font-size: 20px;\">4. Gi\u00e1 V\u00e9<\/span>\u00a0<\/span><\/strong><\/h2>\n<p>Gi\u00e1 ve\u0301: 100.000\u0111\/ng\u01b0\u1eddi.<\/p>\n<h2 id=\"5-lien-he\"><span style=\"color: #003300;\"><strong><span style=\"font-size: 20px;\">5.Li\u00ean H\u1ec7<\/span><\/strong><\/span><\/h2>\n<p>Hotline t\u01b0 v\u1ea5n: 0986249297<\/p>\n<p>Xem th\u00eam b\u00e0i vi\u1ebft kh\u00e1c t\u1ea1i: <a href=\"https:\/\/dalatreview.vn\/en\/tour\/\">\u0110\u00e0 L\u1ea1t Review<\/a><\/p>","protected":false},"excerpt":{"rendered":"<p>Danh m\u1ee5c ch\u00ednh Gi\u00e1 V\u00e9 V\u00e0o &#8220;Thi\u00ean \u0110\u01b0\u1eddng S\u0103n M\u00e2y&#8221; \u0110\u00e0 L\u1ea1t 1. \u0110i \u0110\u00e0 L\u1ea1t C\u00f3 N\u00ean S\u0103n M\u00e2y Kh\u00f4ng? 2. \u0110i S\u0103n M\u00e2y M\u1ea5y Gi\u1edd Th\u00ec \u0110\u1eb9p? 3. H\u01b0\u1edbng D\u1eabn \u0110\u01b0\u1eddng \u0110i 4. Gi\u00e1 V\u00e9\u00a0 5.Li\u00ean H\u1ec7 Gi\u00e1 V\u00e9 V\u00e0o &#8220;Thi\u00ean \u0110\u01b0\u1eddng S\u0103n M\u00e2y&#8221; \u0110\u00e0 L\u1ea1t \u0110\u00e0 L\u1ea1t lu\u00f4n \u0111\u01b0\u1ee3c m\u1ec7nh danh l\u00e0 [&hellip;]<\/p>","protected":false},"featured_media":21453,"comment_status":"open","ping_status":"closed","template":"","meta":{"_acf_changed":false,"rank_math_lock_modified_date":false},"product_cat":[27,26],"product_tag":[],"acf":[],"_links":{"self":[{"href":"https:\/\/dalatreview.vn\/en\/wp-json\/wp\/v2\/product\/10288"}],"collection":[{"href":"https:\/\/dalatreview.vn\/en\/wp-json\/wp\/v2\/product"}],"about":[{"href":"https:\/\/dalatreview.vn\/en\/wp-json\/wp\/v2\/types\/product"}],"replies":[{"embeddable":true,"href":"https:\/\/dalatreview.vn\/en\/wp-json\/wp\/v2\/comments?post=10288"}],"wp:featuredmedia":[{"embeddable":true,"href":"https:\/\/dalatreview.vn\/en\/wp-json\/wp\/v2\/media\/21453"}],"wp:attachment":[{"href":"https:\/\/dalatreview.vn\/en\/wp-json\/wp\/v2\/media?parent=10288"}],"wp:term":[{"taxonomy":"product_cat","embeddable":true,"href":"https:\/\/dalatreview.vn\/en\/wp-json\/wp\/v2\/product_cat?post=10288"},{"taxonomy":"product_tag","embeddable":true,"href":"https:\/\/dalatreview.vn\/en\/wp-json\/wp\/v2\/product_tag?post=10288"}],"curies":[{"name":"wp","href":"https:\/\/api.w.org\/{rel}","templated":true}]}}