
{"id":10181,"date":"2021-07-29T11:11:55","date_gmt":"2021-07-29T04:11:55","guid":{"rendered":"https:\/\/dalatreview.vn\/?p=10181"},"modified":"2024-05-25T09:08:29","modified_gmt":"2024-05-25T09:08:29","slug":"gia-ve-cap-treo-thac-datanla-da-lat-2021","status":"publish","type":"product","link":"https:\/\/dalatreview.vn\/en\/gia-ve-cap-treo-thac-datanla-da-lat-2021.html","title":{"rendered":"Gi\u00e1 v\u00e9 \u0111i c\u00e1p treo \u0110\u00e0 L\u1ea1t 2021"},"content":{"rendered":"<blockquote><p>N\u1ebfu qu\u00fd du kh\u00e1ch \u0111\u1ebfn \u0110\u00e0 L\u1ea1t m\u00e0 ch\u01b0a t\u1eebng th\u1eed ng\u1ed3i c\u00e1p treo ng\u1eafm to\u00e0n b\u1ed9 khung c\u1ea3nh \u0110\u00e0 L\u1ea1t t\u1eeb tr\u00ean cao th\u00ec qu\u1ea3 l\u00e0 th\u1eadt thi\u1ebfu s\u00f3t. Ch\u1ec9 v\u1edbi kho\u1ea3ng 12 ph\u00fat di chuy\u1ec3n ng\u1ed3i trong cabin du kh\u00e1ch nh\u01b0 b\u1ed3ng b\u1ec1nh gi\u1eefa m\u00e2y tr\u1eddi ng\u1eafm n\u00fai non h\u00f9ng v\u0129, \u0111\u1ed3i Robin, h\u1ed3 Tuy\u1ec1n L\u00e2m, hay thi\u1ec1n vi\u1ec7n Tr\u00fac L\u00e2m tuy\u1ec7t \u0111\u1eb9p&#8230;<\/p>\n<p style=\"text-align: center;\"><img decoding=\"async\" class=\"alignnone wp-image-10182 size-full\" src=\"https:\/\/dalatreview.vn\/wp-content\/uploads\/2021\/07\/57366709_825776591116800_2886967700863582208_n-2.jpg\" alt=\"c\u00e1p treo \u0111\u00e0 l\u1ea1t\" width=\"500\" height=\"375\" \/><\/p>\n<\/blockquote>\n<nav class=\"vietrick-auto-toc\">\n<div class=\"box-title\">\n<h3 class=\"toc-title\" id=\"select-menu\">Danh m\u1ee5c ch\u00ednh<\/h3>\n<div><ion-icon name=\"chevron-up-outline\"><\/ion-icon><\/div>\n<\/div>\n<ul class=\"toc-list\">\n<li><a href='https:\/\/dalatreview.vn\/en#gia-ve-cap-treo-da-lat-moi-nhat' class='heading-h2 toc-link smooth-scroll'>Gi\u00e1 v\u00e9 c\u00e1p treo \u0110\u00e0 L\u1ea1t m\u1edbi nh\u1ea5t<\/a>\n<li><a href='https:\/\/dalatreview.vn\/en#nhung-khung-gio-nen-ghe-cap-treo-da-lat' class='heading-h2 toc-link smooth-scroll'>Nh\u1eefng khung gi\u1edd n\u00ean gh\u00e9 c\u00e1p treo \u0110\u00e0 L\u1ea1t<\/a>\n<li><a href='https:\/\/dalatreview.vn\/en#trai-nghiem-cua-ban-khi-di-cap-treo-da-lat' class='heading-h2 toc-link smooth-scroll'>Tr\u1ea3i nghi\u1ec7m c\u1ee7a b\u1ea1n khi \u0111i c\u00e1p treo \u0110\u00e0 L\u1ea1t<\/a>\n<li><a href='https:\/\/dalatreview.vn\/en#chi-tiet-lien-he' class='heading-h2 toc-link smooth-scroll'>Chi ti\u1ebft li\u00ean h\u1ec7<\/a><\/ul>\n<\/ul>\n<\/li>\n<\/ul>\n<\/nav>\n<h2 id=\"gia-ve-cap-treo-da-lat-moi-nhat\">Gi\u00e1 v\u00e9 c\u00e1p treo \u0110\u00e0 L\u1ea1t m\u1edbi nh\u1ea5t<\/h2>\n<p>Gi\u00e1 v\u00e9 c\u00e1p treo Thi\u1ec1n Vi\u1ec7n Tr\u00fac L\u00e2m \u0110\u00e0 L\u1ea1t m\u1edbi nh\u1ea5t l\u00e0:<\/p>\n<p>Gi\u00e1 v\u00e9 kh\u1ee9 h\u1ed3i:\u00a0100.000 \u0111\u1ed3ng\/ng\u01b0\u1eddi l\u1edbn, 70.000 \u0111\u1ed3ng\/tr\u1ebb em (d\u01b0\u1edbi 1m2.<\/p>\n<p>Gi\u00e1 v\u00e9 1 chi\u1ec1u: 80.000 \u0111\u1ed3ng\/ng\u01b0\u1eddi l\u1edbn, 60.000 \u0111\u1ed3ng\/tr\u1ebb em (d\u01b0\u1edbi 1m2).<\/p>\n<p><img decoding=\"async\" class=\"wp-image-10183 aligncenter\" src=\"https:\/\/dalatreview.vn\/wp-content\/uploads\/2021\/07\/cap-treo-da-lat.jpg\" alt=\"gi\u00e1 v\u00e9 c\u00e1p treo \u0111\u00e0 l\u1ea1t\" width=\"681\" height=\"456\" \/><\/p>\n<h2 id=\"nhung-khung-gio-nen-ghe-cap-treo-da-lat\">Nh\u1eefng khung gi\u1edd n\u00ean gh\u00e9 c\u00e1p treo \u0110\u00e0 L\u1ea1t<\/h2>\n<p>C\u00e1p treo Thi\u1ec1n Vi\u1ec7n Tr\u00fac L\u00e2m \u0110\u00e0 L\u1ea1t b\u1eaft \u0111\u1ea7u ho\u1ea1t \u0111\u1ed9ng t\u1eeb 7h30 \u2013 17h. Trong ng\u00e0y, c\u00f3 2 th\u1eddi \u0111i\u1ec3m l\u00fd t\u01b0\u1edfng du kh\u00e1ch n\u00ean l\u1ef1a ch\u1ecdn \u0111i c\u00e1p treo Thi\u1ec1n Vi\u1ec7n Tr\u00fac L\u00e2m, \u0111\u00f3 l\u00e0: 7h30 \u2013 9h v\u00e0 15h \u2013 16h30.<\/p>\n<p>V\u00e0o 2 m\u1ed1c th\u1eddi gian n\u00e0y, th\u1eddi ti\u1ebft khu v\u1ef1c Thi\u1ec1n Vi\u1ec7n Tr\u00fac L\u00e2m \u0110\u00e0 L\u1ea1t kh\u00e1 m\u00e1t m\u1ebb, c\u00f3 n\u1eafng nh\u1eb9. Ti\u1ebft tr\u1eddi quang \u0111\u00e3ng n\u00e0y r\u1ea5t th\u00edch h\u1ee3p \u0111\u1ec3 du kh\u00e1ch ng\u1ed3i tr\u00ean c\u00e1p treo ng\u1eafm c\u1ea3nh r\u1eebng th\u00f4ng v\u00e0 h\u1ed3 Tuy\u1ec1n L\u00e2m xinh \u0111\u1eb9p. N\u1ebfu c\u00f3 chu\u1ea9n b\u1ecb s\u1eb5n m\u1ed9t chi\u1ebfc \u1ed1ng nh\u00f2m, du kh\u00e1ch c\u00f2n c\u00f3 th\u1ec3 nh\u00ecn th\u1ea5y c\u1ea3 nh\u1eefng ng\u00f4i bi\u1ec7t th\u1ef1 c\u1ed5 k\u00ednh t\u1ea1i th\u00e0nh ph\u1ed1 \u0110\u00e0 L\u1ea1t, v\u00e0 h\u1ed3 Xu\u00e2n H\u01b0\u01a1ng th\u01a1 m\u1ed9ng.<\/p>\n<p>Du kh\u00e1ch l\u01b0u \u00fd tr\u00e1nh \u0111i c\u00e1p treo v\u00e0o khung gi\u1edd t\u1eeb 12h \u2013 14h v\u00ec th\u1eddi gian n\u00e0y ngo\u00e0i tr\u1eddi n\u1eafng oi b\u1ee9c, du kh\u00e1ch s\u1ebd c\u1ea3m th\u1ea5y n\u00f3ng b\u1ee9c, kh\u00f4ng \u0111\u01b0\u1ee3c tho\u1ea3i m\u00e1i khi ng\u1ed3i trong cabin. V\u00e0o nh\u1eefng d\u1ecbp l\u1ec5 l\u1edbn 30\/4 &#8211; 1\/5 hay l\u1ec5 Qu\u1ed1c Kh\u00e1nh 2\/9, kh\u00e1ch du l\u1ecbch \u0111\u1ebfn c\u00e1p treo Thi\u1ec1n Vi\u1ec7n Tr\u00fac L\u00e2m r\u1ea5t \u0111\u00f4ng. Du kh\u00e1ch \u0111i du l\u1ecbch \u0110\u00e0 L\u1ea1t th\u1eddi gian n\u00e0y n\u1ebfu mu\u1ed1n \u0111i c\u00e1p treo th\u00ec n\u00ean ra nh\u00e0 ga c\u00e1p treo th\u1eadt s\u1edbm \u0111\u1ec3 tr\u00e1nh ph\u1ea3i ch\u1edd \u0111\u1ee3i l\u00e2u nh\u00e9!<\/p>\n<p style=\"text-align: center;\"><img decoding=\"async\" class=\"size-full wp-image-10185 aligncenter\" src=\"https:\/\/dalatreview.vn\/wp-content\/uploads\/2021\/07\/cap-treo-da-lat-2.jpg\" alt=\"\" width=\"660\" height=\"435\"><\/p>\n<h2 id=\"trai-nghiem-cua-ban-khi-di-cap-treo-da-lat\"><strong>Tr\u1ea3i nghi\u1ec7m c\u1ee7a b\u1ea1n khi \u0111i c\u00e1p treo \u0110\u00e0 L\u1ea1t<\/strong><\/h2>\n<p>Chuy\u1ebfn h\u00e0nh tr\u00ecnh tr\u00ean c\u00e1p treo Thi\u1ec1n Vi\u1ec7n Tr\u00fac L\u00e2m \u0110\u00e0 L\u1ea1t ch\u1ec9 k\u00e9o d\u00e0i kho\u1ea3ng 12 ph\u00fat \u0111\u1ed3ng h\u1ed3. Nh\u01b0ng th\u1eddi gian \u0111\u00f3 l\u00e0 \u0111\u1ee7 \u0111\u1ec3 du kh\u00e1ch c\u00f3 \u0111\u01b0\u1ee3c nh\u1eefng ph\u00fat gi\u00e2y ng\u1eafm c\u1ea3nh n\u00fai non \u0110\u00e0 L\u1ea1t th\u1eadt tuy\u1ec7t v\u1eddi. Chuy\u1ebfn \u0111i ng\u1eafm c\u1ea3nh \u0110\u00e0 L\u1ea1t t\u1eeb c\u00e1p treo s\u1ebd b\u1eaft \u0111\u1ea7u t\u1eeb l\u00fac du kh\u00e1ch ng\u1ed3i l\u00ean cabin c\u00e1p treo.<\/p>\n<p>Ngay l\u00fac \u0111\u00f3, du kh\u00e1ch s\u1ebd m\u01a1 h\u1ed3 c\u1ea3m gi\u00e1c m\u00ecnh \u0111ang l\u01a1 l\u1eedng gi\u1eefa m\u00e2y tr\u1eddi. Trong l\u00fac c\u00e1p treo b\u1eaft \u0111\u1ea7u di chuy\u1ec3n, hi\u1ec7n ra tr\u01b0\u1edbc m\u1eaft du kh\u00e1ch l\u00e0 h\u00ecnh \u1ea3nh th\u00e0nh ph\u1ed1 \u0110\u00e0 L\u1ea1t nh\u1ecf x\u00edu v\u1edbi nh\u1eefng ng\u00f4i nh\u00e0 ki\u1ec3u Ph\u00e1p \u1ea9n hi\u1ec7n trong m\u00e2y m\u00f9. \u0110i xa h\u01a1n 1 ch\u00fat, du kh\u00e1ch s\u1ebd \u0111\u01b0\u1ee3c ng\u1eafm nh\u00ecn H\u1ed3 Tuy\u1ec1n L\u00e2m, v\u00e0 Thi\u1ec1n Vi\u1ec7n Tr\u00fac L\u00e2m \u0110\u00e0 L\u1ea1t n\u1eb1m tr\u00ean n\u00fai Ph\u1ee5ng Ho\u00e0ng.<\/p>\n<div style=\"width: 100%; height: 0; padding-bottom: 76%; position: relative;\"><iframe class=\"giphy-embed\" style=\"position: absolute;\" src=\"https:\/\/giphy.com\/embed\/xT5LMBndlaAKPqmWt2\" width=\"100%\" height=\"100%\" frameborder=\"0\" allowfullscreen=\"allowfullscreen\" data-mce-fragment=\"1\"><\/iframe><\/div>\n<p style=\"text-align: center;\"><a href=\"https:\/\/giphy.com\/gifs\/season-8-the-simpsons-8x12-xT5LMBndlaAKPqmWt2\" target=\"_blank\" rel=\"noopener\">via GIPHY<\/a><\/p>\n<article class=\"post-content\">\n<div class=\"anh_wtm_m\">\n<div class=\"mws_content\">\n<h2 id=\"chi-tiet-lien-he\"><strong>Chi ti\u1ebft li\u00ean h\u1ec7<\/strong><\/h2>\n<p>Hotline: 0989 249 297<\/p>\n<p>Facebook:\u00a0<a href=\"https:\/\/www.facebook.com\/dlrvttt\" target=\"_blank\" rel=\"noopener\">\u0110\u00e0 L\u1ea1t Review<\/a><\/p>\n<\/div>\n<\/div>\n<\/article>\n<p>&nbsp;<\/p>","protected":false},"excerpt":{"rendered":"<p>N\u1ebfu qu\u00fd du kh\u00e1ch \u0111\u1ebfn \u0110\u00e0 L\u1ea1t m\u00e0 ch\u01b0a t\u1eebng th\u1eed ng\u1ed3i c\u00e1p treo ng\u1eafm to\u00e0n b\u1ed9 khung c\u1ea3nh \u0110\u00e0 L\u1ea1t t\u1eeb tr\u00ean cao th\u00ec qu\u1ea3 l\u00e0 th\u1eadt thi\u1ebfu s\u00f3t. Ch\u1ec9 v\u1edbi kho\u1ea3ng 12 ph\u00fat di chuy\u1ec3n ng\u1ed3i trong cabin du kh\u00e1ch nh\u01b0 b\u1ed3ng b\u1ec1nh gi\u1eefa m\u00e2y tr\u1eddi ng\u1eafm n\u00fai non h\u00f9ng v\u0129, \u0111\u1ed3i Robin, [&hellip;]<\/p>","protected":false},"featured_media":10182,"comment_status":"open","ping_status":"closed","template":"","meta":{"_acf_changed":false,"rank_math_lock_modified_date":false},"product_cat":[26,1369],"product_tag":[],"acf":[],"_links":{"self":[{"href":"https:\/\/dalatreview.vn\/en\/wp-json\/wp\/v2\/product\/10181"}],"collection":[{"href":"https:\/\/dalatreview.vn\/en\/wp-json\/wp\/v2\/product"}],"about":[{"href":"https:\/\/dalatreview.vn\/en\/wp-json\/wp\/v2\/types\/product"}],"replies":[{"embeddable":true,"href":"https:\/\/dalatreview.vn\/en\/wp-json\/wp\/v2\/comments?post=10181"}],"wp:featuredmedia":[{"embeddable":true,"href":"https:\/\/dalatreview.vn\/en\/wp-json\/wp\/v2\/media\/10182"}],"wp:attachment":[{"href":"https:\/\/dalatreview.vn\/en\/wp-json\/wp\/v2\/media?parent=10181"}],"wp:term":[{"taxonomy":"product_cat","embeddable":true,"href":"https:\/\/dalatreview.vn\/en\/wp-json\/wp\/v2\/product_cat?post=10181"},{"taxonomy":"product_tag","embeddable":true,"href":"https:\/\/dalatreview.vn\/en\/wp-json\/wp\/v2\/product_tag?post=10181"}],"curies":[{"name":"wp","href":"https:\/\/api.w.org\/{rel}","templated":true}]}}