
{"id":10132,"date":"2021-07-27T20:25:10","date_gmt":"2021-07-27T13:25:10","guid":{"rendered":"https:\/\/dalatreview.vn\/?p=10132"},"modified":"2026-04-28T23:11:18","modified_gmt":"2026-04-28T16:11:18","slug":"cho-thue-xe-7-cho-da-lat-gia-re-uy-tin-chat-luong","status":"publish","type":"product","link":"https:\/\/dalatreview.vn\/en\/cho-thue-xe-7-cho-da-lat-gia-re-uy-tin-chat-luong.html","title":{"rendered":"Thu\u00ea xe 7 ch\u1ed7 \u0110\u00e0 L\u1ea1t-Gi\u00e1 R\u1ebb-Uy T\u00edn-Ch\u1ea5t L\u01b0\u1ee3ng"},"content":{"rendered":"<blockquote>\n<p style=\"text-align: left;\">Ch\u00e0o b\u1ea1n, c\u00f3 ph\u1ea3i b\u1ea1n \u0111ang t\u00ecm d\u1ecbch v\u1ee5 cho thu\u00ea xe \u00f4 t\u00f4 7 ch\u1ed7 t\u1ea1i \u0110\u00e0 L\u1ea1t gi\u00e1 r\u1ebb, uy t\u00edn, ch\u1ea5t l\u01b0\u1ee3ng, th\u1ee7 t\u1ee5c b\u00e0n giao xe \u0111\u01a1n gi\u1ea3n ph\u1ea3i kh\u00f4ng?<\/p>\n<p style=\"text-align: left;\">H\u00e3y c\u00f9ng \u0110\u00e0 L\u1ea1t Review tham kh\u1ea3o b\u00e0i vi\u1ebft d\u01b0\u1edbi \u0111\u00e2y nh\u00e9!!!<img decoding=\"async\" class=\"aligncenter size-full wp-image-10125\" src=\"https:\/\/dalatreview.vn\/wp-content\/uploads\/2021\/07\/0-1.jpg\" alt=\"\" width=\"960\" height=\"676\"><\/p>\n<\/blockquote>\n<nav class=\"vietrick-auto-toc\">\n<div class=\"box-title\">\n<h3 class=\"toc-title\" id=\"select-menu\">Danh m\u1ee5c ch\u00ednh<\/h3>\n<div><ion-icon name=\"chevron-up-outline\"><\/ion-icon><\/div>\n<\/div>\n<ul class=\"toc-list\">\n<li><a href='https:\/\/dalatreview.vn\/en#dich-vu-cho-thue-xe-gia-re' class='heading-h2 toc-link smooth-scroll'>D\u1ecbch v\u1ee5 cho thu\u00ea xe gi\u00e1 r\u1ebb<\/a>\n<li><a href='https:\/\/dalatreview.vn\/en#' class='heading-h2 toc-link smooth-scroll'><\/a>\n<li><a href='https:\/\/dalatreview.vn\/en#dam-bao-su-uy-tin' class='heading-h2 toc-link smooth-scroll'>\u0110\u1ea3m b\u1ea3o s\u01b0 uy t\u00edn<\/a>\n<li><a href='https:\/\/dalatreview.vn\/en#dich-vu-cho-thue-xe-chat-luong' class='heading-h2 toc-link smooth-scroll'>D\u1ecbch v\u1ee5 cho thu\u00ea xe ch\u1ea5t l\u01b0\u1ee3ng<\/a>\n<li><a href='https:\/\/dalatreview.vn\/en#thu-tuc-ban-giao-xe-don-gian' class='heading-h2 toc-link smooth-scroll'>Th\u1ee7 t\u1ee5c b\u00e0n giao xe \u0111\u01a1n gi\u1ea3n<\/a><\/ul>\n<\/ul>\n<\/li>\n<\/ul>\n<\/nav>\n<h2 style=\"text-align: left;\" id=\"dich-vu-cho-thue-xe-gia-re\"><strong>D\u1ecbch v\u1ee5 cho thu\u00ea xe gi\u00e1 r\u1ebb<\/strong><\/h2>\n<p style=\"text-align: left;\">C\u00f3 ph\u1ea3i b\u1ea1n \u0111ang b\u0103n kho\u0103n chuy\u1ec7n l\u00ean \u0110\u00e0 L\u1ea1t c\u00f3 n\u00ean thu\u00ea xe \u00f4 t\u00f4 \u0111\u1ec3 \u0111i l\u1ea1i hay kh\u00f4ng? B\u1edfi l\u00ed do gi\u00e1 c\u1ea3 qu\u00e1 \u0111\u1eaft, s\u1ee3 l\u1eeba \u0111\u1ea3o kh\u00f4ng tin t\u01b0\u1edfng. Tuy nhi\u00ean v\u1eabn mong mu\u1ed1n thu\u00ea xe \u0111\u1ec3 \u0111\u01b0a gia \u0111\u00ecnh b\u1ea1n b\u00e8, \u0111i l\u1ea1i du l\u1ecbch t\u1ea1i m\u1ed9t n\u01a1i xa l\u1ea1 m\u1ed9t c\u00e1ch an to\u00e0n tho\u1ea3i m\u00e1i h\u01a1n kh\u00f4ng. D\u01b0\u1edbi \u0111\u00e2y ch\u00fang t\u00f4i s\u1ebd cung c\u1ea5p b\u1ea3ng gi\u00e1 cho thu\u00ea xe \u00f4 t\u00f4 7 ch\u1ed7 \u0111\u1ec3 \u0111i l\u1ea1i trong n\u1ed9i th\u00e0nh c\u0169ng nh\u01b0 di chuy\u1ec3n ngo\u1ea1i th\u00e0nh.<\/p>\n<table class=\"aligncenter\" style=\"width: 35.2658%; height: 237px;\" width=\"703\">\n<tbody>\n<tr>\n<td style=\"width: 52.0003%;\"><strong>H\u00e3ng xe<\/strong><\/td>\n<td style=\"width: 52.9662%;\">\n<p style=\"text-align: left;\"><strong>M\u1ee9c gi\u00e1 tham kh\u1ea3o<\/strong><\/p>\n<\/td>\n<\/tr>\n<tr>\n<td style=\"width: 52.0003%;\">Toyota Innova<\/td>\n<td style=\"width: 52.9662%;\">800.000 vnd\/ng\u00e0y<\/td>\n<\/tr>\n<tr>\n<td style=\"width: 52.0003%;\">Toyota Fortuner<\/td>\n<td style=\"width: 52.9662%;\">1.000.000 vnd\/ng\u00e0y<\/td>\n<\/tr>\n<tr>\n<td style=\"width: 52.0003%;\">Mitsubishi Xpander<\/td>\n<td style=\"width: 52.9662%;\">1.000.000 vnd\/ng\u00e0y<\/td>\n<\/tr>\n<tr>\n<td style=\"width: 52.0003%;\">Kia Rondo<\/td>\n<td style=\"width: 52.9662%;\">899.000 vnd\/ng\u00e0y<\/td>\n<\/tr>\n<tr>\n<td style=\"width: 52.0003%;\">Kia Sorento<\/td>\n<td style=\"width: 52.9662%;\">999.000 vnd\/ng\u00e0y<\/td>\n<\/tr>\n<tr>\n<td style=\"width: 52.0003%;\">Hyundai Santafe<\/td>\n<td style=\"width: 52.9662%;\">1.200.000 vnd\/ng\u00e0y<\/td>\n<\/tr>\n<\/tbody>\n<\/table>\n<h2 style=\"text-align: center;\" id=\"\"><img decoding=\"async\" class=\"aligncenter\" src=\"https:\/\/static.carmudi.vn\/wp-content\/uploads\/2019-11\/yAMeE71i1i.jpg\" alt=\"cho thu\u00ea xe \u00f4 t\u00f4 7 ch\u1ed7 \u0111\u00e0 l\u1ea1t\" width=\"630\" height=\"420\" \/><\/h2>\n<h2 style=\"text-align: left;\" id=\"dam-bao-su-uy-tin\"><strong>\u0110\u1ea3m b\u1ea3o s\u01b0 uy t\u00edn<\/strong><\/h2>\n<p style=\"text-align: left;\">V\u1edbi kinh nghi\u1ec7m ho\u1ea1t \u0111\u1ed9ng l\u00e2u n\u0103m trong l\u0129nh v\u1ef1c du l\u1ecbch. Ch\u00fang t\u00f4i cam k\u1ebft \u0111\u00e3 v\u00e0 \u0111ang ho\u1ea1t trong l\u0129nh v\u1ef1c tour xe cung c\u1ea5p d\u1ecbch v\u1ee5 cho thu\u00ea xe \u00f4 t\u00f4 \u0111\u01b0\u1ee3c \u0111\u00f4ng \u0111\u1ea3o kh\u00e1ch h\u00e0ng c\u00f4ng nh\u1eadn \u1ee7ng h\u1ed9.<\/p>\n<h2 style=\"text-align: left;\" id=\"dich-vu-cho-thue-xe-chat-luong\">D\u1ecbch v\u1ee5 cho thu\u00ea xe ch\u1ea5t l\u01b0\u1ee3ng<\/h2>\n<p style=\"text-align: left;\">C\u00e1c lo\u1ea1i xe m\u00e0 \u0110\u00e0 L\u1ea1t Review cung c\u1ea5p l\u00e0 c\u00e1c lo\u1ea1i xe \u0111\u01b0\u1ee3c mua m\u1edbi, th\u00f4ng qua c\u00e1c quy tr\u00ecnh ki\u1ec3m tra uy t\u00edn, ch\u1ea5t l\u01b0\u1ee3ng \u0111\u1ea3m b\u1ea3o an to\u00e0n. V\u1edbi mong mu\u1ed1n ch\u1ea5t l\u01b0\u1ee3ng l\u00e0m n\u00ean th\u01b0\u01a1ng hi\u1ec7u ch\u00ednh v\u00ec th\u1ebf hi v\u1ecdng qu\u00fd kh\u00e1ch y\u00ean t\u00e2m v\u00e0o d\u1ecbch v\u1ee5 m\u00e0 ch\u00fang t\u00f4i \u0111\u00e3 cung c\u1ea5p. M\u1ecdi chi ti\u1ebft ph\u1ea3n \u00e1nh xin li\u00ean h\u1ec7 tr\u1ef1c ti\u1ebfp t\u1ea1i <a href=\"\/en\/dalatreview.vn\/\">\u0110\u00e0 L\u1ea1t Review<\/a>.<\/p>\n<p style=\"text-align: center;\"><img decoding=\"async\" class=\"alignnone\" src=\"https:\/\/static.chotot.com\/storage\/chotot-kinhnghiem\/xe\/2016\/03\/top-5-mau-xe-oto-cu-7-cho-gia-re-dang-mua-nhat-nam-2016.jpg\" alt=\"cho thu\u00ea xe \u00f4 t\u00f4 7 ch\u1ed7 \u0111\u00e0 l\u1ea1t\" width=\"550\" height=\"367\" \/><\/p>\n<h2 style=\"text-align: left;\" id=\"thu-tuc-ban-giao-xe-don-gian\">Th\u1ee7 t\u1ee5c b\u00e0n giao xe \u0111\u01a1n gi\u1ea3n<\/h2>\n<div style=\"width: 100%; height: 0; padding-bottom: 56%; position: relative;\"><iframe class=\"giphy-embed\" style=\"position: absolute;\" src=\"https:\/\/giphy.com\/embed\/RH7yGUhndFhhISfUQd\" width=\"100%\" height=\"100%\" frameborder=\"0\" allowfullscreen=\"allowfullscreen\" data-mce-fragment=\"1\"><\/iframe><\/div>\n<p style=\"text-align: center;\"><a href=\"https:\/\/giphy.com\/gifs\/ontheoutside-oto-on-the-outside-convertable-RH7yGUhndFhhISfUQd\" target=\"_blank\" rel=\"noopener\">via GIPHY<\/a><\/p>\n<ul>\n<li style=\"text-align: left;\">C\u00f3 h\u1ed9 kh\u1ea9u t\u1ea1i n\u01a1i thu\u00ea xe ( n\u1ebfu kh\u00f4ng c\u00f3 nh\u1edd b\u1ea1n b\u00e8, ng\u01b0\u1eddi th\u00e2n \u0111\u1ee9ng t\u00ean gi\u00fap )<\/li>\n<li style=\"text-align: left;\">Ch\u1ee9ng minh nh\u00e2n d\u00e2n ng\u01b0\u1eddi \u0111\u1ee9ng k\u00fd h\u1ee3p \u0111\u1ed3ng.<\/li>\n<li>Xe g\u1eafn m\u00e1y k\u00e8m c\u00e0 v\u1eb9t xe b\u1ea5t k\u1ef3 ho\u1eb7c t\u1ed1t nh\u1ea5t \u0111\u1ee9ng t\u00ean ng\u01b0\u1eddi h\u1ee3p \u0111\u1ed3ng thu\u00ea.<\/li>\n<\/ul>\n<p>*K\u00fd h\u1ee3p \u0111\u1ed3ng<\/p>\n<p>Sau khi \u0111\u00e3 th\u1ed1ng nh\u1ea5t c\u00e1c th\u1ee7 t\u1ee5c y\u00eau c\u1ea7u v\u00e0 gi\u00e1 c\u1ea3 thu\u00ea xe, nh\u00e2n vi\u00ean thu\u00ea xe s\u1ebd \u0111\u1ebfn t\u1eadn nh\u00e0 l\u00e0m th\u1ee7 t\u1ee5c ( \u0111\u1ec3 ki\u1ec3m tra th\u00f4ng tin, \u0111\u1ecba ch\u1ec9, ng\u01b0\u1eddi \u0111\u1ee9ng h\u1ee3p \u0111\u1ed3ng thu\u00ea &#8230;).<\/p>\n<p>L\u01b0u \u00fd m\u1ed9t s\u1ed1 \u0111\u01a1n v\u1ecb cho thu\u00ea xe t\u1ef1 l\u00e1i y\u00eau c\u1ea7u ph\u1ea3i l\u00e0m th\u1ee7 t\u1ee5c t\u1ea1i \u0111\u1ecba ch\u1ec9 nh\u00e0 ghi trong h\u1ed9 kh\u1ea9u. B\u1ea1n ch\u01b0a c\u1ea7n \u0111\u01b0a h\u1ed9 kh\u1ea9u, ch\u1ee9ng minh nh\u00e2n d\u00e2n c\u1ee7a b\u1ea1n cho ng\u01b0\u1eddi l\u00e0m th\u1ee7 t\u1ee5c.<\/p>\n<p>Ti\u1ec1n thu\u00ea xe \u0111\u01b0\u1ee3c thanh to\u00e1n ngay khi k\u00fd h\u1ee3p \u0111\u1ed3ng.<\/p>\n<p>*Nh\u1eadn xe<\/p>\n<p>Sau khi k\u00fd h\u1ee3p \u0111\u1ed3ng, b\u1ea1n s\u1ebd ph\u1ea3i mang: h\u1ee3p \u0111\u1ed3ng thu\u00ea xe, ch\u1ee9ng minh nh\u00e2n d\u00e2n ng\u01b0\u1eddi \u0111\u1ee9ng t\u00ean h\u1ee3p \u0111\u1ed3ng, h\u1ed9 kh\u1ea9u b\u1ea3n ch\u00ednh, 01 xe m\u00e1y k\u00e8m c\u00e0 v\u1eb9t xe \u0111\u1ec3 nh\u1eadn xe t\u1ea1i b\u00e3i xe.<\/p>\n<p>T\u1ea1i b\u00e3i xe, nh\u00e2n vi\u00ean s\u1ebd gi\u1eef l\u1ea1i: H\u1ed9 kh\u1ea9u b\u1ea3n ch\u00ednh, xe v\u00e0 c\u00e0 v\u1eb9t xe.<\/p>\n<p>Khi nh\u1eadn xe, nh\u00e2n vi\u00ean s\u1ebd ki\u1ec3m ch\u1ee9ng t\u00ecnh tr\u1ea1ng xe, m\u1ee9c nhi\u00ean li\u00eau &#8230; tr\u01b0\u1edbc khi b\u00e0n giao xe cho b\u1ea1n. C\u1ea3 02 s\u1ebd k\u00fd bi\u00ean b\u1ea3n b\u00e0n giao xe.<\/p>\n<p>*Tr\u1ea3 xe<\/p>\n<p>Theo quy \u0111\u1ecbnh, b\u1ea1n ph\u1ea3i tr\u1ea3 xe \u0111\u00fang gi\u1edd ( qu\u00e1 gi\u1edd quy \u0111\u1ecbnh s\u1ebd ph\u1ea3i tr\u1ea3 th\u00eam ti\u1ec1n , th\u01b0\u1eddng kho\u1ea3ng 100,000VND\/gi\u1edd ). Khi tr\u1ea3 xe, c\u1ea3 02 s\u1ebd \u0111\u1ed1i chi\u1ebfu t\u00ecnh tr\u1ea1ng xe so v\u1edbi ban \u0111\u1ea7u, m\u1ee9c nhi\u00ean li\u1ec7u &#8230;<br \/>\nN\u1ebfu khi nh\u1eadn xe, \u0111\u01a1n v\u1ecb cung c\u1ea5p d\u1ecbch v\u1ee5 \u0111\u00e3 r\u1eeda xe s\u1ea1ch x\u1ebd, n\u1ebfu b\u1ea1n \u0111i d\u01a1 th\u00ec b\u1ea1n n\u00ean r\u1eeda tra l\u1ea1i, c\u00f2n ko h\u1ecd s\u1ebd t\u00ednh ph\u00ed r\u1eeda xe kho\u1ea3ng 100,000 VND \u0111\u1ec3 r\u1eeda tr\u01b0\u1edbc khi b\u00e0n giao l\u1ea1i cho ng\u01b0\u1eddi m\u1edbi.<\/p>\n<p style=\"text-align: center;\"><img decoding=\"async\" class=\"aligncenter\" src=\"https:\/\/baohaauto.vn\/wp-content\/uploads\/xe-o-to-7-cho-chay-dau-4.jpg\" alt=\"cho thu\u00ea xe \u00f4 t\u00f4 7 ch\u1ed7 \u0111\u00e0 l\u1ea1t\" width=\"659\" height=\"494\" \/><\/p>\n<h4 id=\"xem-them-tai\">Xem th\u00eam t\u1ea1i:<\/h4>\n<p><span class=\"GRkHZd w8qArf\">\u0110\u1ecba ch\u1ec9:\u00a0<\/span><a href=\"https:\/\/www.google.com.vn\/search?sxsrf=ALeKk02CxQbuuopiu7Atgz4obX_A3MwtqQ:1626608610665&amp;q=%C4%91%C3%A0+l%E1%BA%A1t+review+t%E1%BA%A5t+t%E1%BA%A7n+t%E1%BA%ADt+%C4%91%E1%BB%8Ba+ch%E1%BB%89&amp;stick=H4sIAAAAAAAAAOPgE-LVT9c3NMyIrzIorjKp0pLNTrbSz8lPTizJzM-DM6wSU1KKUouLF7EaHJl4eIFCzsNdC0sUilLLMlPLFUoe7lpaAiKX54HItSUKRyY-3N2dqJCc8XB3JwDu4s6aYwAAAA&amp;ludocid=13103211605262249068&amp;sa=X&amp;ved=2ahUKEwiz07SjxezxAhUSILcAHTvWDQgQ6BMwF3oECEUQBA\" target=\"_blank\" rel=\"noopener\"><span class=\"LrzXr\">6 \u0110\u01b0\u1eddng Ph\u00f9 \u0110\u1ed5ng Thi\u00ean V\u01b0\u01a1ng, Ph\u01b0\u1eddng 8, Th\u00e0nh ph\u1ed1 \u0110\u00e0 L\u1ea1t, L\u00e2m \u0110\u1ed3ng<\/span><\/a><\/p>\n<p>Hotline:\u00a0<span class=\"GRkHZd w8qArf\">\u00a0<\/span><span class=\"LrzXr zdqRlf kno-fv\"><a href=\"https:\/\/www.google.com.vn\/search?q=dalatreview.vn&amp;sxsrf=ALeKk00mv0hwo-41SXWHXn-rqXV3rnK_SA%3A1626608475791&amp;ei=WxP0YKW9L_DA3LUPz9-toAI&amp;oq=da&amp;gs_lcp=Cgdnd3Mtd2l6EAMYADIECCMQJzIICAAQsQMQgwEyBAgAEAMyAggAMgIIADICCAAyCAgAELEDEIMBMgIILjIFCAAQsQMyAggAOgcIABBHELADOgsILhCxAxCDARCTAjoECAAQQzoHCCMQ6gIQJ0oECEEYAFCDgQhYjIkIYOSUCGgCcAJ4A4ABswOIAeUPkgEJMC4zLjEuMi4xmAEAoAEBqgEHZ3dzLXdperABCsgBB8ABAQ&amp;sclient=gws-wiz#\" data-dtype=\"d3ifr\" data-local-attribute=\"d3ph\" data-ved=\"2ahUKEwiz07SjxezxAhUSILcAHTvWDQgQkAgoADAaegQIJhAD\">0988 249 297<\/a><\/span><\/p>\n<p>Ho\u1eb7c:\u00a0<a href=\"https:\/\/dalatreview.vn\/en\/dalatreview.vn\/\">\u0110\u00e0 L\u1ea1t Review<\/a><\/p>","protected":false},"excerpt":{"rendered":"<p>Ch\u00e0o b\u1ea1n, c\u00f3 ph\u1ea3i b\u1ea1n \u0111ang t\u00ecm d\u1ecbch v\u1ee5 cho thu\u00ea xe \u00f4 t\u00f4 7 ch\u1ed7 t\u1ea1i \u0110\u00e0 L\u1ea1t gi\u00e1 r\u1ebb, uy t\u00edn, ch\u1ea5t l\u01b0\u1ee3ng, th\u1ee7 t\u1ee5c b\u00e0n giao xe \u0111\u01a1n gi\u1ea3n ph\u1ea3i kh\u00f4ng? H\u00e3y c\u00f9ng \u0110\u00e0 L\u1ea1t Review tham kh\u1ea3o b\u00e0i vi\u1ebft d\u01b0\u1edbi \u0111\u00e2y nh\u00e9!!! Danh m\u1ee5c ch\u00ednh D\u1ecbch v\u1ee5 cho thu\u00ea xe gi\u00e1 [&hellip;]<\/p>","protected":false},"featured_media":10130,"comment_status":"open","ping_status":"closed","template":"","meta":{"_acf_changed":false,"rank_math_lock_modified_date":false},"product_cat":[73,78],"product_tag":[],"acf":[],"_links":{"self":[{"href":"https:\/\/dalatreview.vn\/en\/wp-json\/wp\/v2\/product\/10132"}],"collection":[{"href":"https:\/\/dalatreview.vn\/en\/wp-json\/wp\/v2\/product"}],"about":[{"href":"https:\/\/dalatreview.vn\/en\/wp-json\/wp\/v2\/types\/product"}],"replies":[{"embeddable":true,"href":"https:\/\/dalatreview.vn\/en\/wp-json\/wp\/v2\/comments?post=10132"}],"wp:featuredmedia":[{"embeddable":true,"href":"https:\/\/dalatreview.vn\/en\/wp-json\/wp\/v2\/media\/10130"}],"wp:attachment":[{"href":"https:\/\/dalatreview.vn\/en\/wp-json\/wp\/v2\/media?parent=10132"}],"wp:term":[{"taxonomy":"product_cat","embeddable":true,"href":"https:\/\/dalatreview.vn\/en\/wp-json\/wp\/v2\/product_cat?post=10132"},{"taxonomy":"product_tag","embeddable":true,"href":"https:\/\/dalatreview.vn\/en\/wp-json\/wp\/v2\/product_tag?post=10132"}],"curies":[{"name":"wp","href":"https:\/\/api.w.org\/{rel}","templated":true}]}}