
{"id":10083,"date":"2021-07-26T10:16:49","date_gmt":"2021-07-26T03:16:49","guid":{"rendered":"https:\/\/dalatreview.vn\/?p=10083"},"modified":"2024-07-03T14:00:33","modified_gmt":"2024-07-03T07:00:33","slug":"bang-gia-ve-thac-datanla-da-lat-moi-nhat-2021","status":"publish","type":"product","link":"https:\/\/dalatreview.vn\/en\/bang-gia-ve-thac-datanla-da-lat-moi-nhat-2021.html","title":{"rendered":"B\u1ea3ng gi\u00e1 v\u00e9 th\u00e1c Datanla \u0110\u00e0 L\u1ea1t m\u1edbi nh\u1ea5t 2021"},"content":{"rendered":"<blockquote><p>B\u1ea1n \u0111ang quan t\u00e2m \u0111\u1ebfn khu du l\u1ecbch th\u00e1c Datanla v\u00e0 mu\u1ed1n t\u00ecm hi\u1ec3u gi\u00e1 v\u00e9 khi tham quan di chuy\u1ec3n t\u1ea1i \u0111\u00e2y, c\u00f9ng tham kh\u1ea3o b\u00e0i vi\u1ebft d\u01b0\u1edbi \u0111\u00e2y nh\u00e9!!!<\/p>\n<p style=\"text-align: center;\"><img decoding=\"async\" class=\"alignnone wp-image-10155 size-full\" src=\"https:\/\/dalatreview.vn\/wp-content\/uploads\/2021\/07\/218352515_797557630935326_1267381636251279436_n.jpg\" alt=\"b\u1ea3ng gi\u00e1 v\u00e9 th\u00e1c datanla\" width=\"1080\" height=\"1295\" \/><\/p>\n<\/blockquote>\n<nav class=\"vietrick-auto-toc\">\n<div class=\"box-title\">\n<h3 class=\"toc-title\" id=\"select-menu\">Danh m\u1ee5c ch\u00ednh<\/h3>\n<div><ion-icon name=\"chevron-up-outline\"><\/ion-icon><\/div>\n<\/div>\n<ul class=\"toc-list\">\n<li><a href='https:\/\/dalatreview.vn\/en#bang-gia-ve-thac-datanla-da-lat' class='heading-h2 toc-link smooth-scroll'>B\u1ea3ng gi\u00e1 v\u00e9 th\u00e1c Datanla \u0110\u00e0 L\u1ea1t<\/a>\n<li><a href='https:\/\/dalatreview.vn\/en#mot-so-dich-vu-tai-thac-datanla-da-lat' class='heading-h2 toc-link smooth-scroll'>M\u1ed9t s\u1ed1 d\u1ecbch v\u1ee5 t\u1ea1i th\u00e1c Datanla \u0110\u00e0 L\u1ea1t<\/a>\n<li><a href='https:\/\/dalatreview.vn\/en#lien-he-dat-ve' class='heading-h2 toc-link smooth-scroll'>Li\u00ean h\u1ec7 \u0111\u1eb7t v\u00e9<\/a><\/ul>\n<\/ul>\n<\/li>\n<\/ul>\n<\/nav>\n<h2 style=\"text-align: left;\" id=\"bang-gia-ve-thac-datanla-da-lat\">B\u1ea3ng gi\u00e1 v\u00e9 th\u00e1c Datanla \u0110\u00e0 L\u1ea1t<\/h2>\n<p>C\u00f3 nhi\u1ec1u lo\u1ea1i gi\u00e1 v\u00e9 cho c\u00e1c b\u1ea1n l\u1ef1a ch\u1ecdn nh\u01b0 sau:<\/p>\n<p>Gi\u00e1 v\u00e9 tham quan d\u00e0nh cho ng\u01b0\u1eddi l\u1edbn l\u00e0 30.000vnd\/v\u00e9, tr\u1ebb em l\u00e0 15.000vnd\/v\u00e9.<\/p>\n<p>Gi\u00e1 v\u00e9 xe m\u00e1ng tr\u01b0\u1ee3t 1 chi\u1ec1u d\u00e0nh cho ng\u01b0\u1eddi l\u1edbn l\u00e0 120.00vnd\/v\u00e9, tr\u1ebb em l\u00e0 80.000vnd\/v\u00e9.<\/p>\n<p>Gi\u00e1 v\u00e9 xe m\u00e1ng tr\u01b0\u1ee3t 2 chi\u1ec1u kh\u1ee9 h\u1ed3i d\u00e0nh cho ng\u01b0\u1eddi l\u1edbn l\u00e0 170.000vnd\/v\u00e9, tr\u1ebb em l\u00e0 100.000vnd.<\/p>\n<p>Gi\u00e1 v\u00e9 xe tr\u01b0\u1ee3t \u1ed1ng 1 chi\u1ec1u d\u00e0nh cho ng\u01b0\u1eddi l\u1edbn l\u00e0 60.000vnd\/v\u00e9. Tr\u1ebb em l\u00e0 30.000vnd\/v\u00e9.<\/p>\n<p>Gi\u00e1 v\u00e9 xe tr\u01b0\u1ee3t \u1ed1ng 2 chi\u1ec1u kh\u1ee9 h\u1ed3i d\u00e0nh cho ng\u01b0\u1eddi l\u1edbn l\u00e0 80.000vnd\/v\u00e9. Tr\u1ebb em l\u00e0 40.000vnd\/v\u00e9.<\/p>\n<p>Gi\u00e1 v\u00e9 c\u00e1c tr\u00f2 ch\u01a1i h\u00e0nh tr\u00ecnh tr\u00ean cao d\u00e0nh cho ng\u01b0\u1eddi l\u1edbn l\u00e0 350.000vnd\/v\u00e9. Tr\u1ebb em l\u00e0 200.000vnd\/v\u00e9.<\/p>\n<p>Gi\u00e1 v\u00e9 canyoning d\u00e0nh cho ng\u01b0\u1eddi l\u1edbn v\u00e0 tr\u1ebb em\u00a0 l\u00e0 1.650.000vnd\/v\u00e9.<\/p>\n<h4 id=\"dia-chi-thac-datanla-da-lat\">\u0110\u1ecba ch\u1ec9 th\u00e1c Datanla \u0110\u00e0 L\u1ea1t<\/h4>\n<p>T\u1ecda l\u1ea1c t\u1ea1i QL20 \u0111\u00e8o Prenn, ph\u01b0\u1eddng 3, tp \u0110\u00e0 L\u1ea1t, t\u1ec9nh L\u00e2m \u0110\u1ed3ng.<\/p>\n<h2 id=\"mot-so-dich-vu-tai-thac-datanla-da-lat\">M\u1ed9t s\u1ed1 d\u1ecbch v\u1ee5 t\u1ea1i th\u00e1c Datanla \u0110\u00e0 L\u1ea1t<\/h2>\n<ul>\n<li>Khi tham th\u00e1c Datanla qu\u00fd kh\u00e1ch s\u1ebd \u0111\u01b0\u1ee3c h\u01b0\u1edfng m\u1ed9t s\u1ed1 d\u1ecbch v\u1ee5 nh\u01b0 sau:<\/li>\n<li>C\u00f3 khu v\u1ef1c qu\u1ea7y l\u01b0u ni\u1ec7m b\u00e1n c\u00e1c lo\u1ea1i \u0111\u1eb7c s\u1ea3n nh\u01b0 tr\u00e0 atiso, c\u00e1c lo\u1ea1i m\u1ee9t d\u00e2u ngon t\u1eeb \u0110\u00e0 L\u1ea1t, c\u00e1c lo\u1ea1i \u0111\u1ed3 d\u00f9ng nh\u01b0 \u00e1o len, m\u0169 len, kh\u0103n len&#8230;<\/li>\n<li>\u0110\u01b0\u1ee3c s\u1eed d\u1ee5ng c\u00e1c d\u1ecbch v\u1ee5 h\u00f3a trang v\u1edbi c\u00e1c b\u1ed9 trang ph\u1ee5c truy\u1ec1n th\u1ed1ng<\/li>\n<li>\u0110\u01b0\u1ee3c th\u1eed th\u00e1ch c\u00e1c tr\u00f2 ch\u01a1i m\u1ea1o hi\u1ec3m nh\u01b0 \u0111u d\u00e2y v\u01b0\u1ee3t qua con th\u00e1c, b\u0103ng xuy\u00ean r\u1eebng th\u00f4ng.<\/li>\n<li>\u1ea8m th\u1ef1c nh\u00e0 h\u00e0ng v\u1edbi nh\u1eefng m\u00f3n \u0103n ngon mi\u1ec7ng \u0111\u1ea7y tr\u1ee9 v\u1ecb.<\/li>\n<li>D\u1ecbch v\u1ee5 vui ch\u01a1i tr\u01b0\u1ee3t m\u00e1ng, tr\u01b0\u1ee3t m\u00e1ng \u1ed1ng, \u0111u c\u00e1p treo \u0111\u01b0\u1ee3c \u0111\u01b0a v\u00e0o h\u00e0nh tr\u00ecnh cho du kh\u00e1ch tham kh\u1ea3o.<\/li>\n<\/ul>\n<p style=\"text-align: center;\"><img decoding=\"async\" class=\"alignnone wp-image-10154 size-full\" src=\"https:\/\/dalatreview.vn\/wp-content\/uploads\/2021\/07\/222631241_802715617086194_3057177890395700902_n.jpg\" alt=\"b\u1ea3ng gi\u00e1 v\u00e9 th\u00e1c datanla\" width=\"1080\" height=\"1350\" \/><\/p>\n<h2 id=\"lien-he-dat-ve\">Li\u00ean h\u1ec7 \u0111\u1eb7t v\u00e9<\/h2>\n<p>\u2705S\u1ed1 \u0111i\u1ec7n tho\u1ea1i:\u00a0<a href=\"https:\/\/www.google.com.vn\/search?q=dalatreview.vn&amp;sxsrf=ALeKk032NiFT9thqGvd-BN102rbiG_ikjg%3A1626618256355&amp;source=hp&amp;ei=kDn0YK3PEpGfmgei27CgDA&amp;iflsig=AINFCbYAAAAAYPRHoEowgQ3lK0ksMQSQGQsW01Xx6kNF&amp;oq=&amp;gs_lcp=Cgdnd3Mtd2l6EAMYADIHCCMQ6gIQJzIHCCMQ6gIQJzIHCCMQ6gIQJzIHCCMQ6gIQJzIHCCMQ6gIQJzIHCCMQ6gIQJzIHCCMQ6gIQJzIHCCMQ6gIQJzIHCCMQ6gIQJzIHCCMQ6gIQJzoECCMQJzoECC4QQzoICAAQsQMQgwE6CAguELEDEIMBOgUIABCxAzoNCC4QsQMQgwEQQxCTAjoECAAQQzoKCAAQsQMQgwEQQzoCCC46AggAUIoDWN4SYM0ZaANwAHgDgAGYAogBlQiSAQUwLjIuM5gBAKABAaoBB2d3cy13aXqwAQo&amp;sclient=gws-wiz#\" data-dtype=\"d3ifr\" data-local-attribute=\"d3ph\" data-ved=\"2ahUKEwi369Oc6ezxAhXL7nMBHVxFB58QkAgoADAaegQIIhAD\">098 997 83 97<\/a><\/p>\n<p>\u2705Facebook:\u00a0<a href=\"https:\/\/www.facebook.com\/dlrvttt\" target=\"_blank\" rel=\"noopener\">\u0110\u00e0 L\u1ea1t Review T\u1ea5t T\u1ea7n T\u1eadt<\/a><\/p>\n<p>Xem th\u00eam t\u1ea1i:\u00a0<a href=\"https:\/\/dalatreview.vn\/en\/\">\u0110\u00e0 L\u1ea1t Review<\/a><\/p>","protected":false},"excerpt":{"rendered":"<p>B\u1ea1n \u0111ang quan t\u00e2m \u0111\u1ebfn khu du l\u1ecbch th\u00e1c Datanla v\u00e0 mu\u1ed1n t\u00ecm hi\u1ec3u gi\u00e1 v\u00e9 khi tham quan di chuy\u1ec3n t\u1ea1i \u0111\u00e2y, c\u00f9ng tham kh\u1ea3o b\u00e0i vi\u1ebft d\u01b0\u1edbi \u0111\u00e2y nh\u00e9!!! Danh m\u1ee5c ch\u00ednh B\u1ea3ng gi\u00e1 v\u00e9 th\u00e1c Datanla \u0110\u00e0 L\u1ea1t M\u1ed9t s\u1ed1 d\u1ecbch v\u1ee5 t\u1ea1i th\u00e1c Datanla \u0110\u00e0 L\u1ea1t Li\u00ean h\u1ec7 \u0111\u1eb7t v\u00e9 B\u1ea3ng [&hellip;]<\/p>","protected":false},"featured_media":10157,"comment_status":"open","ping_status":"closed","template":"","meta":{"_acf_changed":false,"rank_math_lock_modified_date":false},"product_cat":[26,1050],"product_tag":[],"acf":[],"_links":{"self":[{"href":"https:\/\/dalatreview.vn\/en\/wp-json\/wp\/v2\/product\/10083"}],"collection":[{"href":"https:\/\/dalatreview.vn\/en\/wp-json\/wp\/v2\/product"}],"about":[{"href":"https:\/\/dalatreview.vn\/en\/wp-json\/wp\/v2\/types\/product"}],"replies":[{"embeddable":true,"href":"https:\/\/dalatreview.vn\/en\/wp-json\/wp\/v2\/comments?post=10083"}],"wp:featuredmedia":[{"embeddable":true,"href":"https:\/\/dalatreview.vn\/en\/wp-json\/wp\/v2\/media\/10157"}],"wp:attachment":[{"href":"https:\/\/dalatreview.vn\/en\/wp-json\/wp\/v2\/media?parent=10083"}],"wp:term":[{"taxonomy":"product_cat","embeddable":true,"href":"https:\/\/dalatreview.vn\/en\/wp-json\/wp\/v2\/product_cat?post=10083"},{"taxonomy":"product_tag","embeddable":true,"href":"https:\/\/dalatreview.vn\/en\/wp-json\/wp\/v2\/product_tag?post=10083"}],"curies":[{"name":"wp","href":"https:\/\/api.w.org\/{rel}","templated":true}]}}