
{"id":10080,"date":"2021-07-26T09:51:38","date_gmt":"2021-07-26T02:51:38","guid":{"rendered":"https:\/\/dalatreview.vn\/?p=10080"},"modified":"2024-07-03T05:02:23","modified_gmt":"2024-07-03T05:02:23","slug":"book-xe-buyt-san-may-gia-re-nhat-da-lat","status":"publish","type":"product","link":"https:\/\/dalatreview.vn\/en\/book-xe-buyt-san-may-gia-re-nhat-da-lat.html","title":{"rendered":"Book xe bu\u00fdt s\u0103n m\u00e2y gi\u00e1 r\u1ebb nh\u1ea5t \u0110\u00e0 L\u1ea1t"},"content":{"rendered":"<blockquote><p><span style=\"font-family: arial, helvetica, sans-serif;\">Ch\u00e0o b\u1ea1n, c\u00f3 b\u1ea1n c\u00f3 ph\u1ea3i b\u1ea1n \u0111ang quan t\u00e2m \u0111\u1ebfn d\u1ecbch v\u1ee5 s\u0103n m\u00e2y m\u00e0 kh\u00f4ng c\u1ea7n \u0111i qua c\u00e1c tour xe, m\u1ea5t qu\u00e1 nhi\u1ec1u th\u1eddi gian, c\u00f4ng s\u1ee9c \u0111\u1ec3 li\u00ean h\u1ec7, l\u1ea1i b\u1ecf ra m\u1ed9t kho\u1ea3ng chi ph\u00ed kh\u00e1 l\u1edbn ph\u1ea3i kh\u00f4ng? D\u1ecbch v\u1ee5 d\u01b0\u1edbi \u0111\u00e2y l\u00e0 d\u00e0nh cho b\u1ea1n n\u00e8 c\u00f9ng tham kh\u1ea3o nh\u00e9!!!<\/span><\/p>\n<p>&nbsp;<\/p>\n<p style=\"text-align: center;\"><img decoding=\"async\" class=\"alignnone wp-image-10137 size-full\" src=\"https:\/\/dalatreview.vn\/wp-content\/uploads\/2021\/07\/59921647_2267316516686429_8483086817971666944_n.jpg\" alt=\"xe bu\u00fdt s\u0103n m\u00e2y\" width=\"1080\" height=\"862\" \/><\/p>\n<\/blockquote>\n<nav class=\"vietrick-auto-toc\">\n<div class=\"box-title\">\n<h3 class=\"toc-title\" id=\"select-menu\">Danh m\u1ee5c ch\u00ednh<\/h3>\n<div><ion-icon name=\"chevron-up-outline\"><\/ion-icon><\/div>\n<\/div>\n<ul class=\"toc-list\">\n<li><a href='https:\/\/dalatreview.vn\/en#xe-bus-san-may-gia-re' class='heading-h2 toc-link smooth-scroll'>Xe bus s\u0103n m\u00e2y gi\u00e1 r\u1ebb<\/a>\n<li><a href='https:\/\/dalatreview.vn\/en#su-tien-loi-thoai-mai-khi-su-dung-dich-vu' class='heading-h2 toc-link smooth-scroll'>S\u1ef1 ti\u1ec7n l\u1ee3i tho\u1ea3i m\u00e1i khi s\u1eed d\u1ee5ng dich v\u1ee5<\/a>\n<li><a href='https:\/\/dalatreview.vn\/en#lich-trinh-di-chuyen' class='heading-h2 toc-link smooth-scroll'>L\u1ecbch tr\u00ecnh di chuy\u1ec3n<\/a><\/ul>\n<\/ul>\n<\/li>\n<\/ul>\n<\/nav>\n<h2 id=\"xe-bus-san-may-gia-re\">Xe bus s\u0103n m\u00e2y gi\u00e1 r\u1ebb<\/h2>\n<p>N\u1ebfu b\u1ea1n \u0111ang b\u0103n kho\u0103n vi\u1ec7c ph\u1ea3i t\u1ed1n qu\u00e1 nhi\u1ec1u chi ph,\u00ed trong khi t\u00e0i kho\u1ea3n c\u1ee7a b\u1ea3n\u00a0 th\u00e2m l\u1ea1i kh\u00e1 eo h\u1eb9p. Mu\u1ed1n s\u1eed d\u1ee5ng v\u00e0o nhi\u1ec1u vi\u00eac kh\u00e1c. Th\u00ec xe bu\u00fdt s\u0103n m\u00e2y l\u00e0 l\u1ef1a\u00a0 ch\u1ecdn \u0111\u00fang \u0111\u1eafn d\u00e0nh cho b\u1ea1n.<\/p>\n<p>V\u1edbi gi\u00e1 v\u00e9 m\u1ed9t ng\u01b0\u1eddi ch\u1ec9 c\u1ea7n v\u00e0i ch\u1ee5c ng\u00e0n cho m\u1ed9t chuy\u1ebfn s\u0103n m\u00e2y \u0111\u1ebfn c\u1ea7u \u0111\u1ea5t v\u00e0 ng\u01b0\u1ee3c l\u1ea1i gi\u00fap b\u1ea1n v\u1eeba ti\u1ebft ki\u1ec7m l\u1ea1i c\u00f2n \u0111\u01b0\u1ee3c s\u0103n m\u00e2y th\u1ecfa th\u00edch.<\/p>\n<h2 id=\"su-tien-loi-thoai-mai-khi-su-dung-dich-vu\">S\u1ef1 ti\u1ec7n l\u1ee3i tho\u1ea3i m\u00e1i khi s\u1eed d\u1ee5ng dich v\u1ee5<\/h2>\n<p>C\u00f3 ph\u1ea3i b\u00e2y gi\u1edd b\u1ea1n \u0111ang suy nghi m\u00ecnh c\u00f3 th\u1ec3 t\u1ed1i \u01b0u chi ph\u00ed b\u1eb1ng vi\u1ec7c s\u01b0 d\u1ee5ng xe m\u00e1y n\u1ebfu b\u1ea1n \u0111i xe m\u00e1y l\u00ean \u0110\u00e0 L\u1ea1t tham quan \u0111\u00fang kh\u00f4ng?<\/p>\n<p>Tuy v\u1eady th\u1eddi ti\u1ebft \u0110\u00e0 L\u1ea1t n\u1ed5i ti\u1ebfng l\u00e0 kh\u00e1 kh\u1eafc nghi\u1ec7t \u0111\u1eb7c bi\u1ec7t \u0111\u1ed1i v\u1edbi c\u00e1c b\u1ea1n \u1edf x\u1ee9 n\u00f3ng l\u00ean, ch\u01b0a k\u1ecbp th\u00edch nghi v\u1edbi kh\u00ed h\u1eadu t\u1ea1i n\u01a1i \u0111\u00e2y \u0111\u00e2y.<\/p>\n<p>Th\u00ec vi\u1ec7c b\u1ea1n ch\u1ec9 c\u1ea7n b\u1ecf ra v\u00e0i ch\u1ee5c ng\u00e0n l\u00e0 c\u00f3 th\u1ec3 s\u0103n m\u00e2y tho\u1ea3i m\u00e1i, kh\u00f4ng c\u1ea7n lo m\u01b0a gi\u00f3 n\u1eafng r\u00e9t. \u0110i\u1ec1u n\u00e0y c\u00f3 ph\u1ea3i r\u1ea5t ti\u1ec7n v\u1eddi ph\u1ea3i kh\u00f4ng n\u00e0o?<\/p>\n<h2 id=\"lich-trinh-di-chuyen\">L\u1ecbch tr\u00ecnh di chuy\u1ec3n<\/h2>\n<p>V\u00ec l\u00e0 xe bu\u00fdt n\u00ean ch\u00fang t\u00f4i c\u1ea7n di chuy\u1ec3n theo c\u00e1c \u0111\u1ecba \u0111i\u1ec3m qu\u00fd kh\u00e1ch \u0111ang \u1edf, b\u1ea1n ch\u1ec9 c\u1ea7n ra tr\u01b0\u1edbc gi\u1edd xe kh\u1edfi h\u00e0nh \u0111\u1ec3 k\u1ecbp chuy\u1ebfn \u0111i . Khi xe t\u1edbi l\u00e0 b\u1ea1n c\u00f3 th\u1ec3 tr\u1ea3i nghi\u1ec7m d\u1ecbch v\u1ee5 ngay r\u1ed3i!!!<\/p>\n<p style=\"text-align: center;\"><img decoding=\"async\" class=\"aligncenter\" src=\"https:\/\/ksdalat.com\/wp-content\/uploads\/2020\/05\/san-may-da-lat.jpg\" alt=\"H\u1ed9i Ghi\u1ec1n \u0110\u00e0 L\u1ea1t kh\u00f4ng th\u1ec3 b\u1ecf qua Tour S\u0103n M\u00e2y HOT nh\u1ea5t hi\u1ec7n nay\" width=\"761\" height=\"428\" \/><\/p>\n<p>Ch\u00fang t\u00f4i ch\u1ec9 th\u1ef1c hi\u1ec7n m\u1ed9t chuy\u1ebfn duy nh\u1ea5t trong ng\u00e0y \u0111\u01b0a du kh\u00e1ch \u0111\u1ebfn \u0111\u1ecba \u0111i\u1ec3m s\u0103n m\u00e2y duy nh\u1ea5t sau khi tham quan xong, s\u1ebd tr\u1edf du kh\u00e1ch v\u1ec1 \u0111\u1ecba \u0111i\u1ec3m xu\u1ea5t ph\u00e1t ban \u0111\u1ea7u.<\/p>\n<h4 id=\"xem-them-tai\">Xem th\u00eam t\u1ea1i:<\/h4>\n<p><span style=\"font-size: 12px;\">Website:\u00a0<a href=\"https:\/\/dalatreview.vn\/en\/dalatreview.vn\/\">\u0110\u00e0 L\u1ea1t Review<\/a><\/span><\/p>\n<p><span style=\"font-size: 12px;\">Ho\u1eb7c Facebook:\u00a0<a href=\"https:\/\/www.facebook.com\/groups\/DALATREVIEW\" target=\"_blank\" rel=\"noopener\">\u0110\u00e0 L\u1ea1t Review T\u1ea5t T\u1ea7n T\u1eadt<\/a><\/span><\/p>\n<p><span style=\"font-size: 12px;\">Hotline: 0989 249 297<\/span><\/p>","protected":false},"excerpt":{"rendered":"<p>Ch\u00e0o b\u1ea1n, c\u00f3 b\u1ea1n c\u00f3 ph\u1ea3i b\u1ea1n \u0111ang quan t\u00e2m \u0111\u1ebfn d\u1ecbch v\u1ee5 s\u0103n m\u00e2y m\u00e0 kh\u00f4ng c\u1ea7n \u0111i qua c\u00e1c tour xe, m\u1ea5t qu\u00e1 nhi\u1ec1u th\u1eddi gian, c\u00f4ng s\u1ee9c \u0111\u1ec3 li\u00ean h\u1ec7, l\u1ea1i b\u1ecf ra m\u1ed9t kho\u1ea3ng chi ph\u00ed kh\u00e1 l\u1edbn ph\u1ea3i kh\u00f4ng? D\u1ecbch v\u1ee5 d\u01b0\u1edbi \u0111\u00e2y l\u00e0 d\u00e0nh cho b\u1ea1n n\u00e8 c\u00f9ng tham [&hellip;]<\/p>","protected":false},"featured_media":10136,"comment_status":"open","ping_status":"closed","template":"","meta":{"_acf_changed":false,"rank_math_lock_modified_date":false},"product_cat":[26,27],"product_tag":[],"acf":[],"_links":{"self":[{"href":"https:\/\/dalatreview.vn\/en\/wp-json\/wp\/v2\/product\/10080"}],"collection":[{"href":"https:\/\/dalatreview.vn\/en\/wp-json\/wp\/v2\/product"}],"about":[{"href":"https:\/\/dalatreview.vn\/en\/wp-json\/wp\/v2\/types\/product"}],"replies":[{"embeddable":true,"href":"https:\/\/dalatreview.vn\/en\/wp-json\/wp\/v2\/comments?post=10080"}],"wp:featuredmedia":[{"embeddable":true,"href":"https:\/\/dalatreview.vn\/en\/wp-json\/wp\/v2\/media\/10136"}],"wp:attachment":[{"href":"https:\/\/dalatreview.vn\/en\/wp-json\/wp\/v2\/media?parent=10080"}],"wp:term":[{"taxonomy":"product_cat","embeddable":true,"href":"https:\/\/dalatreview.vn\/en\/wp-json\/wp\/v2\/product_cat?post=10080"},{"taxonomy":"product_tag","embeddable":true,"href":"https:\/\/dalatreview.vn\/en\/wp-json\/wp\/v2\/product_tag?post=10080"}],"curies":[{"name":"wp","href":"https:\/\/api.w.org\/{rel}","templated":true}]}}